{"id":11728,"date":"2023-01-31T16:53:06","date_gmt":"2023-01-31T16:53:06","guid":{"rendered":"https:\/\/flex.com\/?page_id=11728"},"modified":"2023-05-26T15:54:09","modified_gmt":"2023-05-26T15:54:09","slug":"recruitment-notice-hungarian","status":"publish","type":"page","link":"https:\/\/flex.com\/zh\/careers\/recruitment-notice-hungarian","title":{"rendered":"\u62db\u8058\u542f\u4e8b \u5308\u7259\u5229\u8bed"},"content":{"rendered":"<div id=\"block_9a825fb9818b19836c07338463c83336\" class=\"header block light-content has-background-image\" style=\"background-color: #eaeef4;\">\n\t\t\t<div class=\"background-image\" style=\"background-image: url(https:\/\/flex.com\/wp-content\/uploads\/2023\/01\/Careers-Header-LightGrey-3840x555-1.jpg);\"><\/div>\n\t\t<div class=\"container\">\n\t\t<div class=\"content\" style=\"max-width: px;\">\n\t\t\t\n\n<h1 class=\"has-dark-gray-color has-text-color wp-block-heading\" id=\"h-ertesites-a-flex-kivalasztasi-folyamataval-kapcsolatban-a-szemelyes-adatok-kezeleserol\">Flex Kiv\u00e1laszt\u00e1si Folyamat\u00e1val Kapcsolatban \u548c Szem\u00e9lyes Adatok Kezel\u00e9s\u00e9r \u7684\u4e13\u4e1a\u8bfe\u7a0b<strong>\u0151<\/strong>\u5347<\/h1>\n\n\n\t\t<\/div>\n\t<\/div>\n\t<script>\n\t\tlet id = \"#block_9a825fb9818b19836c07338463c83336\";\n\n\t\t(function ($) {\n\n\t\t\t$(id + \" .content h1\").addClass(\"fade-in\");\n\t\t\t$(id + \" .content h2\").addClass(\"fade-in\");\n\t\t\t$(id + \" .content p\").addClass(\"fade-in\");\n\t\t\t\/\/ Fade in the content\n\n\t\t\t\/\/ Fade in the background image\n\t\t\tif ($(id).children(\".background-image\").length > 0) {\n\t\t\t\tvar image = new Image();\n\t\t\t\timage.onload = function () {\n\t\t\t\t\t$(id).children(\".background-image\").addClass(\"visible\");\n\t\t\t\t\t$(id).children(\".container\").addClass(\"visible\");\n\t\t\t\t};\n\t\t\t\timage.src = \"https:\/\/flex.com\/wp-content\/uploads\/2023\/01\/Careers-Header-LightGrey-3840x555-1.jpg\";\n\t\t\t} else {\n\t\t\t\t$(id).children(\".container\").addClass(\"visible\");\n\t\t\t}\n\t\t})(jQuery);\n\n\t\twindow.addEventListener('DOMContentLoaded', () => {\n\t\t\tScrollReveal().reveal(id + \" .fade-in\", {origin: \"left\", distance: \"24px\", interval: 100});\n\t\t});\n\t<\/script>\n<\/div>\n\n<div id=\"id-69dcdaf2e6d9c\" class=\"box block full-width dark-content zh\" style=\"background-color: transparent; background-image: none;\">\n\t<style>\n\t\t#id-69dcdaf2e6d9c > .container > .content {\n\t\t\tbackground-color: transparent;\n\t\t\tposition: relative;\n\t\t\tpadding-top: 48px;\n\t\t\tpadding-right: 0px;\n\t\t\tpadding-bottom: 96px;\n\t\t\tpadding-left: 0px;\n\t\t\tmargin-left: 0px;\n\t\t\tmargin-right: 0px;\n\t\t}\n\t\t@media (max-width: 1272px) {\n\t\t\t#id-69dcdaf2e6d9c.box.block.full-width > .container > .content {\n\t\t\t\tpadding-left: 0 !important;\n\t\t\t\tpadding-right: 0 !important;\n\t\t\t\tmargin: 0 !important;\n\t\t\t}\n\t\t}\n\t\t@media (max-width: 960px) {\n\t\t\t#id-69dcdaf2e6d9c > .container > .content {\n\t\t\t\t\/\/padding-top: 24px;\n\t\t\t\tpadding-right: 0px;\n\t\t\t\t\/\/padding-bottom: 48px;\n\t\t\t\tpadding-left: 0px;\n\t\t\t}\n\t\t}\n\t<\/style>\n\t<div class=\"container\">\n\t\t<div class=\"content\">\n\t\t\t\n\n<p>Flex International USA, Inc.\uff08\u5730\u5740\uff1a6201 America Center, San Jose, CA, USA\uff09\u662f\u4e00\u4e2a Flex \u6e2f\u53e3\u670d\u52a1\u6807\u7b7e\uff08tov\u00e1bbiakban Flex\uff09\uff0c\u63d0\u4f9b\u4e0e szem\u00e9lyes adatok \u00e9s inform\u00e1ci\u00f3k v\u00e9delm\u00e9vel kapcsolatos k\u00f6telezetts\u00e9geit\u3002&nbsp;<\/p>\n\n\n\n<p><strong>\u96fb\u5b50\u8a08\u7b97\u6a5f\uff1a<\/strong> \u5982\u679c\u60a8\u6709\u4efb\u4f55\u7591\u95ee\uff0c\u8bf7\u544a\u77e5 Flex kezeli\u3002\u4e00\u4e2a <a href=\"mailto:hrcompliance@flex.com\" target=\"_blank\" rel=\"noreferrer noopener\">hrcompliance@flex.com<\/a> \u7535\u5b50\u90ae\u4ef6 c\u00edmen kapcsolatba l\u00e9phet vel\u00fcnk\u3002 Ha a szem\u00e9lyes adatainak felhaszn\u00e1l\u00e1s\u00e1val vagy a jelen dokumentum tartalm\u00e1val kapcsolatban b\u00e1rmi k\u00e9rd\u00e9se, panasza van, k\u00e9rjuk, l\u00e9pjen kapcsolatba Adatv\u00e9delmi Tiszts\u00e9gvisel\u0151nkkel a <a href=\"mailto:chiefprivacyofficer@flex.com\" target=\"_blank\" rel=\"noreferrer noopener\">chiefprivacyofficer@flex.com<\/a> \u96fb\u5b50\u90f5\u4ef6\u3002&nbsp;<\/p>\n\n\n\n<p><strong>\u5b8c\u6210\u4ee5\u4e0b\u4efb\u52a1\u540e\uff1a<\/strong> a kiv\u00e1laszt\u00e1si folyamat sor\u00e1n a lentiekben felsorolt szem\u00e9lyes adatok gy\u0171jt\u00e9s\u00e9re ker\u00fclhet sor\u3002\u5982\u679c\u60a8\u60f3\u8981\u4e86\u89e3\u66f4\u591a\u4fe1\u606f\uff0c\u8bf7\u8054\u7cfb\u6211\u4eec\u3002&nbsp;<\/p>\n\n\n\n<ul class=\"wp-block-list\">\n<li>\u4fe1\u606f\u3001\u4fe1\u606f\u3001\u5efa\u8bae\u3001\u52a8\u673a\u3001\u52a8\u673a\uff1aneve\u3001sz\u00fclet\u00e9si ideje\u3001\u00e9letkora\u3001neme\u3001lakc\u00edme\u3001szem\u00e9lyes email c\u00edme\u3001tanulm\u00e1nyai\u3001k\u00e9pess\u00e9gei\u3001 munkatapasztalatai\uff0c\u53c2\u8003\u3002&nbsp;<\/li>\n\n\n\n<li>\u4fe1\u606f\uff0c\u8bf7\u53c2\u9605 kiv\u00e1laszt\u00e1si folyamat sor\u00e1n gy\u0171jt\u00f6tt\u00fcnk vagy vett\u00fcnk fel\uff1a az interj\u00fa sor\u00e1n k\u00e9sz\u00fclt jegyzetek\u3001kiv\u00e1laszt\u00e1si folyamat sor\u00e1n alkalmazott tesztek eredm\u00e9nyei\u3001valamint az \u00d6n \u00e9s a Flex \u5df2\u5173\u95ed\u3002&nbsp;<\/li>\n\n\n\n<li>\u8bf7\u6ce8\u610f\u4ee5\u4e0b\u4fe1\u606f\uff1a bizonyos munkak\u00f6r\u00f6kre t\u00f6rt\u00e9n\u0151 jelentkez\u00e9s eset\u00e9n a kiv\u00e1laszt\u00e1si\/felv\u00e9teli folyamat sor\u00e1n ellen\u0151rizhetj\u00fck ezeket az inform\u00e1ci\u00f3kat\u3002&nbsp;<\/li>\n\n\n\n<li>\u4e00\u4e9b\u4e3b\u8981\u7684\u7c7b\u522b\uff1a\u901a\u77e5\u60a8\u7684\u4fe1\u606f\u3001\u60a8\u7684\u4fe1\u606f\u3001\u60a8\u7684\u4fe1\u606f\u3001\u60a8\u7684\u4fe1\u606f\u3001\u60a8\u7684\u4fe1\u606f\u3001\u60a8\u7684\u4fe1\u606f\u3001\u60a8\u7684\u4fe1\u606f\u3002&nbsp;<\/li>\n<\/ul>\n\n\n\n<p><strong>\u63d0\u4ea4\u4fe1\u606f\uff1a<\/strong> a) \u00d6n bocs\u00e1totta a rendelkez\u00e9s\u00fcnkre\uff1b b\uff09harmadik f\u00e9l bocs\u00e1totta a rendelkez\u00e9s\u00fcnkre a jelentkez\u00e9si \u00e9s kiv\u00e1laszt\u00e1si folyamat sor\u00e1n\uff1b c) nyilv\u00e1nos forr\u00e1sb\u00f3l sz\u00e1rmazik, mint p\u00e9ld\u00e1ul Linkedln, d) \u4e00\u4e2a kiv\u00e1laszt\u00e1si folyamat sor\u00e1n n\u00e1lunk keletkezett\u3002&nbsp;<\/p>\n\n\n\n<p><strong>Hogyan haszn\u00e1ljuk fel szem\u00e9lyes adatait\uff1a<\/strong> Szem\u00e9lyes adatait a kiv\u00e1laszt\u00e1si folyamat v\u00e9ghezvitel\u00e9hez, a munkak\u00f6rrel kapcsolatos alkalmass\u00e1g\u00e1nak \u00e9rt\u00e9kel\u00e9s\u00e9hez \u00e9s az ezzel kapcsolatos dont\u00e9shozatalhoz, az \u00d6nnel kommunik\u00e1ci\u00f3hoz, valamint\u8bf7\u53c2\u9605 ellen\u0151rz\u00e9s\u00e9hez haszn\u00e1ljuk fel\u3002\u6240\u63d0\u4f9b\u7684\u6709\u5173\u8dd1\u6b65\u7684\u4fe1\u606f\u662f\u975e\u5e38\u91cd\u8981\u7684\u3002&nbsp;<\/p>\n\n\n\n<p><strong>Mi\u00e9rt van sz\u00fcks\u00e9g az \u00d6n szem\u00e9lyes adataira\uff1a<\/strong> Szem\u00e9lyes adatait az al\u00e1bbi okok miatt gy\u0171jtj\u00fck: (1) az adatkezel\u00e9s a szerz\u0151d\u00e9ses jogviszony l\u00e9tes\u00edt\u00e9se el\u0151tt sz\u00fcks\u00e9ges; (2) az adatkezel\u00e9s jogszab\u00e1lyi vagy egy\u00e9b k\u00f6telez\u0151 \u00e9rv\u00e9ny\u0171 k\u00f6telezetts\u00e9g teljes\u00edt\u00e9s\u00e9hez sz\u00fcks\u00e9ges\uff1b (3) a Flex vagy egyharmadik f\u00e9l jogos \u00e9rdek\u00e9nek \u00e9rv\u00e9nyes\u00edt\u00e9s\u00e9hez sz\u00fcks\u00e9ges, hogy: (a) biztos\u00edtsa a felv\u00e9teli folyamat hat\u00e9kony adminisztr\u00e1ci\u00f3j\u00e1t \u00e9s kezel\u00e9s\u00e9t; (b) lehet\u0151v\u00e9 tegye sz\u00e1munkra\u3001hogy a munkak\u00f6rre alkalmas jel\u00f6ltet alkalmazzuk\uff1b (c) vit\u00e1s vagy el\u0151re nem l\u00e1that\u00f3 esetek megold\u00e1sra ker\u00fcljenek\u3001valamint jogi vagy egy\u00e9b szakmai tan\u00e1cs k\u00e9r\u00e9s\u00e9re ker\u00fclj\u00f6n sor\uff1b (d) megbizonyosodjunk az \u00d6n munkak\u00f6rh\u00f6z sz\u00fcks\u00e9ges alkalmass\u00e1g\u00e1r\u00f3l\u3002&nbsp;<\/p>\n\n\n\n<p><strong>Hogyan haszn\u00e1ljuk fel a k\u00fcl\u00f6nleges kateg\u00f3r\u00e1j\u00fa szem\u00e9lyes adatait:<\/strong> a k\u00fcl\u00f6nleges adatnak min\u0151s\u00fcl\u0151 szem\u00e9lyes adatait annak \u00e9rdek\u00e9ben kezelj\u00fck, hogy (1) Figyelembe tudjuk venni, ha a kiv\u00e1laszt\u00e1si\/felv\u00e9teli elj\u00e1r\u00e1sunk sor\u00e1n a folyat\u00e9kkal \u00e9l\u0151kkel kapcsolatos b\u00e1rmilyen v\u00e1ltoztat\u00e1st kell eszk\u00f6z\u00f6ln\u00fcnk\uff1b (2) biztos\u00edtani tudjuk az es\u00e9lyegyenl\u0151s\u00e9get, (3) megfelelj\u00fcnk a jogszab\u00e1lyi \u00e9segy\u00e9b k\u00f6telez\u0151 \u00e9rv\u00e9ny\u0171 el\u0151\u00edr\u00e1soknak\u3002&nbsp;<\/p>\n\n\n\n<p><strong>Mi\u00e9rt haszn\u00e1lunk k\u00fcl\u00f6nleges adatnak min\u0151s\u00fcl\u0151 szem\u00e9lyes adatokat\uff1a<\/strong> az \u00d6nr\u0151l gy\u0171jt\u00f6tt k\u00fcl\u00f6nleges adatokat jelent\u0151 szem\u00e9lyes inform\u00e1ci\u00f3kat az\u00e9rt kezelj\u00fck, mert: (1) \u00d6n ehhez \u00edr\u00e1sban kifejezetten hozz\u00e1j\u00e1rul\u00e1s\u00e1t adta\uff1b (2) jogi k\u00f6telezetts\u00e9geink teljes\u00edt\u00e9s\u00e9hez sz\u00fcks\u00e9ges\uff1b (3) b\u00edr\u00f3s\u00e1gi \u00fcgyek eset\u00e9n jogi ig\u00e9nyek el\u0151terjeszt\u00e9s\u00e9hez\u3001\u00e9rv\u00e9nyes\u00edt\u00e9s\u00e9hez\u3001illetve v\u00e9delm\u00e9hez sz\u00fcks\u00e9ges\uff1b (4) jelent\u0151s k\u00f6z\u00e9rdekb\u0151l sz\u00fcks\u00e9ges\uff1b (5) az \u00d6n (vagy m\u00e1s szem\u00e9ly) l\u00e9tfontoss\u00e1g\u00fa \u00e9rdek\u00e9nek v\u00e9delm\u00e9hez sz\u00fcks\u00e9ges \u00e9s ha az \u00e9rintett cselekv\u0151k\u00e9ptelens\u00e9ge folyt\u00e1n nem k\u00e9pes a hozzaj\u00e1rul\u00e1st megadni\u3002&nbsp;<\/p>\n\n\n\n<p><strong>B\u00fcntetett el\u0151\u00e9lethez \u63d0\u4f9b\u7684\u4fe1\u606f\uff1a<\/strong> kiv\u00e1laszt\u00e1si\/felv\u00e9teli folyamat sor\u00e1n meghat\u00e1rozott munkak\u00f6r\u00f6kre t\u00f6rt\u00e9n\u0151 jelentkez\u00e9s eset\u00e9n a b\u00fcntetett el\u0151\u00e9lethez f\u0171z\u0151d\u0151 inform\u00e1ci\u00f3kat is ellen\u0151rizz\u00fck (h\u00e1tt\u00e9r inform\u00e1ci\u00f3)\u3002 Ezeket az ellen\u0151rz\u00e9seket az\u00e9rt v\u00e9gezz\u00fck\uff0c(1) hogy meg\u00edt\u00e9lj\u00fck a megp\u00e1ly\u00e1zott munkak\u00f6rre val\u00f3 alkalmass\u00e1g\u00e1t\uff1b (2) hogy megv\u00e9dj\u00fck az \u00d6n\uff0cFlex vagyharmadik f\u00e9l \u00e9rdekeit\uff1b (3) mert jogi ig\u00e9nyekkel kapcsolatosan sz\u00fcks\u00e9ges\u3002 Szem\u00e9lyes adatainak ilyen m\u00f3don t\u00f6rt\u00e9n\u0151 kezel\u00e9se megengedett sz\u00e1munkra, amennyiben az a munk\u00e1ltat\u00f3i jogok gyakorl\u00e1sa \u00e9s k\u00f6telezetts\u00e9gek teljes\u00edt\u00e9se miatt ez sz\u00fcks\u00e9ges;\u8bf7\u6ce8\u610f\u4e0d\u8981\u5c06\u5176\u635f\u574f\u3002&nbsp;<\/p>\n\n\n\n<p><strong>\u81ea\u52a8\u6267\u884c\uff1a<\/strong> \u6709\u5173\u57fa\u672c\u4fe1\u606f\u7684\u4fe1\u606f\uff0c\u8bf7\u53c2\u9605\u4ee5\u4e0b\u4fe1\u606f\uff1a t\u00f6rt\u00e9nik arr\u00f3l\u3001hogy az \u00d6n jelentkez\u00e9se a kiv\u00e1laszt\u00e1si folyamat k\u00f6vetez\u0151 l\u00e9p\u00e9s\u00e9hez tov\u00e1bb\u00edt\u00e1sra ker\u00fclj\u00f6n-e\u3001vagy hogy az \u00d6n sz\u00e1m\u00e1ra munkaviszony l\u00e9tes\u00edt\u00e9s\u00e9vel kapcsolatos aj\u00e1nlat\u514b\u5415\u5ef6\u963f\u5854\u8fbe\u65af\u62c9\u3002 Ha nem \u00e9rtegyet a d\u00f6nt\u00e9ssel, vitathatja azt, ez esetben k\u00e9rj\u00fck l\u00e9pjen vel\u00fcnk kapcsolatba a <a href=\"mailto:chiefprivacyofficer@flex.com\" target=\"_blank\" rel=\"noreferrer noopener\">chiefprivacyofficer@flex.com<\/a> \u96fb\u5b50\u90f5\u4ef6\u3002&nbsp;<\/p>\n\n\n\n<p><strong>\u4fe1\u606f\uff0c\u4e3b\u8981\u5185\u5bb9\uff1a<\/strong> Az \u00d6n szem\u00e9lyes adatait kiz\u00e1r\u00f3lag az\u00e9rt osztjuk meg a k\u00f6vetkez\u0151kben felsoroltharmadik felekkel, hogy az \u00d6n jelentkez\u00e9s\u00e9t a kiv\u00e1laszt\u00e1si folyamaton v\u00e9gig tudjuk vinni: (1) munkaer\u0151-k\u00f6zvet\u00edt\u0151k\uff0c(2) h\u00e1tt\u00e9rvizsg\u00e1lat \u00e9s online teszt szolg\u00e1ltat\u00f3k, valamint (3) szab\u00e1lyoz\u00f3 szerepet bet\u00f6lt\u0151 \u00e9s illet\u00e9kes hat\u00f3s\u00e1gok\u3002 Ezen k\u00edv\u00fcl a v\u00e1llalatcsoporton bel\u00fcl megoszthatjuk szem\u00e9lyes adatait adminisztr\u00e1ci\u00f3, jelent\u00e9s \u00e9s riport\u00e1l\u00e1s c\u00e9lj\u00e1b\u00f3l.&nbsp;<\/p>\n\n\n\n<p><strong>\u8bf7\u6ce8\u610f\u4ee5\u4e0b\u4fe1\u606f\uff1a<\/strong> Szem\u00e9lyes adatait a kiv\u00e1laszt\u00e1si\/felv\u00e9teli elj\u00e1r\u00e1s id\u0151tartama alatt, valamint az azt k\u00f6vet\u0151en felmer\u00fclhet\u0151 k\u00f6vetel\u00e9sek esetleges el\u00e9v\u00fcl\u00e9si id\u0151tartam\u00e1nak Figyelembev\u00e9tel\u00e9vel \u0151rizz\u00fck meg.&nbsp;<\/p>\n\n\n\n<p><strong>\u91cd\u8981\u4fe1\u606f\uff1a<\/strong> Az \u00d6nr\u0151l gy\u0171jt\u00f6tt szem\u00e9lyes adatokat tov\u00e1bb\u00edthatjuk az EU-n k\u00edv\u00fclre is, a kiv\u00e1laszt\u00e1si\/felv\u00e9teli folyamattal kapcsolatos \u00fcgyint\u00e9z\u00e9s \u00e9s adminisztr\u00e1ci\u00f3 c\u00e9lj\u00e1b\u00f3l, ehhez a megfelel\u0151 garanci\u00e1kat biztos\u00edtjuk\u3002\u5982\u679c\u60a8\u4e86\u89e3\u66f4\u591a\u4fe1\u606f\uff0c\u8bf7\u53c2\u9605\u4ee5\u4e0b\u4fe1\u606f\uff1a&nbsp;<\/p>\n\n\n\n<p><strong>\u4efb\u52a1\u63cf\u8ff0\uff1a<\/strong> szem\u00e9lyes adataival kapcsolatban az al\u00e1bbi jogok illetik meg: hozz\u00e1f\u00e9r\u00e9s joga, helyesb\u00edt\u00e9shez val\u00f3 jog, t\u00f6rl\u00e9shez val\u00f3 jog,tilakoz\u00e1shoz val\u00f3 jog, adatkezel\u00e9s korl\u00e1toz\u00e1s\u00e1hoz val\u00f3 jog,\u6162\u8dd1\u65f6\uff0c\u74e6\u62c9\u59c6\u7279\u6162\u8dd1\u65f6\u8981\u6162\u8dd1\uff0c\u74e6\u62c9\u59c6\u7279\u5219\u8981\u6162\u8dd1\u7f51\u7403\u3002&nbsp;<\/p>\n\n\n\n<p><strong>\u613f\u671b:<\/strong> Noha jelen dokumentum a Flex glob\u00e1lis, k\u00f6zponti szervezet\u00e9nek rendelkez\u00e9seit tartalmazza annak \u00e9rdek\u00e9ben, hogy k\u00f6vetkezetes es hat\u00e9kony inform\u00e1ci\u00f3val szolg\u00e1ljon a jelentkez\u0151k sz\u00e1m\u00e1ra azeg\u00e9sz vil\u00e1gra\u57fa\u6cf0\u8036\u767b\u3001\u6ce8\u610f\u4e8b\u9879\u4ee5\u53ca\u9a91\u884c\u65f6\u7684\u6ce8\u610f\u4e8b\u9879\u3002&nbsp;<\/p>\n\n\n\t\t<\/div>\n\t<\/div>\n<\/div>","protected":false},"excerpt":{"rendered":"","protected":false},"author":3,"featured_media":0,"parent":35,"menu_order":0,"comment_status":"closed","ping_status":"closed","template":"","meta":{"_acf_changed":false,"_searchwp_excluded":"","inline_featured_image":false,"footnotes":""},"categories":[54],"class_list":["post-11728","page","type-page","status-publish","hentry","category-life-at-flex"],"acf":[],"_links":{"self":[{"href":"https:\/\/flex.com\/zh\/wp-json\/wp\/v2\/pages\/11728","targetHints":{"allow":["GET"]}}],"collection":[{"href":"https:\/\/flex.com\/zh\/wp-json\/wp\/v2\/pages"}],"about":[{"href":"https:\/\/flex.com\/zh\/wp-json\/wp\/v2\/types\/page"}],"author":[{"embeddable":true,"href":"https:\/\/flex.com\/zh\/wp-json\/wp\/v2\/users\/3"}],"replies":[{"embeddable":true,"href":"https:\/\/flex.com\/zh\/wp-json\/wp\/v2\/comments?post=11728"}],"version-history":[{"count":4,"href":"https:\/\/flex.com\/zh\/wp-json\/wp\/v2\/pages\/11728\/revisions"}],"predecessor-version":[{"id":14076,"href":"https:\/\/flex.com\/zh\/wp-json\/wp\/v2\/pages\/11728\/revisions\/14076"}],"up":[{"embeddable":true,"href":"https:\/\/flex.com\/zh\/wp-json\/wp\/v2\/pages\/35"}],"wp:attachment":[{"href":"https:\/\/flex.com\/zh\/wp-json\/wp\/v2\/media?parent=11728"}],"wp:term":[{"taxonomy":"category","embeddable":true,"href":"https:\/\/flex.com\/zh\/wp-json\/wp\/v2\/categories?post=11728"}],"curies":[{"name":"\u53ef\u6e7f\u6027\u7c89\u5242","href":"https:\/\/api.w.org\/{rel}","templated":true}]}}