{"id":11697,"date":"2023-01-31T16:28:23","date_gmt":"2023-01-31T16:28:23","guid":{"rendered":"https:\/\/flex.com\/?page_id=11697"},"modified":"2023-05-26T15:54:14","modified_gmt":"2023-05-26T15:54:14","slug":"recruitment-notice-spanish","status":"publish","type":"page","link":"https:\/\/flex.com\/zh\/careers\/recruitment-notice-spanish","title":{"rendered":"\u62db\u8058\u542f\u4e8b\uff08\u897f\u73ed\u7259\u8bed\uff09"},"content":{"rendered":"<div id=\"block_a6bbdd97902185ec31bc739d56ca6324\" class=\"header block light-content has-background-image\" style=\"background-color: #eaeef4;\">\n\t\t\t<div class=\"background-image\" style=\"background-image: url(https:\/\/flex.com\/wp-content\/uploads\/2023\/01\/Careers-Header-LightGrey-3840x555-1.jpg);\"><\/div>\n\t\t<div class=\"container\">\n\t\t<div class=\"content\" style=\"max-width: px;\">\n\t\t\t\n\n<h1 class=\"has-text-align-left has-dark-gray-color has-text-color wp-block-heading\" id=\"h-aviso-de-reclutamiento-de-flex-procesamiento-de-datos-personales\">Aviso de Reclutamiento de Flex Procesamiento de Datos Personales<\/h1>\n\n\n\t\t<\/div>\n\t<\/div>\n\t<script>\n\t\tlet id = \"#block_a6bbdd97902185ec31bc739d56ca6324\";\n\n\t\t(function ($) {\n\n\t\t\t$(id + \" .content h1\").addClass(\"fade-in\");\n\t\t\t$(id + \" .content h2\").addClass(\"fade-in\");\n\t\t\t$(id + \" .content p\").addClass(\"fade-in\");\n\t\t\t\/\/ Fade in the content\n\n\t\t\t\/\/ Fade in the background image\n\t\t\tif ($(id).children(\".background-image\").length > 0) {\n\t\t\t\tvar image = new Image();\n\t\t\t\timage.onload = function () {\n\t\t\t\t\t$(id).children(\".background-image\").addClass(\"visible\");\n\t\t\t\t\t$(id).children(\".container\").addClass(\"visible\");\n\t\t\t\t};\n\t\t\t\timage.src = \"https:\/\/flex.com\/wp-content\/uploads\/2023\/01\/Careers-Header-LightGrey-3840x555-1.jpg\";\n\t\t\t} else {\n\t\t\t\t$(id).children(\".container\").addClass(\"visible\");\n\t\t\t}\n\t\t})(jQuery);\n\n\t\twindow.addEventListener('DOMContentLoaded', () => {\n\t\t\tScrollReveal().reveal(id + \" .fade-in\", {origin: \"left\", distance: \"24px\", interval: 100});\n\t\t});\n\t<\/script>\n<\/div>\n\n<div id=\"id-69ea533e914ab\" class=\"box block full-width dark-content zh \" style=\"background-color: transparent; background-image: none;\">\n\t<style>\n\t\t#id-69ea533e914ab > .container > .content {\n\t\t\tbackground-color: transparent;\n\t\t\tposition: relative;\n\t\t\tpadding-top: 48px;\n\t\t\tpadding-right: 0px;\n\t\t\tpadding-bottom: 96px;\n\t\t\tpadding-left: 0px;\n\t\t\tmargin-left: 0px;\n\t\t\tmargin-right: 0px;\n\t\t}\n\t\t@media (max-width: 1272px) {\n\t\t\t#id-69ea533e914ab.box.block.full-width > .container > .content {\n\t\t\t\tpadding-left: 0 !important;\n\t\t\t\tpadding-right: 0 !important;\n\t\t\t\tmargin: 0 !important;\n\t\t\t}\n\t\t}\n\t\t@media (max-width: 960px) {\n\t\t\t#id-69ea533e914ab > .container > .content {\n\t\t\t\t\/\/padding-top: 24px;\n\t\t\t\tpadding-right: 0px;\n\t\t\t\t\/\/padding-bottom: 48px;\n\t\t\t\tpadding-left: 0px;\n\t\t\t}\n\t\t}\n\t<\/style>\n\t<div class=\"container\">\n\t\t<div class=\"content\">\n\t\t\t\n\n<p>Flex International USA, Inc. en 6201 America Center, San Jose, CA, Estados Unidos, y todas las compa\u00f1\u00edas del grupo Flex (en lo sucesivo, Flex) toman seriamente su obligaci\u00f3n de proteger la privacidad y la informaci\u00f3n personal.<\/p>\n\n\n\n<p><strong>Datos de contacto:<\/strong>&nbsp;Su informaci\u00f3n personal es recolectada por Flex Int (\u201cnosotros\u201d \/ \u201cnuestro\u201d \/\u201d nos\u201d). Usted puede contactarnos en nuestro correo electr\u00f3nico&nbsp;<a href=\"mailto:hrcompliance@flex.com\">hrcompliance@flex.com<\/a>. Si tiene alguna pregunta o reclamaci\u00f3n en relaci\u00f3n con el uso de su informaci\u00f3n personal o con este Aviso de Reclutamiento, puede contactar a nuestro Oficial de Privacidad de Datos en&nbsp;<a href=\"mailto:chiefprivacyofficer@flex.com\">chiefprivacyofficer@flex.com<\/a>.<\/p>\n\n\n\n<p><strong>Informaci\u00f3n Personal Recolectada:<\/strong>&nbsp;Nosotros recolectamos la siguiente informaci\u00f3n sobre usted durante el proceso de reclutamiento. Si usted no nos proporciona cierta informaci\u00f3n cuando se la solicitemos, no podremos avanzar con su solicitud.<\/p>\n\n\n\n<ul class=\"wp-block-list\">\n<li>Informaci\u00f3n proporcionada en su curr\u00edculum, formato de solicitud, carta de presentaci\u00f3n y durante su proceso de entrevista, incluyendo: su nombre, fecha de nacimiento, edad, sexo, domicilio, correo electr\u00f3nico personal, educaci\u00f3n, detalles de su experiencia profesional y referencias.<\/li>\n\n\n\n<li>Informaci\u00f3n recolectada o creada por nosotros durante el proceso de reclutamiento, incluyendo: notas de entrevista, puntaje de pruebas y correspondencia entre nosotros.<\/li>\n\n\n\n<li>Informaci\u00f3n sobre condenas criminales: nosotros realizamos una verificaci\u00f3n de antecedentes como parte de nuestro proceso de reclutamiento.<\/li>\n\n\n\n<li>Categor\u00edas especiales de datos personales, incluyendo: informaci\u00f3n de origen racial y \u00e9tnico (e informaci\u00f3n relacionada con discapacidades, creencias religiosas u orientaci\u00f3n sexual), informaci\u00f3n de salud f\u00edsica o mental y registros de inmigraci\u00f3n\/naturalizaci\u00f3n (si esto revela informaci\u00f3n de origen racial\/\u00e9tnico).<\/li>\n<\/ul>\n\n\n\n<p><strong>Fuentes de Informaci\u00f3n:<\/strong>&nbsp;Esta informaci\u00f3n es (a) proporcionada por usted; (b) obtenida de terceros a trav\u00e9s del proceso de solicitud y reclutamiento; (c) obtenida de fuentes p\u00fablicas, como LinkedIn, o (d) creada por nosotros durante el proceso de reclutamiento.<\/p>\n\n\n\n<p><strong>C\u00f3mo usamos la informaci\u00f3n personal:<\/strong>&nbsp;Nosotros usamos su informaci\u00f3n personal para avanzar el proceso de reclutamiento, evaluar y tomar una decisi\u00f3n sobre su aptitud para una funci\u00f3n, comunicarnos con usted y realizar verificaciones de referencias. Tambi\u00e9n usaremos su informaci\u00f3n para cumplir con requerimientos legales y reglamentarios.<\/p>\n\n\n\n<p><strong>Por qu\u00e9 usamos la informaci\u00f3n personal:<\/strong>&nbsp;Nosotros usaremos la informaci\u00f3n obtenida de usted porque:<\/p>\n\n\n\n<ul class=\"wp-block-list\">\n<li>Es necesario para nosotros hacerlo antes de celebrar un contrato con usted;<\/li>\n\n\n\n<li>Necesitamos procesar su informaci\u00f3n con el fin de cumplir con una obligaci\u00f3n legal o reglamentaria;<\/li>\n\n\n\n<li>Nosotros o un tercero tiene un inter\u00e9s legitimo de: (a) asegurar la administraci\u00f3n y gesti\u00f3n efectivas del proceso de reclutamiento; (b) asegurar que contratamos a un individuo apto para una funci\u00f3n; (c) lidiar con disputas y accidentes, y tomar acci\u00f3n legal u otro asesoramiento profesional; y (d) determinar su aptitud para trabajar.<\/li>\n<\/ul>\n\n\n\n<p><strong>C\u00f3mo usamos informaci\u00f3n personal de categor\u00eda especial:<\/strong>&nbsp;Nosotros procesaremos sus categor\u00edas especiales de datos personales ya sea porque necesitemos proporcionar ajustes apropiados por alguna discapacidad durante el proceso de reclutamiento; (2) para fines de monitoreo equitativo; (3) para cumplir con cualquier obligaci\u00f3n legal o reglamentaria.<\/p>\n\n\n\n<p><strong>Por qu\u00e9 usamos informaci\u00f3n personal de categor\u00eda especial:<\/strong>&nbsp;Nosotros usaremos categor\u00edas especiales de informaci\u00f3n personal obtenida de usted porque: (1) usted nos proporcion\u00f3 su consentimiento expl\u00edcito por escrito; (2) nosotros debemos hacerlo para llevar a cabo nuestras obligaciones legales; (3) es necesario para el establecimiento, ejercicio o defensa de reclamos legales en relaci\u00f3n con casos judiciales; (4) existe un inter\u00e9s p\u00fablico sustancial; (5) es necesario para proteger sus intereses (o los intereses de un tercero) y usted no es capaz de otorgar su consentimiento.<\/p>\n\n\n\n<p><strong>Informaci\u00f3n sobre condenas penales:<\/strong>&nbsp;Como parte del proceso de reclutamiento, llevamos a cabo una verificaci\u00f3n de antecedentes penales. Nosotros usamos estas verificaciones (1) para evaluar su aptitud para una funci\u00f3n regulada; (2) para proteger sus intereses, nuestros intereses y los intereses de terceros; (3) porque es necesario con relaci\u00f3n a reclamaciones legales. Estamos autorizados a usar su informaci\u00f3n personal de esta manera cuando sea necesario para llevar a cabo nuestras obligaciones y derechos laborales, y siempre procesaremos sus datos de acuerdo con la ley local aplicable.<\/p>\n\n\n\n<p><strong>Toma de decisiones automatizada:<\/strong>&nbsp;Despu\u00e9s de una [verificaci\u00f3n de antecedentes\/prueba psicom\u00e9trica] se alcanzar\u00e1 una decisi\u00f3n automatizada respecto a si debe avanzar su solicitud u ofrecerle empleo en funci\u00f3n de si cumple con nuestros criterios de referencia. Si usted no est\u00e1 de acuerdo con la decisi\u00f3n, tiene derecho a impugnar contact\u00e1ndonos en el siguiente correo electr\u00f3nico:&nbsp;<a href=\"mailto:chiefprivacyofficer@flex.com\">chiefprivacyofficer@flex.com<\/a>.<\/p>\n\n\n\n<p><strong>Informaci\u00f3n que compartimos:<\/strong>&nbsp;Nosotros \u00fanicamente compartiremos su informaci\u00f3n personal con los siguientes terceros con la finalidad de procesar su solicitud: (1) agencias de empleo, (2) proveedores de verificaci\u00f3n de antecedentes y pruebas en l\u00ednea, y (3) autoridades reguladoras y competentes. Nosotros tambi\u00e9n compartiremos datos personales dentro de nuestro grupo con fines de administraci\u00f3n, contabilidad e informes.<\/p>\n\n\n\n<p><strong>Retenci\u00f3n de su informaci\u00f3n:<\/strong>&nbsp;Nosotros retendremos su informaci\u00f3n personal durante el proceso de reclutamiento y por la duraci\u00f3n de cualquier periodo de limitaci\u00f3n aplicable para reclamos que puedan ser presentados contra nosotros m\u00e1s tarde.<\/p>\n\n\n\n<p><strong>D\u00f3nde se guardar\u00e1 su informaci\u00f3n:<\/strong>\u00a0Nosotros podemos transferir la informaci\u00f3n personal que obtuvimos de usted a otras entidades de Flex fuera de los Estados Unidos para fines de gesti\u00f3n y administraci\u00f3n del proceso de reclutamiento, sujeto a la implementaci\u00f3n de salvaguardas apropiadas de nuestra parte. Si usted desea obtener copias de dichas salvaguardas, puede solicit\u00e1rnoslas en los detalles de contacto anteriormente mencionados.<br><\/p>\n\n\n\n<p><strong>Sus derechos:<\/strong>&nbsp;Usted tiene los siguientes derechos en relaci\u00f3n con sus datos: el derecho de acceso, correcci\u00f3n, borrado, objeci\u00f3n, restricci\u00f3n, transferencia, y el derecho de retirar su consentimiento y presentar una queja a la Autoridad Supervisora.<\/p>\n\n\n\n<p><strong>Nota:<\/strong>&nbsp;Si bien esta pol\u00edtica global est\u00e1 dise\u00f1ada para brindar informaci\u00f3n consistente y eficiente a los candidatos en una base global, toda informaci\u00f3n ser\u00e1 siempre procesada en conformidad con la ley local aplicable.<\/p>\n\n\n\t\t<\/div>\n\t<\/div>\n<\/div>\n","protected":false},"excerpt":{"rendered":"","protected":false},"author":3,"featured_media":0,"parent":35,"menu_order":0,"comment_status":"closed","ping_status":"closed","template":"","meta":{"_acf_changed":false,"_searchwp_excluded":"","inline_featured_image":false,"footnotes":""},"categories":[54],"class_list":["post-11697","page","type-page","status-publish","hentry","category-life-at-flex"],"acf":[],"_links":{"self":[{"href":"https:\/\/flex.com\/zh\/wp-json\/wp\/v2\/pages\/11697","targetHints":{"allow":["GET"]}}],"collection":[{"href":"https:\/\/flex.com\/zh\/wp-json\/wp\/v2\/pages"}],"about":[{"href":"https:\/\/flex.com\/zh\/wp-json\/wp\/v2\/types\/page"}],"author":[{"embeddable":true,"href":"https:\/\/flex.com\/zh\/wp-json\/wp\/v2\/users\/3"}],"replies":[{"embeddable":true,"href":"https:\/\/flex.com\/zh\/wp-json\/wp\/v2\/comments?post=11697"}],"version-history":[{"count":5,"href":"https:\/\/flex.com\/zh\/wp-json\/wp\/v2\/pages\/11697\/revisions"}],"predecessor-version":[{"id":14099,"href":"https:\/\/flex.com\/zh\/wp-json\/wp\/v2\/pages\/11697\/revisions\/14099"}],"up":[{"embeddable":true,"href":"https:\/\/flex.com\/zh\/wp-json\/wp\/v2\/pages\/35"}],"wp:attachment":[{"href":"https:\/\/flex.com\/zh\/wp-json\/wp\/v2\/media?parent=11697"}],"wp:term":[{"taxonomy":"category","embeddable":true,"href":"https:\/\/flex.com\/zh\/wp-json\/wp\/v2\/categories?post=11697"}],"curies":[{"name":"\u53ef\u6e7f\u6027\u7c89\u5242","href":"https:\/\/api.w.org\/{rel}","templated":true}]}}