{"id":9770,"date":"2023-01-20T21:57:00","date_gmt":"2023-01-20T21:57:00","guid":{"rendered":"https:\/\/flex.com\/?page_id=9770"},"modified":"2023-08-01T17:07:27","modified_gmt":"2023-08-01T17:07:27","slug":"ethics-and-governance","status":"publish","type":"page","link":"https:\/\/flex.com\/es\/company\/ethics-and-governance","title":{"rendered":"\u00c9tica y gobernanza"},"content":{"rendered":"<div id=\"block_b8ad05ea0ab28ca31a84955126c2dda6\" class=\"header block dark-content\" style=\"background-color: #eaeef4;\">\n\t\t<div class=\"container\">\n\t\t<div class=\"content\" style=\"max-width: px;\">\n\t\t\t\n\n<h1 class=\"wp-block-heading\" id=\"h-ethics-and-governance\">\u00c9tica y gobernanza<\/h1>\n\n\n\t\t<\/div>\n\t<\/div>\n\t<script>\n\t\tlet id = \"#block_b8ad05ea0ab28ca31a84955126c2dda6\";\n\n\t\t(function ($) {\n\n\t\t\t$(id + \" .content h1\").addClass(\"fade-in\");\n\t\t\t$(id + \" .content h2\").addClass(\"fade-in\");\n\t\t\t$(id + \" .content p\").addClass(\"fade-in\");\n\t\t\t\/\/ Fade in the content\n\n\t\t\t\/\/ Fade in the background image\n\t\t\tif ($(id).children(\".background-image\").length > 0) {\n\t\t\t\tvar image = new Image();\n\t\t\t\timage.onload = function () {\n\t\t\t\t\t$(id).children(\".background-image\").addClass(\"visible\");\n\t\t\t\t\t$(id).children(\".container\").addClass(\"visible\");\n\t\t\t\t};\n\t\t\t\timage.src = \"\";\n\t\t\t} else {\n\t\t\t\t$(id).children(\".container\").addClass(\"visible\");\n\t\t\t}\n\t\t})(jQuery);\n\n\t\twindow.addEventListener('DOMContentLoaded', () => {\n\t\t\tScrollReveal().reveal(id + \" .fade-in\", {origin: \"left\", distance: \"24px\", interval: 100});\n\t\t});\n\t<\/script>\n<\/div>\n\n<div id=\"id-69db78282816a\" class=\"box block full-width dark-content es\" style=\"background-color: #ffffffff; background-image: none;\">\n\t<style>\n\t\t#id-69db78282816a > .container > .content {\n\t\t\tbackground-color: #ffffffff;\n\t\t\tposition: relative;\n\t\t\tpadding-top: 48px;\n\t\t\tpadding-right: 0px;\n\t\t\tpadding-bottom: 96px;\n\t\t\tpadding-left: 0px;\n\t\t\tmargin-left: 0px;\n\t\t\tmargin-right: 0px;\n\t\t}\n\t\t@media (max-width: 1272px) {\n\t\t\t#id-69db78282816a.box.block.full-width > .container > .content {\n\t\t\t\tpadding-left: 0 !important;\n\t\t\t\tpadding-right: 0 !important;\n\t\t\t\tmargin: 0 !important;\n\t\t\t}\n\t\t}\n\t\t@media (max-width: 960px) {\n\t\t\t#id-69db78282816a > .container > .content {\n\t\t\t\t\/\/padding-top: 24px;\n\t\t\t\tpadding-right: 0px;\n\t\t\t\t\/\/padding-bottom: 48px;\n\t\t\t\tpadding-left: 0px;\n\t\t\t}\n\t\t}\n\t<\/style>\n\t<div class=\"container\">\n\t\t<div class=\"content\">\n\t\t\t\n\n<p>Nuestro C\u00f3digo de Conducta y \u00c9tica Empresarial (\u201cC\u00f3digo de Conducta\u201d) entrelaza ese compromiso en principios, est\u00e1ndares y responsabilidades que ayudan a guiar nuestro comportamiento y toma de decisiones. El <a href=\"https:\/\/codeofconduct.flex.com\/\">C\u00f3digo de conducta<\/a> proh\u00edbe comportamientos poco \u00e9ticos como conflictos de intereses, comisiones il\u00edcitas, sobornos, fraude, contabilidad inadecuada y el uso inadecuado de los activos o fondos de la empresa. Exige el cumplimiento de las leyes de los pa\u00edses en los que hacemos negocios. Tambi\u00e9n exige la protecci\u00f3n de la informaci\u00f3n confidencial y la propiedad intelectual, la selecci\u00f3n de proveedores de acuerdo con criterios comerciales establecidos y el estricto cumplimiento de todos los requisitos de presentaci\u00f3n de informes p\u00fablicos.<\/p>\n\n\n\n<h2 class=\"wp-block-heading has-medium-font-size\" style=\"font-weight:600\">Pr\u00e1cticas de negocios<\/h2>\n\n\n\n<p>Nuestro Programa de Cumplimiento Corporativo ayuda a integrar nuestro compromiso con la \u00e9tica y la integridad en nuestras pr\u00e1cticas comerciales diarias. Los equipos globales en 15 \u00e1reas clave de cumplimiento garantizan que nuestros empleados reciban capacitaci\u00f3n sobre los requisitos reglamentarios y los procedimientos de cumplimiento relacionados con sus trabajos, haciendo del cumplimiento una parte integral de nuestras actividades diarias. Monitoreamos y evaluamos el cumplimiento de los requisitos reglamentarios e investigamos cada alegaci\u00f3n de incumplimiento. Cuando se detectan problemas, llevamos a cabo un an\u00e1lisis de la causa ra\u00edz y modificamos los controles internos para evitar que vuelvan a ocurrir. Realizamos un seguimiento de nuestro desempe\u00f1o en materia de cumplimiento e informamos el progreso trimestralmente a nuestro equipo de gesti\u00f3n ejecutiva y al Comit\u00e9 de Auditor\u00eda de nuestra Junta Directiva.<\/p>\n\n\n\n<h2 class=\"wp-block-heading has-medium-font-size\" style=\"font-weight:600\">\u00c9tica y cumplimiento<\/h2>\n\n\n\n<p>El Programa de Cumplimiento Corporativo de Flex vincula actividades y equipos relacionados con el cumplimiento a trav\u00e9s de un sistema de gesti\u00f3n com\u00fan dise\u00f1ado para evitar violaciones de los requisitos reglamentarios. El programa est\u00e1 dirigido por un consejo de directores de cumplimiento que son expertos en \u00e1reas espec\u00edficas de cumplimiento legal. Cada director de cumplimiento es responsable, dentro de su \u00e1rea espec\u00edfica de cumplimiento normativo, de un sistema de controles internos que incluye pol\u00edticas y procedimientos escritos, capacitaci\u00f3n, seguimiento y evaluaci\u00f3n.<\/p>\n\n\n\n<h2 class=\"wp-block-heading has-medium-font-size\" style=\"font-weight:600\">C\u00f3digo de conducta y \u00e9tica empresarial: denuncias an\u00f3nimas<\/h2>\n\n\n\n<p>La L\u00ednea Directa de \u00c9tica Flex est\u00e1 disponible para todos los empleados, proveedores, clientes, inversores y otras partes interesadas en cualquier parte del mundo que deseen denunciar sospechas de violaciones del C\u00f3digo de Conducta. Las denuncias se pueden realizar llamando a esta l\u00ednea directa an\u00f3nima y gratuita o presentando una denuncia en l\u00ednea. La L\u00ednea \u00c9tica est\u00e1 disponible las 24 horas del d\u00eda, todos los d\u00edas del a\u00f1o y en varios idiomas. Ver la lista de&nbsp;<a href=\"https:\/\/secure.ethicspoint.com\/domain\/media\/en\/gui\/17667\/index.html\" target=\"_blank\" rel=\"noreferrer noopener nofollow\">n\u00fameros gratuitos<\/a>.<\/p>\n\n\n\n<p>La L\u00ednea \u00c9tica permite al Flex detectar e investigar problemas \u00e9ticos, gestionarlos de manera responsable y tomar medidas para prevenir problemas similares en el futuro. Todos los informes son investigados por nuestro equipo de auditor\u00eda interna, que trabaja en conjunto con expertos en la materia de cumplimiento y el departamento legal de la empresa, seg\u00fan sea necesario.<\/p>\n\n\n<div id=\"block_bd868c670e061b1a21e818e0f006c589\" class=\"button block\">\n\t<div class=\"container left\">\n\t\t\t\t\t\t<a title=\"Ver el C\u00f3digo de Conducta Flex\" href=\"https:\/\/codeofconduct.flex.com\/\" target=\"\" class=\"btn-link\">\n\t\t\tVer el C\u00f3digo de Conducta Flex\t\t\t<div class=\"long-arrow\">\n\t\t\t\t<svg version=\"1.1\" xmlns=\"http:\/\/www.w3.org\/2000\/svg\" xmlns:xlink=\"http:\/\/www.w3.org\/1999\/xlink\" x=\"0px\" y=\"0px\" viewbox=\"0 0 19.9 9.9\" xml:space=\"preserve\">\n\t\t\t\t\t<polygon points=\"15.5,0 14.5,0.9 17.4,4.3 0,4.3 0,5.7 17.4,5.7 14.5,9 15.5,9.9 19.9,5 \"\/>\n\t\t\t\t<\/svg>\n\t\t\t\t<div class=\"line\"><\/div>\n\t\t\t<\/div>\n\t\t<\/a>\n\t\t\t<\/div>\n\t<script>\n\t\twindow.addEventListener('DOMContentLoaded', () => {\n\t\t\t(function ($) {\n\t\t\t\t\/\/ Get the block ID\n\t\t\t\tvar id = \"#block_bd868c670e061b1a21e818e0f006c589\";\n\t\t\t\t\/\/ Reveal the block\n\t\t\t\tScrollReveal().reveal(id + \" .btn-link\", {origin: \"bottom\", distance: \"20px\", duration: 1000});\n\t\t\t}(jQuery));\n\t\t});\n\t<\/script>\n<\/div>\n\n\t\t<\/div>\n\t<\/div>\n<\/div>","protected":false},"excerpt":{"rendered":"","protected":false},"author":3,"featured_media":2177,"parent":33,"menu_order":0,"comment_status":"closed","ping_status":"closed","template":"","meta":{"_acf_changed":false,"_searchwp_excluded":"","inline_featured_image":false,"footnotes":""},"categories":[34],"class_list":["post-9770","page","type-page","status-publish","has-post-thumbnail","hentry","category-corporate"],"acf":[],"_links":{"self":[{"href":"https:\/\/flex.com\/es\/wp-json\/wp\/v2\/pages\/9770","targetHints":{"allow":["GET"]}}],"collection":[{"href":"https:\/\/flex.com\/es\/wp-json\/wp\/v2\/pages"}],"about":[{"href":"https:\/\/flex.com\/es\/wp-json\/wp\/v2\/types\/page"}],"author":[{"embeddable":true,"href":"https:\/\/flex.com\/es\/wp-json\/wp\/v2\/users\/3"}],"replies":[{"embeddable":true,"href":"https:\/\/flex.com\/es\/wp-json\/wp\/v2\/comments?post=9770"}],"version-history":[{"count":18,"href":"https:\/\/flex.com\/es\/wp-json\/wp\/v2\/pages\/9770\/revisions"}],"predecessor-version":[{"id":16397,"href":"https:\/\/flex.com\/es\/wp-json\/wp\/v2\/pages\/9770\/revisions\/16397"}],"up":[{"embeddable":true,"href":"https:\/\/flex.com\/es\/wp-json\/wp\/v2\/pages\/33"}],"wp:featuredmedia":[{"embeddable":true,"href":"https:\/\/flex.com\/es\/wp-json\/wp\/v2\/media\/2177"}],"wp:attachment":[{"href":"https:\/\/flex.com\/es\/wp-json\/wp\/v2\/media?parent=9770"}],"wp:term":[{"taxonomy":"category","embeddable":true,"href":"https:\/\/flex.com\/es\/wp-json\/wp\/v2\/categories?post=9770"}],"curies":[{"name":"gracias","href":"https:\/\/api.w.org\/{rel}","templated":true}]}}