{"id":8425,"date":"2023-01-13T15:17:42","date_gmt":"2023-01-13T15:17:42","guid":{"rendered":"https:\/\/flex.com\/?page_id=8425"},"modified":"2023-05-26T15:54:04","modified_gmt":"2023-05-26T15:54:04","slug":"recruitment-fraud-notice","status":"publish","type":"page","link":"https:\/\/flex.com\/es\/careers\/recruitment-fraud-notice","title":{"rendered":"Aviso de fraude en el reclutamiento"},"content":{"rendered":"<div id=\"block_bcf1e51129d31d8ef199563d64bd7d3d\" class=\"header block dark-content\" style=\"background-color: #eaeef4;\">\n\t\t<div class=\"container\">\n\t\t<div class=\"content\" style=\"max-width: px;\">\n\t\t\t\n\n<h1 class=\"wp-block-heading\" id=\"h-recruitment-fraud-notice-1\">Aviso de fraude en el reclutamiento<\/h1>\n\n\n\t\t<\/div>\n\t<\/div>\n\t<script>\n\t\tlet id = \"#block_bcf1e51129d31d8ef199563d64bd7d3d\";\n\n\t\t(function ($) {\n\n\t\t\t$(id + \" .content h1\").addClass(\"fade-in\");\n\t\t\t$(id + \" .content h2\").addClass(\"fade-in\");\n\t\t\t$(id + \" .content p\").addClass(\"fade-in\");\n\t\t\t\/\/ Fade in the content\n\n\t\t\t\/\/ Fade in the background image\n\t\t\tif ($(id).children(\".background-image\").length > 0) {\n\t\t\t\tvar image = new Image();\n\t\t\t\timage.onload = function () {\n\t\t\t\t\t$(id).children(\".background-image\").addClass(\"visible\");\n\t\t\t\t\t$(id).children(\".container\").addClass(\"visible\");\n\t\t\t\t};\n\t\t\t\timage.src = \"\";\n\t\t\t} else {\n\t\t\t\t$(id).children(\".container\").addClass(\"visible\");\n\t\t\t}\n\t\t})(jQuery);\n\n\t\twindow.addEventListener('DOMContentLoaded', () => {\n\t\t\tScrollReveal().reveal(id + \" .fade-in\", {origin: \"left\", distance: \"24px\", interval: 100});\n\t\t});\n\t<\/script>\n<\/div>\n\n<div class=\"spacer block\" style=\"height: 48px;\">\n\t<\/div>\n\n<div id=\"id-69d6d9582b005\" class=\"columns block\">\n\t<style>\n\t\t#id-69d6d9582b005 .column, #id-69d6d9582b005 .wp-block-acf-column {\n\t\t\tpadding: 0 18px;\n\t\t}\n\t\t\n\t\t#id-69d6d9582b005 > .container.show-rules .column+.column, #id-69d6d9582b005 > .container.show-rules .wp-block-acf-column+.wp-block-acf-column {\n\t\t\tborder-color: rgba(38, 38, 38, 0.2);\n\t\t}\n\t\t\n\t\t#id-69d6d9582b005 .column, #id-69d6d9582b005 .wp-block-acf-column {\n\t\t\t.code.block {\n\t\t\t\t.container {\n\t\t\t\t\t.tagembed-widget {\n\t\t\t\t\t\tmax-width: 600px;\n\t\t\t\t\t}\n\t\t\t\t}\n\t\t\t}\n\t\t}\n\t\t\n\t\t@media (max-width: 1272px) {\n\t\t\t#id-69d6d9582b005 > .container {\n\t\t\t\tdisplay: block;\n\t\t\t\tmax-width: 600px;\n\t\t\t}\n\t\t}\n\t\t@media (max-width: 1272px) {\n\t\t\t#id-69d6d9582b005 > .container > .column, #id-69d6d9582b005 > .container > .wp-block-acf-column {\n\t\t\t\tpadding: 36px 0 0 0 !important;\n\t\t\t}\n\t\t}\n\t\t@media (max-width: 1272px) {\n\t\t\t#id-69d6d9582b005 > .container > .column:first-child, #id-69d6d9582b005 > .container > .wp-block-acf-column:first-child {\n\t\t\t\tpadding: 0 !important;\n\t\t\t}\n\t\t}\n\t\t@media (max-width: 1272px) {\n\t\t\t#id-69d6d9582b005 > .container.show-rules .column+.column, #id-69d6d9582b005 > .container.show-rules .wp-block-acf-column+.wp-block-acf-column {\n\t\t\t\tborder-left: none;\n\t\t\t\tborder-top: 1px solid rgba(38, 38, 38, 0.2);\n\t\t\t\tpadding: 30px 0 0 0 !important;\n\t\t\t\tmargin-top: 30px;\n\t\t\t}\n\t\t}\n\t<\/style>\n\t<div class=\"container align-top\">\n\t\t\n<div class=\"column block\">\n\t\n\n<p class=\"has-dark-gray-color has-text-color\">Recientemente nos hemos enterado de algunos intentos de estafadores que han organizado de forma ficticia entrevistas y ofertas de trabajo a posibles candidatos o se han hecho pasar por ejecutivos de Flex para reclutar candidatos.<\/p>\n\n\n\n<p class=\"has-dark-gray-color has-text-color\">Durante nuestro proceso de reclutamiento, Flex&nbsp;<strong>no lo har\u00e1<\/strong>:&nbsp;<\/p>\n\n\n\n<ul class=\"has-dark-gray-color has-text-color wp-block-list\">\n<li>pedirte dinero<\/li>\n\n\n\n<li>Oferta para enviarle un cheque antes de realizar cualquier trabajo.<\/li>\n\n\n\n<li>Solicitarle que proporcione informaci\u00f3n personal confidencial, como su licencia de conducir o n\u00famero de seguro social (esto sucede m\u00e1s adelante en nuestro proceso)<\/li>\n\n\n\n<li>Utilice a nuestros ejecutivos para solicitarle y contactarlo directamente sobre un trabajo, especialmente si no lo conocen.<\/li>\n\n\n\n<li>Enviarle correos electr\u00f3nicos desde cuentas de correo electr\u00f3nico gratuitas como Yahoo, Gmail, Hotmail, WhatsApp, WeChat y otras.&nbsp;<\/li>\n<\/ul>\n\n\n\n<h2 class=\"has-dark-gray-color has-text-color has-medium-font-size wp-block-heading\" id=\"h-keeping-your-information-safe-and-secure-is-our-main-priority\" style=\"font-weight:600\">Mantener su informaci\u00f3n segura y protegida es nuestra principal prioridad.<\/h2>\n\n\n\n<p class=\"has-dark-gray-color has-text-color\">Si cree que ha experimentado alguno de estos escenarios en su candidatura con Flex, inf\u00f3rmelo a:&nbsp;<a href=\"mailto:flex.hr@flex.com\">flex.hr@flex.com<\/a>.<\/p>\n\n\n<\/div>\n\n\t<\/div>\n<\/div>\n\n<div class=\"spacer block\" style=\"height: 96px;\">\n\t<\/div>","protected":false},"excerpt":{"rendered":"","protected":false},"author":3,"featured_media":0,"parent":35,"menu_order":0,"comment_status":"closed","ping_status":"closed","template":"","meta":{"_acf_changed":false,"_searchwp_excluded":"","inline_featured_image":false,"footnotes":""},"categories":[54],"class_list":["post-8425","page","type-page","status-publish","hentry","category-life-at-flex"],"acf":[],"_links":{"self":[{"href":"https:\/\/flex.com\/es\/wp-json\/wp\/v2\/pages\/8425","targetHints":{"allow":["GET"]}}],"collection":[{"href":"https:\/\/flex.com\/es\/wp-json\/wp\/v2\/pages"}],"about":[{"href":"https:\/\/flex.com\/es\/wp-json\/wp\/v2\/types\/page"}],"author":[{"embeddable":true,"href":"https:\/\/flex.com\/es\/wp-json\/wp\/v2\/users\/3"}],"replies":[{"embeddable":true,"href":"https:\/\/flex.com\/es\/wp-json\/wp\/v2\/comments?post=8425"}],"version-history":[{"count":4,"href":"https:\/\/flex.com\/es\/wp-json\/wp\/v2\/pages\/8425\/revisions"}],"predecessor-version":[{"id":14046,"href":"https:\/\/flex.com\/es\/wp-json\/wp\/v2\/pages\/8425\/revisions\/14046"}],"up":[{"embeddable":true,"href":"https:\/\/flex.com\/es\/wp-json\/wp\/v2\/pages\/35"}],"wp:attachment":[{"href":"https:\/\/flex.com\/es\/wp-json\/wp\/v2\/media?parent=8425"}],"wp:term":[{"taxonomy":"category","embeddable":true,"href":"https:\/\/flex.com\/es\/wp-json\/wp\/v2\/categories?post=8425"}],"curies":[{"name":"gracias","href":"https:\/\/api.w.org\/{rel}","templated":true}]}}