{"id":38429,"date":"2026-03-09T14:23:27","date_gmt":"2026-03-09T19:23:27","guid":{"rendered":"https:\/\/flex.com\/?page_id=38429"},"modified":"2026-03-17T02:18:35","modified_gmt":"2026-03-17T07:18:35","slug":"800-vdc-modules","status":"publish","type":"page","link":"https:\/\/flex.com\/es\/products\/power-modules\/800-vdc-modules","title":{"rendered":"M\u00f3dulos con arquitectura de 800 VCC de \u00faltima generaci\u00f3n"},"content":{"rendered":"<div id=\"block_9d199fcf9d53db4bad91b303157afa87\" class=\"header block light-content has-background-image\" style=\"background-color: #eaeef4;\">\n\t\t\t<div class=\"background-image\" style=\"background-image: url(https:\/\/flex.com\/wp-content\/uploads\/2023\/01\/Industries-Home-Header-LightGrey-3840x555-1.jpg);\"><\/div>\n\t\t<div class=\"container\">\n\t\t<div class=\"content\" style=\"max-width: 700px;\">\n\t\t\t\n\n<h1 class=\"wp-block-heading has-dark-gray-color has-text-color has-link-color wp-elements-054372a9ee91885685c57d71b2c78c2b\" id=\"h-dc-dc-modules-for-800-vdc-systems\">DC\/DC modules for 800 VDC systems<\/h1>\n\n\n\t\t<\/div>\n\t<\/div>\n\t<script>\n\t\tlet id = \"#block_9d199fcf9d53db4bad91b303157afa87\";\n\n\t\t(function ($) {\n\n\t\t\t$(id + \" .content h1\").addClass(\"fade-in\");\n\t\t\t$(id + \" .content h2\").addClass(\"fade-in\");\n\t\t\t$(id + \" .content p\").addClass(\"fade-in\");\n\t\t\t\/\/ Fade in the content\n\n\t\t\t\/\/ Fade in the background image\n\t\t\tif ($(id).children(\".background-image\").length > 0) {\n\t\t\t\tvar image = new Image();\n\t\t\t\timage.onload = function () {\n\t\t\t\t\t$(id).children(\".background-image\").addClass(\"visible\");\n\t\t\t\t\t$(id).children(\".container\").addClass(\"visible\");\n\t\t\t\t};\n\t\t\t\timage.src = \"https:\/\/flex.com\/wp-content\/uploads\/2023\/01\/Industries-Home-Header-LightGrey-3840x555-1.jpg\";\n\t\t\t} else {\n\t\t\t\t$(id).children(\".container\").addClass(\"visible\");\n\t\t\t}\n\t\t})(jQuery);\n\n\t\twindow.addEventListener('DOMContentLoaded', () => {\n\t\t\tScrollReveal().reveal(id + \" .fade-in\", {origin: \"left\", distance: \"24px\", interval: 100});\n\t\t});\n\t<\/script>\n<\/div>\n\n<div id=\"id-69d8fc3bb943d\" class=\"box block full-width dark-content es \" style=\"background-color: transparent; background-image: none;\">\n\t<style>\n\t\t#id-69d8fc3bb943d > .container > .content {\n\t\t\tbackground-color: transparent;\n\t\t\tposition: relative;\n\t\t\tpadding-top: 48px;\n\t\t\tpadding-right: 0px;\n\t\t\tpadding-bottom: 72px;\n\t\t\tpadding-left: 0px;\n\t\t\tmargin-left: 0px;\n\t\t\tmargin-right: 0px;\n\t\t}\n\t\t@media (max-width: 1272px) {\n\t\t\t#id-69d8fc3bb943d.box.block.full-width > .container > .content {\n\t\t\t\tpadding-left: 0 !important;\n\t\t\t\tpadding-right: 0 !important;\n\t\t\t\tmargin: 0 !important;\n\t\t\t}\n\t\t}\n\t\t@media (max-width: 960px) {\n\t\t\t#id-69d8fc3bb943d > .container > .content {\n\t\t\t\t\/\/padding-top: 24px;\n\t\t\t\tpadding-right: 0px;\n\t\t\t\t\/\/padding-bottom: 36px;\n\t\t\t\tpadding-left: 0px;\n\t\t\t}\n\t\t}\n\t<\/style>\n\t<div class=\"container\">\n\t\t<div class=\"content\">\n\t\t\t\n\n<h2 class=\"wp-block-heading has-medium-font-size\" id=\"h-power-delivery-solutions-for-next-generation-ai-and-cloud-infrastructure\" style=\"font-style:normal;font-weight:600\">Power delivery solutions for next\u2011generation AI and cloud infrastructure<\/h2>\n\n\n\n<p>As AI, ML, and hyperscale compute workloads surge toward megawatt\u2011class rack power, the global <a href=\"\/industries\/data-center\">data center ecosystem<\/a> is undergoing its most significant architecture shift in a decade. <a href=\"\/products\/power-modules\">Flex Power Modules<\/a> delivers advanced in-rack power conversion and distribution solutions for both NVIDIA\u2019s 800\u202fVDC architecture and the Open Compute Project\u2019s (OCP) \u00b1400\u202fVDC \u201cDiablo 400\u201d standard \u2014 the two frameworks enabling the future of efficient, scalable, and sustainable AI infrastructure.<\/p>\n\n\n\n<h3 class=\"wp-block-heading has-medium-font-size\" id=\"h-moving-beyond-48-v\" style=\"font-style:normal;font-weight:600\">Moving beyond 48 V<\/h3>\n\n\n<div id=\"id_69d8fc3bb3478\" class=\"media block\">\n\t<div class=\"container media-right content-top\">\n\t\t<div class=\"media\" style=\"left: 0px; min-width: 396px; max-width: 396px;\">\n\t\t\t\t\t\t\t\t\t\t\t\t\t\t\t\t\t\t\t\t\t\t<div class=\"image none\">\n\t\t\t\t\t\t\t<img decoding=\"async\" alt=\"BMR720\" src=\"https:\/\/flex.com\/wp-content\/uploads\/2026\/02\/BMR720-Top-Bottom-View-transparent.png\" title=\"\">\n\t\t\t\t\t\t<\/div>\n\t\t\t\t\t\t\t\t\t\t\t\t\t\t<\/div>\n\t\t\t\t\t<div class=\"content\" style=\"margin-right: 36px; margin-left: 0px;\">\n\t\t\t\t\n\n<p>Traditional 48\u201354\u202fV power fabrics cannot sustain AI\u2011class rack densities as today\u2019s 200\u202fkW racks are rapidly climbing toward 1\u202fMW and beyond. Scaling traditional voltages to these levels results in extreme currents, heavy copper busbars, large power shelves, inefficient conversion chains, and <a href=\"\/products\/power-modules\/thermal-management-and-cooling-techniques\">thermal limitations<\/a>. Both 800\u202fVDC and \u00b1400\u202fVDC ecosystems directly address these constraints by raising distribution voltage, cutting current in half or more, dramatically improving efficiency, and reducing infrastructure mass.<\/p>\n\n\n\t\t\t<\/div>\n\t\t\t<\/div>\n\t\n\t<script>\n\t(function () {\n\t\tlet hasRun_id_69d8fc3bb3478 = false;\n\t\tfunction updateVideoDisplay_id_69d8fc3bb3478() {\n\t\t\tconst youtubeVideoId = \"\";\n\t\t\tconst bynderID = \"\";\n\t\t\tconst mediaType = \"image\";\n\t\t\tconst mediaVideoElement = document.getElementById('media-video-id_69d8fc3bb3478');\n\t\t\tconst bodyClass = document.body.className || '';\n\t\t\tconst match = bodyClass.match(\/translatepress-([a-z]{2})(?:_[A-Z]{2})?\/i);\n\t\t\tconst currentLanguage = match ? match[1].toLowerCase() : 'en';\n\t\t\tconst isChineseLang = currentLanguage === 'zh';\n\t\t\tconsole.log('isChineseLang:', isChineseLang);\n\t\t\tconsole.log('Language detected:', currentLanguage);\n\t\t\tconst isValidYouTube = youtubeVideoId && \/^[A-Za-z0-9_-]{11}$\/.test(youtubeVideoId);\n\t\t\t\n\t\t\tif (!mediaVideoElement || mediaType !== \"video\") return;\n\t\t\tmediaVideoElement.innerHTML = ''; \/\/ Clear existing content\n\t\t\t\n\t\t\tlet videoSourceClass = 'fallback-error';\n\t\t\t\n\t\t\tif (isChineseLang) {\n\t\t\t\tif (bynderID) {\n\t\t\t\t\tvideoSourceClass = 'bynder';\n\t\t\t\t}\n\t\t\t} else {\n\t\t\t\tif (isValidYouTube) {\n\t\t\t\t\tvideoSourceClass = 'youtube';\n\t\t\t\t} else if (bynderID) {\n\t\t\t\t\tvideoSourceClass = 'bynder';\n\t\t\t\t}\n\t\t\t}\n\t\t\t\n\t\t\t\/\/ Apply layout class (used in SCSS)\n\t\t\tmediaVideoElement.className = 'video ' + videoSourceClass;\n\t\t\n\t\t\t\/\/ CASE: Chinese language\n\t\t\tif (isChineseLang) {\n\t\t\t\tif (bynderID) {\n\t\t\t\t\t\/\/ Load Bynder\n\t\t\t\t\tif (!document.getElementById('bynder-widgets-js')) {\n\t\t\t\t\t\tconst script = document.createElement('script');\n\t\t\t\t\t\tscript.src = 'https:\/\/d8ejoa1fys2rk.cloudfront.net\/bynder-embed\/latest\/bynder-embed.js';\n\t\t\t\t\t\tscript.id = 'bynder-widgets-js';\n\t\t\t\t\t\tscript.setAttribute('data-account-url', 'https:\/\/brandcenter.flex.com');\n\t\t\t\t\t\tscript.setAttribute('data-language', 'zh');\n\t\t\t\t\t\tdocument.body.appendChild(script);\n\t\t\t\t\t}\n\t\t\n\t\t\t\t\tconst bynderDiv = document.createElement('div');\n\t\t\t\t\tbynderDiv.id = 'bynder-id_69d8fc3bb3478';\n\t\t\t\t\tbynderDiv.className = 'video-bynder';\n\t\t\t\t\tbynderDiv.setAttribute('data-bynder-widget', 'video-item');\n\t\t\t\t\tbynderDiv.setAttribute('data-media-id', bynderID);\n\t\t\t\t\tmediaVideoElement.appendChild(bynderDiv);\n\t\t\n\t\t\t\t\tsetTimeout(() => {\n\t\t\t\t\t\tif (typeof BynderEmbed !== 'undefined' && typeof BynderEmbed.load === 'function') {\n\t\t\t\t\t\t\tBynderEmbed.load();\n\t\t\t\t\t\t}\n\t\t\t\t\t}, 500);\n\t\t\t\t} else {\n\t\t\t\t\t\/\/ No Bynder = error (even if YouTube is valid)\n\t\t\t\t\tshowVideoError();\n\t\t\t\t}\n\t\t\n\t\t\t\/\/ CASE: Not Chinese\n\t\t\t} else {\n\t\t\t\tif (isValidYouTube) {\n\t\t\t\t\tconst iframe = document.createElement('iframe');\n\t\t\t\t\tiframe.id = 'youtube-id_69d8fc3bb3478';\n\t\t\t\t\tiframe.className = 'video-youtube';\n\t\t\t\t\tiframe.src = 'https:\/\/www.youtube.com\/embed\/' + youtubeVideoId + '?rel=0';\n\t\t\t\t\tiframe.frameBorder = '0';\n\t\t\t\t\tiframe.playsInline = true;\n\t\t\t\t\tiframe.allow = 'encrypted-media';\n\t\t\t\t\tiframe.allowFullscreen = true;\n\t\t\t\t\tmediaVideoElement.appendChild(iframe);\n\t\t\t\t} else if (bynderID) {\n\t\t\t\t\t\/\/ Load Bynder (fallback if no YouTube)\n\t\t\t\t\tif (!document.getElementById('bynder-widgets-js')) {\n\t\t\t\t\t\tconst script = document.createElement('script');\n\t\t\t\t\t\tscript.src = 'https:\/\/d8ejoa1fys2rk.cloudfront.net\/bynder-embed\/latest\/bynder-embed.js';\n\t\t\t\t\t\tscript.id = 'bynder-widgets-js';\n\t\t\t\t\t\tscript.setAttribute('data-account-url', 'https:\/\/brandcenter.flex.com');\n\t\t\t\t\t\tscript.setAttribute('data-language', currentLanguage);\n\t\t\t\t\t\tdocument.body.appendChild(script);\n\t\t\t\t\t}\n\t\t\n\t\t\t\t\tconst bynderDiv = document.createElement('div');\n\t\t\t\t\tbynderDiv.id = 'bynder-id_69d8fc3bb3478';\n\t\t\t\t\tbynderDiv.className = 'video-bynder';\n\t\t\t\t\tbynderDiv.setAttribute('data-bynder-widget', 'video-item');\n\t\t\t\t\tbynderDiv.setAttribute('data-media-id', bynderID);\n\t\t\t\t\tmediaVideoElement.appendChild(bynderDiv);\n\t\t\n\t\t\t\t\tsetTimeout(() => {\n\t\t\t\t\t\tif (typeof BynderEmbed !== 'undefined' && typeof BynderEmbed.load === 'function') {\n\t\t\t\t\t\t\tBynderEmbed.load();\n\t\t\t\t\t\t}\n\t\t\t\t\t}, 500);\n\t\t\t\t} else {\n\t\t\t\t\t\/\/ No valid YouTube or Bynder = error\n\t\t\t\t\tshowVideoError();\n\t\t\t\t}\n\t\t\t}\n\t\t\n\t\t\tfunction showVideoError() {\n\t\t\t\tconst errorDiv = document.createElement('div');\n\t\t\t\terrorDiv.id = 'video-error-id_69d8fc3bb3478';\n\t\t\t\terrorDiv.className = 'video-error';\n\t\t\t\terrorDiv.innerHTML = `\n\t\t\t\t\t<div>\n\t\t\t\t\t\t<h3>Video Unavailable<\/h3>\n\t\t\t\t\t\t<p>The content you\u2019re seeking is momentarily unavailable. We appreciate your patience and look forward to sharing it with you soon.<\/p>\n\t\t\t\t\t<\/div>\n\t\t\t\t`;\n\t\t\t\tmediaVideoElement.appendChild(errorDiv);\n\t\t\t}\n\t\t}\n\t\t\n\t\tfunction runVideoInjection() {\n\t\t\tif (hasRun_id_69d8fc3bb3478) return;\n\t\t\thasRun_id_69d8fc3bb3478 = true;\n\t\t\tupdateVideoDisplay_id_69d8fc3bb3478();\n\t\t}\n\t\t\n\t\t\/\/ Always run on front-end\n\t\tif (document.readyState === 'loading') {\n\t\t\tdocument.addEventListener('DOMContentLoaded', runVideoInjection);\n\t\t} else {\n\t\t\trunVideoInjection();\n\t\t}\n\t\t\n\t\t\/\/ Also run in editor if available\n\t\tif (typeof wp !== 'undefined' && wp.domReady) {\n\t\t\twp.domReady(runVideoInjection);\n\t\t}\n\t})();\n\t<\/script>\n\t\n\t<script>\n\t\tdocument.addEventListener('DOMContentLoaded', function () {\n\t\t\t\n\t\t\t\/\/ Get the block element by ID\n\t\t\tvar blockElement = document.getElementById(\"id_69d8fc3bb3478\");\n\t\t\tif (!blockElement) return;\n\t\n\t\t\t\/\/ Reveal the block\n\t\t\t(function ($) {\n\t\t\t\tScrollReveal().reveal(blockElement.querySelector(\".container .media\"), {origin: \"bottom\", distance: \"20px\", opacity: 1, duration: 1000});\n\t\t\t\tScrollReveal().reveal(blockElement.querySelector(\".container .content\"), {origin: \"bottom\", distance: \"20px\", opacity: 1, duration: 1000});\n\t\t\t}(jQuery));\n\t\t});\n\t<\/script>\n<\/div>\n\n<div class=\"spacer block\" style=\"height: 24px;\">\n\t<\/div>\n\n\n<h2 class=\"wp-block-heading no-margin has-medium-font-size\" id=\"h-flex-power-modules-for-next-gen-architectures\" style=\"font-style:normal;font-weight:600\">Flex Power Modules for next-gen architectures<\/h2>\n\n\n\n<h3 class=\"wp-block-heading no-margin has-dark-blue-color has-text-color has-link-color has-small-font-size wp-elements-2ac39ec8ac99cab3e041a236cdd426e9\" id=\"h-high-efficiency-dc-dc-conversion-for-ai-racks\"><strong>High\u2011efficiency DC\/DC conversion for AI racks<\/strong><\/h3>\n\n\n<div class=\"spacer block\" style=\"height: 24px;\">\n\t<\/div>\n\n\n<p>Flex Power Modules delivers advanced intermediate bus converters (IBCs) and DC\/DC modules optimized for both 800\u202fVDC and \u00b1400\u202fVDC systems, enabling safe, compact, and thermally-efficient power delivery to GPUs, CPUs, custom accelerators, and memory subsystems.<\/p>\n\n\n<div class=\"spacer block\" style=\"height: 24px;\">\n\t<\/div>\n\n<div id=\"block_75501b2a947182bda534e743f2d62c0c\" class=\"button block\">\n\t<div class=\"container left\">\n\t\t\t\t\t\t<a title=\"Product search\" href=\"\/products\/power-modules\/product-selector\" target=\"\"\n\t\t   class=\"btn-link\">\n\t\t\tProduct search\t\t\t<div class=\"long-arrow\">\n\t\t\t\t<svg version=\"1.1\" xmlns=\"http:\/\/www.w3.org\/2000\/svg\" xmlns:xlink=\"http:\/\/www.w3.org\/1999\/xlink\" x=\"0px\" y=\"0px\" viewBox=\"0 0 19.9 9.9\" xml:space=\"preserve\">\n\t\t\t\t\t<polygon points=\"15.5,0 14.5,0.9 17.4,4.3 0,4.3 0,5.7 17.4,5.7 14.5,9 15.5,9.9 19.9,5 \"\/>\n\t\t\t\t<\/svg>\n\t\t\t\t<div class=\"line\"><\/div>\n\t\t\t<\/div>\n\t\t<\/a>\n\t\t\t<\/div>\n\t<script>\n\t\twindow.addEventListener('DOMContentLoaded', () => {\n\t\t\t(function ($) {\n\t\t\t\t\/\/ Get the block ID\n\t\t\t\tvar id = \"#block_75501b2a947182bda534e743f2d62c0c\";\n\t\t\t\t\/\/ Reveal the block\n\t\t\t\tScrollReveal().reveal(id + \" .btn-link\", {origin: \"bottom\", distance: \"20px\", duration: 1000});\n\t\t\t}(jQuery));\n\t\t});\n\t<\/script>\n<\/div>\n\n\t\t<\/div>\n\t<\/div>\n<\/div>\n","protected":false},"excerpt":{"rendered":"","protected":false},"author":3,"featured_media":33136,"parent":33867,"menu_order":0,"comment_status":"closed","ping_status":"closed","template":"","meta":{"_acf_changed":false,"_searchwp_excluded":"","inline_featured_image":false,"footnotes":""},"categories":[90,97],"class_list":["post-38429","page","type-page","status-publish","has-post-thumbnail","hentry","category-data-center-power","category-power-modules"],"acf":[],"_links":{"self":[{"href":"https:\/\/flex.com\/es\/wp-json\/wp\/v2\/pages\/38429","targetHints":{"allow":["GET"]}}],"collection":[{"href":"https:\/\/flex.com\/es\/wp-json\/wp\/v2\/pages"}],"about":[{"href":"https:\/\/flex.com\/es\/wp-json\/wp\/v2\/types\/page"}],"author":[{"embeddable":true,"href":"https:\/\/flex.com\/es\/wp-json\/wp\/v2\/users\/3"}],"replies":[{"embeddable":true,"href":"https:\/\/flex.com\/es\/wp-json\/wp\/v2\/comments?post=38429"}],"version-history":[{"count":1,"href":"https:\/\/flex.com\/es\/wp-json\/wp\/v2\/pages\/38429\/revisions"}],"predecessor-version":[{"id":39001,"href":"https:\/\/flex.com\/es\/wp-json\/wp\/v2\/pages\/38429\/revisions\/39001"}],"up":[{"embeddable":true,"href":"https:\/\/flex.com\/es\/wp-json\/wp\/v2\/pages\/33867"}],"wp:featuredmedia":[{"embeddable":true,"href":"https:\/\/flex.com\/es\/wp-json\/wp\/v2\/media\/33136"}],"wp:attachment":[{"href":"https:\/\/flex.com\/es\/wp-json\/wp\/v2\/media?parent=38429"}],"wp:term":[{"taxonomy":"category","embeddable":true,"href":"https:\/\/flex.com\/es\/wp-json\/wp\/v2\/categories?post=38429"}],"curies":[{"name":"gracias","href":"https:\/\/api.w.org\/{rel}","templated":true}]}}