{"id":35983,"date":"2026-01-04T14:06:43","date_gmt":"2026-01-04T20:06:43","guid":{"rendered":"https:\/\/flex.com\/?page_id=35983"},"modified":"2026-03-17T02:21:01","modified_gmt":"2026-03-17T07:21:01","slug":"thermal-management-and-cooling-techniques","status":"publish","type":"page","link":"https:\/\/flex.com\/es\/products\/power-modules\/thermal-management-and-cooling-techniques","title":{"rendered":"T\u00e9cnicas de gesti\u00f3n t\u00e9rmica y refrigeraci\u00f3n"},"content":{"rendered":"<div id=\"block_2160a1b790ff65027a81b1bd74fd5a11\" class=\"header block light-content has-background-image\" style=\"background-color: #005486;\">\n\t\t\t<div class=\"background-image\" style=\"background-image: url(https:\/\/flex.com\/wp-content\/uploads\/2025\/12\/vpd-banner.jpg);\"><\/div>\n\t\t<div class=\"container\">\n\t\t<div class=\"content\" style=\"max-width: 800px;\">\n\t\t\t\n\n<h1 class=\"wp-block-heading\" id=\"h-thermal-management-and-cooling-techniques\">Thermal management and cooling techniques<\/h1>\n\n\n\t\t<\/div>\n\t<\/div>\n\t<script>\n\t\tlet id = \"#block_2160a1b790ff65027a81b1bd74fd5a11\";\n\n\t\t(function ($) {\n\n\t\t\t$(id + \" .content h1\").addClass(\"fade-in\");\n\t\t\t$(id + \" .content h2\").addClass(\"fade-in\");\n\t\t\t$(id + \" .content p\").addClass(\"fade-in\");\n\t\t\t\/\/ Fade in the content\n\n\t\t\t\/\/ Fade in the background image\n\t\t\tif ($(id).children(\".background-image\").length > 0) {\n\t\t\t\tvar image = new Image();\n\t\t\t\timage.onload = function () {\n\t\t\t\t\t$(id).children(\".background-image\").addClass(\"visible\");\n\t\t\t\t\t$(id).children(\".container\").addClass(\"visible\");\n\t\t\t\t};\n\t\t\t\timage.src = \"https:\/\/flex.com\/wp-content\/uploads\/2025\/12\/vpd-banner.jpg\";\n\t\t\t} else {\n\t\t\t\t$(id).children(\".container\").addClass(\"visible\");\n\t\t\t}\n\t\t})(jQuery);\n\n\t\twindow.addEventListener('DOMContentLoaded', () => {\n\t\t\tScrollReveal().reveal(id + \" .fade-in\", {origin: \"left\", distance: \"24px\", interval: 100});\n\t\t});\n\t<\/script>\n<\/div>\n\n<div id=\"id-69d8fc3c02ec8\" class=\"box block full-width dark-content es \" style=\"background-color: transparent; background-image: none;\">\n\t<style>\n\t\t#id-69d8fc3c02ec8 > .container > .content {\n\t\t\tbackground-color: transparent;\n\t\t\tposition: relative;\n\t\t\tpadding-top: 48px;\n\t\t\tpadding-right: 0px;\n\t\t\tpadding-bottom: 84px;\n\t\t\tpadding-left: 0px;\n\t\t\tmargin-left: 0px;\n\t\t\tmargin-right: 0px;\n\t\t}\n\t\t@media (max-width: 1272px) {\n\t\t\t#id-69d8fc3c02ec8.box.block.full-width > .container > .content {\n\t\t\t\tpadding-left: 0 !important;\n\t\t\t\tpadding-right: 0 !important;\n\t\t\t\tmargin: 0 !important;\n\t\t\t}\n\t\t}\n\t\t@media (max-width: 960px) {\n\t\t\t#id-69d8fc3c02ec8 > .container > .content {\n\t\t\t\t\/\/padding-top: 24px;\n\t\t\t\tpadding-right: 0px;\n\t\t\t\t\/\/padding-bottom: 42px;\n\t\t\t\tpadding-left: 0px;\n\t\t\t}\n\t\t}\n\t<\/style>\n\t<div class=\"container\">\n\t\t<div class=\"content\">\n\t\t\t\n<div id=\"id_69d8fc3be1cea\" class=\"media block\">\n\t<div class=\"container media-right content-top\">\n\t\t<div class=\"media\" style=\"left: 0px; min-width: 456px; max-width: 456px;\">\n\t\t\t\t\t\t\t\t\t\t\t\t\t\t\t\t\t\t\t\t\t\t<div class=\"image none\">\n\t\t\t\t\t\t\t<img decoding=\"async\" alt=\"Thermal management\" src=\"https:\/\/flex.com\/wp-content\/uploads\/2026\/03\/thermal-management-e1773086906177.jpg\" title=\"\">\n\t\t\t\t\t\t<\/div>\n\t\t\t\t\t\t\t\t\t\t\t\t\t\t<\/div>\n\t\t\t\t\t<div class=\"content\" style=\"margin-right: 48px; margin-left: 0px;\">\n\t\t\t\t\n\n<p>Thermal design for <a href=\"\/products\/power-modules\">DC\/DC converters<\/a> is a critical aspect of ensuring the reliability and longevity of power electronics systems. DC\/DC converters generate heat due to switching and conduction power losses in the components (such as semiconductors, inductors, and capacitors) during the power conversion process.<\/p>\n\n\n\n<p>Effective thermal management is necessary to prevent overheating, which can degrade the performance of the converter and cause component failure.<\/p>\n\n\n\t\t\t<\/div>\n\t\t\t<\/div>\n\t\n\t<script>\n\t(function () {\n\t\tlet hasRun_id_69d8fc3be1cea = false;\n\t\tfunction updateVideoDisplay_id_69d8fc3be1cea() {\n\t\t\tconst youtubeVideoId = \"\";\n\t\t\tconst bynderID = \"\";\n\t\t\tconst mediaType = \"image\";\n\t\t\tconst mediaVideoElement = document.getElementById('media-video-id_69d8fc3be1cea');\n\t\t\tconst bodyClass = document.body.className || '';\n\t\t\tconst match = bodyClass.match(\/translatepress-([a-z]{2})(?:_[A-Z]{2})?\/i);\n\t\t\tconst currentLanguage = match ? match[1].toLowerCase() : 'en';\n\t\t\tconst isChineseLang = currentLanguage === 'zh';\n\t\t\tconsole.log('isChineseLang:', isChineseLang);\n\t\t\tconsole.log('Language detected:', currentLanguage);\n\t\t\tconst isValidYouTube = youtubeVideoId && \/^[A-Za-z0-9_-]{11}$\/.test(youtubeVideoId);\n\t\t\t\n\t\t\tif (!mediaVideoElement || mediaType !== \"video\") return;\n\t\t\tmediaVideoElement.innerHTML = ''; \/\/ Clear existing content\n\t\t\t\n\t\t\tlet videoSourceClass = 'fallback-error';\n\t\t\t\n\t\t\tif (isChineseLang) {\n\t\t\t\tif (bynderID) {\n\t\t\t\t\tvideoSourceClass = 'bynder';\n\t\t\t\t}\n\t\t\t} else {\n\t\t\t\tif (isValidYouTube) {\n\t\t\t\t\tvideoSourceClass = 'youtube';\n\t\t\t\t} else if (bynderID) {\n\t\t\t\t\tvideoSourceClass = 'bynder';\n\t\t\t\t}\n\t\t\t}\n\t\t\t\n\t\t\t\/\/ Apply layout class (used in SCSS)\n\t\t\tmediaVideoElement.className = 'video ' + videoSourceClass;\n\t\t\n\t\t\t\/\/ CASE: Chinese language\n\t\t\tif (isChineseLang) {\n\t\t\t\tif (bynderID) {\n\t\t\t\t\t\/\/ Load Bynder\n\t\t\t\t\tif (!document.getElementById('bynder-widgets-js')) {\n\t\t\t\t\t\tconst script = document.createElement('script');\n\t\t\t\t\t\tscript.src = 'https:\/\/d8ejoa1fys2rk.cloudfront.net\/bynder-embed\/latest\/bynder-embed.js';\n\t\t\t\t\t\tscript.id = 'bynder-widgets-js';\n\t\t\t\t\t\tscript.setAttribute('data-account-url', 'https:\/\/brandcenter.flex.com');\n\t\t\t\t\t\tscript.setAttribute('data-language', 'zh');\n\t\t\t\t\t\tdocument.body.appendChild(script);\n\t\t\t\t\t}\n\t\t\n\t\t\t\t\tconst bynderDiv = document.createElement('div');\n\t\t\t\t\tbynderDiv.id = 'bynder-id_69d8fc3be1cea';\n\t\t\t\t\tbynderDiv.className = 'video-bynder';\n\t\t\t\t\tbynderDiv.setAttribute('data-bynder-widget', 'video-item');\n\t\t\t\t\tbynderDiv.setAttribute('data-media-id', bynderID);\n\t\t\t\t\tmediaVideoElement.appendChild(bynderDiv);\n\t\t\n\t\t\t\t\tsetTimeout(() => {\n\t\t\t\t\t\tif (typeof BynderEmbed !== 'undefined' && typeof BynderEmbed.load === 'function') {\n\t\t\t\t\t\t\tBynderEmbed.load();\n\t\t\t\t\t\t}\n\t\t\t\t\t}, 500);\n\t\t\t\t} else {\n\t\t\t\t\t\/\/ No Bynder = error (even if YouTube is valid)\n\t\t\t\t\tshowVideoError();\n\t\t\t\t}\n\t\t\n\t\t\t\/\/ CASE: Not Chinese\n\t\t\t} else {\n\t\t\t\tif (isValidYouTube) {\n\t\t\t\t\tconst iframe = document.createElement('iframe');\n\t\t\t\t\tiframe.id = 'youtube-id_69d8fc3be1cea';\n\t\t\t\t\tiframe.className = 'video-youtube';\n\t\t\t\t\tiframe.src = 'https:\/\/www.youtube.com\/embed\/' + youtubeVideoId + '?rel=0';\n\t\t\t\t\tiframe.frameBorder = '0';\n\t\t\t\t\tiframe.playsInline = true;\n\t\t\t\t\tiframe.allow = 'encrypted-media';\n\t\t\t\t\tiframe.allowFullscreen = true;\n\t\t\t\t\tmediaVideoElement.appendChild(iframe);\n\t\t\t\t} else if (bynderID) {\n\t\t\t\t\t\/\/ Load Bynder (fallback if no YouTube)\n\t\t\t\t\tif (!document.getElementById('bynder-widgets-js')) {\n\t\t\t\t\t\tconst script = document.createElement('script');\n\t\t\t\t\t\tscript.src = 'https:\/\/d8ejoa1fys2rk.cloudfront.net\/bynder-embed\/latest\/bynder-embed.js';\n\t\t\t\t\t\tscript.id = 'bynder-widgets-js';\n\t\t\t\t\t\tscript.setAttribute('data-account-url', 'https:\/\/brandcenter.flex.com');\n\t\t\t\t\t\tscript.setAttribute('data-language', currentLanguage);\n\t\t\t\t\t\tdocument.body.appendChild(script);\n\t\t\t\t\t}\n\t\t\n\t\t\t\t\tconst bynderDiv = document.createElement('div');\n\t\t\t\t\tbynderDiv.id = 'bynder-id_69d8fc3be1cea';\n\t\t\t\t\tbynderDiv.className = 'video-bynder';\n\t\t\t\t\tbynderDiv.setAttribute('data-bynder-widget', 'video-item');\n\t\t\t\t\tbynderDiv.setAttribute('data-media-id', bynderID);\n\t\t\t\t\tmediaVideoElement.appendChild(bynderDiv);\n\t\t\n\t\t\t\t\tsetTimeout(() => {\n\t\t\t\t\t\tif (typeof BynderEmbed !== 'undefined' && typeof BynderEmbed.load === 'function') {\n\t\t\t\t\t\t\tBynderEmbed.load();\n\t\t\t\t\t\t}\n\t\t\t\t\t}, 500);\n\t\t\t\t} else {\n\t\t\t\t\t\/\/ No valid YouTube or Bynder = error\n\t\t\t\t\tshowVideoError();\n\t\t\t\t}\n\t\t\t}\n\t\t\n\t\t\tfunction showVideoError() {\n\t\t\t\tconst errorDiv = document.createElement('div');\n\t\t\t\terrorDiv.id = 'video-error-id_69d8fc3be1cea';\n\t\t\t\terrorDiv.className = 'video-error';\n\t\t\t\terrorDiv.innerHTML = `\n\t\t\t\t\t<div>\n\t\t\t\t\t\t<h3>Video Unavailable<\/h3>\n\t\t\t\t\t\t<p>The content you\u2019re seeking is momentarily unavailable. We appreciate your patience and look forward to sharing it with you soon.<\/p>\n\t\t\t\t\t<\/div>\n\t\t\t\t`;\n\t\t\t\tmediaVideoElement.appendChild(errorDiv);\n\t\t\t}\n\t\t}\n\t\t\n\t\tfunction runVideoInjection() {\n\t\t\tif (hasRun_id_69d8fc3be1cea) return;\n\t\t\thasRun_id_69d8fc3be1cea = true;\n\t\t\tupdateVideoDisplay_id_69d8fc3be1cea();\n\t\t}\n\t\t\n\t\t\/\/ Always run on front-end\n\t\tif (document.readyState === 'loading') {\n\t\t\tdocument.addEventListener('DOMContentLoaded', runVideoInjection);\n\t\t} else {\n\t\t\trunVideoInjection();\n\t\t}\n\t\t\n\t\t\/\/ Also run in editor if available\n\t\tif (typeof wp !== 'undefined' && wp.domReady) {\n\t\t\twp.domReady(runVideoInjection);\n\t\t}\n\t})();\n\t<\/script>\n\t\n\t<script>\n\t\tdocument.addEventListener('DOMContentLoaded', function () {\n\t\t\t\n\t\t\t\/\/ Get the block element by ID\n\t\t\tvar blockElement = document.getElementById(\"id_69d8fc3be1cea\");\n\t\t\tif (!blockElement) return;\n\t\n\t\t\t\/\/ Reveal the block\n\t\t\t(function ($) {\n\t\t\t\tScrollReveal().reveal(blockElement.querySelector(\".container .media\"), {origin: \"bottom\", distance: \"20px\", opacity: 1, duration: 1000});\n\t\t\t\tScrollReveal().reveal(blockElement.querySelector(\".container .content\"), {origin: \"bottom\", distance: \"20px\", opacity: 1, duration: 1000});\n\t\t\t}(jQuery));\n\t\t});\n\t<\/script>\n<\/div>\n\n\n<h2 class=\"wp-block-heading has-small-font-size\" id=\"h-to-manage-the-heat-generated-in-dc-dc-converters-several-techniques-are-used-including\" style=\"font-style:normal;font-weight:700\">To manage the heat generated in DC\/DC converters, several techniques are used, including:<\/h2>\n\n\n\n<ul class=\"wp-block-list\">\n<li><strong>Forced air cooling using heatsinks:<\/strong>&nbsp;Adding heat sinks to power components, especially the power transistors, can greatly improve thermal dissipation. The heatsink&#8217;s surface area and thermal conductivity are key factors, alongside the rate of flow of cooling air.<\/li>\n\n\n\n<li><strong>Direct-to-Chip liquid cooling:<\/strong>&nbsp;Liquid cooling systems typically involve circulating a coolant (water or a dielectric fluid) through a closed-loop system that removes heat from the DC\/DC converter and dissipates it in a radiator or heat exchanger. JetCool, a Flex company, offers direct-to-chip liquid cooling modules that use arrays of small fluid jets that precisely target hot spots on processors, transforming high-power electronic cooling performance at the chip or device level. More information on this technology can be found on <a href=\"https:\/\/jetcool.com\/\" target=\"_blank\" rel=\"noreferrer noopener nofollow\">JetCool, a Flex company&#8217;s website<\/a>.<\/li>\n\n\n\n<li><strong>Immersive cooling:<\/strong>&nbsp;This is an advanced thermal management technology used to cool electronic components by submerging them directly in a specially designed coolant or dielectric fluid e.g., 3M&#8217;s Novec or Fluorinert. These fluids do not conduct electricity but are highly effective at transferring heat. There are two main forms of immersive cooling \u2014 single phase, where the cooling fluid maintains its liquid state, and two phase, where the liquid boils and changes state to a gas before condensing back to a liquid.<\/li>\n<\/ul>\n\n\n\n<h3 class=\"wp-block-heading has-medium-font-size\" id=\"h-featured-content\" style=\"font-style:normal;font-weight:600\">Featured content<\/h3>\n\n\n<div class=\"spacer block\" style=\"height: 24px;\">\n\t<\/div>\n\n\n<div id=\"id-69d8fc3be6caf\" class=\"resources-feature block\">\n\t<div class=\"container show-images\">\n\t\t<div class=\"posts\">\n\t\t\t\t\t\t\t<div class=\"post\">\n\t\t\t\t\t\t\t\t\t\t<a title=\"The basics of liquid cooling in AI data centers\" class=\"title\" href=\"https:\/\/flex.com\/es\/resources\/the-basics-of-liquid-cooling-in-ai-data-centers\" target=\"_self\">\n\t\t\t\t\t\tThe basics of liquid cooling in AI data centers\t\t\t\t\t<\/a>\n\t\t\t\t\t<a title=\"The basics of liquid cooling in AI data centers\" class=\"image\" href=\"https:\/\/flex.com\/es\/resources\/the-basics-of-liquid-cooling-in-ai-data-centers\" target=\"_self\">\n\t\t\t\t\t\t\t\t\t\t\t\t<img decoding=\"async\" alt=\"AI rendition of hyperscale data center\" src=\"https:\/\/flex.com\/wp-content\/uploads\/2026\/03\/hyperscale-datacenter-dcdc-converters-e1758041922503-760x428.jpg\" title=\"\">\n\t\t\t\t\t\t\t\t\t\t\t\t\t\t\t\t\t\t\t<div class=\"label\">\n\t\t\t\t\t\t\t\tBlog\t\t\t\t\t\t\t<\/div>\n\t\t\t\t\t\t\t\t\t\t\t<\/a>\n\t\t\t\t\t\t\t\t\t\t\t<div class=\"resource-excerpt\">\n\t\t\t\t\t\t\tLiquid cooling is increasingly vital in AI data centers as traditional methods struggle to keep manage intense heat.\t\t\t\t\t\t<\/div>\n\t\t\t\t\t\t\t\t\t\t<div class=\"resource-link-wrapper\">\n\t\t\t\t\t\t<p class=\"link-arrow\">\n\t\t\t\t\t\t\t<a title=\"The basics of liquid cooling in AI data centers\" href=\"https:\/\/flex.com\/es\/resources\/the-basics-of-liquid-cooling-in-ai-data-centers\" target=\"_self\">\n\t\t\t\t\t\t\t\tFind out more\n\t\t\t\t\t\t\t<\/a>\n\t\t\t\t\t\t<\/p>\n\t\t\t\t\t<\/div>\n\t\t\t\t<\/div>\n\t\t\t\t\t\t\t<div class=\"post\">\n\t\t\t\t\t\t\t\t\t\t<a title=\"Cooling latest AI chips with liquids\" class=\"title\" href=\"https:\/\/flex.com\/es\/resources\/cooling-latest-ai-chips-with-liquids\" target=\"_self\">\n\t\t\t\t\t\tCooling latest AI chips with liquids\t\t\t\t\t<\/a>\n\t\t\t\t\t<a title=\"Cooling latest AI chips with liquids\" class=\"image\" href=\"https:\/\/flex.com\/es\/resources\/cooling-latest-ai-chips-with-liquids\" target=\"_self\">\n\t\t\t\t\t\t\t\t\t\t\t\t<img decoding=\"async\" alt=\"Cooling latest AI chips with liquids\" src=\"https:\/\/flex.com\/wp-content\/uploads\/2024\/10\/Cooling-latest-AI-chips-with-liquids-760x428.jpg\" title=\"\">\n\t\t\t\t\t\t\t\t\t\t\t\t\t\t\t\t\t\t\t<div class=\"label\">\n\t\t\t\t\t\t\t\tBlog\t\t\t\t\t\t\t<\/div>\n\t\t\t\t\t\t\t\t\t\t\t<\/a>\n\t\t\t\t\t\t\t\t\t\t\t<div class=\"resource-excerpt\">\n\t\t\t\t\t\t\tLook at the challenges of cooling processors in data centers and how it could bottleneck performance gains.\t\t\t\t\t\t<\/div>\n\t\t\t\t\t\t\t\t\t\t<div class=\"resource-link-wrapper\">\n\t\t\t\t\t\t<p class=\"link-arrow\">\n\t\t\t\t\t\t\t<a title=\"Cooling latest AI chips with liquids\" href=\"https:\/\/flex.com\/es\/resources\/cooling-latest-ai-chips-with-liquids\" target=\"_self\">\n\t\t\t\t\t\t\t\tFind out more\n\t\t\t\t\t\t\t<\/a>\n\t\t\t\t\t\t<\/p>\n\t\t\t\t\t<\/div>\n\t\t\t\t<\/div>\n\t\t\t\t\t<\/div>\n\t<\/div>\n\t<script>\n\t\twindow.addEventListener('DOMContentLoaded', () => {\n\t\t\t(function ($) {\n\t\t\t\t\/\/ Get the block ID\n\t\t\t\tvar id = \"#id-69d8fc3be6caf\";\n\t\t\t\t\/\/ Reveal the block\n\t\t\t\tScrollReveal().reveal(id + \" .post\", {origin: \"bottom\", distance: \"20px\", duration: 1000, viewFactor: 0.2, interval: 100, reset: false});\n\t\t\t}(jQuery));\n\t\t});\n\t<\/script>\n<\/div>\n\n\t\t<\/div>\n\t<\/div>\n<\/div>\n\n\n\n<div id=\"block_d1ba917efda5056942be4651760e358c\" class=\"banner block\"\n\tstyle=\"--banner-top-bg: #ffffff;\n\t--banner-bottom-bg: #262626;\">\n\t<div class=\"container\">\n\t\t<div class=\"banner-text\" style=\"max-width: 792px;\">\n\t\t\tContact us for more information on thermal management\t\t<\/div>\n\t\t<a title=\"Contact us\" class=\"button\" href=\"\/power-modules\/contact-us\" target=\"\">\n\t\t\tContact us\t\t\t<div class=\"long-arrow\">\n\t\t\t\t<svg version=\"1.1\" xmlns=\"http:\/\/www.w3.org\/2000\/svg\" xmlns:xlink=\"http:\/\/www.w3.org\/1999\/xlink\" x=\"0px\" y=\"0px\" viewBox=\"0 0 19.9 9.9\" xml:space=\"preserve\">\n\t\t\t\t\t<polygon points=\"15.5,0 14.5,0.9 17.4,4.3 0,4.3 0,5.7 17.4,5.7 14.5,9 15.5,9.9 19.9,5 \"\/>\n\t\t\t\t<\/svg>\n\t\t\t\t<div class=\"line\"><\/div>\n\t\t\t<\/div>\n\t\t<\/a>\n\t<\/div>\n\t<div class=\"top left background\"><\/div>\n\t<div class=\"right background\"><\/div>\n\t<div class=\"bottom left background\"><\/div>\n\t<script>\n\t\twindow.addEventListener('DOMContentLoaded', () => {\n\t\t\t(function ($) {\n\t\t\t\t\/\/ Get the block ID\n\t\t\t\tvar id = \"#block_d1ba917efda5056942be4651760e358c\";\n\t\t\t\t\/\/ Reveal the block\n\t\t\t\tScrollReveal().reveal(id + \" .banner-text\", {origin: \"bottom\", distance: \"20px\", duration: 1000});\n\t\t\t\tScrollReveal().reveal(id + \" .button\", {origin: \"bottom\", distance: \"20px\", duration: 1000});\n\t\t\t}(jQuery));\n\t\t});\n\t<\/script>\n<\/div>","protected":false},"excerpt":{"rendered":"","protected":false},"author":3,"featured_media":34006,"parent":33867,"menu_order":0,"comment_status":"closed","ping_status":"closed","template":"","meta":{"_acf_changed":false,"_searchwp_excluded":"","inline_featured_image":false,"footnotes":""},"categories":[97],"class_list":["post-35983","page","type-page","status-publish","has-post-thumbnail","hentry","category-power-modules"],"acf":[],"_links":{"self":[{"href":"https:\/\/flex.com\/es\/wp-json\/wp\/v2\/pages\/35983","targetHints":{"allow":["GET"]}}],"collection":[{"href":"https:\/\/flex.com\/es\/wp-json\/wp\/v2\/pages"}],"about":[{"href":"https:\/\/flex.com\/es\/wp-json\/wp\/v2\/types\/page"}],"author":[{"embeddable":true,"href":"https:\/\/flex.com\/es\/wp-json\/wp\/v2\/users\/3"}],"replies":[{"embeddable":true,"href":"https:\/\/flex.com\/es\/wp-json\/wp\/v2\/comments?post=35983"}],"version-history":[{"count":1,"href":"https:\/\/flex.com\/es\/wp-json\/wp\/v2\/pages\/35983\/revisions"}],"predecessor-version":[{"id":39003,"href":"https:\/\/flex.com\/es\/wp-json\/wp\/v2\/pages\/35983\/revisions\/39003"}],"up":[{"embeddable":true,"href":"https:\/\/flex.com\/es\/wp-json\/wp\/v2\/pages\/33867"}],"wp:featuredmedia":[{"embeddable":true,"href":"https:\/\/flex.com\/es\/wp-json\/wp\/v2\/media\/34006"}],"wp:attachment":[{"href":"https:\/\/flex.com\/es\/wp-json\/wp\/v2\/media?parent=35983"}],"wp:term":[{"taxonomy":"category","embeddable":true,"href":"https:\/\/flex.com\/es\/wp-json\/wp\/v2\/categories?post=35983"}],"curies":[{"name":"gracias","href":"https:\/\/api.w.org\/{rel}","templated":true}]}}