{"id":27,"date":"2022-08-31T22:34:45","date_gmt":"2022-08-31T22:34:45","guid":{"rendered":"https:\/\/flex-main.lndo.site\/?page_id=27"},"modified":"2025-10-11T09:35:10","modified_gmt":"2025-10-11T14:35:10","slug":"industries","status":"publish","type":"page","link":"https:\/\/flex.com\/es\/industries","title":{"rendered":"Industrias"},"content":{"rendered":"<div id=\"block_dec54e7cbf802d2e59149259fccaccb2\" class=\"header block light-content has-background-image\" style=\"background-color: #eaeef4;\">\n\t\t\t<div class=\"background-image\" style=\"background-image: url(https:\/\/flex.com\/wp-content\/uploads\/2023\/01\/Industries-Home-Header-LightGrey-3840x555-1.jpg);\"><\/div>\n\t\t<div class=\"container\">\n\t\t<div class=\"content\" style=\"max-width: px;\">\n\t\t\t\n\n<h1 class=\"wp-block-heading has-dark-gray-color has-text-color\" id=\"h-industries\">Industrias<\/h1>\n\n\n\n<h2 class=\"wp-block-heading no-margin has-dark-gray-color has-text-color has-small-font-size\" id=\"h-our-expertise-across-a-diverse-range-of-industries-drives-innovation-through-the-exchange-of-technology-and-knowledge\" style=\"font-weight:400\">Nuestra experiencia en distintas industrias impulsa la innovaci\u00f3n<br>a trav\u00e9s del intercambio de tecnolog\u00edas y conocimientos<\/h2>\n\n\n\t\t<\/div>\n\t<\/div>\n\t<script>\n\t\tlet id = \"#block_dec54e7cbf802d2e59149259fccaccb2\";\n\n\t\t(function ($) {\n\n\t\t\t$(id + \" .content h1\").addClass(\"fade-in\");\n\t\t\t$(id + \" .content h2\").addClass(\"fade-in\");\n\t\t\t$(id + \" .content p\").addClass(\"fade-in\");\n\t\t\t\/\/ Fade in the content\n\n\t\t\t\/\/ Fade in the background image\n\t\t\tif ($(id).children(\".background-image\").length > 0) {\n\t\t\t\tvar image = new Image();\n\t\t\t\timage.onload = function () {\n\t\t\t\t\t$(id).children(\".background-image\").addClass(\"visible\");\n\t\t\t\t\t$(id).children(\".container\").addClass(\"visible\");\n\t\t\t\t};\n\t\t\t\timage.src = \"https:\/\/flex.com\/wp-content\/uploads\/2023\/01\/Industries-Home-Header-LightGrey-3840x555-1.jpg\";\n\t\t\t} else {\n\t\t\t\t$(id).children(\".container\").addClass(\"visible\");\n\t\t\t}\n\t\t})(jQuery);\n\n\t\twindow.addEventListener('DOMContentLoaded', () => {\n\t\t\tScrollReveal().reveal(id + \" .fade-in\", {origin: \"left\", distance: \"24px\", interval: 100});\n\t\t});\n\t<\/script>\n<\/div>\n\n<div class=\"spacer block\" style=\"height: 60px;\">\n\t<\/div>\n\n\n<div id=\"block_a58c4cf45e72c2cfe59694b555a51b42\" class=\"tiles block\">\n\t<div class=\"container four-column\">\n\t\t\t\t\t<div class=\"tile\" style=\"padding: 0 0px;\">\n\t\t\t\t<a title=\"Automotriz\" class=\"image\" href=\"https:\/\/flex.com\/es\/industries\/automotive\/\">\n\t\t\t\t\t\t\t\t\t\t<img decoding=\"async\" alt=\"Flex automoci\u00f3n y movilidad de \u00faltima generaci\u00f3n\" src=\"https:\/\/flex.com\/wp-content\/uploads\/2023\/08\/Automotive_1080x720-564x376.jpg\" title=\"\">\n\t\t\t\t<\/a>\n\t\t\t\t<div>\n\t\t\t\t\t<a title=\"Automotriz\" class=\"title\" href=\"https:\/\/flex.com\/es\/industries\/automotive\/\">\n\t\t\t\t\t\tAutomotriz\t\t\t\t\t<\/a>\n\t\t\t\t\t<a title=\"Automotriz\" class=\"long-arrow\" href=\"https:\/\/flex.com\/es\/industries\/automotive\/\">\n\t\t\t\t\t\t<svg version=\"1.1\" xmlns=\"http:\/\/www.w3.org\/2000\/svg\" xmlns:xlink=\"http:\/\/www.w3.org\/1999\/xlink\" x=\"0px\" y=\"0px\" viewbox=\"0 0 20 10\" xml:space=\"preserve\">\n\t\t\t\t\t\t<polygon class=\"st0\" points=\"15.5,0 14.5,0.9 17.6,4.5 4.5,4.5 4.5,5.8 17.5,5.8 14.5,9.1 15.5,10 20,5.1\"\/>\n\t\t\t\t\t\t\t<rect y=\"4.5\" class=\"st0\" width=\"2.6\" height=\"1.3\"\/>\n\t\t\t\t\t<\/svg>\n\t\t\t\t\t<\/a>\n\t\t\t\t<\/div>\n\t\t\t\t\t\t\t<\/div>\n\t\t\t\t\t<div class=\"tile\" style=\"padding: 0 0px;\">\n\t\t\t\t<a title=\"Servicios en la nube\" class=\"image\" href=\"https:\/\/flex.com\/es\/industries\/cloud\/\">\n\t\t\t\t\t\t\t\t\t\t<img decoding=\"async\" alt=\"Soluciones de infraestructura en la nube\" src=\"https:\/\/flex.com\/wp-content\/uploads\/2023\/02\/Cloud-564x376.jpg\" title=\"\">\n\t\t\t\t<\/a>\n\t\t\t\t<div>\n\t\t\t\t\t<a title=\"Servicios en la nube\" class=\"title\" href=\"https:\/\/flex.com\/es\/industries\/cloud\/\">\n\t\t\t\t\t\tServicios en la nube\t\t\t\t\t<\/a>\n\t\t\t\t\t<a title=\"Servicios en la nube\" class=\"long-arrow\" href=\"https:\/\/flex.com\/es\/industries\/cloud\/\">\n\t\t\t\t\t\t<svg version=\"1.1\" xmlns=\"http:\/\/www.w3.org\/2000\/svg\" xmlns:xlink=\"http:\/\/www.w3.org\/1999\/xlink\" x=\"0px\" y=\"0px\" viewbox=\"0 0 20 10\" xml:space=\"preserve\">\n\t\t\t\t\t\t<polygon class=\"st0\" points=\"15.5,0 14.5,0.9 17.6,4.5 4.5,4.5 4.5,5.8 17.5,5.8 14.5,9.1 15.5,10 20,5.1\"\/>\n\t\t\t\t\t\t\t<rect y=\"4.5\" class=\"st0\" width=\"2.6\" height=\"1.3\"\/>\n\t\t\t\t\t<\/svg>\n\t\t\t\t\t<\/a>\n\t\t\t\t<\/div>\n\t\t\t\t\t\t\t<\/div>\n\t\t\t\t\t<div class=\"tile\" style=\"padding: 0 0px;\">\n\t\t\t\t<a title=\"Comunicaciones\" class=\"image\" href=\"https:\/\/flex.com\/es\/industries\/communications\/\">\n\t\t\t\t\t\t\t\t\t\t<img decoding=\"async\" alt=\"Soluciones de comunicaciones\" src=\"https:\/\/flex.com\/wp-content\/uploads\/2023\/01\/Communications-564x376.jpg\" title=\"\">\n\t\t\t\t<\/a>\n\t\t\t\t<div>\n\t\t\t\t\t<a title=\"Comunicaciones\" class=\"title\" href=\"https:\/\/flex.com\/es\/industries\/communications\/\">\n\t\t\t\t\t\tComunicaciones\t\t\t\t\t<\/a>\n\t\t\t\t\t<a title=\"Comunicaciones\" class=\"long-arrow\" href=\"https:\/\/flex.com\/es\/industries\/communications\/\">\n\t\t\t\t\t\t<svg version=\"1.1\" xmlns=\"http:\/\/www.w3.org\/2000\/svg\" xmlns:xlink=\"http:\/\/www.w3.org\/1999\/xlink\" x=\"0px\" y=\"0px\" viewbox=\"0 0 20 10\" xml:space=\"preserve\">\n\t\t\t\t\t\t<polygon class=\"st0\" points=\"15.5,0 14.5,0.9 17.6,4.5 4.5,4.5 4.5,5.8 17.5,5.8 14.5,9.1 15.5,10 20,5.1\"\/>\n\t\t\t\t\t\t\t<rect y=\"4.5\" class=\"st0\" width=\"2.6\" height=\"1.3\"\/>\n\t\t\t\t\t<\/svg>\n\t\t\t\t\t<\/a>\n\t\t\t\t<\/div>\n\t\t\t\t\t\t\t<\/div>\n\t\t\t\t\t<div class=\"tile\" style=\"padding: 0 0px;\">\n\t\t\t\t<a title=\"Productos de consumo\" class=\"image\" href=\"https:\/\/flex.com\/es\/industries\/consumer-devices\/\">\n\t\t\t\t\t\t\t\t\t\t<img decoding=\"async\" alt=\"Persona que utiliza un dispositivo de comunicaci\u00f3n de tel\u00e9fono celular\" src=\"https:\/\/flex.com\/wp-content\/uploads\/2023\/01\/Consumer-2-564x376.jpg\" title=\"\">\n\t\t\t\t<\/a>\n\t\t\t\t<div>\n\t\t\t\t\t<a title=\"Productos de consumo\" class=\"title\" href=\"https:\/\/flex.com\/es\/industries\/consumer-devices\/\">\n\t\t\t\t\t\tProductos de consumo\t\t\t\t\t<\/a>\n\t\t\t\t\t<a title=\"Productos de consumo\" class=\"long-arrow\" href=\"https:\/\/flex.com\/es\/industries\/consumer-devices\/\">\n\t\t\t\t\t\t<svg version=\"1.1\" xmlns=\"http:\/\/www.w3.org\/2000\/svg\" xmlns:xlink=\"http:\/\/www.w3.org\/1999\/xlink\" x=\"0px\" y=\"0px\" viewbox=\"0 0 20 10\" xml:space=\"preserve\">\n\t\t\t\t\t\t<polygon class=\"st0\" points=\"15.5,0 14.5,0.9 17.6,4.5 4.5,4.5 4.5,5.8 17.5,5.8 14.5,9.1 15.5,10 20,5.1\"\/>\n\t\t\t\t\t\t\t<rect y=\"4.5\" class=\"st0\" width=\"2.6\" height=\"1.3\"\/>\n\t\t\t\t\t<\/svg>\n\t\t\t\t\t<\/a>\n\t\t\t\t<\/div>\n\t\t\t\t\t\t\t<\/div>\n\t\t\t\t\t<div class=\"tile\" style=\"padding: 0 0px;\">\n\t\t\t\t<a title=\"Centro de datos\" class=\"image\" href=\"https:\/\/flex.com\/es\/industries\/data-center\/\">\n\t\t\t\t\t\t\t\t\t\t<img decoding=\"async\" alt=\"Primer plano de los racks del centro de datos\" src=\"https:\/\/flex.com\/wp-content\/uploads\/2025\/10\/data-center-featured-image-564x376.png\" title=\"\">\n\t\t\t\t<\/a>\n\t\t\t\t<div>\n\t\t\t\t\t<a title=\"Centro de datos\" class=\"title\" href=\"https:\/\/flex.com\/es\/industries\/data-center\/\">\n\t\t\t\t\t\tCentro de datos\t\t\t\t\t<\/a>\n\t\t\t\t\t<a title=\"Centro de datos\" class=\"long-arrow\" href=\"https:\/\/flex.com\/es\/industries\/data-center\/\">\n\t\t\t\t\t\t<svg version=\"1.1\" xmlns=\"http:\/\/www.w3.org\/2000\/svg\" xmlns:xlink=\"http:\/\/www.w3.org\/1999\/xlink\" x=\"0px\" y=\"0px\" viewbox=\"0 0 20 10\" xml:space=\"preserve\">\n\t\t\t\t\t\t<polygon class=\"st0\" points=\"15.5,0 14.5,0.9 17.6,4.5 4.5,4.5 4.5,5.8 17.5,5.8 14.5,9.1 15.5,10 20,5.1\"\/>\n\t\t\t\t\t\t\t<rect y=\"4.5\" class=\"st0\" width=\"2.6\" height=\"1.3\"\/>\n\t\t\t\t\t<\/svg>\n\t\t\t\t\t<\/a>\n\t\t\t\t<\/div>\n\t\t\t\t\t\t\t<\/div>\n\t\t\t\t\t<div class=\"tile\" style=\"padding: 0 0px;\">\n\t\t\t\t<a title=\"Cuidado de la salud\" class=\"image\" href=\"https:\/\/flex.com\/es\/industries\/healthcare\/\">\n\t\t\t\t\t\t\t\t\t\t<img decoding=\"async\" alt=\"Monitor de salud port\u00e1til en el brazo\" src=\"https:\/\/flex.com\/wp-content\/uploads\/2025\/01\/Inline-Image_500x700-564x376.png\" title=\"\">\n\t\t\t\t<\/a>\n\t\t\t\t<div>\n\t\t\t\t\t<a title=\"Cuidado de la salud\" class=\"title\" href=\"https:\/\/flex.com\/es\/industries\/healthcare\/\">\n\t\t\t\t\t\tCuidado de la salud\t\t\t\t\t<\/a>\n\t\t\t\t\t<a title=\"Cuidado de la salud\" class=\"long-arrow\" href=\"https:\/\/flex.com\/es\/industries\/healthcare\/\">\n\t\t\t\t\t\t<svg version=\"1.1\" xmlns=\"http:\/\/www.w3.org\/2000\/svg\" xmlns:xlink=\"http:\/\/www.w3.org\/1999\/xlink\" x=\"0px\" y=\"0px\" viewbox=\"0 0 20 10\" xml:space=\"preserve\">\n\t\t\t\t\t\t<polygon class=\"st0\" points=\"15.5,0 14.5,0.9 17.6,4.5 4.5,4.5 4.5,5.8 17.5,5.8 14.5,9.1 15.5,10 20,5.1\"\/>\n\t\t\t\t\t\t\t<rect y=\"4.5\" class=\"st0\" width=\"2.6\" height=\"1.3\"\/>\n\t\t\t\t\t<\/svg>\n\t\t\t\t\t<\/a>\n\t\t\t\t<\/div>\n\t\t\t\t\t\t\t<\/div>\n\t\t\t\t\t<div class=\"tile\" style=\"padding: 0 0px;\">\n\t\t\t\t<a title=\"Industrial\" class=\"image\" href=\"https:\/\/flex.com\/es\/industries\/industrial\/\">\n\t\t\t\t\t\t\t\t\t\t<img decoding=\"async\" alt=\"M\u00e1quina industrial realizando una acci\u00f3n en una f\u00e1brica.\" src=\"https:\/\/flex.com\/wp-content\/uploads\/2023\/02\/Industrial-564x376.jpg\" title=\"\">\n\t\t\t\t<\/a>\n\t\t\t\t<div>\n\t\t\t\t\t<a title=\"Industrial\" class=\"title\" href=\"https:\/\/flex.com\/es\/industries\/industrial\/\">\n\t\t\t\t\t\tIndustrial\t\t\t\t\t<\/a>\n\t\t\t\t\t<a title=\"Industrial\" class=\"long-arrow\" href=\"https:\/\/flex.com\/es\/industries\/industrial\/\">\n\t\t\t\t\t\t<svg version=\"1.1\" xmlns=\"http:\/\/www.w3.org\/2000\/svg\" xmlns:xlink=\"http:\/\/www.w3.org\/1999\/xlink\" x=\"0px\" y=\"0px\" viewbox=\"0 0 20 10\" xml:space=\"preserve\">\n\t\t\t\t\t\t<polygon class=\"st0\" points=\"15.5,0 14.5,0.9 17.6,4.5 4.5,4.5 4.5,5.8 17.5,5.8 14.5,9.1 15.5,10 20,5.1\"\/>\n\t\t\t\t\t\t\t<rect y=\"4.5\" class=\"st0\" width=\"2.6\" height=\"1.3\"\/>\n\t\t\t\t\t<\/svg>\n\t\t\t\t\t<\/a>\n\t\t\t\t<\/div>\n\t\t\t\t\t\t\t<\/div>\n\t\t\t\t\t<div class=\"tile\" style=\"padding: 0 0px;\">\n\t\t\t\t<a title=\"Estilo de vida\" class=\"image\" href=\"https:\/\/flex.com\/es\/industries\/lifestyle\/\">\n\t\t\t\t\t\t\t\t\t\t<img decoding=\"async\" alt=\"Persona en la cocina usando diversos productos de estilo de vida.\" src=\"https:\/\/flex.com\/wp-content\/uploads\/2023\/02\/Lifestyle-564x376.jpg\" title=\"\">\n\t\t\t\t<\/a>\n\t\t\t\t<div>\n\t\t\t\t\t<a title=\"Estilo de vida\" class=\"title\" href=\"https:\/\/flex.com\/es\/industries\/lifestyle\/\">\n\t\t\t\t\t\tEstilo de vida\t\t\t\t\t<\/a>\n\t\t\t\t\t<a title=\"Estilo de vida\" class=\"long-arrow\" href=\"https:\/\/flex.com\/es\/industries\/lifestyle\/\">\n\t\t\t\t\t\t<svg version=\"1.1\" xmlns=\"http:\/\/www.w3.org\/2000\/svg\" xmlns:xlink=\"http:\/\/www.w3.org\/1999\/xlink\" x=\"0px\" y=\"0px\" viewbox=\"0 0 20 10\" xml:space=\"preserve\">\n\t\t\t\t\t\t<polygon class=\"st0\" points=\"15.5,0 14.5,0.9 17.6,4.5 4.5,4.5 4.5,5.8 17.5,5.8 14.5,9.1 15.5,10 20,5.1\"\/>\n\t\t\t\t\t\t\t<rect y=\"4.5\" class=\"st0\" width=\"2.6\" height=\"1.3\"\/>\n\t\t\t\t\t<\/svg>\n\t\t\t\t\t<\/a>\n\t\t\t\t<\/div>\n\t\t\t\t\t\t\t<\/div>\n\t\t\t\t\t<div class=\"tile\" style=\"padding: 0 0px;\">\n\t\t\t\t<a title=\"Tecnolog\u00eda para distintas industrias\" class=\"image\" href=\"https:\/\/flex.com\/es\/industries\/cross-industry-technology\/\">\n\t\t\t\t\t\t\t\t\t\t<img decoding=\"async\" alt=\"Tecnolog\u00edas intersectoriales\" src=\"https:\/\/flex.com\/wp-content\/uploads\/2023\/01\/Cross-Industry-Technology-564x376.jpg\" title=\"\">\n\t\t\t\t<\/a>\n\t\t\t\t<div>\n\t\t\t\t\t<a title=\"Tecnolog\u00eda para distintas industrias\" class=\"title\" href=\"https:\/\/flex.com\/es\/industries\/cross-industry-technology\/\">\n\t\t\t\t\t\tTecnolog\u00eda para distintas industrias\t\t\t\t\t<\/a>\n\t\t\t\t\t<a title=\"Tecnolog\u00eda para distintas industrias\" class=\"long-arrow\" href=\"https:\/\/flex.com\/es\/industries\/cross-industry-technology\/\">\n\t\t\t\t\t\t<svg version=\"1.1\" xmlns=\"http:\/\/www.w3.org\/2000\/svg\" xmlns:xlink=\"http:\/\/www.w3.org\/1999\/xlink\" x=\"0px\" y=\"0px\" viewbox=\"0 0 20 10\" xml:space=\"preserve\">\n\t\t\t\t\t\t<polygon class=\"st0\" points=\"15.5,0 14.5,0.9 17.6,4.5 4.5,4.5 4.5,5.8 17.5,5.8 14.5,9.1 15.5,10 20,5.1\"\/>\n\t\t\t\t\t\t\t<rect y=\"4.5\" class=\"st0\" width=\"2.6\" height=\"1.3\"\/>\n\t\t\t\t\t<\/svg>\n\t\t\t\t\t<\/a>\n\t\t\t\t<\/div>\n\t\t\t\t\t\t\t<\/div>\n\t\t\t<\/div>\n\t<script>\n\t\twindow.addEventListener('DOMContentLoaded', () => {\n\t\t\t(function ($) {\n\t\t\t\t\/\/ Get the block ID\n\t\t\t\tvar id = \"#block_a58c4cf45e72c2cfe59694b555a51b42\";\n\t\t\t\t\/\/ Reveal the block\n\t\t\t\tScrollReveal().reveal(id + \" .tile\", {origin: \"bottom\", distance: \"20px\", duration: 1000, viewFactor: 0.2, interval: 100, reset: false});\n\t\t\t}(jQuery));\n\t\t});\n\t<\/script>\n<\/div>\n\n<div class=\"spacer block\" style=\"height: 60px;\">\n\t<\/div>","protected":false},"excerpt":{"rendered":"","protected":false},"author":1,"featured_media":15260,"parent":0,"menu_order":0,"comment_status":"closed","ping_status":"closed","template":"","meta":{"_acf_changed":false,"_searchwp_excluded":"","inline_featured_image":false,"footnotes":""},"categories":[32],"class_list":["post-27","page","type-page","status-publish","has-post-thumbnail","hentry","category-industries"],"acf":[],"_links":{"self":[{"href":"https:\/\/flex.com\/es\/wp-json\/wp\/v2\/pages\/27","targetHints":{"allow":["GET"]}}],"collection":[{"href":"https:\/\/flex.com\/es\/wp-json\/wp\/v2\/pages"}],"about":[{"href":"https:\/\/flex.com\/es\/wp-json\/wp\/v2\/types\/page"}],"author":[{"embeddable":true,"href":"https:\/\/flex.com\/es\/wp-json\/wp\/v2\/users\/1"}],"replies":[{"embeddable":true,"href":"https:\/\/flex.com\/es\/wp-json\/wp\/v2\/comments?post=27"}],"version-history":[{"count":61,"href":"https:\/\/flex.com\/es\/wp-json\/wp\/v2\/pages\/27\/revisions"}],"predecessor-version":[{"id":26634,"href":"https:\/\/flex.com\/es\/wp-json\/wp\/v2\/pages\/27\/revisions\/26634"}],"wp:featuredmedia":[{"embeddable":true,"href":"https:\/\/flex.com\/es\/wp-json\/wp\/v2\/media\/15260"}],"wp:attachment":[{"href":"https:\/\/flex.com\/es\/wp-json\/wp\/v2\/media?parent=27"}],"wp:term":[{"taxonomy":"category","embeddable":true,"href":"https:\/\/flex.com\/es\/wp-json\/wp\/v2\/categories?post=27"}],"curies":[{"name":"gracias","href":"https:\/\/api.w.org\/{rel}","templated":true}]}}