{"id":25,"date":"2022-08-31T22:34:35","date_gmt":"2022-08-31T22:34:35","guid":{"rendered":"https:\/\/flex-main.lndo.site\/?page_id=25"},"modified":"2025-08-14T16:43:07","modified_gmt":"2025-08-14T21:43:07","slug":"solutions-and-services","status":"publish","type":"page","link":"https:\/\/flex.com\/es\/solutions-and-services","title":{"rendered":"Servicios"},"content":{"rendered":"<div id=\"block_e83afb6ff73bf8e6b50323df552c066f\" class=\"header block light-content has-background-image\" style=\"background-color: #eaeef4;\">\n\t\t\t<div class=\"background-image\" style=\"background-image: url(https:\/\/flex.com\/wp-content\/uploads\/2023\/01\/Industries-Home-Header-LightGrey-3840x555-1.jpg);\"><\/div>\n\t\t<div class=\"container\">\n\t\t<div class=\"content\" style=\"max-width: px;\">\n\t\t\t\n\n<h1 class=\"wp-block-heading has-dark-gray-color has-text-color\" id=\"h-our-product-lifecycle-services\">Nuestros servicios de ciclo de vida del producto.<\/h1>\n\n\n\n<h2 class=\"wp-block-heading no-margin has-dark-gray-color has-text-color has-small-font-size\" id=\"h-our-full-set-of-specialized-end-to-end-manufacturing-and-related-services-in-every-major-region-optimize-and-streamline-your-products-across-their-entire-lifecycle\" style=\"font-weight:400\">Nuestro conjunto completo de fabricaci\u00f3n especializada de extremo a extremo y servicios relacionados en cada regi\u00f3n importante optimiza y optimiza sus productos durante todo su ciclo de vida.<\/h2>\n\n\n\t\t<\/div>\n\t<\/div>\n\t<script>\n\t\tlet id = \"#block_e83afb6ff73bf8e6b50323df552c066f\";\n\n\t\t(function ($) {\n\n\t\t\t$(id + \" .content h1\").addClass(\"fade-in\");\n\t\t\t$(id + \" .content h2\").addClass(\"fade-in\");\n\t\t\t$(id + \" .content p\").addClass(\"fade-in\");\n\t\t\t\/\/ Fade in the content\n\n\t\t\t\/\/ Fade in the background image\n\t\t\tif ($(id).children(\".background-image\").length > 0) {\n\t\t\t\tvar image = new Image();\n\t\t\t\timage.onload = function () {\n\t\t\t\t\t$(id).children(\".background-image\").addClass(\"visible\");\n\t\t\t\t\t$(id).children(\".container\").addClass(\"visible\");\n\t\t\t\t};\n\t\t\t\timage.src = \"https:\/\/flex.com\/wp-content\/uploads\/2023\/01\/Industries-Home-Header-LightGrey-3840x555-1.jpg\";\n\t\t\t} else {\n\t\t\t\t$(id).children(\".container\").addClass(\"visible\");\n\t\t\t}\n\t\t})(jQuery);\n\n\t\twindow.addEventListener('DOMContentLoaded', () => {\n\t\t\tScrollReveal().reveal(id + \" .fade-in\", {origin: \"left\", distance: \"24px\", interval: 100});\n\t\t});\n\t<\/script>\n<\/div>\n\n<div class=\"spacer block\" style=\"height: 60px;\">\n\t<\/div>\n\n\n<div id=\"block_9722ebde08c51d08e043762555f8ca42\" class=\"tiles block\">\n\t<div class=\"container three-column\">\n\t\t\t\t\t<div class=\"tile\" style=\"padding: 0 0px;\">\n\t\t\t\t<a title=\"Dise\u00f1o e ingenier\u00eda\" class=\"image\" href=\"\/es\/solutions-and-services\/design-engineering\/\">\n\t\t\t\t\t\t\t\t\t\t<img decoding=\"async\" alt=\"Dise\u00f1o e ingenier\u00eda\" src=\"https:\/\/flex.com\/wp-content\/uploads\/2023\/02\/Design-for-Excellence-768x512.jpg\" title=\"\">\n\t\t\t\t<\/a>\n\t\t\t\t<div>\n\t\t\t\t\t<a title=\"Dise\u00f1o e ingenier\u00eda\" class=\"title\" href=\"\/es\/solutions-and-services\/design-engineering\/\">\n\t\t\t\t\t\tDise\u00f1o e ingenier\u00eda\t\t\t\t\t<\/a>\n\t\t\t\t\t<a title=\"Dise\u00f1o e ingenier\u00eda\" class=\"long-arrow\" href=\"\/es\/solutions-and-services\/design-engineering\/\">\n\t\t\t\t\t\t<svg version=\"1.1\" xmlns=\"http:\/\/www.w3.org\/2000\/svg\" xmlns:xlink=\"http:\/\/www.w3.org\/1999\/xlink\" x=\"0px\" y=\"0px\" viewbox=\"0 0 20 10\" xml:space=\"preserve\">\n\t\t\t\t\t\t<polygon class=\"st0\" points=\"15.5,0 14.5,0.9 17.6,4.5 4.5,4.5 4.5,5.8 17.5,5.8 14.5,9.1 15.5,10 20,5.1\"\/>\n\t\t\t\t\t\t\t<rect y=\"4.5\" class=\"st0\" width=\"2.6\" height=\"1.3\"\/>\n\t\t\t\t\t<\/svg>\n\t\t\t\t\t<\/a>\n\t\t\t\t<\/div>\n\t\t\t\t\t\t\t\t\t<div class=\"tiles-text\">\n\t\t\t\t\t\t<p>Trabajamos con su equipo para revisar la preparaci\u00f3n del dise\u00f1o del producto en una variedad de factores que incluyen rendimiento, confiabilidad, durabilidad y escalabilidad, lo que permite una velocidad de comercializaci\u00f3n m\u00e1s r\u00e1pida y con menor riesgo.<\/p>\n\t\t\t\t\t<\/div>\n\t\t\t\t\t\t\t<\/div>\n\t\t\t\t\t<div class=\"tile\" style=\"padding: 0 0px;\">\n\t\t\t\t<a title=\"Cadena de suministro\" class=\"image\" href=\"\/es\/solutions-and-services\/supply-chain\/\">\n\t\t\t\t\t\t\t\t\t\t<img decoding=\"async\" alt=\"Cadena de suministro confiable y resiliente\" src=\"https:\/\/flex.com\/wp-content\/uploads\/2023\/02\/Supply-Chain-768x512.jpg\" title=\"\">\n\t\t\t\t<\/a>\n\t\t\t\t<div>\n\t\t\t\t\t<a title=\"Cadena de suministro\" class=\"title\" href=\"\/es\/solutions-and-services\/supply-chain\/\">\n\t\t\t\t\t\tCadena de suministro\t\t\t\t\t<\/a>\n\t\t\t\t\t<a title=\"Cadena de suministro\" class=\"long-arrow\" href=\"\/es\/solutions-and-services\/supply-chain\/\">\n\t\t\t\t\t\t<svg version=\"1.1\" xmlns=\"http:\/\/www.w3.org\/2000\/svg\" xmlns:xlink=\"http:\/\/www.w3.org\/1999\/xlink\" x=\"0px\" y=\"0px\" viewbox=\"0 0 20 10\" xml:space=\"preserve\">\n\t\t\t\t\t\t<polygon class=\"st0\" points=\"15.5,0 14.5,0.9 17.6,4.5 4.5,4.5 4.5,5.8 17.5,5.8 14.5,9.1 15.5,10 20,5.1\"\/>\n\t\t\t\t\t\t\t<rect y=\"4.5\" class=\"st0\" width=\"2.6\" height=\"1.3\"\/>\n\t\t\t\t\t<\/svg>\n\t\t\t\t\t<\/a>\n\t\t\t\t<\/div>\n\t\t\t\t\t\t\t\t\t<div class=\"tiles-text\">\n\t\t\t\t\t\t<p>Nuestra cadena de suministro global confiable y resiliente proporciona la red global, el conocimiento y las tecnolog\u00edas digitales para mitigar el riesgo y la complejidad.<\/p>\n\t\t\t\t\t<\/div>\n\t\t\t\t\t\t\t<\/div>\n\t\t\t\t\t<div class=\"tile\" style=\"padding: 0 0px;\">\n\t\t\t\t<a title=\"Fabricaci\u00f3n avanzada\" class=\"image\" href=\"\/es\/solutions-and-services\/manufacturing\/\">\n\t\t\t\t\t\t\t\t\t\t<img decoding=\"async\" alt=\"Manufactura avanzada\" src=\"https:\/\/flex.com\/wp-content\/uploads\/2023\/02\/Manufacturing-768x512.jpg\" title=\"\">\n\t\t\t\t<\/a>\n\t\t\t\t<div>\n\t\t\t\t\t<a title=\"Fabricaci\u00f3n avanzada\" class=\"title\" href=\"\/es\/solutions-and-services\/manufacturing\/\">\n\t\t\t\t\t\tFabricaci\u00f3n avanzada\t\t\t\t\t<\/a>\n\t\t\t\t\t<a title=\"Fabricaci\u00f3n avanzada\" class=\"long-arrow\" href=\"\/es\/solutions-and-services\/manufacturing\/\">\n\t\t\t\t\t\t<svg version=\"1.1\" xmlns=\"http:\/\/www.w3.org\/2000\/svg\" xmlns:xlink=\"http:\/\/www.w3.org\/1999\/xlink\" x=\"0px\" y=\"0px\" viewbox=\"0 0 20 10\" xml:space=\"preserve\">\n\t\t\t\t\t\t<polygon class=\"st0\" points=\"15.5,0 14.5,0.9 17.6,4.5 4.5,4.5 4.5,5.8 17.5,5.8 14.5,9.1 15.5,10 20,5.1\"\/>\n\t\t\t\t\t\t\t<rect y=\"4.5\" class=\"st0\" width=\"2.6\" height=\"1.3\"\/>\n\t\t\t\t\t<\/svg>\n\t\t\t\t\t<\/a>\n\t\t\t\t<\/div>\n\t\t\t\t\t\t\t\t\t<div class=\"tiles-text\">\n\t\t\t\t\t\t<p>Con m\u00e1s de 50 a\u00f1os de experiencia, aprovechamos las tecnolog\u00edas de fabricaci\u00f3n avanzadas l\u00edderes en la industria para impulsar la productividad, la calidad y la eficiencia.<\/p>\n\t\t\t\t\t<\/div>\n\t\t\t\t\t\t\t<\/div>\n\t\t\t\t\t<div class=\"tile\" style=\"padding: 0 0px;\">\n\t\t\t\t<a title=\"Log\u00edstica y cumplimiento de valor a\u00f1adido\" class=\"image\" href=\"\/es\/solutions-and-services\/value-added-fulfillment-logistics\/\">\n\t\t\t\t\t\t\t\t\t\t<img decoding=\"async\" alt=\"Empleados de Flex utilizando un monitor para log\u00edstica inversa y servicios de cumplimiento de valor agregado\" src=\"https:\/\/flex.com\/wp-content\/uploads\/2023\/02\/Value-Added-Fulfillment-768x512.jpg\" title=\"\">\n\t\t\t\t<\/a>\n\t\t\t\t<div>\n\t\t\t\t\t<a title=\"Log\u00edstica y cumplimiento de valor a\u00f1adido\" class=\"title\" href=\"\/es\/solutions-and-services\/value-added-fulfillment-logistics\/\">\n\t\t\t\t\t\tLog\u00edstica y cumplimiento de valor a\u00f1adido\t\t\t\t\t<\/a>\n\t\t\t\t\t<a title=\"Log\u00edstica y cumplimiento de valor a\u00f1adido\" class=\"long-arrow\" href=\"\/es\/solutions-and-services\/value-added-fulfillment-logistics\/\">\n\t\t\t\t\t\t<svg version=\"1.1\" xmlns=\"http:\/\/www.w3.org\/2000\/svg\" xmlns:xlink=\"http:\/\/www.w3.org\/1999\/xlink\" x=\"0px\" y=\"0px\" viewbox=\"0 0 20 10\" xml:space=\"preserve\">\n\t\t\t\t\t\t<polygon class=\"st0\" points=\"15.5,0 14.5,0.9 17.6,4.5 4.5,4.5 4.5,5.8 17.5,5.8 14.5,9.1 15.5,10 20,5.1\"\/>\n\t\t\t\t\t\t\t<rect y=\"4.5\" class=\"st0\" width=\"2.6\" height=\"1.3\"\/>\n\t\t\t\t\t<\/svg>\n\t\t\t\t\t<\/a>\n\t\t\t\t<\/div>\n\t\t\t\t\t\t\t\t\t<div class=\"tiles-text\">\n\t\t\t\t\t\t<p>Brindamos log\u00edstica avanzada, cumplimiento de valor agregado y soluciones de entrega, configurando rutas \u00f3ptimas a los mercados locales y satisfaciendo las necesidades omnicanal globales que abarcan empresas, comercios minoristas y venta directa al consumidor.<\/p>\n\t\t\t\t\t<\/div>\n\t\t\t\t\t\t\t<\/div>\n\t\t\t\t\t<div class=\"tile\" style=\"padding: 0 0px;\">\n\t\t\t\t<a title=\"Servicios de posventa\" class=\"image\" href=\"\/es\/solutions-and-services\/aftermarket-services\/\">\n\t\t\t\t\t\t\t\t\t\t<img decoding=\"async\" alt=\"Los beneficios de la subcontrataci\u00f3n de la fabricaci\u00f3n incluyen mayores esfuerzos de sostenibilidad a trav\u00e9s de soluciones de econom\u00eda circular.\" src=\"https:\/\/flex.com\/wp-content\/uploads\/2023\/02\/Circular-Economy-1-e1755207770334.jpg\" title=\"\">\n\t\t\t\t<\/a>\n\t\t\t\t<div>\n\t\t\t\t\t<a title=\"Servicios de posventa\" class=\"title\" href=\"\/es\/solutions-and-services\/aftermarket-services\/\">\n\t\t\t\t\t\tServicios de posventa\t\t\t\t\t<\/a>\n\t\t\t\t\t<a title=\"Servicios de posventa\" class=\"long-arrow\" href=\"\/es\/solutions-and-services\/aftermarket-services\/\">\n\t\t\t\t\t\t<svg version=\"1.1\" xmlns=\"http:\/\/www.w3.org\/2000\/svg\" xmlns:xlink=\"http:\/\/www.w3.org\/1999\/xlink\" x=\"0px\" y=\"0px\" viewbox=\"0 0 20 10\" xml:space=\"preserve\">\n\t\t\t\t\t\t<polygon class=\"st0\" points=\"15.5,0 14.5,0.9 17.6,4.5 4.5,4.5 4.5,5.8 17.5,5.8 14.5,9.1 15.5,10 20,5.1\"\/>\n\t\t\t\t\t\t\t<rect y=\"4.5\" class=\"st0\" width=\"2.6\" height=\"1.3\"\/>\n\t\t\t\t\t<\/svg>\n\t\t\t\t\t<\/a>\n\t\t\t\t<\/div>\n\t\t\t\t\t\t\t\t\t<div class=\"tiles-text\">\n\t\t\t\t\t\t<p>Dise\u00f1amos e implementamos nuestras soluciones de log\u00edstica inversa y econom\u00eda circular para cumplir con los requisitos regulatorios, maximizar la recuperaci\u00f3n de valor y ayudarlo a alcanzar sus objetivos de sostenibilidad.<\/p>\n\t\t\t\t\t<\/div>\n\t\t\t\t\t\t\t<\/div>\n\t\t\t<\/div>\n\t<script>\n\t\twindow.addEventListener('DOMContentLoaded', () => {\n\t\t\t(function ($) {\n\t\t\t\t\/\/ Get the block ID\n\t\t\t\tvar id = \"#block_9722ebde08c51d08e043762555f8ca42\";\n\t\t\t\t\/\/ Reveal the block\n\t\t\t\tScrollReveal().reveal(id + \" .tile\", {origin: \"bottom\", distance: \"20px\", duration: 1000, viewFactor: 0.2, interval: 100, reset: false});\n\t\t\t}(jQuery));\n\t\t});\n\t<\/script>\n<\/div>\n\n<div id=\"id-69ee5e1187399\" class=\"box block full-width dark-content es\" style=\"background-color: transparent; background-image: none;\">\n\t<style>\n\t\t#id-69ee5e1187399 > .container > .content {\n\t\t\tbackground-color: transparent;\n\t\t\tposition: relative;\n\t\t\tpadding-top: 48px;\n\t\t\tpadding-right: 0px;\n\t\t\tpadding-bottom: 96px;\n\t\t\tpadding-left: 0px;\n\t\t\tmargin-left: 0px;\n\t\t\tmargin-right: 0px;\n\t\t}\n\t\t@media (max-width: 1272px) {\n\t\t\t#id-69ee5e1187399.box.block.full-width > .container > .content {\n\t\t\t\tpadding-left: 0 !important;\n\t\t\t\tpadding-right: 0 !important;\n\t\t\t\tmargin: 0 !important;\n\t\t\t}\n\t\t}\n\t\t@media (max-width: 960px) {\n\t\t\t#id-69ee5e1187399 > .container > .content {\n\t\t\t\t\/\/padding-top: 24px;\n\t\t\t\tpadding-right: 0px;\n\t\t\t\t\/\/padding-bottom: 48px;\n\t\t\t\tpadding-left: 0px;\n\t\t\t}\n\t\t}\n\t<\/style>\n\t<div class=\"container\">\n\t\t<div class=\"content\">\n\t\t\t\n\n<h3 class=\"wp-block-heading has-medium-font-size\" id=\"h-delivering-cross-industry-and-technology-expertise\" style=\"font-weight:600\">Ofreciendo experiencia tecnol\u00f3gica y multisectorial<\/h3>\n\n\n\n<p>Junto con nuestras capacidades de ciclo de vida completo del producto, brindamos <a href=\"https:\/\/flex.com\/es\/industries\/cross-industry-technology\/\">experiencia intersectorial y tecnol\u00f3gica<\/a> incluyendo una cartera l\u00edder en la industria de <a href=\"https:\/\/flex.com\/es\/products\/power-and-cooling\/\">productos de energ\u00eda<\/a> y en <a href=\"https:\/\/flex.com\/es\/industries\/cloud\/#compute-storage\">calcular<\/a> capacidades.<\/p>\n\n\n\t\t<\/div>\n\t<\/div>\n<\/div>","protected":false},"excerpt":{"rendered":"","protected":false},"author":1,"featured_media":12019,"parent":0,"menu_order":0,"comment_status":"closed","ping_status":"closed","template":"","meta":{"_acf_changed":false,"_searchwp_excluded":"","inline_featured_image":false,"footnotes":""},"categories":[33],"class_list":["post-25","page","type-page","status-publish","has-post-thumbnail","hentry","category-solutions-and-services"],"acf":[],"_links":{"self":[{"href":"https:\/\/flex.com\/es\/wp-json\/wp\/v2\/pages\/25","targetHints":{"allow":["GET"]}}],"collection":[{"href":"https:\/\/flex.com\/es\/wp-json\/wp\/v2\/pages"}],"about":[{"href":"https:\/\/flex.com\/es\/wp-json\/wp\/v2\/types\/page"}],"author":[{"embeddable":true,"href":"https:\/\/flex.com\/es\/wp-json\/wp\/v2\/users\/1"}],"replies":[{"embeddable":true,"href":"https:\/\/flex.com\/es\/wp-json\/wp\/v2\/comments?post=25"}],"version-history":[{"count":64,"href":"https:\/\/flex.com\/es\/wp-json\/wp\/v2\/pages\/25\/revisions"}],"predecessor-version":[{"id":25206,"href":"https:\/\/flex.com\/es\/wp-json\/wp\/v2\/pages\/25\/revisions\/25206"}],"wp:featuredmedia":[{"embeddable":true,"href":"https:\/\/flex.com\/es\/wp-json\/wp\/v2\/media\/12019"}],"wp:attachment":[{"href":"https:\/\/flex.com\/es\/wp-json\/wp\/v2\/media?parent=25"}],"wp:term":[{"taxonomy":"category","embeddable":true,"href":"https:\/\/flex.com\/es\/wp-json\/wp\/v2\/categories?post=25"}],"curies":[{"name":"gracias","href":"https:\/\/api.w.org\/{rel}","templated":true}]}}