{"id":24813,"date":"2025-07-28T10:36:25","date_gmt":"2025-07-28T15:36:25","guid":{"rendered":"https:\/\/flex.com\/?page_id=24813"},"modified":"2025-07-28T10:36:28","modified_gmt":"2025-07-28T15:36:28","slug":"flex-automotive-product-security-incident-response-management-psirm","status":"publish","type":"page","link":"https:\/\/flex.com\/es\/flex-automotive-product-security-incident-response-management-psirm","title":{"rendered":"Flex Gesti\u00f3n de respuesta a incidentes de seguridad de productos automotrices (PSIRM)"},"content":{"rendered":"<div id=\"id-69eb688d31444\" class=\"box block content-width dark-content es\" style=\"background-color: transparent; background-image: none;\">\n\t<style>\n\t\t#id-69eb688d31444 > .container > .content {\n\t\t\tbackground-color: transparent;\n\t\t\tposition: relative;\n\t\t\tpadding-top: 48px;\n\t\t\tpadding-right: 60px;\n\t\t\tpadding-bottom: 48px;\n\t\t\tpadding-left: 60px;\n\t\t\tmargin-left: 0px;\n\t\t\tmargin-right: 0px;\n\t\t}\n\t\t@media (max-width: 1272px) {\n\t\t\t#id-69eb688d31444.box.block.full-width > .container > .content {\n\t\t\t\tpadding-left: 0 !important;\n\t\t\t\tpadding-right: 0 !important;\n\t\t\t\tmargin: 0 !important;\n\t\t\t}\n\t\t}\n\t\t@media (max-width: 960px) {\n\t\t\t#id-69eb688d31444 > .container > .content {\n\t\t\t\t\/\/padding-top: 24px;\n\t\t\t\tpadding-right: 30px;\n\t\t\t\t\/\/padding-bottom: 24px;\n\t\t\t\tpadding-left: 30px;\n\t\t\t}\n\t\t}\n\t<\/style>\n\t<div class=\"container\">\n\t\t<div class=\"content\">\n\t\t\t\n\n<h2 class=\"wp-block-heading has-medium-font-size\" id=\"h-flex-automotive-product-security-incident-response-management-psirm\" style=\"font-weight:600\">Flex Gesti\u00f3n de respuesta a incidentes de seguridad de productos automotrices (PSIRM)<\/h2>\n\n\n\n<p><strong>En Flex, priorizamos la seguridad, protecci\u00f3n y confiabilidad de nuestros productos por encima de todo.<\/strong><\/p>\n\n\n\n<p>En el improbable caso de que surja un problema de seguridad relacionado con un producto automotriz Flex, contamos con un proceso de gesti\u00f3n de incidentes bien definido y transparente para abordar las inquietudes r\u00e1pidamente, minimizar los riesgos y brindar soluciones efectivas.<\/p>\n\n\n\n<p>El Equipo de Respuesta a Incidentes de Seguridad de Productos Automotrices (PSIRT) Flex act\u00faa como contacto principal para que investigadores de seguridad externos, socios y clientes informen inquietudes de ciberseguridad con respecto a los productos automotrices desarrollados por Flex.<\/p>\n\n\n\t\t<\/div>\n\t<\/div>\n<\/div>\n\n\n<div id=\"id-69eb688d346bf\" class=\"box block content-width dark-content es\" style=\"background-color: transparent; background-image: none;\">\n\t<style>\n\t\t#id-69eb688d346bf > .container > .content {\n\t\t\tbackground-color: #eaeef4ff;\n\t\t\tposition: relative;\n\t\t\tpadding-top: 48px;\n\t\t\tpadding-right: 60px;\n\t\t\tpadding-bottom: 48px;\n\t\t\tpadding-left: 60px;\n\t\t\tmargin-left: 0px;\n\t\t\tmargin-right: 0px;\n\t\t}\n\t\t@media (max-width: 1272px) {\n\t\t\t#id-69eb688d346bf.box.block.full-width > .container > .content {\n\t\t\t\tpadding-left: 0 !important;\n\t\t\t\tpadding-right: 0 !important;\n\t\t\t\tmargin: 0 !important;\n\t\t\t}\n\t\t}\n\t\t@media (max-width: 960px) {\n\t\t\t#id-69eb688d346bf > .container > .content {\n\t\t\t\t\/\/padding-top: 24px;\n\t\t\t\tpadding-right: 30px;\n\t\t\t\t\/\/padding-bottom: 24px;\n\t\t\t\tpadding-left: 30px;\n\t\t\t}\n\t\t}\n\t<\/style>\n\t<div class=\"container\">\n\t\t<div class=\"content\">\n\t\t\t\n\n<h2 class=\"wp-block-heading has-medium-font-size\" id=\"h-submitting-a-request\" style=\"font-weight:600\">Presentar una solicitud<\/h2>\n\n\n\n<p>Si cree que ha descubierto una posible vulnerabilidad de seguridad en un producto automotriz Flex, comun\u00edquese con nosotros a: <strong>PSIRT automotriz: <\/strong><a href=\"mailto:automotivepsirt@flex.com\">automotivepsirt@flex.com<\/a><\/p>\n\n\n\n<p>Al presentar el informe, proporcione la siguiente informaci\u00f3n:<\/p>\n\n\n\n<ul class=\"wp-block-list\">\n<li><strong>Nombre:<\/strong> Si prefiere permanecer an\u00f3nimo, respetaremos su privacidad.<\/li>\n\n\n\n<li><strong>Informaci\u00f3n del contacto:<\/strong> Detalles sobre c\u00f3mo podemos comunicarnos con usted si se necesita alguna aclaraci\u00f3n o informaci\u00f3n adicional.<\/li>\n\n\n\n<li><strong>Descripci\u00f3n:<\/strong> Una explicaci\u00f3n t\u00e9cnica detallada de la vulnerabilidad y su impacto potencial.<\/li>\n\n\n\n<li><strong>Componentes Flex afectados:<\/strong> Detalles relevantes, como modelo, versi\u00f3n de firmware, n\u00famero de producto o serie, o cualquier informaci\u00f3n o enlaces disponibles p\u00fablicamente relacionados con el problema.<\/li>\n<\/ul>\n\n\n\t\t<\/div>\n\t<\/div>\n<\/div>\n\n\n<div id=\"id-69eb688d3515c\" class=\"box block content-width dark-content es\" style=\"background-color: transparent; background-image: none;\">\n\t<style>\n\t\t#id-69eb688d3515c > .container > .content {\n\t\t\tbackground-color: transparent;\n\t\t\tposition: relative;\n\t\t\tpadding-top: 48px;\n\t\t\tpadding-right: 60px;\n\t\t\tpadding-bottom: 48px;\n\t\t\tpadding-left: 60px;\n\t\t\tmargin-left: 0px;\n\t\t\tmargin-right: 0px;\n\t\t}\n\t\t@media (max-width: 1272px) {\n\t\t\t#id-69eb688d3515c.box.block.full-width > .container > .content {\n\t\t\t\tpadding-left: 0 !important;\n\t\t\t\tpadding-right: 0 !important;\n\t\t\t\tmargin: 0 !important;\n\t\t\t}\n\t\t}\n\t\t@media (max-width: 960px) {\n\t\t\t#id-69eb688d3515c > .container > .content {\n\t\t\t\t\/\/padding-top: 24px;\n\t\t\t\tpadding-right: 30px;\n\t\t\t\t\/\/padding-bottom: 24px;\n\t\t\t\tpadding-left: 30px;\n\t\t\t}\n\t\t}\n\t<\/style>\n\t<div class=\"container\">\n\t\t<div class=\"content\">\n\t\t\t\n\n<h2 class=\"wp-block-heading has-medium-font-size\" id=\"h-how-we-respond-to-product-incidents\" style=\"font-weight:600\">C\u00f3mo respondemos a los incidentes de productos<\/h2>\n\n\n\n<h3 class=\"wp-block-heading has-small-font-size\" id=\"h-immediate-action\" style=\"font-weight:600\">Acci\u00f3n inmediata<\/h3>\n\n\n\n<p><br><strong>Comentarios del reportero:<br><\/strong>Cuando se env\u00eda un informe de vulnerabilidad, generamos un n\u00famero de seguimiento y se lo proporcionamos al informante para su referencia, lo que garantiza la transparencia y la trazabilidad.<\/p>\n\n\n\n<p><br><strong>Evaluaci\u00f3n de incidentes:<br><\/strong>Nuestro equipo dedicado de gesti\u00f3n de incidentes de seguridad de productos realiza una evaluaci\u00f3n inicial de todos los informes de incidentes dentro de un per\u00edodo de tiempo definido para priorizar y categorizar los incidentes seg\u00fan la gravedad y el impacto potencial.<\/p>\n\n\n\n<p><br><strong>Contenci\u00f3n de riesgos:<br><\/strong>Implementamos medidas de seguridad inmediatas, que pueden incluir soluciones temporales, retiros de productos u otras acciones necesarias para proteger a las partes interesadas, de acuerdo con los protocolos de evaluaci\u00f3n de riesgos.<\/p>\n\n\n\n<p><br><strong>Comunicaci\u00f3n clara:<br><\/strong>Mantenemos canales de comunicaci\u00f3n abiertos y proactivos con clientes, socios y autoridades regulatorias, brind\u00e1ndoles actualizaciones oportunas sobre el estado de los incidentes y las medidas adoptadas. Adem\u00e1s, todas las actividades y decisiones de respuesta se documentan durante la respuesta en un registro de incidentes.<\/p>\n\n\n\n<h3 class=\"wp-block-heading has-small-font-size\" id=\"h-root-cause-analysis\" style=\"font-weight:600\">An\u00e1lisis de causa ra\u00edz<\/h3>\n\n\n\n<p><br><strong>Investigaci\u00f3n en profundidad:<br><\/strong>Nuestros expertos t\u00e9cnicos utilizan herramientas y metodolog\u00edas de diagn\u00f3stico avanzadas para realizar una investigaci\u00f3n exhaustiva destinada a identificar la causa ra\u00edz del problema.<\/p>\n\n\n\n<p><br><strong>M\u00e9todos basados en datos:<br><\/strong>Aplicamos t\u00e9cnicas sistem\u00e1ticas de an\u00e1lisis de causa ra\u00edz para garantizar una comprensi\u00f3n integral del problema.<\/p>\n\n\n\n<p><br><strong>Colaboraci\u00f3n:<br><\/strong>Participamos en esfuerzos de colaboraci\u00f3n con fabricantes de equipos originales (OEM) de autom\u00f3viles, expertos externos y partes interesadas relevantes para garantizar una evaluaci\u00f3n integral del incidente y sus implicaciones.<\/p>\n\n\n\n<h3 class=\"wp-block-heading has-small-font-size\" id=\"h-resolution-and-prevention\" style=\"font-weight:600\">Resoluci\u00f3n y prevenci\u00f3n<\/h3>\n\n\n\n<p><br><strong>Remediaci\u00f3n oportuna:<br><\/strong>Priorizamos el dise\u00f1o, la implementaci\u00f3n y la validaci\u00f3n de soluciones efectivas para abordar los problemas identificados con prontitud, minimizando las interrupciones y los riesgos para las partes interesadas.<\/p>\n\n\n\n<p><br><strong>Medidas preventivas:<br><\/strong>Realizamos una revisi\u00f3n exhaustiva de los procesos internos e implementamos mejoras de dise\u00f1o basadas en las lecciones aprendidas para evitar la repetici\u00f3n de incidentes similares en el futuro.<\/p>\n\n\n\n<p><br><strong>Gesti\u00f3n de retiradas:<br><\/strong>Para los productos afectados, seguimos un proceso de retiro estructurado que prioriza la seguridad y la satisfacci\u00f3n del cliente.<\/p>\n\n\n\n<p><br><strong>Intercambio de informaci\u00f3n:<br><\/strong>Como miembros de la Comunidad de an\u00e1lisis e intercambio de informaci\u00f3n automotriz (Auto-ISAC), nos comprometemos a compartir informaci\u00f3n relevante sobre vulnerabilidades con la comunidad automotriz, garantizando que dichas divulgaciones se realicen en total alineaci\u00f3n con todos los clientes afectados y en cumplimiento con las regulaciones aplicables.<\/p>\n\n\n\t\t<\/div>\n\t<\/div>\n<\/div>","protected":false},"excerpt":{"rendered":"","protected":false},"author":4,"featured_media":0,"parent":0,"menu_order":0,"comment_status":"closed","ping_status":"closed","template":"","meta":{"_acf_changed":false,"_searchwp_excluded":"","inline_featured_image":false,"footnotes":""},"categories":[35,34],"class_list":["post-24813","page","type-page","status-publish","hentry","category-automotive","category-corporate"],"acf":[],"_links":{"self":[{"href":"https:\/\/flex.com\/es\/wp-json\/wp\/v2\/pages\/24813","targetHints":{"allow":["GET"]}}],"collection":[{"href":"https:\/\/flex.com\/es\/wp-json\/wp\/v2\/pages"}],"about":[{"href":"https:\/\/flex.com\/es\/wp-json\/wp\/v2\/types\/page"}],"author":[{"embeddable":true,"href":"https:\/\/flex.com\/es\/wp-json\/wp\/v2\/users\/4"}],"replies":[{"embeddable":true,"href":"https:\/\/flex.com\/es\/wp-json\/wp\/v2\/comments?post=24813"}],"version-history":[{"count":3,"href":"https:\/\/flex.com\/es\/wp-json\/wp\/v2\/pages\/24813\/revisions"}],"predecessor-version":[{"id":24891,"href":"https:\/\/flex.com\/es\/wp-json\/wp\/v2\/pages\/24813\/revisions\/24891"}],"wp:attachment":[{"href":"https:\/\/flex.com\/es\/wp-json\/wp\/v2\/media?parent=24813"}],"wp:term":[{"taxonomy":"category","embeddable":true,"href":"https:\/\/flex.com\/es\/wp-json\/wp\/v2\/categories?post=24813"}],"curies":[{"name":"gracias","href":"https:\/\/api.w.org\/{rel}","templated":true}]}}