{"id":22705,"date":"2025-04-24T17:27:52","date_gmt":"2025-04-24T22:27:52","guid":{"rendered":"https:\/\/flex.com\/?page_id=22705"},"modified":"2026-04-14T12:28:51","modified_gmt":"2026-04-14T17:28:51","slug":"products","status":"publish","type":"page","link":"https:\/\/flex.com\/es\/products","title":{"rendered":"Productos"},"content":{"rendered":"<div id=\"block_c42ae16fdb5a7a801723b03cc7ac623d\" class=\"header block light-content has-background-image\" style=\"background-color: #eaeef4;\">\n\t\t\t<div class=\"background-image\" style=\"background-image: url(https:\/\/flex.com\/wp-content\/uploads\/2023\/01\/Careers-Header-LightGrey-3840x555-1.jpg);\"><\/div>\n\t\t<div class=\"container\">\n\t\t<div class=\"content\" style=\"max-width: 1200px;\">\n\t\t\t\n\n<h1 class=\"wp-block-heading has-dark-gray-color has-text-color has-link-color wp-elements-caf01004146d4f0345a6203f92897651\" id=\"h-products\">Productos<\/h1>\n\n\n\t\t<\/div>\n\t<\/div>\n\t<script>\n\t\tlet id = \"#block_c42ae16fdb5a7a801723b03cc7ac623d\";\n\n\t\t(function ($) {\n\n\t\t\t$(id + \" .content h1\").addClass(\"fade-in\");\n\t\t\t$(id + \" .content h2\").addClass(\"fade-in\");\n\t\t\t$(id + \" .content p\").addClass(\"fade-in\");\n\t\t\t\/\/ Fade in the content\n\n\t\t\t\/\/ Fade in the background image\n\t\t\tif ($(id).children(\".background-image\").length > 0) {\n\t\t\t\tvar image = new Image();\n\t\t\t\timage.onload = function () {\n\t\t\t\t\t$(id).children(\".background-image\").addClass(\"visible\");\n\t\t\t\t\t$(id).children(\".container\").addClass(\"visible\");\n\t\t\t\t};\n\t\t\t\timage.src = \"https:\/\/flex.com\/wp-content\/uploads\/2023\/01\/Careers-Header-LightGrey-3840x555-1.jpg\";\n\t\t\t} else {\n\t\t\t\t$(id).children(\".container\").addClass(\"visible\");\n\t\t\t}\n\t\t})(jQuery);\n\n\t\twindow.addEventListener('DOMContentLoaded', () => {\n\t\t\tScrollReveal().reveal(id + \" .fade-in\", {origin: \"left\", distance: \"24px\", interval: 100});\n\t\t});\n\t<\/script>\n<\/div>\n\n<div id=\"id-69ea4cf53814b\" class=\"box block full-width dark-content es\" style=\"background-color: #ffffffff; background-image: none;\">\n\t<style>\n\t\t#id-69ea4cf53814b > .container > .content {\n\t\t\tbackground-color: #ffffffff;\n\t\t\tposition: relative;\n\t\t\tpadding-top: 48px;\n\t\t\tpadding-right: 0px;\n\t\t\tpadding-bottom: 48px;\n\t\t\tpadding-left: 0px;\n\t\t\tmargin-left: 0px;\n\t\t\tmargin-right: 0px;\n\t\t}\n\t\t@media (max-width: 1272px) {\n\t\t\t#id-69ea4cf53814b.box.block.full-width > .container > .content {\n\t\t\t\tpadding-left: 0 !important;\n\t\t\t\tpadding-right: 0 !important;\n\t\t\t\tmargin: 0 !important;\n\t\t\t}\n\t\t}\n\t\t@media (max-width: 960px) {\n\t\t\t#id-69ea4cf53814b > .container > .content {\n\t\t\t\t\/\/padding-top: 24px;\n\t\t\t\tpadding-right: 0px;\n\t\t\t\t\/\/padding-bottom: 24px;\n\t\t\t\tpadding-left: 0px;\n\t\t\t}\n\t\t}\n\t<\/style>\n\t<div class=\"container\">\n\t\t<div class=\"content\">\n\t\t\t\n\n<div id=\"block_5ae98502f7c39fe262ac0cbe2ea2cd04\" class=\"tiles block\">\n\t<div class=\"container three-column\">\n\t\t\t\t\t<div class=\"tile\" style=\"padding: 0 0px;\">\n\t\t\t\t<a title=\"Poder cr\u00edtico\" class=\"image\" href=\"\/es\/products\/power-and-cooling\/#critical-power\">\n\t\t\t\t\t\t\t\t\t\t<img decoding=\"async\" alt=\"Anord Mardix, una empresa Flex, soluciones de energ\u00eda cr\u00edticas: m\u00f3dulo de energ\u00eda\" src=\"https:\/\/flex.com\/wp-content\/uploads\/2024\/07\/anord-mardix-critical-power-pod-e1745533730288.jpg\" title=\"\">\n\t\t\t\t<\/a>\n\t\t\t\t<div>\n\t\t\t\t\t<a title=\"Poder cr\u00edtico\" class=\"title\" href=\"\/es\/products\/power-and-cooling\/#critical-power\">\n\t\t\t\t\t\tPoder cr\u00edtico\t\t\t\t\t<\/a>\n\t\t\t\t\t<a title=\"Poder cr\u00edtico\" class=\"long-arrow\" href=\"\/es\/products\/power-and-cooling\/#critical-power\">\n\t\t\t\t\t\t<svg version=\"1.1\" xmlns=\"http:\/\/www.w3.org\/2000\/svg\" xmlns:xlink=\"http:\/\/www.w3.org\/1999\/xlink\" x=\"0px\" y=\"0px\" viewbox=\"0 0 20 10\" xml:space=\"preserve\">\n\t\t\t\t\t\t<polygon class=\"st0\" points=\"15.5,0 14.5,0.9 17.6,4.5 4.5,4.5 4.5,5.8 17.5,5.8 14.5,9.1 15.5,10 20,5.1\"\/>\n\t\t\t\t\t\t\t<rect y=\"4.5\" class=\"st0\" width=\"2.6\" height=\"1.3\"\/>\n\t\t\t\t\t<\/svg>\n\t\t\t\t\t<\/a>\n\t\t\t\t<\/div>\n\t\t\t\t\t\t\t\t\t<div class=\"tiles-text\">\n\t\t\t\t\t\t<p><a href=\"https:\/\/flex.com\/es\/products\/power-and-cooling\/#busway\" title=\"V\u00eda de autob\u00fas\" style=\"text-decoration:none;\">V\u00eda de autobuses \u2192<\/a><br\/><a href=\"https:\/\/flex.com\/es\/products\/power-and-cooling\/#switchgear\" title=\"Aparatos de distribuci\u00f3n\" style=\"text-decoration:none;\">Equipo de conmutaci\u00f3n \u2192<\/a><br\/><a href=\"https:\/\/flex.com\/es\/products\/power-and-cooling\/#modular\"\" title=\"Modular\" style=\"text-decoration:none;\">Modular \u2192<\/a><br\/><a href=\"https:\/\/flex.com\/es\/products\/power-and-cooling\/#power-management\" title=\"Administraci\u00f3n de energ\u00eda\" style=\"text-decoration:none;\">Gesti\u00f3n de energ\u00eda \u2192<\/a><br\/><a href=\"https:\/\/flex.com\/es\/products\/power-and-cooling\/#field-services\" title=\"Servicios de campo\" style=\"text-decoration:none;\">Servicios de campo \u2192<\/a><\/p>\n\t\t\t\t\t<\/div>\n\t\t\t\t\t\t\t<\/div>\n\t\t\t\t\t<div class=\"tile\" style=\"padding: 0 0px;\">\n\t\t\t\t<a title=\"Energ\u00eda integrada\" class=\"image\" href=\"\/es\/products\/power-and-cooling\/#embedded-power\">\n\t\t\t\t\t\t\t\t\t\t<img decoding=\"async\" alt=\"M\u00f3dulo de potencia integrado\" src=\"https:\/\/flex.com\/wp-content\/uploads\/2025\/04\/embedded-power-module-768x512.jpg\" title=\"\">\n\t\t\t\t<\/a>\n\t\t\t\t<div>\n\t\t\t\t\t<a title=\"Energ\u00eda integrada\" class=\"title\" href=\"\/es\/products\/power-and-cooling\/#embedded-power\">\n\t\t\t\t\t\tEnerg\u00eda integrada\t\t\t\t\t<\/a>\n\t\t\t\t\t<a title=\"Energ\u00eda integrada\" class=\"long-arrow\" href=\"\/es\/products\/power-and-cooling\/#embedded-power\">\n\t\t\t\t\t\t<svg version=\"1.1\" xmlns=\"http:\/\/www.w3.org\/2000\/svg\" xmlns:xlink=\"http:\/\/www.w3.org\/1999\/xlink\" x=\"0px\" y=\"0px\" viewbox=\"0 0 20 10\" xml:space=\"preserve\">\n\t\t\t\t\t\t<polygon class=\"st0\" points=\"15.5,0 14.5,0.9 17.6,4.5 4.5,4.5 4.5,5.8 17.5,5.8 14.5,9.1 15.5,10 20,5.1\"\/>\n\t\t\t\t\t\t\t<rect y=\"4.5\" class=\"st0\" width=\"2.6\" height=\"1.3\"\/>\n\t\t\t\t\t<\/svg>\n\t\t\t\t\t<\/a>\n\t\t\t\t<\/div>\n\t\t\t\t\t\t\t\t\t<div class=\"tiles-text\">\n\t\t\t\t\t\t<p><a href=\"https:\/\/flex.com\/es\/products\/power-modules\/\" title=\"M\u00f3dulos de potencia Flex\" style=\"text-decoration:none;\">M\u00f3dulos de potencia \u2192<\/a><br\/><a href=\"https:\/\/flex.com\/es\/products\/power-modules\/product-selector\/\" title=\"Selector de productos de m\u00f3dulos de potencia\" style=\"text-decoration:none;\">Selector de productos de m\u00f3dulos de potencia \u2192<\/a><br\/><a href=\"https:\/\/flex.com\/es\/products\/power-and-cooling\/#custom\" title=\"Soluciones de alimentaci\u00f3n integradas a medida\" style=\"text-decoration:none;\">Soluciones de energ\u00eda personalizadas \u2192<\/a><\/p>\n\t\t\t\t\t<\/div>\n\t\t\t\t\t\t\t<\/div>\n\t\t\t\t\t<div class=\"tile\" style=\"padding: 0 0px;\">\n\t\t\t\t<a title=\"Refrigeraci\u00f3n l\u00edquida\" class=\"image\" href=\"\/es\/products\/power-and-cooling\/#liquid-cooling\">\n\t\t\t\t\t\t\t\t\t\t<img decoding=\"async\" alt=\"Componente de refrigeraci\u00f3n l\u00edquida\" src=\"https:\/\/flex.com\/wp-content\/uploads\/2025\/04\/liquid-cooling-768x512.jpg\" title=\"\">\n\t\t\t\t<\/a>\n\t\t\t\t<div>\n\t\t\t\t\t<a title=\"Refrigeraci\u00f3n l\u00edquida\" class=\"title\" href=\"\/es\/products\/power-and-cooling\/#liquid-cooling\">\n\t\t\t\t\t\tRefrigeraci\u00f3n l\u00edquida\t\t\t\t\t<\/a>\n\t\t\t\t\t<a title=\"Refrigeraci\u00f3n l\u00edquida\" class=\"long-arrow\" href=\"\/es\/products\/power-and-cooling\/#liquid-cooling\">\n\t\t\t\t\t\t<svg version=\"1.1\" xmlns=\"http:\/\/www.w3.org\/2000\/svg\" xmlns:xlink=\"http:\/\/www.w3.org\/1999\/xlink\" x=\"0px\" y=\"0px\" viewbox=\"0 0 20 10\" xml:space=\"preserve\">\n\t\t\t\t\t\t<polygon class=\"st0\" points=\"15.5,0 14.5,0.9 17.6,4.5 4.5,4.5 4.5,5.8 17.5,5.8 14.5,9.1 15.5,10 20,5.1\"\/>\n\t\t\t\t\t\t\t<rect y=\"4.5\" class=\"st0\" width=\"2.6\" height=\"1.3\"\/>\n\t\t\t\t\t<\/svg>\n\t\t\t\t\t<\/a>\n\t\t\t\t<\/div>\n\t\t\t\t\t\t\t\t\t<div class=\"tiles-text\">\n\t\t\t\t\t\t<p><a href=\"https:\/\/jetcool.com\/smartplate-system\/\" title=\"Refrigeraci\u00f3n h\u00edbrida\" style=\"text-decoration:none;\" rel=\"nofollow noopener\" target=\"_blank\">Refrigeraci\u00f3n h\u00edbrida \u2192<\/a><br\/><a href=\"https:\/\/jetcool.com\/smartplate-cold-plate\/\" title=\"Placas fr\u00edas\" style=\"text-decoration:none;\" rel=\"nofollow noopener\" target=\"_blank\">Platos fr\u00edos \u2192<\/a><br\/><a href=\"https:\/\/jetcool.com\/coolant-distribution-units-smartsense-cdu\/\" title=\"Unidades de distribuci\u00f3n de refrigerante (CDU)\" style=\"text-decoration:none;\" rel=\"nofollow noopener\" target=\"_blank\">Unidades de distribuci\u00f3n de refrigerante (CDU) \u2192<\/a><br\/>&nbsp;<br\/><span class=\"has-small-font-size\" style=\"float:right;\"><a href=\"https:\/\/flex.com\/es\/products\/power-and-cooling\/#liquid-cooling\" title=\"Soluciones de refrigeraci\u00f3n l\u00edquida\" style=\"text-decoration:none;\">Ver m\u00e1s \u2192<\/a><\/span><\/p>\n\t\t\t\t\t<\/div>\n\t\t\t\t\t\t\t<\/div>\n\t\t\t\t\t<div class=\"tile\" style=\"padding: 0 0px;\">\n\t\t\t\t<a title=\"Automotriz\" class=\"image\" href=\"\/es\/industries\/automotive\/#products\">\n\t\t\t\t\t\t\t\t\t\t<img decoding=\"async\" alt=\"Automotriz\" src=\"https:\/\/flex.com\/wp-content\/uploads\/2023\/02\/Automotive-1-768x512.jpg\" title=\"\">\n\t\t\t\t<\/a>\n\t\t\t\t<div>\n\t\t\t\t\t<a title=\"Automotriz\" class=\"title\" href=\"\/es\/industries\/automotive\/#products\">\n\t\t\t\t\t\tAutomotriz\t\t\t\t\t<\/a>\n\t\t\t\t\t<a title=\"Automotriz\" class=\"long-arrow\" href=\"\/es\/industries\/automotive\/#products\">\n\t\t\t\t\t\t<svg version=\"1.1\" xmlns=\"http:\/\/www.w3.org\/2000\/svg\" xmlns:xlink=\"http:\/\/www.w3.org\/1999\/xlink\" x=\"0px\" y=\"0px\" viewbox=\"0 0 20 10\" xml:space=\"preserve\">\n\t\t\t\t\t\t<polygon class=\"st0\" points=\"15.5,0 14.5,0.9 17.6,4.5 4.5,4.5 4.5,5.8 17.5,5.8 14.5,9.1 15.5,10 20,5.1\"\/>\n\t\t\t\t\t\t\t<rect y=\"4.5\" class=\"st0\" width=\"2.6\" height=\"1.3\"\/>\n\t\t\t\t\t<\/svg>\n\t\t\t\t\t<\/a>\n\t\t\t\t<\/div>\n\t\t\t\t\t\t\t\t\t<div class=\"tiles-text\">\n\t\t\t\t\t\t<p><a href=\"https:\/\/flex.com\/es\/industries\/automotive\/#products\" title=\"Plataformas inform\u00e1ticas\" style=\"text-decoration:none;\">Plataformas inform\u00e1ticas \u2192<\/a><br\/><a href=\"https:\/\/flex.com\/es\/industries\/automotive\/#products\" title=\"Electr\u00f3nica de potencia\" style=\"text-decoration:none;\">Electr\u00f3nica de potencia \u2192<\/a><br\/><a href=\"https:\/\/flex.com\/es\/industries\/automotive\/#products\" title=\"Movimiento e interfaces\" style=\"text-decoration:none;\">Movimiento e interfaces \u2192<\/a><\/p>\n\t\t\t\t\t<\/div>\n\t\t\t\t\t\t\t<\/div>\n\t\t\t\t\t<div class=\"tile\" style=\"padding: 0 0px;\">\n\t\t\t\t<a title=\"Componentes\" class=\"image\" href=\"https:\/\/flexcoreworks.com\/\" rel=\"nofollow noopener\" target=\"_blank\">\n\t\t\t\t\t\t\t\t\t\t<img decoding=\"async\" alt=\"Componentes de Coreworks, una empresa de Flex\" src=\"https:\/\/flex.com\/wp-content\/uploads\/2025\/07\/Coreworks-Components_564x376-web-image.jpg\" title=\"\">\n\t\t\t\t<\/a>\n\t\t\t\t<div>\n\t\t\t\t\t<a title=\"Componentes\" class=\"title\" href=\"https:\/\/flexcoreworks.com\/\" rel=\"nofollow noopener\" target=\"_blank\">\n\t\t\t\t\t\tComponentes\t\t\t\t\t<\/a>\n\t\t\t\t\t<a title=\"Componentes\" class=\"long-arrow\" href=\"https:\/\/flexcoreworks.com\/\" rel=\"nofollow noopener\" target=\"_blank\">\n\t\t\t\t\t\t<svg version=\"1.1\" xmlns=\"http:\/\/www.w3.org\/2000\/svg\" xmlns:xlink=\"http:\/\/www.w3.org\/1999\/xlink\" x=\"0px\" y=\"0px\" viewbox=\"0 0 20 10\" xml:space=\"preserve\">\n\t\t\t\t\t\t<polygon class=\"st0\" points=\"15.5,0 14.5,0.9 17.6,4.5 4.5,4.5 4.5,5.8 17.5,5.8 14.5,9.1 15.5,10 20,5.1\"\/>\n\t\t\t\t\t\t\t<rect y=\"4.5\" class=\"st0\" width=\"2.6\" height=\"1.3\"\/>\n\t\t\t\t\t<\/svg>\n\t\t\t\t\t<\/a>\n\t\t\t\t<\/div>\n\t\t\t\t\t\t\t\t\t<div class=\"tiles-text\">\n\t\t\t\t\t\t<p><a href=\"https:\/\/flexcoreworks.com\/capacitors\" title=\"Condensadores\" style=\"text-decoration:none;\" rel=\"nofollow noopener\" target=\"_blank\">Condensadores \u2192<\/a><br\/><a href=\"https:\/\/flexcoreworks.com\/interconnect\" title=\"Interconexi\u00f3n\" style=\"text-decoration:none;\" rel=\"nofollow noopener\" target=\"_blank\">Interconexi\u00f3n \u2192<\/a><br\/><a href=\"https:\/\/flexcoreworks.com\/mechanicals\" title=\"Mec\u00e1nica\" style=\"text-decoration:none;\" rel=\"nofollow noopener\" target=\"_blank\">Mec\u00e1nica \u2192<\/a><br\/><a href=\"https:\/\/flexcoreworks.com\/semiconductors\" title=\"Semiconductores\" style=\"text-decoration:none;\" rel=\"nofollow noopener\" target=\"_blank\">Semiconductores \u2192<\/a><br\/>&nbsp;<br\/><span class=\"has-small-font-size\" style=\"float:right;\"><a href=\"https:\/\/flexcoreworks.com\/\" title=\"Componentes Coreworks Flex\" style=\"text-decoration:none;\" rel=\"nofollow noopener\" target=\"_blank\">Ver m\u00e1s \u2192<\/a><\/span><\/p>\n\t\t\t\t\t<\/div>\n\t\t\t\t\t\t\t<\/div>\n\t\t\t\t\t<div class=\"tile\" style=\"padding: 0 0px;\">\n\t\t\t\t<a title=\"Circuitos y materiales de Tible\" class=\"image\" href=\"https:\/\/www.sheldahl.com\/\" rel=\"nofollow noopener\" target=\"_blank\">\n\t\t\t\t\t\t\t\t\t\t<img decoding=\"async\" alt=\"Circuitos y materiales de Tible\" src=\"https:\/\/flex.com\/wp-content\/uploads\/2025\/07\/Flexible-Electronic-Chip-768x512.jpg\" title=\"\">\n\t\t\t\t<\/a>\n\t\t\t\t<div>\n\t\t\t\t\t<a title=\"Circuitos y materiales de Tible\" class=\"title\" href=\"https:\/\/www.sheldahl.com\/\" rel=\"nofollow noopener\" target=\"_blank\">\n\t\t\t\t\t\tCircuitos y materiales de Tible\t\t\t\t\t<\/a>\n\t\t\t\t\t<a title=\"Circuitos y materiales de Tible\" class=\"long-arrow\" href=\"https:\/\/www.sheldahl.com\/\" rel=\"nofollow noopener\" target=\"_blank\">\n\t\t\t\t\t\t<svg version=\"1.1\" xmlns=\"http:\/\/www.w3.org\/2000\/svg\" xmlns:xlink=\"http:\/\/www.w3.org\/1999\/xlink\" x=\"0px\" y=\"0px\" viewbox=\"0 0 20 10\" xml:space=\"preserve\">\n\t\t\t\t\t\t<polygon class=\"st0\" points=\"15.5,0 14.5,0.9 17.6,4.5 4.5,4.5 4.5,5.8 17.5,5.8 14.5,9.1 15.5,10 20,5.1\"\/>\n\t\t\t\t\t\t\t<rect y=\"4.5\" class=\"st0\" width=\"2.6\" height=\"1.3\"\/>\n\t\t\t\t\t<\/svg>\n\t\t\t\t\t<\/a>\n\t\t\t\t<\/div>\n\t\t\t\t\t\t\t\t\t<div class=\"tiles-text\">\n\t\t\t\t\t\t<p><a href=\"https:\/\/sheldahl.com\/solutions\/flexible-printed-circuits\/\" title=\"Circuitos Flexible\" style=\"text-decoration:none;\" rel=\"nofollow noopener\" target=\"_blank\">Circuitos Flexible \u2192<\/a><br\/><a href=\"https:\/\/sheldahl.com\/solutions\/aerospace-thermal-control\/\" title=\"Control t\u00e9rmico\" style=\"text-decoration:none;\" rel=\"nofollow noopener\" target=\"_blank\">Control t\u00e9rmico \u2192<\/a><br\/><a href=\"https:\/\/sheldahl.com\/solutions\/printed-electronics\/\" title=\"Electr\u00f3nica impresa\" style=\"text-decoration:none;\" rel=\"nofollow noopener\" target=\"_blank\">Electr\u00f3nica impresa \u2192<\/a><br\/>&nbsp;<br\/><span class=\"has-small-font-size\" style=\"float:right;\"><a href=\"https:\/\/www.sheldahl.com\/\" title=\"Sheldahl, una empresa Flex\" style=\"text-decoration:none;\" rel=\"nofollow noopener\" target=\"_blank\">Ver m\u00e1s \u2192<\/a><\/span><\/p>\n\t\t\t\t\t<\/div>\n\t\t\t\t\t\t\t<\/div>\n\t\t\t<\/div>\n\t<script>\n\t\twindow.addEventListener('DOMContentLoaded', () => {\n\t\t\t(function ($) {\n\t\t\t\t\/\/ Get the block ID\n\t\t\t\tvar id = \"#block_5ae98502f7c39fe262ac0cbe2ea2cd04\";\n\t\t\t\t\/\/ Reveal the block\n\t\t\t\tScrollReveal().reveal(id + \" .tile\", {origin: \"bottom\", distance: \"20px\", duration: 1000, viewFactor: 0.2, interval: 100, reset: false});\n\t\t\t}(jQuery));\n\t\t});\n\t<\/script>\n<\/div>\n\n\t\t<\/div>\n\t<\/div>\n<\/div>","protected":false},"excerpt":{"rendered":"","protected":false},"author":3,"featured_media":22609,"parent":0,"menu_order":0,"comment_status":"closed","ping_status":"closed","template":"","meta":{"_acf_changed":false,"_searchwp_excluded":"","inline_featured_image":false,"footnotes":""},"categories":[85],"class_list":["post-22705","page","type-page","status-publish","has-post-thumbnail","hentry","category-flex"],"acf":[],"_links":{"self":[{"href":"https:\/\/flex.com\/es\/wp-json\/wp\/v2\/pages\/22705","targetHints":{"allow":["GET"]}}],"collection":[{"href":"https:\/\/flex.com\/es\/wp-json\/wp\/v2\/pages"}],"about":[{"href":"https:\/\/flex.com\/es\/wp-json\/wp\/v2\/types\/page"}],"author":[{"embeddable":true,"href":"https:\/\/flex.com\/es\/wp-json\/wp\/v2\/users\/3"}],"replies":[{"embeddable":true,"href":"https:\/\/flex.com\/es\/wp-json\/wp\/v2\/comments?post=22705"}],"version-history":[{"count":10,"href":"https:\/\/flex.com\/es\/wp-json\/wp\/v2\/pages\/22705\/revisions"}],"predecessor-version":[{"id":41536,"href":"https:\/\/flex.com\/es\/wp-json\/wp\/v2\/pages\/22705\/revisions\/41536"}],"wp:featuredmedia":[{"embeddable":true,"href":"https:\/\/flex.com\/es\/wp-json\/wp\/v2\/media\/22609"}],"wp:attachment":[{"href":"https:\/\/flex.com\/es\/wp-json\/wp\/v2\/media?parent=22705"}],"wp:term":[{"taxonomy":"category","embeddable":true,"href":"https:\/\/flex.com\/es\/wp-json\/wp\/v2\/categories?post=22705"}],"curies":[{"name":"gracias","href":"https:\/\/api.w.org\/{rel}","templated":true}]}}