{"id":21932,"date":"2025-02-24T09:19:16","date_gmt":"2025-02-24T15:19:16","guid":{"rendered":"https:\/\/flex.com\/?page_id=21932"},"modified":"2026-01-13T15:38:09","modified_gmt":"2026-01-13T21:38:09","slug":"a-magyar-nemzeti-kutatasi-fejlesztesi-es-innovacios-alap-altal-tamogatott-kf","status":"publish","type":"page","link":"https:\/\/flex.com\/es\/careers\/hungary-en\/a-magyar-nemzeti-kutatasi-fejlesztesi-es-innovacios-alap-altal-tamogatott-kf","title":{"rendered":"A Magyar Nemzeti Kutat\u00e1si, Fejleszt\u00e9si \u00e9s Innov\u00e1ci\u00f3s Alap \u00e1ltal t\u00e1mogatott K+F"},"content":{"rendered":"<div id=\"block_effc15bf6a6d47d23c52a0e8bcdcd80e\" class=\"header block dark-content\" style=\"background-color: #eaeef4;\">\n\t\t<div class=\"container\">\n\t\t<div class=\"content\" style=\"max-width: 1200px;\">\n\t\t\t\n\n<h1 class=\"wp-block-heading has-dark-gray-color has-text-color has-link-color wp-elements-44e53f6ecd84fab44240458e33996560\">A Pannon Egyetem \u00e9s Flex<\/h1>\n\n\n\t\t<\/div>\n\t<\/div>\n\t<script>\n\t\tlet id = \"#block_effc15bf6a6d47d23c52a0e8bcdcd80e\";\n\n\t\t(function ($) {\n\n\t\t\t$(id + \" .content h1\").addClass(\"fade-in\");\n\t\t\t$(id + \" .content h2\").addClass(\"fade-in\");\n\t\t\t$(id + \" .content p\").addClass(\"fade-in\");\n\t\t\t\/\/ Fade in the content\n\n\t\t\t\/\/ Fade in the background image\n\t\t\tif ($(id).children(\".background-image\").length > 0) {\n\t\t\t\tvar image = new Image();\n\t\t\t\timage.onload = function () {\n\t\t\t\t\t$(id).children(\".background-image\").addClass(\"visible\");\n\t\t\t\t\t$(id).children(\".container\").addClass(\"visible\");\n\t\t\t\t};\n\t\t\t\timage.src = \"\";\n\t\t\t} else {\n\t\t\t\t$(id).children(\".container\").addClass(\"visible\");\n\t\t\t}\n\t\t})(jQuery);\n\n\t\twindow.addEventListener('DOMContentLoaded', () => {\n\t\t\tScrollReveal().reveal(id + \" .fade-in\", {origin: \"left\", distance: \"24px\", interval: 100});\n\t\t});\n\t<\/script>\n<\/div>\n\n<div id=\"id-69e5ceb595fbd\" class=\"box block content-width dark-content es \" style=\"background-color: transparent; background-image: none;\">\n\t<style>\n\t\t#id-69e5ceb595fbd > .container > .content {\n\t\t\tbackground-color: transparent;\n\t\t\tposition: relative;\n\t\t\tpadding-top: 48px;\n\t\t\tpadding-right: 60px;\n\t\t\tpadding-bottom: 48px;\n\t\t\tpadding-left: 60px;\n\t\t\tmargin-left: 0px;\n\t\t\tmargin-right: 0px;\n\t\t}\n\t\t@media (max-width: 1272px) {\n\t\t\t#id-69e5ceb595fbd.box.block.full-width > .container > .content {\n\t\t\t\tpadding-left: 0 !important;\n\t\t\t\tpadding-right: 0 !important;\n\t\t\t\tmargin: 0 !important;\n\t\t\t}\n\t\t}\n\t\t@media (max-width: 960px) {\n\t\t\t#id-69e5ceb595fbd > .container > .content {\n\t\t\t\t\/\/padding-top: 24px;\n\t\t\t\tpadding-right: 30px;\n\t\t\t\t\/\/padding-bottom: 24px;\n\t\t\t\tpadding-left: 30px;\n\t\t\t}\n\t\t}\n\t<\/style>\n\t<div class=\"container\">\n\t\t<div class=\"content\">\n\t\t\t\n<div id=\"id-69e5ceb595c0a\" class=\"box block content-width dark-content es \" style=\"background-color: transparent; background-image: none;\">\n\t<style>\n\t\t#id-69e5ceb595c0a > .container > .content {\n\t\t\tbackground-color: transparent;\n\t\t\tposition: relative;\n\t\t\tpadding-top: 48px;\n\t\t\tpadding-right: 60px;\n\t\t\tpadding-bottom: 48px;\n\t\t\tpadding-left: 60px;\n\t\t\tmargin-left: 0px;\n\t\t\tmargin-right: 0px;\n\t\t}\n\t\t@media (max-width: 1272px) {\n\t\t\t#id-69e5ceb595c0a.box.block.full-width > .container > .content {\n\t\t\t\tpadding-left: 0 !important;\n\t\t\t\tpadding-right: 0 !important;\n\t\t\t\tmargin: 0 !important;\n\t\t\t}\n\t\t}\n\t\t@media (max-width: 960px) {\n\t\t\t#id-69e5ceb595c0a > .container > .content {\n\t\t\t\t\/\/padding-top: 24px;\n\t\t\t\tpadding-right: 30px;\n\t\t\t\t\/\/padding-bottom: 24px;\n\t\t\t\tpadding-left: 30px;\n\t\t\t}\n\t\t}\n\t<\/style>\n\t<div class=\"container\">\n\t\t<div class=\"content\">\n\t\t\t\n<div id=\"id_69e5ceb591571\" class=\"media block\">\n\t<div class=\"container media-right content-top\">\n\t\t<div class=\"media\" style=\"left: 0px; min-width: 360px; max-width: 360px;\">\n\t\t\t\t\t\t\t\t\t\t\t\t\t\t\t\t\t\t\t\t\t\t<div class=\"image none\">\n\t\t\t\t\t\t\t<img decoding=\"async\" alt=\"A Magyar Nemzeti Kutat\u00e1si, Fejleszt\u00e9si \u00e9s Innov\u00e1ci\u00f3s Alap \u00e1ltal t\u00e1mogatott K+F\" src=\"https:\/\/flex.com\/wp-content\/uploads\/2025\/02\/NKFIA_tajekoztatasi_nyilvanossagi_kotelezettsegek_projekt_D_tipusu_tabla_fekvo_2019_HU_FLEX.png\" title=\"\">\n\t\t\t\t\t\t<\/div>\n\t\t\t\t\t\t\t\t\t\t\t\t\t\t<\/div>\n\t\t\t\t\t<div class=\"content\" style=\"margin-right: 36px; margin-left: 0px;\">\n\t\t\t\t\n\n<p>A Pannon Egyetem egy\u00fcttm\u0171k\u00f6d\u00f6tt a Flex v\u00e1llalat\u00e1val egy korm\u00e1nyzati t\u00e1mogat\u00e1s\u00fa, kutat\u00e1si projektben azzal a c\u00e9llal, hogy jav\u00edts\u00e1k a forraszt\u00e1si technol\u00f3gia hat\u00e9konys\u00e1g\u00e1t \u00e9s megb\u00edzhat\u00f3s\u00e1g\u00e1t, k\u00fcl\u00f6n\u00f6sen az aut\u00f3iparban alkalmazott, teljes\u00edtm\u00e9ny szempontj\u00e1b\u00f3l kritikus elektronikai szerelv\u00e9nyekn\u00e9l. A \u201eFolyaszt\u00f3szer-minimaliz\u00e1lt forraszt\u00e1s nagyfesz\u00fclts\u00e9g\u0171 aut\u00f3ipari term\u00e9kekhez\u201d c\u00edm\u0171 projektet k\u00f6z\u00f6sen finansz\u00edrozta a Flex Kft, a Pannon Egyetem \u00e9s az Innov\u00e1ci\u00f3s \u00e9s Technol\u00f3giai Miniszt\u00e9rium (ITM), amelynek \u00f6sszk\u00f6lts\u00e9ge 1.339.723.068 Ft. Siker\u00fclt egy olyan \u00faj t\u00edpus\u00fa,<\/p>\n\n\n\t\t\t<\/div>\n\t\t\t<\/div>\n\t\n\t<script>\n\t(function () {\n\t\tlet hasRun_id_69e5ceb591571 = false;\n\t\tfunction updateVideoDisplay_id_69e5ceb591571() {\n\t\t\tconst youtubeVideoId = \"\";\n\t\t\tconst bynderID = \"\";\n\t\t\tconst mediaType = \"image\";\n\t\t\tconst mediaVideoElement = document.getElementById('media-video-id_69e5ceb591571');\n\t\t\tconst bodyClass = document.body.className || '';\n\t\t\tconst match = bodyClass.match(\/translatepress-([a-z]{2})(?:_[A-Z]{2})?\/i);\n\t\t\tconst currentLanguage = match ? match[1].toLowerCase() : 'en';\n\t\t\tconst isChineseLang = currentLanguage === 'zh';\n\t\t\tconsole.log('isChineseLang:', isChineseLang);\n\t\t\tconsole.log('Language detected:', currentLanguage);\n\t\t\tconst isValidYouTube = youtubeVideoId && \/^[A-Za-z0-9_-]{11}$\/.test(youtubeVideoId);\n\t\t\t\n\t\t\tif (!mediaVideoElement || mediaType !== \"video\") return;\n\t\t\tmediaVideoElement.innerHTML = ''; \/\/ Clear existing content\n\t\t\t\n\t\t\tlet videoSourceClass = 'fallback-error';\n\t\t\t\n\t\t\tif (isChineseLang) {\n\t\t\t\tif (bynderID) {\n\t\t\t\t\tvideoSourceClass = 'bynder';\n\t\t\t\t}\n\t\t\t} else {\n\t\t\t\tif (isValidYouTube) {\n\t\t\t\t\tvideoSourceClass = 'youtube';\n\t\t\t\t} else if (bynderID) {\n\t\t\t\t\tvideoSourceClass = 'bynder';\n\t\t\t\t}\n\t\t\t}\n\t\t\t\n\t\t\t\/\/ Apply layout class (used in SCSS)\n\t\t\tmediaVideoElement.className = 'video ' + videoSourceClass;\n\t\t\n\t\t\t\/\/ CASE: Chinese language\n\t\t\tif (isChineseLang) {\n\t\t\t\tif (bynderID) {\n\t\t\t\t\t\/\/ Load Bynder\n\t\t\t\t\tif (!document.getElementById('bynder-widgets-js')) {\n\t\t\t\t\t\tconst script = document.createElement('script');\n\t\t\t\t\t\tscript.src = 'https:\/\/d8ejoa1fys2rk.cloudfront.net\/bynder-embed\/latest\/bynder-embed.js';\n\t\t\t\t\t\tscript.id = 'bynder-widgets-js';\n\t\t\t\t\t\tscript.setAttribute('data-account-url', 'https:\/\/brandcenter.flex.com');\n\t\t\t\t\t\tscript.setAttribute('data-language', 'zh');\n\t\t\t\t\t\tdocument.body.appendChild(script);\n\t\t\t\t\t}\n\t\t\n\t\t\t\t\tconst bynderDiv = document.createElement('div');\n\t\t\t\t\tbynderDiv.id = 'bynder-id_69e5ceb591571';\n\t\t\t\t\tbynderDiv.className = 'video-bynder';\n\t\t\t\t\tbynderDiv.setAttribute('data-bynder-widget', 'video-item');\n\t\t\t\t\tbynderDiv.setAttribute('data-media-id', bynderID);\n\t\t\t\t\tmediaVideoElement.appendChild(bynderDiv);\n\t\t\n\t\t\t\t\tsetTimeout(() => {\n\t\t\t\t\t\tif (typeof BynderEmbed !== 'undefined' && typeof BynderEmbed.load === 'function') {\n\t\t\t\t\t\t\tBynderEmbed.load();\n\t\t\t\t\t\t}\n\t\t\t\t\t}, 500);\n\t\t\t\t} else {\n\t\t\t\t\t\/\/ No Bynder = error (even if YouTube is valid)\n\t\t\t\t\tshowVideoError();\n\t\t\t\t}\n\t\t\n\t\t\t\/\/ CASE: Not Chinese\n\t\t\t} else {\n\t\t\t\tif (isValidYouTube) {\n\t\t\t\t\tconst iframe = document.createElement('iframe');\n\t\t\t\t\tiframe.id = 'youtube-id_69e5ceb591571';\n\t\t\t\t\tiframe.className = 'video-youtube';\n\t\t\t\t\tiframe.src = 'https:\/\/www.youtube.com\/embed\/' + youtubeVideoId + '?rel=0';\n\t\t\t\t\tiframe.frameBorder = '0';\n\t\t\t\t\tiframe.playsInline = true;\n\t\t\t\t\tiframe.allow = 'encrypted-media';\n\t\t\t\t\tiframe.allowFullscreen = true;\n\t\t\t\t\tmediaVideoElement.appendChild(iframe);\n\t\t\t\t} else if (bynderID) {\n\t\t\t\t\t\/\/ Load Bynder (fallback if no YouTube)\n\t\t\t\t\tif (!document.getElementById('bynder-widgets-js')) {\n\t\t\t\t\t\tconst script = document.createElement('script');\n\t\t\t\t\t\tscript.src = 'https:\/\/d8ejoa1fys2rk.cloudfront.net\/bynder-embed\/latest\/bynder-embed.js';\n\t\t\t\t\t\tscript.id = 'bynder-widgets-js';\n\t\t\t\t\t\tscript.setAttribute('data-account-url', 'https:\/\/brandcenter.flex.com');\n\t\t\t\t\t\tscript.setAttribute('data-language', currentLanguage);\n\t\t\t\t\t\tdocument.body.appendChild(script);\n\t\t\t\t\t}\n\t\t\n\t\t\t\t\tconst bynderDiv = document.createElement('div');\n\t\t\t\t\tbynderDiv.id = 'bynder-id_69e5ceb591571';\n\t\t\t\t\tbynderDiv.className = 'video-bynder';\n\t\t\t\t\tbynderDiv.setAttribute('data-bynder-widget', 'video-item');\n\t\t\t\t\tbynderDiv.setAttribute('data-media-id', bynderID);\n\t\t\t\t\tmediaVideoElement.appendChild(bynderDiv);\n\t\t\n\t\t\t\t\tsetTimeout(() => {\n\t\t\t\t\t\tif (typeof BynderEmbed !== 'undefined' && typeof BynderEmbed.load === 'function') {\n\t\t\t\t\t\t\tBynderEmbed.load();\n\t\t\t\t\t\t}\n\t\t\t\t\t}, 500);\n\t\t\t\t} else {\n\t\t\t\t\t\/\/ No valid YouTube or Bynder = error\n\t\t\t\t\tshowVideoError();\n\t\t\t\t}\n\t\t\t}\n\t\t\n\t\t\tfunction showVideoError() {\n\t\t\t\tconst errorDiv = document.createElement('div');\n\t\t\t\terrorDiv.id = 'video-error-id_69e5ceb591571';\n\t\t\t\terrorDiv.className = 'video-error';\n\t\t\t\terrorDiv.innerHTML = `\n\t\t\t\t\t<div>\n\t\t\t\t\t\t<h3>Video Unavailable<\/h3>\n\t\t\t\t\t\t<p>The content you\u2019re seeking is momentarily unavailable. We appreciate your patience and look forward to sharing it with you soon.<\/p>\n\t\t\t\t\t<\/div>\n\t\t\t\t`;\n\t\t\t\tmediaVideoElement.appendChild(errorDiv);\n\t\t\t}\n\t\t}\n\t\t\n\t\tfunction runVideoInjection() {\n\t\t\tif (hasRun_id_69e5ceb591571) return;\n\t\t\thasRun_id_69e5ceb591571 = true;\n\t\t\tupdateVideoDisplay_id_69e5ceb591571();\n\t\t}\n\t\t\n\t\t\/\/ Always run on front-end\n\t\tif (document.readyState === 'loading') {\n\t\t\tdocument.addEventListener('DOMContentLoaded', runVideoInjection);\n\t\t} else {\n\t\t\trunVideoInjection();\n\t\t}\n\t\t\n\t\t\/\/ Also run in editor if available\n\t\tif (typeof wp !== 'undefined' && wp.domReady) {\n\t\t\twp.domReady(runVideoInjection);\n\t\t}\n\t})();\n\t<\/script>\n\t\n\t<script>\n\t\tdocument.addEventListener('DOMContentLoaded', function () {\n\t\t\t\n\t\t\t\/\/ Get the block element by ID\n\t\t\tvar blockElement = document.getElementById(\"id_69e5ceb591571\");\n\t\t\tif (!blockElement) return;\n\t\n\t\t\t\/\/ Reveal the block\n\t\t\t(function ($) {\n\t\t\t\tScrollReveal().reveal(blockElement.querySelector(\".container .media\"), {origin: \"bottom\", distance: \"20px\", opacity: 1, duration: 1000});\n\t\t\t\tScrollReveal().reveal(blockElement.querySelector(\".container .content\"), {origin: \"bottom\", distance: \"20px\", opacity: 1, duration: 1000});\n\t\t\t}(jQuery));\n\t\t});\n\t<\/script>\n<\/div>\n\n<div class=\"spacer block\" style=\"height: 12px;\">\n\t<\/div>\n\n\n<p>forraszt\u00e1si technol\u00f3gi\u00e1t kifejleszteni, amivel megn\u00f6velhet\u0151 a hibrid \u00e9s az auton\u00f3m j\u00e1rm\u0171vekben alkalmazott nagyfesz\u00fclts\u00e9g\u0171, aut\u00f3elektronikai szerelv\u00e9nyek \u00e9lettartama \u00e9s megb\u00edzhat\u00f3s\u00e1ga, a panelen visszamarad\u00f3 ionos szennyez\u0151d\u00e9sek mennyis\u00e9g\u00e9nek cs\u00f6kkent\u00e9s\u00e9vel. A folyaszt\u00f3szer esetleges marad\u00e9ka befoly\u00e1solja a term\u00e9k megb\u00edzhat\u00f3s\u00e1g\u00e1t, k\u00fcl\u00f6n\u00f6sen a nagyfesz\u00fclts\u00e9g\u0171 elektronikus szerelv\u00e9nyek eset\u00e9n, amelyeket a aut\u00f3ipar egyre sz\u00e9lesebb k\u00f6rben haszn\u00e1l. Tanulm\u00e1nyoztuk a folyaszt\u00f3szer marad\u00e9ka \u00e1ltal okozott ionos szennyez\u00e9st, ionv\u00e1ndorl\u00e1st, anyagkicsap\u00f3d\u00e1st, k\u00fasz\u00f3 \u00e1ramokat, valamint a fel\u00fcletek tiszt\u00edt\u00e1s\u00e1t \u00e9s aktiv\u00e1l\u00e1s\u00e1t v\u00e9gezt\u00fck el atmoszf\u00e9rikus nyom\u00e1son \u00fczemel\u0151 plazm\u00e1val. A korrozi\u00f3t okoz\u00f3 maradv\u00e1nyok ut\u00f3lagos elt\u00e1vol\u00edt\u00e1s\u00e1ra a sz\u00e1razjeges tiszt\u00edt\u00e1st alkalmaztuk a m\u00e1r h\u00e1zba szerelt term\u00e9kek hozta ig\u00e9nyek miatt.<\/p>\n\n\n\t\t<\/div>\n\t<\/div>\n<\/div>\n\n\n\t\t<\/div>\n\t<\/div>\n<\/div>\n","protected":false},"excerpt":{"rendered":"","protected":false},"author":4,"featured_media":0,"parent":3901,"menu_order":0,"comment_status":"closed","ping_status":"closed","template":"","meta":{"_acf_changed":false,"_searchwp_excluded":"","inline_featured_image":false,"footnotes":""},"categories":[54],"class_list":["post-21932","page","type-page","status-publish","hentry","category-life-at-flex"],"acf":[],"_links":{"self":[{"href":"https:\/\/flex.com\/es\/wp-json\/wp\/v2\/pages\/21932","targetHints":{"allow":["GET"]}}],"collection":[{"href":"https:\/\/flex.com\/es\/wp-json\/wp\/v2\/pages"}],"about":[{"href":"https:\/\/flex.com\/es\/wp-json\/wp\/v2\/types\/page"}],"author":[{"embeddable":true,"href":"https:\/\/flex.com\/es\/wp-json\/wp\/v2\/users\/4"}],"replies":[{"embeddable":true,"href":"https:\/\/flex.com\/es\/wp-json\/wp\/v2\/comments?post=21932"}],"version-history":[{"count":6,"href":"https:\/\/flex.com\/es\/wp-json\/wp\/v2\/pages\/21932\/revisions"}],"predecessor-version":[{"id":28103,"href":"https:\/\/flex.com\/es\/wp-json\/wp\/v2\/pages\/21932\/revisions\/28103"}],"up":[{"embeddable":true,"href":"https:\/\/flex.com\/es\/wp-json\/wp\/v2\/pages\/3901"}],"wp:attachment":[{"href":"https:\/\/flex.com\/es\/wp-json\/wp\/v2\/media?parent=21932"}],"wp:term":[{"taxonomy":"category","embeddable":true,"href":"https:\/\/flex.com\/es\/wp-json\/wp\/v2\/categories?post=21932"}],"curies":[{"name":"gracias","href":"https:\/\/api.w.org\/{rel}","templated":true}]}}