{"id":20292,"date":"2024-09-27T16:18:32","date_gmt":"2024-09-27T21:18:32","guid":{"rendered":"https:\/\/flex.com\/?page_id=20292"},"modified":"2025-01-16T12:01:50","modified_gmt":"2025-01-16T18:01:50","slug":"water-management-practices","status":"publish","type":"page","link":"https:\/\/flex.com\/es\/company\/sustainability\/reports-and-disclosures\/water-management-practices","title":{"rendered":"Pr\u00e1cticas de gesti\u00f3n del agua"},"content":{"rendered":"<div id=\"block_17cb268c5458794c50b534681c220eb3\" class=\"header block light-content\" style=\"background-color: #005486;\">\n\t\t<div class=\"container\">\n\t\t<div class=\"content\" style=\"max-width: px;\">\n\t\t\t\n\n<h1 class=\"wp-block-heading has-large-font-size\" id=\"h-flex-zhuhai-b11-water-management-practices\">Flex Zhuhai B11 Pr\u00e1cticas de gesti\u00f3n del agua<\/h1>\n\n\n\t\t<\/div>\n\t<\/div>\n\t<script>\n\t\tlet id = \"#block_17cb268c5458794c50b534681c220eb3\";\n\n\t\t(function ($) {\n\n\t\t\t$(id + \" .content h1\").addClass(\"fade-in\");\n\t\t\t$(id + \" .content h2\").addClass(\"fade-in\");\n\t\t\t$(id + \" .content p\").addClass(\"fade-in\");\n\t\t\t\/\/ Fade in the content\n\n\t\t\t\/\/ Fade in the background image\n\t\t\tif ($(id).children(\".background-image\").length > 0) {\n\t\t\t\tvar image = new Image();\n\t\t\t\timage.onload = function () {\n\t\t\t\t\t$(id).children(\".background-image\").addClass(\"visible\");\n\t\t\t\t\t$(id).children(\".container\").addClass(\"visible\");\n\t\t\t\t};\n\t\t\t\timage.src = \"\";\n\t\t\t} else {\n\t\t\t\t$(id).children(\".container\").addClass(\"visible\");\n\t\t\t}\n\t\t})(jQuery);\n\n\t\twindow.addEventListener('DOMContentLoaded', () => {\n\t\t\tScrollReveal().reveal(id + \" .fade-in\", {origin: \"left\", distance: \"24px\", interval: 100});\n\t\t});\n\t<\/script>\n<\/div>\n\n<div id=\"id-69e6dff6611c7\" class=\"box block full-width dark-content es\" style=\"background-color: #ffffffff; background-image: none;\">\n\t<style>\n\t\t#id-69e6dff6611c7 > .container > .content {\n\t\t\tbackground-color: #ffffffff;\n\t\t\tposition: relative;\n\t\t\tpadding-top: 48px;\n\t\t\tpadding-right: 0px;\n\t\t\tpadding-bottom: 48px;\n\t\t\tpadding-left: 0px;\n\t\t\tmargin-left: 0px;\n\t\t\tmargin-right: 0px;\n\t\t}\n\t\t@media (max-width: 1272px) {\n\t\t\t#id-69e6dff6611c7.box.block.full-width > .container > .content {\n\t\t\t\tpadding-left: 0 !important;\n\t\t\t\tpadding-right: 0 !important;\n\t\t\t\tmargin: 0 !important;\n\t\t\t}\n\t\t}\n\t\t@media (max-width: 960px) {\n\t\t\t#id-69e6dff6611c7 > .container > .content {\n\t\t\t\t\/\/padding-top: 24px;\n\t\t\t\tpadding-right: 0px;\n\t\t\t\t\/\/padding-bottom: 24px;\n\t\t\t\tpadding-left: 0px;\n\t\t\t}\n\t\t}\n\t<\/style>\n\t<div class=\"container\">\n\t\t<div class=\"content\">\n\t\t\t\n\n<p>El 19 de diciembre de 2024, Flex Zhuhai B11 recibi\u00f3 la certificaci\u00f3n de nivel b\u00e1sico de la Alianza para la Gesti\u00f3n del Agua (AWS), lo que marca un avance significativo en la gesti\u00f3n sostenible del agua.<\/p>\n\n\n<div id=\"id-69e6dff65cf07\" class=\"box block content-width dark-content es\" style=\"background-color: transparent; background-image: none;\">\n\t<style>\n\t\t#id-69e6dff65cf07 > .container > .content {\n\t\t\tbackground-color: #eaeef4ff;\n\t\t\tposition: relative;\n\t\t\tpadding-top: 48px;\n\t\t\tpadding-right: 60px;\n\t\t\tpadding-bottom: 48px;\n\t\t\tpadding-left: 60px;\n\t\t\tmargin-left: 0px;\n\t\t\tmargin-right: 0px;\n\t\t}\n\t\t@media (max-width: 1272px) {\n\t\t\t#id-69e6dff65cf07.box.block.full-width > .container > .content {\n\t\t\t\tpadding-left: 0 !important;\n\t\t\t\tpadding-right: 0 !important;\n\t\t\t\tmargin: 0 !important;\n\t\t\t}\n\t\t}\n\t\t@media (max-width: 960px) {\n\t\t\t#id-69e6dff65cf07 > .container > .content {\n\t\t\t\t\/\/padding-top: 24px;\n\t\t\t\tpadding-right: 30px;\n\t\t\t\t\/\/padding-bottom: 24px;\n\t\t\t\tpadding-left: 30px;\n\t\t\t}\n\t\t}\n\t<\/style>\n\t<div class=\"container\">\n\t\t<div class=\"content\">\n\t\t\t\n\n<h2 class=\"wp-block-heading has-small-font-size\" id=\"h-documentation\">Documentaci\u00f3n<\/h2>\n\n\n<div id=\"id-69e6dff651eb3\" class=\"columns block\">\n\t<style>\n\t\t#id-69e6dff651eb3 .column, #id-69e6dff651eb3 .wp-block-acf-column {\n\t\t\tpadding: 0 18px;\n\t\t}\n\t\t\n\t\t#id-69e6dff651eb3 > .container.show-rules .column+.column, #id-69e6dff651eb3 > .container.show-rules .wp-block-acf-column+.wp-block-acf-column {\n\t\t\tborder-color: rgba(38, 38, 38, 0.2);\n\t\t}\n\t\t\n\t\t#id-69e6dff651eb3 .column, #id-69e6dff651eb3 .wp-block-acf-column {\n\t\t\t.code.block {\n\t\t\t\t.container {\n\t\t\t\t\t.tagembed-widget {\n\t\t\t\t\t\tmax-width: 600px;\n\t\t\t\t\t}\n\t\t\t\t}\n\t\t\t}\n\t\t}\n\t\t\n\t\t@media (max-width: 1272px) {\n\t\t\t#id-69e6dff651eb3 > .container {\n\t\t\t\tdisplay: block;\n\t\t\t\tmax-width: 600px;\n\t\t\t}\n\t\t}\n\t\t@media (max-width: 1272px) {\n\t\t\t#id-69e6dff651eb3 > .container > .column, #id-69e6dff651eb3 > .container > .wp-block-acf-column {\n\t\t\t\tpadding: 36px 0 0 0 !important;\n\t\t\t}\n\t\t}\n\t\t@media (max-width: 1272px) {\n\t\t\t#id-69e6dff651eb3 > .container > .column:first-child, #id-69e6dff651eb3 > .container > .wp-block-acf-column:first-child {\n\t\t\t\tpadding: 0 !important;\n\t\t\t}\n\t\t}\n\t\t@media (max-width: 1272px) {\n\t\t\t#id-69e6dff651eb3 > .container.show-rules .column+.column, #id-69e6dff651eb3 > .container.show-rules .wp-block-acf-column+.wp-block-acf-column {\n\t\t\t\tborder-left: none;\n\t\t\t\tborder-top: 1px solid rgba(38, 38, 38, 0.2);\n\t\t\t\tpadding: 30px 0 0 0 !important;\n\t\t\t\tmargin-top: 30px;\n\t\t\t}\n\t\t}\n\t<\/style>\n\t<div class=\"container align-top\">\n\t\t\n<div class=\"column block\">\n\t\n\n<ul class=\"wp-block-list\">\n<li><a href=\"https:\/\/flex.com\/es\/downloads\/alliance-for-water-stewardship-aws-certification\/\">Certificaci\u00f3n de nivel b\u00e1sico de la Alianza para la Gesti\u00f3n del Agua (AWS)<\/a><\/li>\n\n\n\n<li><a href=\"https:\/\/flex.com\/es\/downloads\/%e5%88%a9%e7%9b%8a%e7%9b%b8%e5%85%b3%e6%96%b9%e8%a1%a8%e6%a0%bc\/\">El personal de la oficina de correos de la ciudad dijo<\/a><\/li>\n\n\n\n<li><a href=\"https:\/\/flex.com\/es\/downloads\/flex-sustainable-water-management-plan-performance-summary\/\">Flex\u6c34\u8d44\u6e90\u7ba1\u7406\u8ba1\u5212\u53ca\u7ee9\u6548\u603b\u7ed3<\/a><\/li>\n\n\n\n<li><a href=\"https:\/\/flex.com\/es\/downloads\/flex-zhuhai-b11-%e5%8f%af%e6%8c%81%e7%bb%ad%e6%b0%b4%e7%ae%a1%e7%90%86%e6%89%8b%e5%86%8c\/\">Flex Zhuhai B11 \u53ef\u6301\u7eed\u6c34\u7ba1\u7406\u624b\u518c<\/a><\/li>\n<\/ul>\n\n\n<\/div>\n\n<div class=\"column block\">\n\t\n\n<ul class=\"wp-block-list\">\n<li><a href=\"https:\/\/flex.com\/es\/downloads\/water-risk\/\">\u6c34\u98ce\u9669<\/a><\/li>\n\n\n\n<li><a href=\"https:\/\/flex.com\/es\/downloads\/water-management-o-chart\/\">Diagrama O de gesti\u00f3n del agua<\/a><\/li>\n\n\n\n<li><a href=\"https:\/\/flex.com\/es\/downloads\/flex-water-management-efforts\/\">Esfuerzos de gesti\u00f3n del agua Flex<\/a><\/li>\n\n\n\n<li><a href=\"https:\/\/flex.com\/es\/downloads\/flex-zhuhai-b11-water-management-policy\/\">Flex Zhuhai B11 Pol\u00edtica de gesti\u00f3n del agua<\/a><\/li>\n\n\n\n<li><a href=\"https:\/\/flex.com\/es\/downloads\/international-sustainable-water-management-standard-review-stakeholder-comments-announcement\/\">\u56fd\u9645\u53ef\u6301\u7eed\u6c34\u7ba1\u7406\u6807\u51c6\u5ba1\u6838 \u2014 \u5229\u76ca\u76f8\u5173\u65b9\u610f\u89c1\u5f81\u6c42\u516c\u544a<\/a><\/li>\n<\/ul>\n\n\n<\/div>\n\n\t<\/div>\n<\/div>\n\n\t\t<\/div>\n\t<\/div>\n<\/div>\n\n\n<div class=\"spacer block\" style=\"height: 24px;\">\n\t<\/div>\n\n\n<h3 class=\"wp-block-heading has-small-font-size\" id=\"h-what-is-aws\" style=\"font-weight:600\">\u00bfQu\u00e9 es AWS?<\/h3>\n\n\n\n<p>AWS es una colaboraci\u00f3n global de empresas, ONG y el sector p\u00fablico dedicada a promover el uso sostenible del agua a trav\u00e9s de la Norma Internacional de Gesti\u00f3n del Agua. Esta norma tiene como objetivo garantizar que el uso del agua sea socialmente equitativo, ambientalmente sostenible y econ\u00f3micamente beneficioso, y se logre mediante la participaci\u00f3n inclusiva de las partes interesadas y acciones espec\u00edficas del sitio. La certificaci\u00f3n significa que un sitio cumple con los par\u00e1metros de referencia globales de gesti\u00f3n del agua, lo que demuestra un fuerte compromiso con la gesti\u00f3n responsable del agua.<\/p>\n\n\n\t\t<\/div>\n\t<\/div>\n<\/div>","protected":false},"excerpt":{"rendered":"","protected":false},"author":3,"featured_media":3715,"parent":7656,"menu_order":0,"comment_status":"closed","ping_status":"closed","template":"","meta":{"_acf_changed":false,"_searchwp_excluded":"","inline_featured_image":false,"footnotes":""},"categories":[46],"class_list":["post-20292","page","type-page","status-publish","has-post-thumbnail","hentry","category-sustainability"],"acf":[],"_links":{"self":[{"href":"https:\/\/flex.com\/es\/wp-json\/wp\/v2\/pages\/20292","targetHints":{"allow":["GET"]}}],"collection":[{"href":"https:\/\/flex.com\/es\/wp-json\/wp\/v2\/pages"}],"about":[{"href":"https:\/\/flex.com\/es\/wp-json\/wp\/v2\/types\/page"}],"author":[{"embeddable":true,"href":"https:\/\/flex.com\/es\/wp-json\/wp\/v2\/users\/3"}],"replies":[{"embeddable":true,"href":"https:\/\/flex.com\/es\/wp-json\/wp\/v2\/comments?post=20292"}],"version-history":[{"count":7,"href":"https:\/\/flex.com\/es\/wp-json\/wp\/v2\/pages\/20292\/revisions"}],"predecessor-version":[{"id":21672,"href":"https:\/\/flex.com\/es\/wp-json\/wp\/v2\/pages\/20292\/revisions\/21672"}],"up":[{"embeddable":true,"href":"https:\/\/flex.com\/es\/wp-json\/wp\/v2\/pages\/7656"}],"wp:featuredmedia":[{"embeddable":true,"href":"https:\/\/flex.com\/es\/wp-json\/wp\/v2\/media\/3715"}],"wp:attachment":[{"href":"https:\/\/flex.com\/es\/wp-json\/wp\/v2\/media?parent=20292"}],"wp:term":[{"taxonomy":"category","embeddable":true,"href":"https:\/\/flex.com\/es\/wp-json\/wp\/v2\/categories?post=20292"}],"curies":[{"name":"gracias","href":"https:\/\/api.w.org\/{rel}","templated":true}]}}