{"id":14889,"date":"2023-03-08T22:43:39","date_gmt":"2023-03-08T22:43:39","guid":{"rendered":"https:\/\/live-flex-main.pantheonsite.io\/?page_id=14889"},"modified":"2026-03-02T15:23:09","modified_gmt":"2026-03-02T21:23:09","slug":"subscribe","status":"publish","type":"page","link":"https:\/\/flex.com\/es\/subscribe","title":{"rendered":"Suscribir"},"content":{"rendered":"<div id=\"block_06b276bb1ef85c098d8b465b4a73d91f\" class=\"header block light-content has-background-image\" style=\"background-color: #005486;\">\n\t\t\t<div class=\"background-image\" style=\"background-image: url(https:\/\/flex.com\/wp-content\/uploads\/2023\/02\/AboutUs-Header-Blue-Fiber.jpg);\"><\/div>\n\t\t<div class=\"container\">\n\t\t<div class=\"content\" style=\"max-width: 1200px;\">\n\t\t\t\n\n<h1 class=\"wp-block-heading\" id=\"h-subscribe\">Suscribir<\/h1>\n\n\n\t\t<\/div>\n\t<\/div>\n\t<script>\n\t\tlet id = \"#block_06b276bb1ef85c098d8b465b4a73d91f\";\n\n\t\t(function ($) {\n\n\t\t\t$(id + \" .content h1\").addClass(\"fade-in\");\n\t\t\t$(id + \" .content h2\").addClass(\"fade-in\");\n\t\t\t$(id + \" .content p\").addClass(\"fade-in\");\n\t\t\t\/\/ Fade in the content\n\n\t\t\t\/\/ Fade in the background image\n\t\t\tif ($(id).children(\".background-image\").length > 0) {\n\t\t\t\tvar image = new Image();\n\t\t\t\timage.onload = function () {\n\t\t\t\t\t$(id).children(\".background-image\").addClass(\"visible\");\n\t\t\t\t\t$(id).children(\".container\").addClass(\"visible\");\n\t\t\t\t};\n\t\t\t\timage.src = \"https:\/\/flex.com\/wp-content\/uploads\/2023\/02\/AboutUs-Header-Blue-Fiber.jpg\";\n\t\t\t} else {\n\t\t\t\t$(id).children(\".container\").addClass(\"visible\");\n\t\t\t}\n\t\t})(jQuery);\n\n\t\twindow.addEventListener('DOMContentLoaded', () => {\n\t\t\tScrollReveal().reveal(id + \" .fade-in\", {origin: \"left\", distance: \"24px\", interval: 100});\n\t\t});\n\t<\/script>\n<\/div>\n\n<div id=\"id-69da2104404c4\" class=\"box block full-width dark-content es\" style=\"background-color: transparent; background-image: none;\">\n\t<style>\n\t\t#id-69da2104404c4 > .container > .content {\n\t\t\tbackground-color: transparent;\n\t\t\tposition: relative;\n\t\t\tpadding-top: 36px;\n\t\t\tpadding-right: 0px;\n\t\t\tpadding-bottom: 12px;\n\t\t\tpadding-left: 0px;\n\t\t\tmargin-left: 0px;\n\t\t\tmargin-right: 0px;\n\t\t}\n\t\t@media (max-width: 1272px) {\n\t\t\t#id-69da2104404c4.box.block.full-width > .container > .content {\n\t\t\t\tpadding-left: 0 !important;\n\t\t\t\tpadding-right: 0 !important;\n\t\t\t\tmargin: 0 !important;\n\t\t\t}\n\t\t}\n\t\t@media (max-width: 960px) {\n\t\t\t#id-69da2104404c4 > .container > .content {\n\t\t\t\t\/\/padding-top: 18px;\n\t\t\t\tpadding-right: 0px;\n\t\t\t\t\/\/padding-bottom: 6px;\n\t\t\t\tpadding-left: 0px;\n\t\t\t}\n\t\t}\n\t<\/style>\n\t<div class=\"container\">\n\t\t<div class=\"content\">\n\t\t\t\n\n<h2 class=\"wp-block-heading has-medium-font-size\" style=\"font-style:normal;font-weight:600\">Reciba nuestro bolet\u00edn mensual, nuevos recursos y la informaci\u00f3n m\u00e1s reciente de Flex<\/h2>\n\n\n<div id=\"block_46396e77d8f6aa7e46f73bf727e39a2a\" class=\"code block\">\n\t<div class=\"container\">\n\t\t<iframe loading=\"lazy\" src=\"https:\/\/connect.flex.com\/l\/1112363\/2026-02-17\/f4h6jv\" width=\"100%\" height=\"1000\" type=\"text\/html\" frameborder=\"0\" allowtransparency=\"true\" style=\"border: 0\"><\/iframe>\t<\/div>\n<\/div>\n\n\t\t<\/div>\n\t<\/div>\n<\/div>","protected":false},"excerpt":{"rendered":"","protected":false},"author":18,"featured_media":2177,"parent":0,"menu_order":0,"comment_status":"closed","ping_status":"closed","template":"","meta":{"_acf_changed":false,"_searchwp_excluded":"","inline_featured_image":false,"footnotes":""},"categories":[34],"class_list":["post-14889","page","type-page","status-publish","has-post-thumbnail","hentry","category-corporate"],"acf":[],"_links":{"self":[{"href":"https:\/\/flex.com\/es\/wp-json\/wp\/v2\/pages\/14889","targetHints":{"allow":["GET"]}}],"collection":[{"href":"https:\/\/flex.com\/es\/wp-json\/wp\/v2\/pages"}],"about":[{"href":"https:\/\/flex.com\/es\/wp-json\/wp\/v2\/types\/page"}],"author":[{"embeddable":true,"href":"https:\/\/flex.com\/es\/wp-json\/wp\/v2\/users\/18"}],"replies":[{"embeddable":true,"href":"https:\/\/flex.com\/es\/wp-json\/wp\/v2\/comments?post=14889"}],"version-history":[{"count":19,"href":"https:\/\/flex.com\/es\/wp-json\/wp\/v2\/pages\/14889\/revisions"}],"predecessor-version":[{"id":28516,"href":"https:\/\/flex.com\/es\/wp-json\/wp\/v2\/pages\/14889\/revisions\/28516"}],"wp:featuredmedia":[{"embeddable":true,"href":"https:\/\/flex.com\/es\/wp-json\/wp\/v2\/media\/2177"}],"wp:attachment":[{"href":"https:\/\/flex.com\/es\/wp-json\/wp\/v2\/media?parent=14889"}],"wp:term":[{"taxonomy":"category","embeddable":true,"href":"https:\/\/flex.com\/es\/wp-json\/wp\/v2\/categories?post=14889"}],"curies":[{"name":"gracias","href":"https:\/\/api.w.org\/{rel}","templated":true}]}}