{"id":14110,"date":"2023-02-27T19:50:39","date_gmt":"2023-02-27T19:50:39","guid":{"rendered":"https:\/\/flex.com\/?page_id=14110"},"modified":"2023-05-31T16:22:29","modified_gmt":"2023-05-31T16:22:29","slug":"automotive-compliance","status":"publish","type":"page","link":"https:\/\/flex.com\/es\/company\/policies\/automotive-compliance","title":{"rendered":"Cumplimiento automotriz"},"content":{"rendered":"<div id=\"block_db25e6f0ef4ed76ffe02fe51e8dd383e\" class=\"header block dark-content\" style=\"background-color: #eaeef4;\">\n\t\t<div class=\"container\">\n\t\t<div class=\"content\" style=\"max-width: px;\">\n\t\t\t\n\n<h1 class=\"wp-block-heading\" id=\"h-automotive-compliance\">Cumplimiento automotriz<\/h1>\n\n\n\t\t<\/div>\n\t<\/div>\n\t<script>\n\t\tlet id = \"#block_db25e6f0ef4ed76ffe02fe51e8dd383e\";\n\n\t\t(function ($) {\n\n\t\t\t$(id + \" .content h1\").addClass(\"fade-in\");\n\t\t\t$(id + \" .content h2\").addClass(\"fade-in\");\n\t\t\t$(id + \" .content p\").addClass(\"fade-in\");\n\t\t\t\/\/ Fade in the content\n\n\t\t\t\/\/ Fade in the background image\n\t\t\tif ($(id).children(\".background-image\").length > 0) {\n\t\t\t\tvar image = new Image();\n\t\t\t\timage.onload = function () {\n\t\t\t\t\t$(id).children(\".background-image\").addClass(\"visible\");\n\t\t\t\t\t$(id).children(\".container\").addClass(\"visible\");\n\t\t\t\t};\n\t\t\t\timage.src = \"\";\n\t\t\t} else {\n\t\t\t\t$(id).children(\".container\").addClass(\"visible\");\n\t\t\t}\n\t\t})(jQuery);\n\n\t\twindow.addEventListener('DOMContentLoaded', () => {\n\t\t\tScrollReveal().reveal(id + \" .fade-in\", {origin: \"left\", distance: \"24px\", interval: 100});\n\t\t});\n\t<\/script>\n<\/div>\n\n<div id=\"id-69e00d112d498\" class=\"box block full-width dark-content es\" style=\"background-color: transparent; background-image: none;\">\n\t<style>\n\t\t#id-69e00d112d498 > .container > .content {\n\t\t\tbackground-color: transparent;\n\t\t\tposition: relative;\n\t\t\tpadding-top: 48px;\n\t\t\tpadding-right: 0px;\n\t\t\tpadding-bottom: 96px;\n\t\t\tpadding-left: 0px;\n\t\t\tmargin-left: 0px;\n\t\t\tmargin-right: 0px;\n\t\t}\n\t\t@media (max-width: 1272px) {\n\t\t\t#id-69e00d112d498.box.block.full-width > .container > .content {\n\t\t\t\tpadding-left: 0 !important;\n\t\t\t\tpadding-right: 0 !important;\n\t\t\t\tmargin: 0 !important;\n\t\t\t}\n\t\t}\n\t\t@media (max-width: 960px) {\n\t\t\t#id-69e00d112d498 > .container > .content {\n\t\t\t\t\/\/padding-top: 24px;\n\t\t\t\tpadding-right: 0px;\n\t\t\t\t\/\/padding-bottom: 48px;\n\t\t\t\tpadding-left: 0px;\n\t\t\t}\n\t\t}\n\t<\/style>\n\t<div class=\"container\">\n\t\t<div class=\"content\">\n\t\t\t\n\n<h2 class=\"has-medium-font-size wp-block-heading\" style=\"font-weight:600\">Documentos de cumplimiento RED<\/h2>\n\n\n\n<p>La Directiva sobre equipos de radio (RED) se estableci\u00f3 en abril de 2014 y establece regulaciones para la fabricaci\u00f3n y venta de equipos de radio en la Uni\u00f3n Europea. Garantiza que se sigan las directrices adecuadas de salud y seguridad y ayuda a estandarizar y proteger las tecnolog\u00edas de radio. Los enlaces a continuaci\u00f3n contienen documentos para el cumplimiento de RED. M\u00e1s informaci\u00f3n sobre ROJO&nbsp;<a href=\"http:\/\/eur-lex.europa.eu\/legal-content\/EN\/TXT\/?uri=CELEX:32014L0053\" target=\"_blank\" rel=\"noreferrer noopener nofollow\">aqu\u00ed<\/a>.<\/p>\n\n\n\n<p><a href=\"\/es\/downloads\/red-vehicle-bluetooth-transceiver-eu-declaration-of-conformity\/\">Transceptor Bluetooth para veh\u00edculos ROJO<\/a><\/p>\n\n\n\n<p><a href=\"\/es\/downloads\/prj115-ford-kmhsg1p1-bluetooth-txrx-red-compliance-letter\/\">PRJ115 Ford KMHSG1P1 Bluetooth TXRX Carta de cumplimiento roja<\/a><\/p>\n\n\n\t\t<\/div>\n\t<\/div>\n<\/div>","protected":false},"excerpt":{"rendered":"","protected":false},"author":3,"featured_media":12314,"parent":10415,"menu_order":0,"comment_status":"closed","ping_status":"closed","template":"","meta":{"_acf_changed":false,"_searchwp_excluded":"","inline_featured_image":false,"footnotes":""},"categories":[34,35],"class_list":["post-14110","page","type-page","status-publish","has-post-thumbnail","hentry","category-corporate","category-automotive"],"acf":[],"_links":{"self":[{"href":"https:\/\/flex.com\/es\/wp-json\/wp\/v2\/pages\/14110","targetHints":{"allow":["GET"]}}],"collection":[{"href":"https:\/\/flex.com\/es\/wp-json\/wp\/v2\/pages"}],"about":[{"href":"https:\/\/flex.com\/es\/wp-json\/wp\/v2\/types\/page"}],"author":[{"embeddable":true,"href":"https:\/\/flex.com\/es\/wp-json\/wp\/v2\/users\/3"}],"replies":[{"embeddable":true,"href":"https:\/\/flex.com\/es\/wp-json\/wp\/v2\/comments?post=14110"}],"version-history":[{"count":6,"href":"https:\/\/flex.com\/es\/wp-json\/wp\/v2\/pages\/14110\/revisions"}],"predecessor-version":[{"id":16125,"href":"https:\/\/flex.com\/es\/wp-json\/wp\/v2\/pages\/14110\/revisions\/16125"}],"up":[{"embeddable":true,"href":"https:\/\/flex.com\/es\/wp-json\/wp\/v2\/pages\/10415"}],"wp:featuredmedia":[{"embeddable":true,"href":"https:\/\/flex.com\/es\/wp-json\/wp\/v2\/media\/12314"}],"wp:attachment":[{"href":"https:\/\/flex.com\/es\/wp-json\/wp\/v2\/media?parent=14110"}],"wp:term":[{"taxonomy":"category","embeddable":true,"href":"https:\/\/flex.com\/es\/wp-json\/wp\/v2\/categories?post=14110"}],"curies":[{"name":"gracias","href":"https:\/\/api.w.org\/{rel}","templated":true}]}}