{"id":14103,"date":"2023-02-27T19:30:48","date_gmt":"2023-02-27T19:30:48","guid":{"rendered":"https:\/\/flex.com\/?page_id=14103"},"modified":"2025-05-29T13:18:48","modified_gmt":"2025-05-29T18:18:48","slug":"trademarks","status":"publish","type":"page","link":"https:\/\/flex.com\/es\/company\/policies\/trademarks","title":{"rendered":"Marcas registradas"},"content":{"rendered":"<div id=\"block_3bfd41bedbcd565e87487376254f46bb\" class=\"header block dark-content\" style=\"background-color: #eaeef4;\">\n\t\t<div class=\"container\">\n\t\t<div class=\"content\" style=\"max-width: px;\">\n\t\t\t\n\n<h1 class=\"wp-block-heading\" id=\"h-our-trademarks\">Nuestras marcas registradas<\/h1>\n\n\n\t\t<\/div>\n\t<\/div>\n\t<script>\n\t\tlet id = \"#block_3bfd41bedbcd565e87487376254f46bb\";\n\n\t\t(function ($) {\n\n\t\t\t$(id + \" .content h1\").addClass(\"fade-in\");\n\t\t\t$(id + \" .content h2\").addClass(\"fade-in\");\n\t\t\t$(id + \" .content p\").addClass(\"fade-in\");\n\t\t\t\/\/ Fade in the content\n\n\t\t\t\/\/ Fade in the background image\n\t\t\tif ($(id).children(\".background-image\").length > 0) {\n\t\t\t\tvar image = new Image();\n\t\t\t\timage.onload = function () {\n\t\t\t\t\t$(id).children(\".background-image\").addClass(\"visible\");\n\t\t\t\t\t$(id).children(\".container\").addClass(\"visible\");\n\t\t\t\t};\n\t\t\t\timage.src = \"\";\n\t\t\t} else {\n\t\t\t\t$(id).children(\".container\").addClass(\"visible\");\n\t\t\t}\n\t\t})(jQuery);\n\n\t\twindow.addEventListener('DOMContentLoaded', () => {\n\t\t\tScrollReveal().reveal(id + \" .fade-in\", {origin: \"left\", distance: \"24px\", interval: 100});\n\t\t});\n\t<\/script>\n<\/div>\n\n<div id=\"id-69d1c52a932d0\" class=\"box block full-width dark-content es\" style=\"background-color: transparent; background-image: none;\">\n\t<style>\n\t\t#id-69d1c52a932d0 > .container > .content {\n\t\t\tbackground-color: transparent;\n\t\t\tposition: relative;\n\t\t\tpadding-top: 48px;\n\t\t\tpadding-right: 0px;\n\t\t\tpadding-bottom: 96px;\n\t\t\tpadding-left: 0px;\n\t\t\tmargin-left: 0px;\n\t\t\tmargin-right: 0px;\n\t\t}\n\t\t@media (max-width: 1272px) {\n\t\t\t#id-69d1c52a932d0.box.block.full-width > .container > .content {\n\t\t\t\tpadding-left: 0 !important;\n\t\t\t\tpadding-right: 0 !important;\n\t\t\t\tmargin: 0 !important;\n\t\t\t}\n\t\t}\n\t\t@media (max-width: 960px) {\n\t\t\t#id-69d1c52a932d0 > .container > .content {\n\t\t\t\t\/\/padding-top: 24px;\n\t\t\t\tpadding-right: 0px;\n\t\t\t\t\/\/padding-bottom: 48px;\n\t\t\t\tpadding-left: 0px;\n\t\t\t}\n\t\t}\n\t<\/style>\n\t<div class=\"container\">\n\t\t<div class=\"content\">\n\t\t\t\n\n<p>En Flex, consideramos nuestras marcas comerciales como activos valiosos para nuestra empresa. Puede encontrar nuestras pol\u00edticas de marcas y marcas.&nbsp;<a href=\"\/es\/downloads\/policy-on-flex-trademarks\/\">aqu\u00ed<\/a>. La siguiente es una lista de nuestras marcas comerciales en todo el mundo; sin embargo, esta lista no lo incluye todo y la ausencia de cualquier marca en esta lista no significa que no sea una marca comercial Flex. El s\u00edmbolo de registro se utiliza en marcas registradas en los Estados Unidos y es posible que dichas marcas no est\u00e9n registradas en todos los pa\u00edses. En algunos casos, hay formas de marca denominativa y logotipo de la marca, pero a continuaci\u00f3n solo se enumera la marca denominativa.<\/p>\n\n\n<div id=\"id-69d1c52a8c08d\" class=\"columns block\">\n\t<style>\n\t\t#id-69d1c52a8c08d .column, #id-69d1c52a8c08d .wp-block-acf-column {\n\t\t\tpadding: 0 18px;\n\t\t}\n\t\t\n\t\t#id-69d1c52a8c08d > .container.show-rules .column+.column, #id-69d1c52a8c08d > .container.show-rules .wp-block-acf-column+.wp-block-acf-column {\n\t\t\tborder-color: rgba(38, 38, 38, 0.2);\n\t\t}\n\t\t\n\t\t#id-69d1c52a8c08d .column, #id-69d1c52a8c08d .wp-block-acf-column {\n\t\t\t.code.block {\n\t\t\t\t.container {\n\t\t\t\t\t.tagembed-widget {\n\t\t\t\t\t\tmax-width: 376px;\n\t\t\t\t\t}\n\t\t\t\t}\n\t\t\t}\n\t\t}\n\t\t\n\t\t@media (max-width: 1320px) {\n\t\t\t#id-69d1c52a8c08d > .container {\n\t\t\t\tdisplay: block;\n\t\t\t\tmax-width: 376px;\n\t\t\t}\n\t\t}\n\t\t@media (max-width: 1320px) {\n\t\t\t#id-69d1c52a8c08d > .container > .column, #id-69d1c52a8c08d > .container > .wp-block-acf-column {\n\t\t\t\tpadding: 12px 0 0 0 !important;\n\t\t\t}\n\t\t}\n\t\t@media (max-width: 1320px) {\n\t\t\t#id-69d1c52a8c08d > .container > .column:first-child, #id-69d1c52a8c08d > .container > .wp-block-acf-column:first-child {\n\t\t\t\tpadding: 0 !important;\n\t\t\t}\n\t\t}\n\t\t@media (max-width: 1320px) {\n\t\t\t#id-69d1c52a8c08d > .container.show-rules .column+.column, #id-69d1c52a8c08d > .container.show-rules .wp-block-acf-column+.wp-block-acf-column {\n\t\t\t\tborder-left: none;\n\t\t\t\tborder-top: 1px solid rgba(38, 38, 38, 0.2);\n\t\t\t\tpadding: 30px 0 0 0 !important;\n\t\t\t\tmargin-top: 30px;\n\t\t\t}\n\t\t}\n\t<\/style>\n\t<div class=\"container align-top\">\n\t\t\n<div class=\"column block\">\n\t\n\n<ul class=\"wp-block-list\">\n<li>Coldwatt<sup>\u00ae<\/sup><\/li>\n\n\n\n<li><sup><\/sup>dermat\u00f3logo<sup>\u00ae<\/sup><\/li>\n\n\n\n<li><sup><\/sup>Flex<sup>\u00ae<\/sup><\/li>\n\n\n\n<li>Logotipo Flex<\/li>\n\n\n\n<li>Flex \u2013 Crea lo extraordinario<\/li>\n\n\n\n<li>Flex \u2013 Crea el logotipo extraordinario<\/li>\n\n\n\n<li>Pulso Flex<sup>\u00ae<\/sup><\/li>\n\n\n\n<li>Pulso Flex<sup>\u00ae<\/sup> Perspectivas pr\u00e1cticas<\/li>\n\n\n\n<li>Pulso Flex<sup>\u00ae<\/sup> Dise\u00f1o de red<\/li>\n\n\n\n<li>Pulso Flex<sup>\u00ae<\/sup> Gesti\u00f3n de riesgos<\/li>\n<\/ul>\n\n\n<\/div>\n\n<div class=\"column block\">\n\t\n\n<ul class=\"wp-block-list\">\n<li>Flextronics<sup>\u00ae<\/sup><\/li>\n\n\n\n<li>HIOPTIX<sup>\u00ae<\/sup><\/li>\n\n\n\n<li>IOHC<sup>\u00ae<\/sup><\/li>\n\n\n\n<li>Conocido por su valor, confiable por su rendimiento<sup>\u2122<\/sup><\/li>\n\n\n\n<li>maetta<sup>\u2122<\/sup><\/li>\n\n\n\n<li>Novaclad<sup>\u00ae<\/sup><\/li>\n\n\n\n<li>Originatividad<sup>\u00ae<\/sup><\/li>\n\n\n\n<li>Calfx<sup>\u00ae<\/sup><\/li>\n\n\n\n<li>Fuente de servicio<sup>\u2122<\/sup><\/li>\n<\/ul>\n\n\n<\/div>\n\n<div class=\"column block\">\n\t\n\n<ul class=\"wp-block-list\">\n<li>Sheldahl<sup>\u00ae<\/sup><\/li>\n\n\n\n<li>SICO<sup>\u2122<\/sup><\/li>\n\n\n\n<li>Boceto a escala<sup>\u00ae<\/sup><\/li>\n\n\n\n<li>Stribel y dise\u00f1o<sup>\u2122<\/sup><\/li>\n\n\n\n<li>termomend<sup>\u2122<\/sup><\/li>\n\n\n\n<li>Herramientas para la vida<sup>\u00ae<\/sup><\/li>\n\n\n\n<li>UAL<sup>\u2122<\/sup><\/li>\n\n\n\n<li>UBB<sup>\u2122<\/sup><\/li>\n\n\n\n<li>Valmax<sup>\u00ae<\/sup><\/li>\n\n\n\n<li>Construimos confianza<sup>\u2122<\/sup><\/li>\n<\/ul>\n\n\n<\/div>\n\n\t<\/div>\n<\/div>\n\n\n<h2 class=\"wp-block-heading has-medium-font-size\" style=\"font-weight:600\">Marcas comerciales de terceros<\/h2>\n\n\n\n<p>Las marcas comerciales de terceros a las que se hace referencia son propiedad de sus respectivos due\u00f1os.<\/p>\n\n\n\n<p>El uso de la palabra socio no implica una relaci\u00f3n de sociedad entre Flex y cualquier otra empresa.<\/p>\n\n\n\t\t<\/div>\n\t<\/div>\n<\/div>","protected":false},"excerpt":{"rendered":"","protected":false},"author":3,"featured_media":2177,"parent":10415,"menu_order":0,"comment_status":"closed","ping_status":"closed","template":"","meta":{"_acf_changed":false,"_searchwp_excluded":"","inline_featured_image":false,"footnotes":""},"categories":[34],"class_list":["post-14103","page","type-page","status-publish","has-post-thumbnail","hentry","category-corporate"],"acf":[],"_links":{"self":[{"href":"https:\/\/flex.com\/es\/wp-json\/wp\/v2\/pages\/14103","targetHints":{"allow":["GET"]}}],"collection":[{"href":"https:\/\/flex.com\/es\/wp-json\/wp\/v2\/pages"}],"about":[{"href":"https:\/\/flex.com\/es\/wp-json\/wp\/v2\/types\/page"}],"author":[{"embeddable":true,"href":"https:\/\/flex.com\/es\/wp-json\/wp\/v2\/users\/3"}],"replies":[{"embeddable":true,"href":"https:\/\/flex.com\/es\/wp-json\/wp\/v2\/comments?post=14103"}],"version-history":[{"count":11,"href":"https:\/\/flex.com\/es\/wp-json\/wp\/v2\/pages\/14103\/revisions"}],"predecessor-version":[{"id":23901,"href":"https:\/\/flex.com\/es\/wp-json\/wp\/v2\/pages\/14103\/revisions\/23901"}],"up":[{"embeddable":true,"href":"https:\/\/flex.com\/es\/wp-json\/wp\/v2\/pages\/10415"}],"wp:featuredmedia":[{"embeddable":true,"href":"https:\/\/flex.com\/es\/wp-json\/wp\/v2\/media\/2177"}],"wp:attachment":[{"href":"https:\/\/flex.com\/es\/wp-json\/wp\/v2\/media?parent=14103"}],"wp:term":[{"taxonomy":"category","embeddable":true,"href":"https:\/\/flex.com\/es\/wp-json\/wp\/v2\/categories?post=14103"}],"curies":[{"name":"gracias","href":"https:\/\/api.w.org\/{rel}","templated":true}]}}