{"id":10693,"date":"2023-01-25T19:14:16","date_gmt":"2023-01-25T19:14:16","guid":{"rendered":"https:\/\/flex.com\/?page_id=10693"},"modified":"2025-03-19T20:44:50","modified_gmt":"2025-03-20T01:44:50","slug":"candidate-faqs","status":"publish","type":"page","link":"https:\/\/flex.com\/es\/careers\/candidate-faqs","title":{"rendered":"Preguntas frecuentes sobre candidatos"},"content":{"rendered":"<div id=\"block_125398ffd988423608f55c38b62f101c\" class=\"header block dark-content\" style=\"background-color: #eaeef4;\">\n\t\t<div class=\"container\">\n\t\t<div class=\"content\" style=\"max-width: px;\">\n\t\t\t\n\n<h1 class=\"wp-block-heading\" id=\"h-candidate-faqs\">Preguntas frecuentes sobre candidatos<\/h1>\n\n\n\t\t<\/div>\n\t<\/div>\n\t<script>\n\t\tlet id = \"#block_125398ffd988423608f55c38b62f101c\";\n\n\t\t(function ($) {\n\n\t\t\t$(id + \" .content h1\").addClass(\"fade-in\");\n\t\t\t$(id + \" .content h2\").addClass(\"fade-in\");\n\t\t\t$(id + \" .content p\").addClass(\"fade-in\");\n\t\t\t\/\/ Fade in the content\n\n\t\t\t\/\/ Fade in the background image\n\t\t\tif ($(id).children(\".background-image\").length > 0) {\n\t\t\t\tvar image = new Image();\n\t\t\t\timage.onload = function () {\n\t\t\t\t\t$(id).children(\".background-image\").addClass(\"visible\");\n\t\t\t\t\t$(id).children(\".container\").addClass(\"visible\");\n\t\t\t\t};\n\t\t\t\timage.src = \"\";\n\t\t\t} else {\n\t\t\t\t$(id).children(\".container\").addClass(\"visible\");\n\t\t\t}\n\t\t})(jQuery);\n\n\t\twindow.addEventListener('DOMContentLoaded', () => {\n\t\t\tScrollReveal().reveal(id + \" .fade-in\", {origin: \"left\", distance: \"24px\", interval: 100});\n\t\t});\n\t<\/script>\n<\/div>\n\n<div class=\"spacer block\" style=\"height: 24px;\">\n\t<\/div>\n\n<div id=\"id-69e92d7b36dcd\" class=\"box block content-width dark-content es\" style=\"background-color: transparent; background-image: none;\">\n\t<style>\n\t\t#id-69e92d7b36dcd > .container > .content {\n\t\t\tbackground-color: transparent;\n\t\t\tposition: relative;\n\t\t\tpadding-top: 48px;\n\t\t\tpadding-right: 0px;\n\t\t\tpadding-bottom: 96px;\n\t\t\tpadding-left: 0px;\n\t\t\tmargin-left: 0px;\n\t\t\tmargin-right: 0px;\n\t\t}\n\t\t@media (max-width: 1272px) {\n\t\t\t#id-69e92d7b36dcd.box.block.full-width > .container > .content {\n\t\t\t\tpadding-left: 0 !important;\n\t\t\t\tpadding-right: 0 !important;\n\t\t\t\tmargin: 0 !important;\n\t\t\t}\n\t\t}\n\t\t@media (max-width: 960px) {\n\t\t\t#id-69e92d7b36dcd > .container > .content {\n\t\t\t\t\/\/padding-top: 24px;\n\t\t\t\tpadding-right: 0px;\n\t\t\t\t\/\/padding-bottom: 48px;\n\t\t\t\tpadding-left: 0px;\n\t\t\t}\n\t\t}\n\t<\/style>\n\t<div class=\"container\">\n\t\t<div class=\"content\">\n\t\t\t\n\n<h2 class=\"wp-block-heading has-medium-font-size\" id=\"h-i-ve-submitted-my-application-what-s-next\" style=\"font-weight:600\">He enviado mi solicitud, \u00bfqu\u00e9 sigue?<\/h2>\n\n\n\n<p>Apreciamos su inter\u00e9s en Flex. Una vez que env\u00ede su solicitud, recibir\u00e1 un correo electr\u00f3nico autom\u00e1tico. Nuestro equipo de reclutamiento revisar\u00e1 su solicitud. Los solicitantes que cumplan con los requisitos para el puesto ser\u00e1n evaluados competitivamente y un reclutador se comunicar\u00e1 con ellos para discutir el puesto. Tambi\u00e9n puede consultar el estado de su solicitud a trav\u00e9s de <a href=\"https:\/\/flextronics.wd1.myworkdayjobs.com\/Careers\" rel=\"nofollow noopener\" target=\"_blank\">jornada laboral<\/a>, nuestro sistema de seguimiento de candidatos.<\/p>\n\n\n\n<h2 class=\"wp-block-heading has-medium-font-size\" id=\"h-several-jobs-on-your-career-site-interest-me-may-i-apply-to-more-than-one\" style=\"font-weight:600\">Me interesan varios trabajos en su sitio de empleo. \u00bfPuedo aplicar a m\u00e1s de uno?<\/h2>\n\n\n\n<p>\u00a1S\u00ed! Alentamos a los solicitantes a crear una cuenta con Flex despu\u00e9s de haber enviado con \u00e9xito su primera solicitud. Podr\u00e1s crear una cuenta al final de tu solicitud. Crear una cuenta eliminar\u00e1 la necesidad de completar la solicitud en l\u00ednea para puestos adicionales.<\/p>\n\n\n\n<h2 class=\"wp-block-heading has-medium-font-size\" id=\"h-what-is-the-interview-process-like-at-flex\" style=\"font-weight:600\">\u00bfC\u00f3mo es el proceso de entrevista en Flex?<\/h2>\n\n\n\n<p>Si lo consideran para un puesto, un reclutador se comunicar\u00e1 con usted directamente para realizar una entrevista telef\u00f3nica y discutir los pr\u00f3ximos pasos. Las entrevistas con el gerente de contrataci\u00f3n y\/o los miembros del equipo de entrevistas pueden realizarse por tel\u00e9fono, video o en persona. Despu\u00e9s de cada ronda de entrevistas, se le notificar\u00e1 el estado de su solicitud.<\/p>\n\n\n\n<p>Nuestras entrevistas siguen un marco de entrevistas basado en el comportamiento, con un fuerte enfoque en las personas y en el desarrollo de talento de alto rendimiento. Para m\u00e1s sugerencias sobre c\u00f3mo prepararse para la entrevista, <a href=\"https:\/\/www.themuse.com\/advice\/star-interview-method\" rel=\"nofollow noopener\" target=\"_blank\">Este art\u00edculo<\/a> hace un gran trabajo resumiendo.<\/p>\n\n\n\n<h2 class=\"wp-block-heading has-medium-font-size\" id=\"h-does-flex-offer-visas-or-work-permits\" style=\"font-weight:600\">\u00bfFlex ofrece visas o permisos de trabajo?<\/h2>\n\n\n\n<p>El patrocinio de permisos de trabajo puede no estar autorizado en todos los pa\u00edses, por lo que lo evaluamos caso por caso. Le sugerimos hablar con su reclutador para obtener m\u00e1s informaci\u00f3n.<\/p>\n\n\n\n<h2 class=\"wp-block-heading has-medium-font-size\" id=\"h-how-can-i-improve-my-chances-of-standing-out-during-the-application-process\" style=\"font-weight:600\">\u00bfC\u00f3mo puedo mejorar mis posibilidades de destacar durante el proceso de solicitud? <\/h2>\n\n\n\n<p>Aseg\u00farese de que su curr\u00edculum y su informaci\u00f3n de contacto est\u00e9n actualizados y personalizados para el puesto que est\u00e1 solicitando. Demuestre sus habilidades y logros pasados de forma clara y concisa. <strong>Tenga en cuenta:<\/strong> Los reclutadores de Flex revisan todas las solicitudes y no toman ninguna decisi\u00f3n de selecci\u00f3n o contrataci\u00f3n utilizando Inteligencia Artificial.<\/p>\n\n\n\n<h2 class=\"wp-block-heading has-medium-font-size\" id=\"h-how-do-i-know-that-i-ve-been-contacted-by-a-flex-recruiter-and-not-by-someone-posing-as-one\" style=\"font-weight:600\">\u00bfC\u00f3mo s\u00e9 que me ha contactado un reclutador Flex y no alguien que se hace pasar por tal?<\/h2>\n\n\n\n<p>El fraude en la contrataci\u00f3n est\u00e1 aumentando y somos conscientes de ello. Tenga en cuenta que los reclutadores de Flex nunca utilizar\u00e1n una direcci\u00f3n de correo electr\u00f3nico gratuita como Yahoo, Live, Hotmail o Gmail. Tenga cuidado si el mensaje no est\u00e1 dirigido a usted personalmente y si el contenido est\u00e1 lleno de errores gramaticales y ortogr\u00e1ficos. Adem\u00e1s, toda la b\u00fasqueda de oportunidades se realiza a trav\u00e9s de nuestro equipo de contrataci\u00f3n, no por nuestros ejecutivos. Por favor refi\u00e9rase a <a href=\"https:\/\/flex.com\/es\/careers\/recruitment-fraud-notice\/\">esta p\u00e1gina<\/a> si sospecha que ha sido objeto de fraude de contrataci\u00f3n en nombre de Flex. Para ver nuestra Declaraci\u00f3n de privacidad Flex, <a href=\"https:\/\/flex.com\/es\/company\/policies\/privacy-policy\/\">haga clic aqu\u00ed.<\/a><\/p>\n\n\n\t\t<\/div>\n\t<\/div>\n<\/div>\n\n\n<div class=\"spacer block\" style=\"height: 24px;\">\n\t<\/div>","protected":false},"excerpt":{"rendered":"","protected":false},"author":3,"featured_media":0,"parent":35,"menu_order":0,"comment_status":"closed","ping_status":"closed","template":"","meta":{"_acf_changed":false,"_searchwp_excluded":"","inline_featured_image":false,"footnotes":""},"categories":[54],"class_list":["post-10693","page","type-page","status-publish","hentry","category-life-at-flex"],"acf":[],"_links":{"self":[{"href":"https:\/\/flex.com\/es\/wp-json\/wp\/v2\/pages\/10693","targetHints":{"allow":["GET"]}}],"collection":[{"href":"https:\/\/flex.com\/es\/wp-json\/wp\/v2\/pages"}],"about":[{"href":"https:\/\/flex.com\/es\/wp-json\/wp\/v2\/types\/page"}],"author":[{"embeddable":true,"href":"https:\/\/flex.com\/es\/wp-json\/wp\/v2\/users\/3"}],"replies":[{"embeddable":true,"href":"https:\/\/flex.com\/es\/wp-json\/wp\/v2\/comments?post=10693"}],"version-history":[{"count":10,"href":"https:\/\/flex.com\/es\/wp-json\/wp\/v2\/pages\/10693\/revisions"}],"predecessor-version":[{"id":22278,"href":"https:\/\/flex.com\/es\/wp-json\/wp\/v2\/pages\/10693\/revisions\/22278"}],"up":[{"embeddable":true,"href":"https:\/\/flex.com\/es\/wp-json\/wp\/v2\/pages\/35"}],"wp:attachment":[{"href":"https:\/\/flex.com\/es\/wp-json\/wp\/v2\/media?parent=10693"}],"wp:term":[{"taxonomy":"category","embeddable":true,"href":"https:\/\/flex.com\/es\/wp-json\/wp\/v2\/categories?post=10693"}],"curies":[{"name":"gracias","href":"https:\/\/api.w.org\/{rel}","templated":true}]}}