{"id":9770,"date":"2023-01-20T21:57:00","date_gmt":"2023-01-20T21:57:00","guid":{"rendered":"https:\/\/flex.com\/?page_id=9770"},"modified":"2023-08-01T17:07:27","modified_gmt":"2023-08-01T17:07:27","slug":"ethics-and-governance","status":"publish","type":"page","link":"https:\/\/flex.com\/de\/company\/ethics-and-governance","title":{"rendered":"Ethik und Governance"},"content":{"rendered":"<div id=\"block_b8ad05ea0ab28ca31a84955126c2dda6\" class=\"header block dark-content\" style=\"background-color: #eaeef4;\">\n\t\t<div class=\"container\">\n\t\t<div class=\"content\" style=\"max-width: px;\">\n\t\t\t\n\n<h1 class=\"wp-block-heading\" id=\"h-ethics-and-governance\">Ethik und Governance<\/h1>\n\n\n\t\t<\/div>\n\t<\/div>\n\t<script>\n\t\tlet id = \"#block_b8ad05ea0ab28ca31a84955126c2dda6\";\n\n\t\t(function ($) {\n\n\t\t\t$(id + \" .content h1\").addClass(\"fade-in\");\n\t\t\t$(id + \" .content h2\").addClass(\"fade-in\");\n\t\t\t$(id + \" .content p\").addClass(\"fade-in\");\n\t\t\t\/\/ Fade in the content\n\n\t\t\t\/\/ Fade in the background image\n\t\t\tif ($(id).children(\".background-image\").length > 0) {\n\t\t\t\tvar image = new Image();\n\t\t\t\timage.onload = function () {\n\t\t\t\t\t$(id).children(\".background-image\").addClass(\"visible\");\n\t\t\t\t\t$(id).children(\".container\").addClass(\"visible\");\n\t\t\t\t};\n\t\t\t\timage.src = \"\";\n\t\t\t} else {\n\t\t\t\t$(id).children(\".container\").addClass(\"visible\");\n\t\t\t}\n\t\t})(jQuery);\n\n\t\twindow.addEventListener('DOMContentLoaded', () => {\n\t\t\tScrollReveal().reveal(id + \" .fade-in\", {origin: \"left\", distance: \"24px\", interval: 100});\n\t\t});\n\t<\/script>\n<\/div>\n\n<div id=\"id-69db91dab18ac\" class=\"box block full-width dark-content de\" style=\"background-color: #ffffffff; background-image: none;\">\n\t<style>\n\t\t#id-69db91dab18ac > .container > .content {\n\t\t\tbackground-color: #ffffffff;\n\t\t\tposition: relative;\n\t\t\tpadding-top: 48px;\n\t\t\tpadding-right: 0px;\n\t\t\tpadding-bottom: 96px;\n\t\t\tpadding-left: 0px;\n\t\t\tmargin-left: 0px;\n\t\t\tmargin-right: 0px;\n\t\t}\n\t\t@media (max-width: 1272px) {\n\t\t\t#id-69db91dab18ac.box.block.full-width > .container > .content {\n\t\t\t\tpadding-left: 0 !important;\n\t\t\t\tpadding-right: 0 !important;\n\t\t\t\tmargin: 0 !important;\n\t\t\t}\n\t\t}\n\t\t@media (max-width: 960px) {\n\t\t\t#id-69db91dab18ac > .container > .content {\n\t\t\t\t\/\/padding-top: 24px;\n\t\t\t\tpadding-right: 0px;\n\t\t\t\t\/\/padding-bottom: 48px;\n\t\t\t\tpadding-left: 0px;\n\t\t\t}\n\t\t}\n\t<\/style>\n\t<div class=\"container\">\n\t\t<div class=\"content\">\n\t\t\t\n\n<p>Unser Verhaltenskodex f\u00fcr Unternehmen und Ethik (\u201eVerhaltenskodex\u201c) fasst diese Verpflichtung in Grunds\u00e4tze, Standards und Verantwortlichkeiten zusammen, die unser Verhalten und unsere Entscheidungsfindung leiten. Der <a href=\"https:\/\/codeofconduct.flex.com\/\">Verhaltenskodex<\/a> verbietet unethisches Verhalten wie Interessenkonflikte, Schmiergelder, Bestechung, Betrug, unzul\u00e4ssige Buchf\u00fchrung und die unangemessene Verwendung von Unternehmensverm\u00f6gen oder -geldern. Es verlangt die Einhaltung der Gesetze der L\u00e4nder, in denen wir gesch\u00e4ftlich t\u00e4tig sind. Es erfordert au\u00dferdem den Schutz vertraulicher Informationen und geistigen Eigentums, die Auswahl von Lieferanten gem\u00e4\u00df festgelegten Gesch\u00e4ftskriterien und die strikte Einhaltung aller Anforderungen an die \u00f6ffentliche Berichterstattung.<\/p>\n\n\n\n<h2 class=\"wp-block-heading has-medium-font-size\" style=\"font-weight:600\">Gesch\u00e4ftspraktiken<\/h2>\n\n\n\n<p>Unser Corporate Compliance-Programm hilft uns, unser Engagement f\u00fcr Ethik und Integrit\u00e4t in unsere t\u00e4glichen Gesch\u00e4ftspraktiken zu integrieren. Globale Teams in 15 wichtigen Compliance-Bereichen sorgen daf\u00fcr, dass unsere Mitarbeiter in den f\u00fcr ihre Arbeit relevanten regulatorischen Anforderungen und Compliance-Verfahren geschult werden, sodass Compliance ein integraler Bestandteil unserer t\u00e4glichen Aktivit\u00e4ten wird. Wir \u00fcberwachen und bewerten die Einhaltung regulatorischer Anforderungen und gehen jedem Vorwurf der Nichteinhaltung nach. Wenn Probleme erkannt werden, f\u00fchren wir eine Ursachenanalyse durch und \u00e4ndern interne Kontrollen, um ein erneutes Auftreten zu verhindern. Wir verfolgen unsere Compliance-Leistung und berichten unserem F\u00fchrungsteam und dem Pr\u00fcfungsausschuss unseres Vorstands viertelj\u00e4hrlich \u00fcber den Fortschritt.<\/p>\n\n\n\n<h2 class=\"wp-block-heading has-medium-font-size\" style=\"font-weight:600\">Ethik und Compliance<\/h2>\n\n\n\n<p>Das Corporate Compliance Program von Flex verkn\u00fcpft Compliance-bezogene Aktivit\u00e4ten und Teams durch ein gemeinsames Managementsystem, das Verst\u00f6\u00dfe gegen gesetzliche Anforderungen verhindern soll. Das Programm wird von einem Rat aus Compliance-Direktoren geleitet, die Fachexperten in bestimmten Bereichen der Einhaltung gesetzlicher Vorschriften sind. Jeder Compliance-Direktor ist in seinem spezifischen Bereich der Einhaltung gesetzlicher Vorschriften f\u00fcr ein internes Kontrollsystem verantwortlich, das schriftliche Richtlinien und Verfahren, Schulungen, \u00dcberwachung und Bewertung umfasst.<\/p>\n\n\n\n<h2 class=\"wp-block-heading has-medium-font-size\" style=\"font-weight:600\">Verhaltens- und Ethikkodex im Gesch\u00e4ftsleben: anonyme Meldung<\/h2>\n\n\n\n<p>Die Ethik-Hotline Flex steht allen Mitarbeitern, Lieferanten, Kunden, Investoren und anderen Interessenvertretern weltweit zur Verf\u00fcgung, die mutma\u00dfliche Verst\u00f6\u00dfe gegen den Verhaltenskodex melden m\u00f6chten. Meldungen k\u00f6nnen entweder durch einen Anruf bei dieser anonymen, geb\u00fchrenfreien Hotline oder durch Online-Einreichung erfolgen. Die Ethik-Hotline ist 24 Stunden am Tag, jeden Tag des Jahres und in mehreren Sprachen verf\u00fcgbar. Siehe die Liste der&nbsp;<a href=\"https:\/\/secure.ethicspoint.com\/domain\/media\/en\/gui\/17667\/index.html\" target=\"_blank\" rel=\"noreferrer noopener nofollow\">geb\u00fchrenfreie Nummern<\/a>.<\/p>\n\n\n\n<p>Die Ethik-Hotline erm\u00f6glicht es Flex, ethische Probleme zu erkennen und zu untersuchen, sie verantwortungsvoll zu handhaben und Ma\u00dfnahmen zu ergreifen, um \u00e4hnliche Probleme in Zukunft zu verhindern. Alle Berichte werden von unserem internen Revisionsteam untersucht, das bei Bedarf mit Compliance-Fachexperten und der Rechtsabteilung des Unternehmens zusammenarbeitet.<\/p>\n\n\n<div id=\"block_bd868c670e061b1a21e818e0f006c589\" class=\"button block\">\n\t<div class=\"container left\">\n\t\t\t\t\t\t<a title=\"Den Verhaltenskodex Flex ansehen\" href=\"https:\/\/codeofconduct.flex.com\/\" target=\"\" class=\"btn-link\">\n\t\t\tDen Verhaltenskodex Flex ansehen\t\t\t<div class=\"long-arrow\">\n\t\t\t\t<svg version=\"1.1\" xmlns=\"http:\/\/www.w3.org\/2000\/svg\" xmlns:xlink=\"http:\/\/www.w3.org\/1999\/xlink\" x=\"0px\" y=\"0px\" viewbox=\"0 0 19.9 9.9\" xml:space=\"preserve\">\n\t\t\t\t\t<polygon points=\"15.5,0 14.5,0.9 17.4,4.3 0,4.3 0,5.7 17.4,5.7 14.5,9 15.5,9.9 19.9,5 \"\/>\n\t\t\t\t<\/svg>\n\t\t\t\t<div class=\"line\"><\/div>\n\t\t\t<\/div>\n\t\t<\/a>\n\t\t\t<\/div>\n\t<script>\n\t\twindow.addEventListener('DOMContentLoaded', () => {\n\t\t\t(function ($) {\n\t\t\t\t\/\/ Get the block ID\n\t\t\t\tvar id = \"#block_bd868c670e061b1a21e818e0f006c589\";\n\t\t\t\t\/\/ Reveal the block\n\t\t\t\tScrollReveal().reveal(id + \" .btn-link\", {origin: \"bottom\", distance: \"20px\", duration: 1000});\n\t\t\t}(jQuery));\n\t\t});\n\t<\/script>\n<\/div>\n\n\t\t<\/div>\n\t<\/div>\n<\/div>","protected":false},"excerpt":{"rendered":"","protected":false},"author":3,"featured_media":2177,"parent":33,"menu_order":0,"comment_status":"closed","ping_status":"closed","template":"","meta":{"_acf_changed":false,"_searchwp_excluded":"","inline_featured_image":false,"footnotes":""},"categories":[34],"class_list":["post-9770","page","type-page","status-publish","has-post-thumbnail","hentry","category-corporate"],"acf":[],"_links":{"self":[{"href":"https:\/\/flex.com\/de\/wp-json\/wp\/v2\/pages\/9770","targetHints":{"allow":["GET"]}}],"collection":[{"href":"https:\/\/flex.com\/de\/wp-json\/wp\/v2\/pages"}],"about":[{"href":"https:\/\/flex.com\/de\/wp-json\/wp\/v2\/types\/page"}],"author":[{"embeddable":true,"href":"https:\/\/flex.com\/de\/wp-json\/wp\/v2\/users\/3"}],"replies":[{"embeddable":true,"href":"https:\/\/flex.com\/de\/wp-json\/wp\/v2\/comments?post=9770"}],"version-history":[{"count":18,"href":"https:\/\/flex.com\/de\/wp-json\/wp\/v2\/pages\/9770\/revisions"}],"predecessor-version":[{"id":16397,"href":"https:\/\/flex.com\/de\/wp-json\/wp\/v2\/pages\/9770\/revisions\/16397"}],"up":[{"embeddable":true,"href":"https:\/\/flex.com\/de\/wp-json\/wp\/v2\/pages\/33"}],"wp:featuredmedia":[{"embeddable":true,"href":"https:\/\/flex.com\/de\/wp-json\/wp\/v2\/media\/2177"}],"wp:attachment":[{"href":"https:\/\/flex.com\/de\/wp-json\/wp\/v2\/media?parent=9770"}],"wp:term":[{"taxonomy":"category","embeddable":true,"href":"https:\/\/flex.com\/de\/wp-json\/wp\/v2\/categories?post=9770"}],"curies":[{"name":"wp","href":"https:\/\/api.w.org\/{rel}","templated":true}]}}