{"id":8425,"date":"2023-01-13T15:17:42","date_gmt":"2023-01-13T15:17:42","guid":{"rendered":"https:\/\/flex.com\/?page_id=8425"},"modified":"2023-05-26T15:54:04","modified_gmt":"2023-05-26T15:54:04","slug":"recruitment-fraud-notice","status":"publish","type":"page","link":"https:\/\/flex.com\/de\/careers\/recruitment-fraud-notice","title":{"rendered":"Hinweis zu Rekrutierungsbetrug"},"content":{"rendered":"<div id=\"block_bcf1e51129d31d8ef199563d64bd7d3d\" class=\"header block dark-content\" style=\"background-color: #eaeef4;\">\n\t\t<div class=\"container\">\n\t\t<div class=\"content\" style=\"max-width: px;\">\n\t\t\t\n\n<h1 class=\"wp-block-heading\" id=\"h-recruitment-fraud-notice-1\">Hinweis zu Rekrutierungsbetrug<\/h1>\n\n\n\t\t<\/div>\n\t<\/div>\n\t<script>\n\t\tlet id = \"#block_bcf1e51129d31d8ef199563d64bd7d3d\";\n\n\t\t(function ($) {\n\n\t\t\t$(id + \" .content h1\").addClass(\"fade-in\");\n\t\t\t$(id + \" .content h2\").addClass(\"fade-in\");\n\t\t\t$(id + \" .content p\").addClass(\"fade-in\");\n\t\t\t\/\/ Fade in the content\n\n\t\t\t\/\/ Fade in the background image\n\t\t\tif ($(id).children(\".background-image\").length > 0) {\n\t\t\t\tvar image = new Image();\n\t\t\t\timage.onload = function () {\n\t\t\t\t\t$(id).children(\".background-image\").addClass(\"visible\");\n\t\t\t\t\t$(id).children(\".container\").addClass(\"visible\");\n\t\t\t\t};\n\t\t\t\timage.src = \"\";\n\t\t\t} else {\n\t\t\t\t$(id).children(\".container\").addClass(\"visible\");\n\t\t\t}\n\t\t})(jQuery);\n\n\t\twindow.addEventListener('DOMContentLoaded', () => {\n\t\t\tScrollReveal().reveal(id + \" .fade-in\", {origin: \"left\", distance: \"24px\", interval: 100});\n\t\t});\n\t<\/script>\n<\/div>\n\n<div class=\"spacer block\" style=\"height: 48px;\">\n\t<\/div>\n\n<div id=\"id-69e59c8890f95\" class=\"columns block\">\n\t<style>\n\t\t#id-69e59c8890f95 .column, #id-69e59c8890f95 .wp-block-acf-column {\n\t\t\tpadding: 0 18px;\n\t\t}\n\t\t\n\t\t#id-69e59c8890f95 > .container.show-rules .column+.column, #id-69e59c8890f95 > .container.show-rules .wp-block-acf-column+.wp-block-acf-column {\n\t\t\tborder-color: rgba(38, 38, 38, 0.2);\n\t\t}\n\t\t\n\t\t#id-69e59c8890f95 .column, #id-69e59c8890f95 .wp-block-acf-column {\n\t\t\t.code.block {\n\t\t\t\t.container {\n\t\t\t\t\t.tagembed-widget {\n\t\t\t\t\t\tmax-width: 600px;\n\t\t\t\t\t}\n\t\t\t\t}\n\t\t\t}\n\t\t}\n\t\t\n\t\t@media (max-width: 1272px) {\n\t\t\t#id-69e59c8890f95 > .container {\n\t\t\t\tdisplay: block;\n\t\t\t\tmax-width: 600px;\n\t\t\t}\n\t\t}\n\t\t@media (max-width: 1272px) {\n\t\t\t#id-69e59c8890f95 > .container > .column, #id-69e59c8890f95 > .container > .wp-block-acf-column {\n\t\t\t\tpadding: 36px 0 0 0 !important;\n\t\t\t}\n\t\t}\n\t\t@media (max-width: 1272px) {\n\t\t\t#id-69e59c8890f95 > .container > .column:first-child, #id-69e59c8890f95 > .container > .wp-block-acf-column:first-child {\n\t\t\t\tpadding: 0 !important;\n\t\t\t}\n\t\t}\n\t\t@media (max-width: 1272px) {\n\t\t\t#id-69e59c8890f95 > .container.show-rules .column+.column, #id-69e59c8890f95 > .container.show-rules .wp-block-acf-column+.wp-block-acf-column {\n\t\t\t\tborder-left: none;\n\t\t\t\tborder-top: 1px solid rgba(38, 38, 38, 0.2);\n\t\t\t\tpadding: 30px 0 0 0 !important;\n\t\t\t\tmargin-top: 30px;\n\t\t\t}\n\t\t}\n\t<\/style>\n\t<div class=\"container align-top\">\n\t\t\n<div class=\"column block\">\n\t\n\n<p class=\"has-dark-gray-color has-text-color\">Wir wurden k\u00fcrzlich auf einige Versuche von Betr\u00fcgern aufmerksam gemacht, die vorgeblich Vorstellungsgespr\u00e4che und Angebote f\u00fcr potenzielle Kandidaten arrangiert oder sich als F\u00fchrungskr\u00e4fte von Flex ausgegeben haben, um Kandidaten anzuwerben.<\/p>\n\n\n\n<p class=\"has-dark-gray-color has-text-color\">W\u00e4hrend unseres Rekrutierungsprozesses hat Flex&nbsp;<strong>wird nicht<\/strong>:&nbsp;<\/p>\n\n\n\n<ul class=\"has-dark-gray-color has-text-color wp-block-list\">\n<li>Bitten Sie um Geld<\/li>\n\n\n\n<li>Bieten Sie an, Ihnen vor der Ausf\u00fchrung der Arbeiten einen Scheck zu schicken<\/li>\n\n\n\n<li>Sie m\u00fcssen vertrauliche pers\u00f6nliche Informationen angeben, beispielsweise Ihren F\u00fchrerschein oder Ihre Sozialversicherungsnummer (dies geschieht sp\u00e4ter in unserem Prozess)<\/li>\n\n\n\n<li>Nutzen Sie unsere F\u00fchrungskr\u00e4fte, um Sie direkt f\u00fcr einen Job anzuwerben und zu kontaktieren, insbesondere wenn sie Sie nicht kennen<\/li>\n\n\n\n<li>Senden Sie E-Mails von kostenlosen E-Mail-Konten wie Yahoo, Gmail, Hotmail, WhatsApp, WeChat und anderen.&nbsp;<\/li>\n<\/ul>\n\n\n\n<h2 class=\"has-dark-gray-color has-text-color has-medium-font-size wp-block-heading\" id=\"h-keeping-your-information-safe-and-secure-is-our-main-priority\" style=\"font-weight:600\">Die Sicherheit Ihrer Daten hat f\u00fcr uns oberste Priorit\u00e4t.<\/h2>\n\n\n\n<p class=\"has-dark-gray-color has-text-color\">Wenn Sie glauben, dass bei Ihrer Kandidatur bei Flex eines dieser Szenarien auf Sie zutrifft, melden Sie es bitte an:&nbsp;<a href=\"mailto:flex.hr@flex.com\">flex.hr@flex.com<\/a>.<\/p>\n\n\n<\/div>\n\n\t<\/div>\n<\/div>\n\n<div class=\"spacer block\" style=\"height: 96px;\">\n\t<\/div>","protected":false},"excerpt":{"rendered":"","protected":false},"author":3,"featured_media":0,"parent":35,"menu_order":0,"comment_status":"closed","ping_status":"closed","template":"","meta":{"_acf_changed":false,"_searchwp_excluded":"","inline_featured_image":false,"footnotes":""},"categories":[54],"class_list":["post-8425","page","type-page","status-publish","hentry","category-life-at-flex"],"acf":[],"_links":{"self":[{"href":"https:\/\/flex.com\/de\/wp-json\/wp\/v2\/pages\/8425","targetHints":{"allow":["GET"]}}],"collection":[{"href":"https:\/\/flex.com\/de\/wp-json\/wp\/v2\/pages"}],"about":[{"href":"https:\/\/flex.com\/de\/wp-json\/wp\/v2\/types\/page"}],"author":[{"embeddable":true,"href":"https:\/\/flex.com\/de\/wp-json\/wp\/v2\/users\/3"}],"replies":[{"embeddable":true,"href":"https:\/\/flex.com\/de\/wp-json\/wp\/v2\/comments?post=8425"}],"version-history":[{"count":4,"href":"https:\/\/flex.com\/de\/wp-json\/wp\/v2\/pages\/8425\/revisions"}],"predecessor-version":[{"id":14046,"href":"https:\/\/flex.com\/de\/wp-json\/wp\/v2\/pages\/8425\/revisions\/14046"}],"up":[{"embeddable":true,"href":"https:\/\/flex.com\/de\/wp-json\/wp\/v2\/pages\/35"}],"wp:attachment":[{"href":"https:\/\/flex.com\/de\/wp-json\/wp\/v2\/media?parent=8425"}],"wp:term":[{"taxonomy":"category","embeddable":true,"href":"https:\/\/flex.com\/de\/wp-json\/wp\/v2\/categories?post=8425"}],"curies":[{"name":"wp","href":"https:\/\/api.w.org\/{rel}","templated":true}]}}