{"id":7656,"date":"2023-01-10T22:22:21","date_gmt":"2023-01-10T22:22:21","guid":{"rendered":"https:\/\/flex.com\/?page_id=7656"},"modified":"2026-03-05T11:20:48","modified_gmt":"2026-03-05T17:20:48","slug":"reports-and-disclosures","status":"publish","type":"page","link":"https:\/\/flex.com\/de\/company\/sustainability\/reports-and-disclosures","title":{"rendered":"Berichte und Offenlegungen"},"content":{"rendered":"<div id=\"block_f78e1d19be1bfde24f7758423e4870c1\" class=\"header block light-content\" style=\"background-color: #005486;\">\n\t\t<div class=\"container\">\n\t\t<div class=\"content\" style=\"max-width: px;\">\n\t\t\t\n\n<h1 class=\"wp-block-heading has-x-large-font-size\" id=\"h-reports-and-disclosures\">Berichte und Offenlegungen<\/h1>\n\n\n\t\t<\/div>\n\t<\/div>\n\t<script>\n\t\tlet id = \"#block_f78e1d19be1bfde24f7758423e4870c1\";\n\n\t\t(function ($) {\n\n\t\t\t$(id + \" .content h1\").addClass(\"fade-in\");\n\t\t\t$(id + \" .content h2\").addClass(\"fade-in\");\n\t\t\t$(id + \" .content p\").addClass(\"fade-in\");\n\t\t\t\/\/ Fade in the content\n\n\t\t\t\/\/ Fade in the background image\n\t\t\tif ($(id).children(\".background-image\").length > 0) {\n\t\t\t\tvar image = new Image();\n\t\t\t\timage.onload = function () {\n\t\t\t\t\t$(id).children(\".background-image\").addClass(\"visible\");\n\t\t\t\t\t$(id).children(\".container\").addClass(\"visible\");\n\t\t\t\t};\n\t\t\t\timage.src = \"\";\n\t\t\t} else {\n\t\t\t\t$(id).children(\".container\").addClass(\"visible\");\n\t\t\t}\n\t\t})(jQuery);\n\n\t\twindow.addEventListener('DOMContentLoaded', () => {\n\t\t\tScrollReveal().reveal(id + \" .fade-in\", {origin: \"left\", distance: \"24px\", interval: 100});\n\t\t});\n\t<\/script>\n<\/div>\n\n<div id=\"id-69f0af9c3f8f9\" class=\"box block full-width dark-content de\" style=\"background-color: #ffffffff; background-image: none;\">\n\t<style>\n\t\t#id-69f0af9c3f8f9 > .container > .content {\n\t\t\tbackground-color: #ffffffff;\n\t\t\tposition: relative;\n\t\t\tpadding-top: 48px;\n\t\t\tpadding-right: 0px;\n\t\t\tpadding-bottom: 48px;\n\t\t\tpadding-left: 0px;\n\t\t\tmargin-left: 0px;\n\t\t\tmargin-right: 0px;\n\t\t}\n\t\t@media (max-width: 1272px) {\n\t\t\t#id-69f0af9c3f8f9.box.block.full-width > .container > .content {\n\t\t\t\tpadding-left: 0 !important;\n\t\t\t\tpadding-right: 0 !important;\n\t\t\t\tmargin: 0 !important;\n\t\t\t}\n\t\t}\n\t\t@media (max-width: 960px) {\n\t\t\t#id-69f0af9c3f8f9 > .container > .content {\n\t\t\t\t\/\/padding-top: 24px;\n\t\t\t\tpadding-right: 0px;\n\t\t\t\t\/\/padding-bottom: 24px;\n\t\t\t\tpadding-left: 0px;\n\t\t\t}\n\t\t}\n\t<\/style>\n\t<div class=\"container\">\n\t\t<div class=\"content\">\n\t\t\t\n\n<h2 class=\"wp-block-heading has-medium-font-size\" id=\"h-transparently-reporting-our-progress\" style=\"font-weight:600\">Transparente Berichterstattung \u00fcber unsere Fortschritte<\/h2>\n\n\n\n<p>Unsere <a href=\"https:\/\/flex.com\/de\/company\/sustainability\/\">F\u00f6rderung der Nachhaltigkeit<\/a> Dazu geh\u00f6rt eine klare und einheitliche Kommunikation \u00fcber unsere Ziele, Aktivit\u00e4ten, Leistungen und Ergebnisse. Wir laden Sie ein, unsere j\u00e4hrlichen Nachhaltigkeitsberichte der vergangenen Jahre sowie unser Nachhaltigkeits-Factsheet und die CDP-Offenlegungen zu Wasser und Klimawandel einzusehen.&nbsp;<\/p>\n\n\n\n<p>Wir freuen uns \u00fcber Feedback zu unseren Aktivit\u00e4ten und Leistungen. Wenn Sie uns Ihre Meinung mitteilen m\u00f6chten, wenden Sie sich bitte per E-Mail an unser Nachhaltigkeitsteam: <a href=\"mailto:sustainability.feedback@flex.com\" target=\"_blank\" rel=\"noreferrer noopener\">sustainability.feedback@flex.com<\/a>.&nbsp;<\/p>\n\n\n<div class=\"spacer block\" style=\"height: 24px;\">\n\t<\/div>\n\n<div id=\"id-69f0af9c3e0f0\" class=\"box block content-width dark-content de\" style=\"background-color: transparent; background-image: none;\">\n\t<style>\n\t\t#id-69f0af9c3e0f0 > .container > .content {\n\t\t\tbackground-color: #eaeef4ff;\n\t\t\tposition: relative;\n\t\t\tpadding-top: 48px;\n\t\t\tpadding-right: 36px;\n\t\t\tpadding-bottom: 48px;\n\t\t\tpadding-left: 36px;\n\t\t\tmargin-left: 0px;\n\t\t\tmargin-right: 0px;\n\t\t}\n\t\t@media (max-width: 1272px) {\n\t\t\t#id-69f0af9c3e0f0.box.block.full-width > .container > .content {\n\t\t\t\tpadding-left: 0 !important;\n\t\t\t\tpadding-right: 0 !important;\n\t\t\t\tmargin: 0 !important;\n\t\t\t}\n\t\t}\n\t\t@media (max-width: 960px) {\n\t\t\t#id-69f0af9c3e0f0 > .container > .content {\n\t\t\t\t\/\/padding-top: 24px;\n\t\t\t\tpadding-right: 18px;\n\t\t\t\t\/\/padding-bottom: 24px;\n\t\t\t\tpadding-left: 18px;\n\t\t\t}\n\t\t}\n\t<\/style>\n\t<div class=\"container\">\n\t\t<div class=\"content\">\n\t\t\t\n<div id=\"id-69f0af9c346f8\" class=\"columns block\">\n\t<style>\n\t\t#id-69f0af9c346f8 .column, #id-69f0af9c346f8 .wp-block-acf-column {\n\t\t\tpadding: 0 30px;\n\t\t}\n\t\t\n\t\t#id-69f0af9c346f8 > .container.show-rules .column+.column, #id-69f0af9c346f8 > .container.show-rules .wp-block-acf-column+.wp-block-acf-column {\n\t\t\tborder-color: rgba(38, 38, 38, 1);\n\t\t}\n\t\t\n\t\t#id-69f0af9c346f8 .column, #id-69f0af9c346f8 .wp-block-acf-column {\n\t\t\t.code.block {\n\t\t\t\t.container {\n\t\t\t\t\t.tagembed-widget {\n\t\t\t\t\t\tmax-width: 600px;\n\t\t\t\t\t}\n\t\t\t\t}\n\t\t\t}\n\t\t}\n\t\t\n\t\t@media (max-width: 1272px) {\n\t\t\t#id-69f0af9c346f8 > .container {\n\t\t\t\tdisplay: block;\n\t\t\t\tmax-width: 600px;\n\t\t\t}\n\t\t}\n\t\t@media (max-width: 1272px) {\n\t\t\t#id-69f0af9c346f8 > .container > .column, #id-69f0af9c346f8 > .container > .wp-block-acf-column {\n\t\t\t\tpadding: 36px 0 0 0 !important;\n\t\t\t}\n\t\t}\n\t\t@media (max-width: 1272px) {\n\t\t\t#id-69f0af9c346f8 > .container > .column:first-child, #id-69f0af9c346f8 > .container > .wp-block-acf-column:first-child {\n\t\t\t\tpadding: 0 !important;\n\t\t\t}\n\t\t}\n\t\t@media (max-width: 1272px) {\n\t\t\t#id-69f0af9c346f8 > .container.show-rules .column+.column, #id-69f0af9c346f8 > .container.show-rules .wp-block-acf-column+.wp-block-acf-column {\n\t\t\t\tborder-left: none;\n\t\t\t\tborder-top: 1px solid rgba(38, 38, 38, 1);\n\t\t\t\tpadding: 30px 0 0 0 !important;\n\t\t\t\tmargin-top: 30px;\n\t\t\t}\n\t\t}\n\t<\/style>\n\t<div class=\"container align-top show-rules\">\n\t\t\n<div class=\"column block\">\n\t\n\n<h2 class=\"wp-block-heading has-text-align-center has-flex-blue-color has-text-color\" id=\"h-43\" style=\"font-weight:600\">43%<\/h2>\n\n\n\n<p class=\"has-text-align-center has-medium-font-size\">Reduzierung der absoluten Treibhausgasemissionen (THG) der Bereiche 1 und 2 im Jahr 2024 gegen\u00fcber dem Basisjahr 2019<span class=\"has-small-font-size\"><sup>1<\/sup><\/span><\/p>\n\n\n<\/div>\n\n<div class=\"column block\">\n\t\n\n<h2 class=\"wp-block-heading has-text-align-center has-flex-blue-color has-text-color\" id=\"h-100\" style=\"font-weight:600\">100%<\/h2>\n\n\n\n<p class=\"has-text-align-center\">Bis 2024 sollen an unseren Standorten mit 1.000 oder mehr Mitarbeitern Partnerschaften mit einer lokalen Nichtregierungsorganisation eingegangen sein.&nbsp;<\/p>\n\n\n<\/div>\n\n<div class=\"column block\">\n\t\n\n<h2 class=\"wp-block-heading has-text-align-center has-flex-blue-color has-text-color\" id=\"h-10\" style=\"font-weight:600\">10%<\/h2>\n\n\n\n<p class=\"has-text-align-center\">R\u00fcckgang der Sicherheitsvorfallrate im Vergleich zum Vorjahr im Jahr 2024&nbsp;<\/p>\n\n\n<\/div>\n\n<div class=\"column block\">\n\t\n\n<h2 class=\"wp-block-heading has-text-align-center has-flex-blue-color has-text-color\" id=\"h-100-0\" style=\"font-weight:600\">100%<\/h2>\n\n\n\n<p class=\"has-text-align-center\">Unsere Mitarbeiter hatten im Jahr 2024 Zugang zu Programmen f\u00fcr emotionale\/psychische Gesundheit.&nbsp;<\/p>\n\n\n<\/div>\n\n<div class=\"column block\">\n\t\n\n<h2 class=\"wp-block-heading has-text-align-center has-flex-blue-color has-text-color\" id=\"h-100-1\" style=\"font-weight:600\">100%<\/h2>\n\n\n\n<p class=\"has-text-align-center\">bestimmte Kunden<span class=\"has-small-font-size\"><sup>2<\/sup><\/span> Sie enthielten wissenschaftlich fundierte Ziele, die uns unserem Ziel f\u00fcr 2025 n\u00e4herbrachten.<\/p>\n\n\n<\/div>\n\n\t<\/div>\n<\/div>\n\n\t\t<\/div>\n\t<\/div>\n<\/div>\n\n\n<div class=\"spacer block\" style=\"height: 24px;\">\n\t<\/div>\n\n\n<p class=\"font-size-12 has-small-font-size\"><sup>1<\/sup> &nbsp;Die Zielgrenze umfasst biogene Emissionen und die Aufnahme aus Bioenergierohstoffen. Absolute marktbasierte Emissionen der Bereiche 1 und 2.<br><sup>2<\/sup> Die Fortschritte basieren auf unserer Zusage, dass 701 TP34T unserer Kunden (gemessen an den Emissionen aus gekauften Waren und Dienstleistungen, Investitionsg\u00fctern und der Nutzung verkaufter Produkte) bis 2025 wissenschaftlich fundierte Ziele verfolgen werden. Diese Zielsetzung wurde im Kalenderjahr 2019 festgelegt. Die Auswahl der Kunden mit den h\u00f6chsten Emissionen wurde auf Grundlage der Daten von 2023 aktualisiert. Obwohl 201 TP34T unserer Kunden mit den h\u00f6chsten Emissionen kein offizielles SBTi-Ziel haben, orientieren sich ihre Strategien und Ziele an wissenschaftlich fundierten Prinzipien.&nbsp;<\/p>\n\n\n\t\t<\/div>\n\t<\/div>\n<\/div>\n\n\n<div id=\"id-69f0af9c40ca0\" class=\"box block full-width dark-content de\" style=\"background-color: #ffffffff; background-image: none;\">\n\t<style>\n\t\t#id-69f0af9c40ca0 > .container > .content {\n\t\t\tbackground-color: #ffffffff;\n\t\t\tposition: relative;\n\t\t\tpadding-top: 0px;\n\t\t\tpadding-right: 0px;\n\t\t\tpadding-bottom: 60px;\n\t\t\tpadding-left: 0px;\n\t\t\tmargin-left: 0px;\n\t\t\tmargin-right: 0px;\n\t\t}\n\t\t@media (max-width: 1272px) {\n\t\t\t#id-69f0af9c40ca0.box.block.full-width > .container > .content {\n\t\t\t\tpadding-left: 0 !important;\n\t\t\t\tpadding-right: 0 !important;\n\t\t\t\tmargin: 0 !important;\n\t\t\t}\n\t\t}\n\t\t@media (max-width: 960px) {\n\t\t\t#id-69f0af9c40ca0 > .container > .content {\n\t\t\t\t\/\/padding-top: 0px;\n\t\t\t\tpadding-right: 0px;\n\t\t\t\t\/\/padding-bottom: 30px;\n\t\t\t\tpadding-left: 0px;\n\t\t\t}\n\t\t}\n\t<\/style>\n\t<div class=\"container\">\n\t\t<div class=\"content\">\n\t\t\t\n\n<h3 class=\"wp-block-heading\" id=\"h-our-sustainability-reports-and-disclosures\" style=\"font-weight:600\">Unsere Nachhaltigkeitsberichte und Offenlegungen<\/h3>\n\n\n<div id=\"id-69f0af9c40410\" class=\"columns block\">\n\t<style>\n\t\t#id-69f0af9c40410 .column, #id-69f0af9c40410 .wp-block-acf-column {\n\t\t\tpadding: 0 60px;\n\t\t}\n\t\t\n\t\t#id-69f0af9c40410 > .container.show-rules .column+.column, #id-69f0af9c40410 > .container.show-rules .wp-block-acf-column+.wp-block-acf-column {\n\t\t\tborder-color: rgba(38, 38, 38, 1);\n\t\t}\n\t\t\n\t\t#id-69f0af9c40410 .column, #id-69f0af9c40410 .wp-block-acf-column {\n\t\t\t.code.block {\n\t\t\t\t.container {\n\t\t\t\t\t.tagembed-widget {\n\t\t\t\t\t\tmax-width: 600px;\n\t\t\t\t\t}\n\t\t\t\t}\n\t\t\t}\n\t\t}\n\t\t\n\t\t@media (max-width: 1272px) {\n\t\t\t#id-69f0af9c40410 > .container {\n\t\t\t\tdisplay: block;\n\t\t\t\tmax-width: 600px;\n\t\t\t}\n\t\t}\n\t\t@media (max-width: 1272px) {\n\t\t\t#id-69f0af9c40410 > .container > .column, #id-69f0af9c40410 > .container > .wp-block-acf-column {\n\t\t\t\tpadding: 36px 0 0 0 !important;\n\t\t\t}\n\t\t}\n\t\t@media (max-width: 1272px) {\n\t\t\t#id-69f0af9c40410 > .container > .column:first-child, #id-69f0af9c40410 > .container > .wp-block-acf-column:first-child {\n\t\t\t\tpadding: 0 !important;\n\t\t\t}\n\t\t}\n\t\t@media (max-width: 1272px) {\n\t\t\t#id-69f0af9c40410 > .container.show-rules .column+.column, #id-69f0af9c40410 > .container.show-rules .wp-block-acf-column+.wp-block-acf-column {\n\t\t\t\tborder-left: none;\n\t\t\t\tborder-top: 1px solid rgba(38, 38, 38, 1);\n\t\t\t\tpadding: 30px 0 0 0 !important;\n\t\t\t\tmargin-top: 30px;\n\t\t\t}\n\t\t}\n\t<\/style>\n\t<div class=\"container align-top show-rules\">\n\t\t\n<div class=\"column block\">\n\t\n\n<ul class=\"wp-block-list\">\n<li><a href=\"https:\/\/flex.com\/de\/downloads\/2025-sustainability-report\/\">Nachhaltigkeitsbericht 2025<\/a><\/li>\n\n\n\n<li><a href=\"https:\/\/flex.com\/de\/downloads\/2025-sustainability-report-factsheet\/\">Factsheet zum Nachhaltigkeitsbericht 2025<\/a><\/li>\n\n\n\n<li><a href=\"https:\/\/flex.com\/de\/downloads\/2025-sustainability-report-factsheet-chinese\/\">Faktenblatt zum Nachhaltigkeitsbericht 2025 (Chinesisch)<\/a><\/li>\n\n\n\n<li><a href=\"https:\/\/flex.com\/de\/downloads\/2025-sustainability-report-factsheet-german\/\">Nachhaltigkeitsbericht 2025 \u2013 Faktenblatt (Deutsch)&nbsp;<\/a><\/li>\n\n\n\n<li><a href=\"https:\/\/flex.com\/de\/downloads\/2025-sustainability-report-factsheet-portuguese\/\">Faktenblatt zum Nachhaltigkeitsbericht 2025 (Portugiesisch)&nbsp;<\/a><\/li>\n\n\n\n<li><a href=\"https:\/\/flex.com\/de\/downloads\/2025-sustainability-report-factsheet-spanish\/\">Faktenblatt zum Nachhaltigkeitsbericht 2025 (Spanisch)&nbsp;<\/a><\/li>\n<\/ul>\n\n\n<\/div>\n\n<div class=\"column block\">\n\t\n\n<ul class=\"wp-block-list\">\n<li><a href=\"https:\/\/flex.com\/de\/downloads\/2024-sustainability-report\/\">Nachhaltigkeitsbericht 2024<\/a><\/li>\n\n\n\n<li><a href=\"https:\/\/flex.com\/de\/downloads\/2024-sustainability-report-factsheet\/\">Factsheet zum Nachhaltigkeitsbericht 2024<\/a><\/li>\n\n\n\n<li><a href=\"https:\/\/flex.com\/de\/downloads\/2024-sustainability-report-factsheet-malay\/\">Factsheet zum Nachhaltigkeitsbericht 2024 (Malaiisch)<\/a><\/li>\n\n\n\n<li><a href=\"https:\/\/flex.com\/de\/downloads\/2024-sustainability-report-factsheet-chinese\/\">Factsheet zum Nachhaltigkeitsbericht 2024 (Chinesisch)<\/a><\/li>\n\n\n\n<li><a href=\"https:\/\/flex.com\/de\/downloads\/2024-sustainability-report-factsheet-portuguese\/\">Factsheet zum Nachhaltigkeitsbericht 2024 (Portugiesisch)<\/a><\/li>\n\n\n\n<li><a href=\"https:\/\/flex.com\/de\/downloads\/2024-sustainability-report-factsheet-spanish\/\">Factsheet zum Nachhaltigkeitsbericht 2024 (Spanisch)<\/a><\/li>\n<\/ul>\n\n\n<div class=\"spacer block\" style=\"height: 60px;\">\n\t<\/div>\n\n\n<p class=\"link-arrow\"><a href=\"https:\/\/flex.com\/de\/company\/sustainability\/reports-and-disclosures\/reports-and-disclosures-archive\/\">Sehen Sie sich das Archiv der Berichte und Offenlegungen an<\/a><\/p>\n\n\n<\/div>\n\n\t<\/div>\n<\/div>\n\n\t\t<\/div>\n\t<\/div>\n<\/div>\n\n\n<div id=\"id-69f0af9c41bb9\" class=\"box block full-width dark-content de\" style=\"background-color: #eaeef4ff; background-image: none;\">\n\t<style>\n\t\t#id-69f0af9c41bb9 > .container > .content {\n\t\t\tbackground-color: #eaeef4ff;\n\t\t\tposition: relative;\n\t\t\tpadding-top: 48px;\n\t\t\tpadding-right: 0px;\n\t\t\tpadding-bottom: 60px;\n\t\t\tpadding-left: 0px;\n\t\t\tmargin-left: 0px;\n\t\t\tmargin-right: 0px;\n\t\t}\n\t\t@media (max-width: 1272px) {\n\t\t\t#id-69f0af9c41bb9.box.block.full-width > .container > .content {\n\t\t\t\tpadding-left: 0 !important;\n\t\t\t\tpadding-right: 0 !important;\n\t\t\t\tmargin: 0 !important;\n\t\t\t}\n\t\t}\n\t\t@media (max-width: 960px) {\n\t\t\t#id-69f0af9c41bb9 > .container > .content {\n\t\t\t\t\/\/padding-top: 24px;\n\t\t\t\tpadding-right: 0px;\n\t\t\t\t\/\/padding-bottom: 30px;\n\t\t\t\tpadding-left: 0px;\n\t\t\t}\n\t\t}\n\t<\/style>\n\t<div class=\"container\">\n\t\t<div class=\"content\">\n\t\t\t\n\n<h3 class=\"wp-block-heading has-medium-font-size\" id=\"h-memberships-and-associations\" style=\"font-weight:600\">Mitgliedschaften und Verb\u00e4nde<\/h3>\n\n\n<div id=\"id-69f0af9c413a8\" class=\"columns block\">\n\t<style>\n\t\t#id-69f0af9c413a8 .column, #id-69f0af9c413a8 .wp-block-acf-column {\n\t\t\tpadding: 0 60px;\n\t\t}\n\t\t\n\t\t#id-69f0af9c413a8 > .container.show-rules .column+.column, #id-69f0af9c413a8 > .container.show-rules .wp-block-acf-column+.wp-block-acf-column {\n\t\t\tborder-color: rgba(38, 38, 38, 1);\n\t\t}\n\t\t\n\t\t#id-69f0af9c413a8 .column, #id-69f0af9c413a8 .wp-block-acf-column {\n\t\t\t.code.block {\n\t\t\t\t.container {\n\t\t\t\t\t.tagembed-widget {\n\t\t\t\t\t\tmax-width: 600px;\n\t\t\t\t\t}\n\t\t\t\t}\n\t\t\t}\n\t\t}\n\t\t\n\t\t@media (max-width: 1272px) {\n\t\t\t#id-69f0af9c413a8 > .container {\n\t\t\t\tdisplay: block;\n\t\t\t\tmax-width: 600px;\n\t\t\t}\n\t\t}\n\t\t@media (max-width: 1272px) {\n\t\t\t#id-69f0af9c413a8 > .container > .column, #id-69f0af9c413a8 > .container > .wp-block-acf-column {\n\t\t\t\tpadding: 36px 0 0 0 !important;\n\t\t\t}\n\t\t}\n\t\t@media (max-width: 1272px) {\n\t\t\t#id-69f0af9c413a8 > .container > .column:first-child, #id-69f0af9c413a8 > .container > .wp-block-acf-column:first-child {\n\t\t\t\tpadding: 0 !important;\n\t\t\t}\n\t\t}\n\t\t@media (max-width: 1272px) {\n\t\t\t#id-69f0af9c413a8 > .container.show-rules .column+.column, #id-69f0af9c413a8 > .container.show-rules .wp-block-acf-column+.wp-block-acf-column {\n\t\t\t\tborder-left: none;\n\t\t\t\tborder-top: 1px solid rgba(38, 38, 38, 1);\n\t\t\t\tpadding: 30px 0 0 0 !important;\n\t\t\t\tmargin-top: 30px;\n\t\t\t}\n\t\t}\n\t<\/style>\n\t<div class=\"container align-top show-rules\">\n\t\t\n<div class=\"column block\">\n\t\n\n<ul class=\"wp-block-list has-medium-font-size\">\n<li><a href=\"https:\/\/ethisphere.com\/solutions\/the-bela\/%C2%A0\" target=\"_blank\" rel=\"noreferrer noopener nofollow\">Allianz f\u00fcr Unternehmensethik-F\u00fchrung (BELA)<\/a><\/li>\n\n\n\n<li><a href=\"https:\/\/www.businessroundtable.org\/\" target=\"_blank\" rel=\"noreferrer noopener nofollow\">Runder Tisch f\u00fcr Unternehmer<\/a><\/li>\n\n\n\n<li><a href=\"https:\/\/www.catalyst.org\/\" target=\"_blank\" rel=\"noreferrer noopener nofollow\">Katalysator<\/a><\/li>\n\n\n\n<li><a href=\"https:\/\/chwmeg.org\/\" target=\"_blank\" rel=\"noreferrer noopener nofollow\">CHWMEG<\/a><\/li>\n\n\n\n<li><a href=\"https:\/\/www.ellenmacarthurfoundation.org\/\" target=\"_blank\" rel=\"noreferrer noopener nofollow\">Ellen MacArthur-Stiftung<\/a><\/li>\n\n\n\n<li><a href=\"https:\/\/gbihr.org\/\" target=\"_blank\" rel=\"noreferrer noopener nofollow\">Global Business Initiative (GBI)<\/a><\/li>\n<\/ul>\n\n\n<\/div>\n\n<div class=\"column block\">\n\t\n\n<ul class=\"wp-block-list\">\n<li><a href=\"https:\/\/www.globalcompactusa.org\/\" target=\"_blank\" rel=\"noreferrer noopener nofollow\">Global Compact Network USA<\/a><\/li>\n\n\n\n<li><a href=\"https:\/\/www.globalreporting.org\/\" target=\"_blank\" rel=\"noreferrer noopener nofollow\">GRI-Community-Mitglied<\/a><\/li>\n\n\n\n<li><a href=\"https:\/\/www.responsiblebusiness.org\/\" target=\"_blank\" rel=\"noreferrer noopener nofollow\">Responsible Business Alliance (RBA)<\/a><\/li>\n\n\n\n<li><a href=\"https:\/\/www.responsiblemineralsinitiative.org\/\" target=\"_blank\" rel=\"noreferrer noopener nofollow\">Responsible Minerals Initiative<\/a><\/li>\n\n\n\n<li><a href=\"https:\/\/www.thevaluable500.com\/\" target=\"_blank\" rel=\"noreferrer noopener nofollow\">Die wertvollen 500<\/a><\/li>\n\n\n\n<li><a href=\"https:\/\/initiatives.weforum.org\/alliance-of-ceo-climate-leaders\/home\" target=\"_blank\" rel=\"noreferrer noopener nofollow\">Allianz der CEO Climate Leaders des Weltwirtschaftsforums<\/a><\/li>\n<\/ul>\n\n\n<\/div>\n\n\t<\/div>\n<\/div>\n\n\t\t<\/div>\n\t<\/div>\n<\/div>\n\n\n<div id=\"id-69f0af9c4cd60\" class=\"box block full-width dark-content de\" style=\"background-color: #ffffffff; background-image: none;\">\n\t<style>\n\t\t#id-69f0af9c4cd60 > .container > .content {\n\t\t\tbackground-color: #ffffffff;\n\t\t\tposition: relative;\n\t\t\tpadding-top: 60px;\n\t\t\tpadding-right: 0px;\n\t\t\tpadding-bottom: 60px;\n\t\t\tpadding-left: 0px;\n\t\t\tmargin-left: 0px;\n\t\t\tmargin-right: 0px;\n\t\t}\n\t\t@media (max-width: 1272px) {\n\t\t\t#id-69f0af9c4cd60.box.block.full-width > .container > .content {\n\t\t\t\tpadding-left: 0 !important;\n\t\t\t\tpadding-right: 0 !important;\n\t\t\t\tmargin: 0 !important;\n\t\t\t}\n\t\t}\n\t\t@media (max-width: 960px) {\n\t\t\t#id-69f0af9c4cd60 > .container > .content {\n\t\t\t\t\/\/padding-top: 30px;\n\t\t\t\tpadding-right: 0px;\n\t\t\t\t\/\/padding-bottom: 30px;\n\t\t\t\tpadding-left: 0px;\n\t\t\t}\n\t\t}\n\t<\/style>\n\t<div class=\"container\">\n\t\t<div class=\"content\">\n\t\t\t\n<div id=\"id-69f0af9c4c28e\" class=\"columns block\">\n\t<style>\n\t\t#id-69f0af9c4c28e .column, #id-69f0af9c4c28e .wp-block-acf-column {\n\t\t\tpadding: 0 42px;\n\t\t}\n\t\t\n\t\t#id-69f0af9c4c28e > .container.show-rules .column+.column, #id-69f0af9c4c28e > .container.show-rules .wp-block-acf-column+.wp-block-acf-column {\n\t\t\tborder-color: rgba(38, 38, 38, 1);\n\t\t}\n\t\t\n\t\t#id-69f0af9c4c28e .column, #id-69f0af9c4c28e .wp-block-acf-column {\n\t\t\t.code.block {\n\t\t\t\t.container {\n\t\t\t\t\t.tagembed-widget {\n\t\t\t\t\t\tmax-width: 600px;\n\t\t\t\t\t}\n\t\t\t\t}\n\t\t\t}\n\t\t}\n\t\t\n\t\t@media (max-width: 1272px) {\n\t\t\t#id-69f0af9c4c28e > .container {\n\t\t\t\tdisplay: block;\n\t\t\t\tmax-width: 600px;\n\t\t\t}\n\t\t}\n\t\t@media (max-width: 1272px) {\n\t\t\t#id-69f0af9c4c28e > .container > .column, #id-69f0af9c4c28e > .container > .wp-block-acf-column {\n\t\t\t\tpadding: 36px 0 0 0 !important;\n\t\t\t}\n\t\t}\n\t\t@media (max-width: 1272px) {\n\t\t\t#id-69f0af9c4c28e > .container > .column:first-child, #id-69f0af9c4c28e > .container > .wp-block-acf-column:first-child {\n\t\t\t\tpadding: 0 !important;\n\t\t\t}\n\t\t}\n\t\t@media (max-width: 1272px) {\n\t\t\t#id-69f0af9c4c28e > .container.show-rules .column+.column, #id-69f0af9c4c28e > .container.show-rules .wp-block-acf-column+.wp-block-acf-column {\n\t\t\t\tborder-left: none;\n\t\t\t\tborder-top: 1px solid rgba(38, 38, 38, 1);\n\t\t\t\tpadding: 30px 0 0 0 !important;\n\t\t\t\tmargin-top: 30px;\n\t\t\t}\n\t\t}\n\t<\/style>\n\t<div class=\"container align-top show-rules\">\n\t\t\n<div class=\"column block\">\n\t\n\n<h4 class=\"wp-block-heading has-small-font-size\" id=\"h-quick-links\">Interessante Links<\/h4>\n\n\n\n<ul class=\"wp-block-list has-medium-font-size\">\n<li><a href=\"https:\/\/flex.com\/de\/company\/sustainability\/\">Nachhaltigkeit<\/a><\/li>\n\n\n\n<li><a href=\"https:\/\/flex.com\/de\/company\/sustainability\/#our-world\">Unsere Welt<\/a><\/li>\n\n\n\n<li><a href=\"https:\/\/flex.com\/de\/company\/sustainability\/#our-people\">Unsere Mitarbeiterinnen und Mitarbeiter<\/a><\/li>\n\n\n\n<li><a href=\"https:\/\/\/de\/flex.com\/company\/sustainability\/#our-approach\">Unsere Vorgehensweise<\/a><\/li>\n\n\n\n<li><a href=\"https:\/\/flex.com\/de\/company\/sustainability\/goals-and-performance\/\">Ziele und Leistung<\/a><\/li>\n\n\n\n<li><a href=\"https:\/\/flex.com\/de\/company\/sustainability\/net-zero-greenhouse-gas-emissions\/\">Strategie f\u00fcr Net-Zero Treibhausgasemissionen<\/a><\/li>\n<\/ul>\n\n\n<\/div>\n\n<div class=\"column block\">\n\t\n\n<h4 class=\"wp-block-heading no-margin has-small-font-size\" id=\"h-blog\">Blog<\/h4>\n\n\n\n<div id=\"block_f6f5e715a91662a0e88b14066bd7a2eb\" class=\"resources block\">\n\t<div class=\"container\">\n\t\t<div class=\"posts\">\n\t\t\t\t\t\t\t\t\t\t\t<div class=\"post\">\n\t\t\t\t\t\t\t\t\t\t\t\t\t\t\t\t<div class=\"date\">\n\t\t\t\t\t\t\t21. April 2026\t\t\t\t\t\t<\/div>\n\t\t\t\t\t\t\t\t\t\t<a title=\"Einen Wendepunkt in der nachhaltigen Fertigung meistern\" class=\"title\" href=\"https:\/\/flex.com\/de\/resources\/navigating-a-turning-point-in-sustainable-manufacturing\" target=\"_self\">\n\t\t\t\t\t\tEinen Wendepunkt in der nachhaltigen Fertigung meistern\t\t\t\t\t<\/a>\n\t\t\t\t<\/div>\n\t\t\t\t\t\t\t\t\t\t\t<div class=\"post\">\n\t\t\t\t\t\t\t\t\t\t\t\t\t\t\t\t<div class=\"date\">\n\t\t\t\t\t\t\t30. Oktober 2025\t\t\t\t\t\t<\/div>\n\t\t\t\t\t\t\t\t\t\t<a title=\"Faktenblatt zum Nachhaltigkeitsbericht 2025\" class=\"title\" href=\"https:\/\/flex.com\/de\/resources\/2025-sustainability-report-factsheet\" target=\"_self\">\n\t\t\t\t\t\tFaktenblatt zum Nachhaltigkeitsbericht 2025\t\t\t\t\t<\/a>\n\t\t\t\t<\/div>\n\t\t\t\t\t\t\t\t\t\t\t<div class=\"post\">\n\t\t\t\t\t\t\t\t\t\t\t\t\t\t\t\t<div class=\"date\">\n\t\t\t\t\t\t\t30. Oktober 2025\t\t\t\t\t\t<\/div>\n\t\t\t\t\t\t\t\t\t\t<a title=\"Nachhaltigkeitsbericht 2025\" class=\"title\" href=\"https:\/\/flex.com\/de\/resources\/2025-sustainability-report\" target=\"_self\">\n\t\t\t\t\t\tNachhaltigkeitsbericht 2025\t\t\t\t\t<\/a>\n\t\t\t\t<\/div>\n\t\t\t\t\t<\/div>\n\t<\/div>\n\t<script>\n\t\twindow.addEventListener('DOMContentLoaded', () => {\n\t\t\t(function ($) {\n\t\t\t\t\/\/ Get the block ID\n\t\t\t\tvar id = \"#block_f6f5e715a91662a0e88b14066bd7a2eb\";\n\t\t\t\t\/\/ Reveal the block\n\t\t\t\tScrollReveal().reveal(id + \" .post\", {origin: \"bottom\", distance: \"20px\", duration: 1000, viewFactor: 0.2, interval: 100, reset: false});\n\t\t\t}(jQuery));\n\t\t});\n\t<\/script>\n<\/div>\n\n<\/div>\n\n\t<\/div>\n<\/div>\n\n\t\t<\/div>\n\t<\/div>\n<\/div>\n\n\n\n<div id=\"block_ab68971f537d2d3232c2f09b588b233d\" class=\"banner block\"\n\tstyle=\"--banner-top-bg: #ffffff;\t--banner-bottom-bg: #262626;\">\n\t<div class=\"container\">\n\t\t<div class=\"banner-text\" style=\"max-width: 792px;\">\n\t\t\tEntdecken Sie den Nachhaltigkeitsbericht Flex 2025\t\t<\/div>\n\t\t<a title=\"Zum Bericht\" class=\"button\" href=\"https:\/\/flex.com\/de\/downloads\/2025-sustainability-report\/\" target=\"_blank\">\n\t\t\tZum Bericht\t\t\t<div class=\"long-arrow\">\n\t\t\t\t<svg version=\"1.1\" xmlns=\"http:\/\/www.w3.org\/2000\/svg\" xmlns:xlink=\"http:\/\/www.w3.org\/1999\/xlink\" x=\"0px\" y=\"0px\" viewbox=\"0 0 19.9 9.9\" xml:space=\"preserve\">\n\t\t\t\t\t<polygon points=\"15.5,0 14.5,0.9 17.4,4.3 0,4.3 0,5.7 17.4,5.7 14.5,9 15.5,9.9 19.9,5 \"\/>\n\t\t\t\t<\/svg>\n\t\t\t\t<div class=\"line\"><\/div>\n\t\t\t<\/div>\n\t\t<\/a>\n\t<\/div>\n\t<div class=\"top left background\"><\/div>\n\t<div class=\"right background\"><\/div>\n\t<div class=\"bottom left background\"><\/div>\n\t<script>\n\t\twindow.addEventListener('DOMContentLoaded', () => {\n\t\t\t(function ($) {\n\t\t\t\t\/\/ Get the block ID\n\t\t\t\tvar id = \"#block_ab68971f537d2d3232c2f09b588b233d\";\n\t\t\t\t\/\/ Reveal the block\n\t\t\t\tScrollReveal().reveal(id + \" .banner-text\", {origin: \"bottom\", distance: \"20px\", duration: 1000});\n\t\t\t\tScrollReveal().reveal(id + \" .button\", {origin: \"bottom\", distance: \"20px\", duration: 1000});\n\t\t\t}(jQuery));\n\t\t});\n\t<\/script>\n<\/div>","protected":false},"excerpt":{"rendered":"","protected":false},"author":4,"featured_media":10517,"parent":119,"menu_order":0,"comment_status":"closed","ping_status":"closed","template":"","meta":{"_acf_changed":false,"_searchwp_excluded":"","inline_featured_image":false,"footnotes":""},"categories":[46],"class_list":["post-7656","page","type-page","status-publish","has-post-thumbnail","hentry","category-sustainability"],"acf":[],"_links":{"self":[{"href":"https:\/\/flex.com\/de\/wp-json\/wp\/v2\/pages\/7656","targetHints":{"allow":["GET"]}}],"collection":[{"href":"https:\/\/flex.com\/de\/wp-json\/wp\/v2\/pages"}],"about":[{"href":"https:\/\/flex.com\/de\/wp-json\/wp\/v2\/types\/page"}],"author":[{"embeddable":true,"href":"https:\/\/flex.com\/de\/wp-json\/wp\/v2\/users\/4"}],"replies":[{"embeddable":true,"href":"https:\/\/flex.com\/de\/wp-json\/wp\/v2\/comments?post=7656"}],"version-history":[{"count":106,"href":"https:\/\/flex.com\/de\/wp-json\/wp\/v2\/pages\/7656\/revisions"}],"predecessor-version":[{"id":28536,"href":"https:\/\/flex.com\/de\/wp-json\/wp\/v2\/pages\/7656\/revisions\/28536"}],"up":[{"embeddable":true,"href":"https:\/\/flex.com\/de\/wp-json\/wp\/v2\/pages\/119"}],"wp:featuredmedia":[{"embeddable":true,"href":"https:\/\/flex.com\/de\/wp-json\/wp\/v2\/media\/10517"}],"wp:attachment":[{"href":"https:\/\/flex.com\/de\/wp-json\/wp\/v2\/media?parent=7656"}],"wp:term":[{"taxonomy":"category","embeddable":true,"href":"https:\/\/flex.com\/de\/wp-json\/wp\/v2\/categories?post=7656"}],"curies":[{"name":"wp","href":"https:\/\/api.w.org\/{rel}","templated":true}]}}