{"id":28164,"date":"2026-01-28T10:25:37","date_gmt":"2026-01-28T16:25:37","guid":{"rendered":"https:\/\/live-flex-main.pantheonsite.io\/?page_id=28164"},"modified":"2026-02-23T14:52:38","modified_gmt":"2026-02-23T20:52:38","slug":"flex-automotive-emc-laboratory-stuttgart-iso-170252018-accredited","status":"publish","type":"page","link":"https:\/\/flex.com\/de\/industries\/automotive\/flex-automotive-emc-laboratory-stuttgart-iso-170252018-accredited","title":{"rendered":"Flex Automotive \u2014 EMV-Labor Stuttgart, akkreditiert nach ISO 17025:2018"},"content":{"rendered":"<div id=\"block_b07b94f83d52a5bc66bc85c0992db242\" class=\"header block light-content\" style=\"background-color: #005486;\">\n\t\t<div class=\"container\">\n\t\t<div class=\"content\" style=\"max-width: px;\">\n\t\t\t\n\n<h1 class=\"wp-block-heading has-large-font-size\" id=\"h-flex-zhuhai-b11-water-management-practices\">Flex Automotive \u2014 EMV-Labor Stuttgart, akkreditiert nach ISO 17025:2018<\/h1>\n\n\n\t\t<\/div>\n\t<\/div>\n\t<script>\n\t\tlet id = \"#block_b07b94f83d52a5bc66bc85c0992db242\";\n\n\t\t(function ($) {\n\n\t\t\t$(id + \" .content h1\").addClass(\"fade-in\");\n\t\t\t$(id + \" .content h2\").addClass(\"fade-in\");\n\t\t\t$(id + \" .content p\").addClass(\"fade-in\");\n\t\t\t\/\/ Fade in the content\n\n\t\t\t\/\/ Fade in the background image\n\t\t\tif ($(id).children(\".background-image\").length > 0) {\n\t\t\t\tvar image = new Image();\n\t\t\t\timage.onload = function () {\n\t\t\t\t\t$(id).children(\".background-image\").addClass(\"visible\");\n\t\t\t\t\t$(id).children(\".container\").addClass(\"visible\");\n\t\t\t\t};\n\t\t\t\timage.src = \"\";\n\t\t\t} else {\n\t\t\t\t$(id).children(\".container\").addClass(\"visible\");\n\t\t\t}\n\t\t})(jQuery);\n\n\t\twindow.addEventListener('DOMContentLoaded', () => {\n\t\t\tScrollReveal().reveal(id + \" .fade-in\", {origin: \"left\", distance: \"24px\", interval: 100});\n\t\t});\n\t<\/script>\n<\/div>\n\n<div id=\"id-69e626c13d429\" class=\"box block full-width dark-content de\" style=\"background-color: #ffffffff; background-image: none;\">\n\t<style>\n\t\t#id-69e626c13d429 > .container > .content {\n\t\t\tbackground-color: #ffffffff;\n\t\t\tposition: relative;\n\t\t\tpadding-top: 48px;\n\t\t\tpadding-right: 0px;\n\t\t\tpadding-bottom: 84px;\n\t\t\tpadding-left: 0px;\n\t\t\tmargin-left: 0px;\n\t\t\tmargin-right: 0px;\n\t\t}\n\t\t@media (max-width: 1272px) {\n\t\t\t#id-69e626c13d429.box.block.full-width > .container > .content {\n\t\t\t\tpadding-left: 0 !important;\n\t\t\t\tpadding-right: 0 !important;\n\t\t\t\tmargin: 0 !important;\n\t\t\t}\n\t\t}\n\t\t@media (max-width: 960px) {\n\t\t\t#id-69e626c13d429 > .container > .content {\n\t\t\t\t\/\/padding-top: 24px;\n\t\t\t\tpadding-right: 0px;\n\t\t\t\t\/\/padding-bottom: 42px;\n\t\t\t\tpadding-left: 0px;\n\t\t\t}\n\t\t}\n\t<\/style>\n\t<div class=\"container\">\n\t\t<div class=\"content\">\n\t\t\t\n\n<p>Das EMV-Labor in Frickenhausen ist Teil der deutschen Organisation Flex Automotive, die sich auf die Pr\u00fcfung von Automobilprodukten spezialisiert hat und nach der internationalen Norm ISO 17025:2018 akkreditiert ist. Die Akkreditierung wird von der Flex Automotive Organisation vergeben. <a href=\"https:\/\/www.dakks.de\/\" target=\"_blank\" rel=\"noreferrer noopener nofollow\">DAkkS<\/a> und beweist, dass das Labor offizielle und standardisierte Testmethoden und regelm\u00e4\u00dfig kalibrierte Ger\u00e4te verwendet und reproduzierbare und unabh\u00e4ngige Testergebnisse liefert.<\/p>\n\n\n<div id=\"id-69e626c13c1a4\" class=\"box block content-width dark-content de\" style=\"background-color: transparent; background-image: none;\">\n\t<style>\n\t\t#id-69e626c13c1a4 > .container > .content {\n\t\t\tbackground-color: #eaeef4ff;\n\t\t\tposition: relative;\n\t\t\tpadding-top: 48px;\n\t\t\tpadding-right: 60px;\n\t\t\tpadding-bottom: 48px;\n\t\t\tpadding-left: 60px;\n\t\t\tmargin-left: 0px;\n\t\t\tmargin-right: 0px;\n\t\t}\n\t\t@media (max-width: 1272px) {\n\t\t\t#id-69e626c13c1a4.box.block.full-width > .container > .content {\n\t\t\t\tpadding-left: 0 !important;\n\t\t\t\tpadding-right: 0 !important;\n\t\t\t\tmargin: 0 !important;\n\t\t\t}\n\t\t}\n\t\t@media (max-width: 960px) {\n\t\t\t#id-69e626c13c1a4 > .container > .content {\n\t\t\t\t\/\/padding-top: 24px;\n\t\t\t\tpadding-right: 30px;\n\t\t\t\t\/\/padding-bottom: 24px;\n\t\t\t\tpadding-left: 30px;\n\t\t\t}\n\t\t}\n\t<\/style>\n\t<div class=\"container\">\n\t\t<div class=\"content\">\n\t\t\t\n\n<h2 class=\"wp-block-heading has-small-font-size\" id=\"h-documentation\">Dokumentation<\/h2>\n\n\n\n<ul class=\"wp-block-list\">\n<li><a href=\"\/de\/downloads\/dakks-iso-170252018-accreditation-certificate-d-pl-20858-01-00\/\">DAkkS ISO 17025:2018 Akkreditierungszertifikat D-PL-20858-01-00<\/a><\/li>\n\n\n\n<li><a href=\"\/de\/downloads\/annex-to-dakks-iso-170252018-accreditation-certificate-d-pl-20858-01-00-standards-in-flexible-scope\/\">Anhang zum DAkkS ISO 17025:2018 Akkreditierungszertifikat D-PL-20858-01-00 \u2014 Normen mit flexiblem Anwendungsbereich<\/a><\/li>\n\n\n\n<li><a href=\"\/de\/downloads\/automotive-emc-standards-in-flexible-accreditation-scope\/\">Automobil-EMV-Standards mit flexiblem Akkreditierungsumfang \u2013 Januar 2026<\/a><\/li>\n\n\n\n<li><a href=\"https:\/\/flex.com\/de\/downloads\/emc-tests-decision-rules-formulation\/\">EMV-Pr\u00fcfungen \u2013 Konformit\u00e4tsentscheidungsregeln<\/a><\/li>\n<\/ul>\n\n\n\t\t<\/div>\n\t<\/div>\n<\/div>\n\n\n\t\t<\/div>\n\t<\/div>\n<\/div>","protected":false},"excerpt":{"rendered":"","protected":false},"author":3,"featured_media":17891,"parent":85,"menu_order":0,"comment_status":"closed","ping_status":"closed","template":"","meta":{"_acf_changed":false,"_searchwp_excluded":"","inline_featured_image":false,"footnotes":""},"categories":[35],"class_list":["post-28164","page","type-page","status-publish","has-post-thumbnail","hentry","category-automotive"],"acf":[],"_links":{"self":[{"href":"https:\/\/flex.com\/de\/wp-json\/wp\/v2\/pages\/28164","targetHints":{"allow":["GET"]}}],"collection":[{"href":"https:\/\/flex.com\/de\/wp-json\/wp\/v2\/pages"}],"about":[{"href":"https:\/\/flex.com\/de\/wp-json\/wp\/v2\/types\/page"}],"author":[{"embeddable":true,"href":"https:\/\/flex.com\/de\/wp-json\/wp\/v2\/users\/3"}],"replies":[{"embeddable":true,"href":"https:\/\/flex.com\/de\/wp-json\/wp\/v2\/comments?post=28164"}],"version-history":[{"count":3,"href":"https:\/\/flex.com\/de\/wp-json\/wp\/v2\/pages\/28164\/revisions"}],"predecessor-version":[{"id":28435,"href":"https:\/\/flex.com\/de\/wp-json\/wp\/v2\/pages\/28164\/revisions\/28435"}],"up":[{"embeddable":true,"href":"https:\/\/flex.com\/de\/wp-json\/wp\/v2\/pages\/85"}],"wp:featuredmedia":[{"embeddable":true,"href":"https:\/\/flex.com\/de\/wp-json\/wp\/v2\/media\/17891"}],"wp:attachment":[{"href":"https:\/\/flex.com\/de\/wp-json\/wp\/v2\/media?parent=28164"}],"wp:term":[{"taxonomy":"category","embeddable":true,"href":"https:\/\/flex.com\/de\/wp-json\/wp\/v2\/categories?post=28164"}],"curies":[{"name":"wp","href":"https:\/\/api.w.org\/{rel}","templated":true}]}}