{"id":26372,"date":"2025-10-08T10:37:05","date_gmt":"2025-10-08T15:37:05","guid":{"rendered":"https:\/\/flex.com\/?page_id=26372"},"modified":"2026-01-13T15:43:28","modified_gmt":"2026-01-13T21:43:28","slug":"komplex-kutatas-fejlesztesi-program-megvalositasa-a-flextronics-international-kft-zalaegerszegi-telephelyen","status":"publish","type":"page","link":"https:\/\/flex.com\/de\/careers\/hungary\/komplex-kutatas-fejlesztesi-program-megvalositasa-a-flextronics-international-kft-zalaegerszegi-telephelyen","title":{"rendered":"Komplexes Kutat\u00e1s-Fejleszt\u00e9si-Programm mit Flextronics International Kft. zalaegerszegi telephely\u00e9n"},"content":{"rendered":"<div id=\"block_8bea1240b6a947983561ae0735b81fcd\" class=\"header block dark-content\" style=\"background-color: #eaeef4;\">\n\t\t<div class=\"container\">\n\t\t<div class=\"content\" style=\"max-width: 1200px;\">\n\t\t\t\n\n<h1 class=\"wp-block-heading\">kutat\u00e1s-fejleszt\u00e9si program<\/h1>\n\n\n\t\t<\/div>\n\t<\/div>\n\t<script>\n\t\tlet id = \"#block_8bea1240b6a947983561ae0735b81fcd\";\n\n\t\t(function ($) {\n\n\t\t\t$(id + \" .content h1\").addClass(\"fade-in\");\n\t\t\t$(id + \" .content h2\").addClass(\"fade-in\");\n\t\t\t$(id + \" .content p\").addClass(\"fade-in\");\n\t\t\t\/\/ Fade in the content\n\n\t\t\t\/\/ Fade in the background image\n\t\t\tif ($(id).children(\".background-image\").length > 0) {\n\t\t\t\tvar image = new Image();\n\t\t\t\timage.onload = function () {\n\t\t\t\t\t$(id).children(\".background-image\").addClass(\"visible\");\n\t\t\t\t\t$(id).children(\".container\").addClass(\"visible\");\n\t\t\t\t};\n\t\t\t\timage.src = \"\";\n\t\t\t} else {\n\t\t\t\t$(id).children(\".container\").addClass(\"visible\");\n\t\t\t}\n\t\t})(jQuery);\n\n\t\twindow.addEventListener('DOMContentLoaded', () => {\n\t\t\tScrollReveal().reveal(id + \" .fade-in\", {origin: \"left\", distance: \"24px\", interval: 100});\n\t\t});\n\t<\/script>\n<\/div>\n\n<div class=\"spacer block\" style=\"height: 24px;\">\n\t<\/div>\n\n<div id=\"id-69e5d22a6538b\" class=\"box block content-width dark-content de \" style=\"background-color: transparent; background-image: none;\">\n\t<style>\n\t\t#id-69e5d22a6538b > .container > .content {\n\t\t\tbackground-color: transparent;\n\t\t\tposition: relative;\n\t\t\tpadding-top: 60px;\n\t\t\tpadding-right: 0px;\n\t\t\tpadding-bottom: 72px;\n\t\t\tpadding-left: 0px;\n\t\t\tmargin-left: 0px;\n\t\t\tmargin-right: 0px;\n\t\t}\n\t\t@media (max-width: 1272px) {\n\t\t\t#id-69e5d22a6538b.box.block.full-width > .container > .content {\n\t\t\t\tpadding-left: 0 !important;\n\t\t\t\tpadding-right: 0 !important;\n\t\t\t\tmargin: 0 !important;\n\t\t\t}\n\t\t}\n\t\t@media (max-width: 960px) {\n\t\t\t#id-69e5d22a6538b > .container > .content {\n\t\t\t\t\/\/padding-top: 30px;\n\t\t\t\tpadding-right: 0px;\n\t\t\t\t\/\/padding-bottom: 36px;\n\t\t\t\tpadding-left: 0px;\n\t\t\t}\n\t\t}\n\t<\/style>\n\t<div class=\"container\">\n\t\t<div class=\"content\">\n\t\t\t\n\n<h2 class=\"wp-block-heading\">projekt c\u00edme: Komplex kutat\u00e1s-fejleszt\u00e9si program megval\u00f3s\u00edt\u00e1sa a Flextronics International Kft. zalaegerszegi telephely\u00e9n<\/h2>\n\n\n\n<p><em>A kedvezm\u00e9nyezett neve: Flextronics International Termel\u0151 \u00e9s Szolg\u00e1ltat\u00f3 V\u00e1mszabadter\u00fcleti Kft.<\/em><\/p>\n\n\n<div id=\"id_69e5d22a5c450\" class=\"media block\">\n\t<div class=\"container media-right content-center\">\n\t\t<div class=\"media\" style=\"left: 0px; min-width: 360px; max-width: 360px;\">\n\t\t\t\t\t\t\t\t\t\t\t\t\t\t\t\t\t\t\t\t\t\t<div class=\"image none\">\n\t\t\t\t\t\t\t<img decoding=\"async\" alt=\"Komplex kutat\u00e1s-fejleszt\u00e9si program megval\u00f3s\u00edt\u00e1sa a Flextronics International Kft. zalaegerszegi telephely\u00e9n\" src=\"https:\/\/flex.com\/wp-content\/uploads\/2025\/10\/Screenshot-2025-10-08-at-9.48.16\u202fAM-e1768336359999-1200x844.png\" title=\"\">\n\t\t\t\t\t\t<\/div>\n\t\t\t\t\t\t\t\t\t\t\t\t\t\t<\/div>\n\t\t\t\t\t<div class=\"content\" style=\"margin-right: 32px; margin-left: 0px;\">\n\t\t\t\t\n\n<ul class=\"wp-block-list\">\n<li>A szerz\u0151d\u00f6tt t\u00e1mogat\u00e1s \u00f6sszege: 212 679 894 Ft<\/li>\n\n\n\n<li>A t\u00e1mogat\u00e1s m\u00e9rt\u00e9ke (%-ban): 25,3%<\/li>\n\n\n\n<li>A projekt t\u00e9nyleges befejez\u00e9si d\u00e1tuma: 2018.01.31.<\/li>\n\n\n\n<li>A projekt azonos\u00edt\u00f3 sz\u00e1ma: GINOP-2.1.1-15-2016-00962<\/li>\n\n\n\n<li>A projekt tartalm\u00e1nak bemutat\u00e1sa:<\/li>\n<\/ul>\n\n\n\t\t\t<\/div>\n\t\t\t<\/div>\n\t\n\t<script>\n\t(function () {\n\t\tlet hasRun_id_69e5d22a5c450 = false;\n\t\tfunction updateVideoDisplay_id_69e5d22a5c450() {\n\t\t\tconst youtubeVideoId = \"\";\n\t\t\tconst bynderID = \"\";\n\t\t\tconst mediaType = \"image\";\n\t\t\tconst mediaVideoElement = document.getElementById('media-video-id_69e5d22a5c450');\n\t\t\tconst bodyClass = document.body.className || '';\n\t\t\tconst match = bodyClass.match(\/translatepress-([a-z]{2})(?:_[A-Z]{2})?\/i);\n\t\t\tconst currentLanguage = match ? match[1].toLowerCase() : 'en';\n\t\t\tconst isChineseLang = currentLanguage === 'zh';\n\t\t\tconsole.log('isChineseLang:', isChineseLang);\n\t\t\tconsole.log('Language detected:', currentLanguage);\n\t\t\tconst isValidYouTube = youtubeVideoId && \/^[A-Za-z0-9_-]{11}$\/.test(youtubeVideoId);\n\t\t\t\n\t\t\tif (!mediaVideoElement || mediaType !== \"video\") return;\n\t\t\tmediaVideoElement.innerHTML = ''; \/\/ Clear existing content\n\t\t\t\n\t\t\tlet videoSourceClass = 'fallback-error';\n\t\t\t\n\t\t\tif (isChineseLang) {\n\t\t\t\tif (bynderID) {\n\t\t\t\t\tvideoSourceClass = 'bynder';\n\t\t\t\t}\n\t\t\t} else {\n\t\t\t\tif (isValidYouTube) {\n\t\t\t\t\tvideoSourceClass = 'youtube';\n\t\t\t\t} else if (bynderID) {\n\t\t\t\t\tvideoSourceClass = 'bynder';\n\t\t\t\t}\n\t\t\t}\n\t\t\t\n\t\t\t\/\/ Apply layout class (used in SCSS)\n\t\t\tmediaVideoElement.className = 'video ' + videoSourceClass;\n\t\t\n\t\t\t\/\/ CASE: Chinese language\n\t\t\tif (isChineseLang) {\n\t\t\t\tif (bynderID) {\n\t\t\t\t\t\/\/ Load Bynder\n\t\t\t\t\tif (!document.getElementById('bynder-widgets-js')) {\n\t\t\t\t\t\tconst script = document.createElement('script');\n\t\t\t\t\t\tscript.src = 'https:\/\/d8ejoa1fys2rk.cloudfront.net\/bynder-embed\/latest\/bynder-embed.js';\n\t\t\t\t\t\tscript.id = 'bynder-widgets-js';\n\t\t\t\t\t\tscript.setAttribute('data-account-url', 'https:\/\/brandcenter.flex.com');\n\t\t\t\t\t\tscript.setAttribute('data-language', 'zh');\n\t\t\t\t\t\tdocument.body.appendChild(script);\n\t\t\t\t\t}\n\t\t\n\t\t\t\t\tconst bynderDiv = document.createElement('div');\n\t\t\t\t\tbynderDiv.id = 'bynder-id_69e5d22a5c450';\n\t\t\t\t\tbynderDiv.className = 'video-bynder';\n\t\t\t\t\tbynderDiv.setAttribute('data-bynder-widget', 'video-item');\n\t\t\t\t\tbynderDiv.setAttribute('data-media-id', bynderID);\n\t\t\t\t\tmediaVideoElement.appendChild(bynderDiv);\n\t\t\n\t\t\t\t\tsetTimeout(() => {\n\t\t\t\t\t\tif (typeof BynderEmbed !== 'undefined' && typeof BynderEmbed.load === 'function') {\n\t\t\t\t\t\t\tBynderEmbed.load();\n\t\t\t\t\t\t}\n\t\t\t\t\t}, 500);\n\t\t\t\t} else {\n\t\t\t\t\t\/\/ No Bynder = error (even if YouTube is valid)\n\t\t\t\t\tshowVideoError();\n\t\t\t\t}\n\t\t\n\t\t\t\/\/ CASE: Not Chinese\n\t\t\t} else {\n\t\t\t\tif (isValidYouTube) {\n\t\t\t\t\tconst iframe = document.createElement('iframe');\n\t\t\t\t\tiframe.id = 'youtube-id_69e5d22a5c450';\n\t\t\t\t\tiframe.className = 'video-youtube';\n\t\t\t\t\tiframe.src = 'https:\/\/www.youtube.com\/embed\/' + youtubeVideoId + '?rel=0';\n\t\t\t\t\tiframe.frameBorder = '0';\n\t\t\t\t\tiframe.playsInline = true;\n\t\t\t\t\tiframe.allow = 'encrypted-media';\n\t\t\t\t\tiframe.allowFullscreen = true;\n\t\t\t\t\tmediaVideoElement.appendChild(iframe);\n\t\t\t\t} else if (bynderID) {\n\t\t\t\t\t\/\/ Load Bynder (fallback if no YouTube)\n\t\t\t\t\tif (!document.getElementById('bynder-widgets-js')) {\n\t\t\t\t\t\tconst script = document.createElement('script');\n\t\t\t\t\t\tscript.src = 'https:\/\/d8ejoa1fys2rk.cloudfront.net\/bynder-embed\/latest\/bynder-embed.js';\n\t\t\t\t\t\tscript.id = 'bynder-widgets-js';\n\t\t\t\t\t\tscript.setAttribute('data-account-url', 'https:\/\/brandcenter.flex.com');\n\t\t\t\t\t\tscript.setAttribute('data-language', currentLanguage);\n\t\t\t\t\t\tdocument.body.appendChild(script);\n\t\t\t\t\t}\n\t\t\n\t\t\t\t\tconst bynderDiv = document.createElement('div');\n\t\t\t\t\tbynderDiv.id = 'bynder-id_69e5d22a5c450';\n\t\t\t\t\tbynderDiv.className = 'video-bynder';\n\t\t\t\t\tbynderDiv.setAttribute('data-bynder-widget', 'video-item');\n\t\t\t\t\tbynderDiv.setAttribute('data-media-id', bynderID);\n\t\t\t\t\tmediaVideoElement.appendChild(bynderDiv);\n\t\t\n\t\t\t\t\tsetTimeout(() => {\n\t\t\t\t\t\tif (typeof BynderEmbed !== 'undefined' && typeof BynderEmbed.load === 'function') {\n\t\t\t\t\t\t\tBynderEmbed.load();\n\t\t\t\t\t\t}\n\t\t\t\t\t}, 500);\n\t\t\t\t} else {\n\t\t\t\t\t\/\/ No valid YouTube or Bynder = error\n\t\t\t\t\tshowVideoError();\n\t\t\t\t}\n\t\t\t}\n\t\t\n\t\t\tfunction showVideoError() {\n\t\t\t\tconst errorDiv = document.createElement('div');\n\t\t\t\terrorDiv.id = 'video-error-id_69e5d22a5c450';\n\t\t\t\terrorDiv.className = 'video-error';\n\t\t\t\terrorDiv.innerHTML = `\n\t\t\t\t\t<div>\n\t\t\t\t\t\t<h3>Video Unavailable<\/h3>\n\t\t\t\t\t\t<p>The content you\u2019re seeking is momentarily unavailable. We appreciate your patience and look forward to sharing it with you soon.<\/p>\n\t\t\t\t\t<\/div>\n\t\t\t\t`;\n\t\t\t\tmediaVideoElement.appendChild(errorDiv);\n\t\t\t}\n\t\t}\n\t\t\n\t\tfunction runVideoInjection() {\n\t\t\tif (hasRun_id_69e5d22a5c450) return;\n\t\t\thasRun_id_69e5d22a5c450 = true;\n\t\t\tupdateVideoDisplay_id_69e5d22a5c450();\n\t\t}\n\t\t\n\t\t\/\/ Always run on front-end\n\t\tif (document.readyState === 'loading') {\n\t\t\tdocument.addEventListener('DOMContentLoaded', runVideoInjection);\n\t\t} else {\n\t\t\trunVideoInjection();\n\t\t}\n\t\t\n\t\t\/\/ Also run in editor if available\n\t\tif (typeof wp !== 'undefined' && wp.domReady) {\n\t\t\twp.domReady(runVideoInjection);\n\t\t}\n\t})();\n\t<\/script>\n\t\n\t<script>\n\t\tdocument.addEventListener('DOMContentLoaded', function () {\n\t\t\t\n\t\t\t\/\/ Get the block element by ID\n\t\t\tvar blockElement = document.getElementById(\"id_69e5d22a5c450\");\n\t\t\tif (!blockElement) return;\n\t\n\t\t\t\/\/ Reveal the block\n\t\t\t(function ($) {\n\t\t\t\tScrollReveal().reveal(blockElement.querySelector(\".container .media\"), {origin: \"bottom\", distance: \"20px\", opacity: 1, duration: 1000});\n\t\t\t\tScrollReveal().reveal(blockElement.querySelector(\".container .content\"), {origin: \"bottom\", distance: \"20px\", opacity: 1, duration: 1000});\n\t\t\t}(jQuery));\n\t\t});\n\t<\/script>\n<\/div>\n\n<div class=\"spacer block\" style=\"height: 24px;\">\n\t<\/div>\n\n\n<p>A Flextronics International Kft. zalaegerszegi, Automotive gy\u00e1rr\u00e9szleg\u00e9ben a vev\u0151i ig\u00e9nyek kiel\u00e9g\u00edt\u00e9s\u00e9re val\u00f3 felk\u00e9sz\u00fcl\u00e9s c\u00e9lj\u00e1b\u00f3l ind\u00edtott \u00faj gy\u00e1rt\u00e1si technol\u00f3gi\u00e1k bevezet\u00e9s\u00e9re szolg\u00e1l\u00f3 kutat\u00e1s\u2013fejleszt\u00e9si projekteket.<\/p>\n\n\n\n<p><strong>H\u00e1rom f\u0151 ter\u00fcletet \u00e9rint a fejleszt\u00e9s:<\/strong><\/p>\n\n\n\n<ol class=\"wp-block-list\">\n<li>\u00daj, a hazai elektronikai iparban nem haszn\u00e1lt gy\u00e1rt\u00e1si technol\u00f3gi\u00e1kat, m\u00f3dszereket vezetett be.<\/li>\n\n\n\n<li>A gy\u00e1rt\u00e1sk\u00f6zi ellen\u0151rz\u00e9sek elv\u00e9gz\u00e9s\u00e9re term\u00e9kspecifikus funkci\u00f3s tesztereket tervezett \u00e9s \u00e9p\u00edtett az \u00fajonnan bevezetett gy\u00e1rtm\u00e1nyaihoz.<\/li>\n\n\n\n<li>A k\u00e9szterm\u00e9kek min\u0151s\u00e9g\u00e9t igazol\u00f3 \u00e9s azok megb\u00edzhat\u00f3s\u00e1g\u00e1t vizsg\u00e1l\u00f3 m\u00f3dszereket alkalmazott, beszerezte az ahhoz sz\u00fcks\u00e9ges berendez\u00e9seket, kidolgozta a vizsg\u00e1latok m\u00f3dszereit.<\/li>\n<\/ol>\n\n\n\n<p>A tev\u00e9kenys\u00e9gek a gy\u00e1r r\u00e9sz\u00e9t k\u00e9pez\u0151 Technol\u00f3giai \u00e9s Oktat\u00e1si K\u00f6zpont koordin\u00e1l\u00e1s\u00e1val a k\u00f6zpont k\u00fcl\u00f6nb\u00f6z\u0151 r\u00e9szlegei, valamint a gy\u00e1rt\u00e1si m\u00e9rn\u00f6ks\u00e9g m\u00e9rn\u00f6keinek, technikusainak r\u00e9szv\u00e9tel\u00e9vel ker\u00fcltek v\u00e9grehajt\u00e1sra.<\/p>\n\n\n\n<h2 class=\"wp-block-heading has-medium-font-size\" style=\"font-style:normal;font-weight:600\">Az al\u00e1bbi r\u00e9szprojektekb\u0151l \u00e1ll a projekt<\/h2>\n\n\n<div id=\"id-69e5d22a61727\" class=\"columns block\">\n\t<style>\n\t\t#id-69e5d22a61727 .column, #id-69e5d22a61727 .wp-block-acf-column {\n\t\t\tpadding: 0 18px;\n\t\t}\n\t\t\n\t\t#id-69e5d22a61727 > .container.show-rules .column+.column, #id-69e5d22a61727 > .container.show-rules .wp-block-acf-column+.wp-block-acf-column {\n\t\t\tborder-color: rgba(38, 38, 38, 0.2);\n\t\t}\n\t\t\n\t\t#id-69e5d22a61727 .column, #id-69e5d22a61727 .wp-block-acf-column {\n\t\t\t.code.block {\n\t\t\t\t.container {\n\t\t\t\t\t.tagembed-widget {\n\t\t\t\t\t\tmax-width: 600px;\n\t\t\t\t\t}\n\t\t\t\t}\n\t\t\t}\n\t\t}\n\t\t\n\t\t@media (max-width: 1320px) {\n\t\t\t#id-69e5d22a61727 > .container {\n\t\t\t\tdisplay: block;\n\t\t\t\tmax-width: 600px;\n\t\t\t}\n\t\t}\n\t\t@media (max-width: 1320px) {\n\t\t\t#id-69e5d22a61727 > .container > .column, #id-69e5d22a61727 > .container > .wp-block-acf-column {\n\t\t\t\tpadding: 36px 0 0 0 !important;\n\t\t\t}\n\t\t}\n\t\t@media (max-width: 1320px) {\n\t\t\t#id-69e5d22a61727 > .container > .column:first-child, #id-69e5d22a61727 > .container > .wp-block-acf-column:first-child {\n\t\t\t\tpadding: 0 !important;\n\t\t\t}\n\t\t}\n\t\t@media (max-width: 1320px) {\n\t\t\t#id-69e5d22a61727 > .container.show-rules .column+.column, #id-69e5d22a61727 > .container.show-rules .wp-block-acf-column+.wp-block-acf-column {\n\t\t\t\tborder-left: none;\n\t\t\t\tborder-top: 1px solid rgba(38, 38, 38, 0.2);\n\t\t\t\tpadding: 30px 0 0 0 !important;\n\t\t\t\tmargin-top: 30px;\n\t\t\t}\n\t\t}\n\t<\/style>\n\t<div class=\"container align-top\">\n\t\t\n<div class=\"column block\">\n\t\n\n<ul class=\"wp-block-list\">\n<li>P1 Szerelt panelek mechanikai \u00e9s korr\u00f3zi\u00f3v\u00e9delme<\/li>\n\n\n\n<li>P2 \u00dajra\u00f6mleszt\u00e9ses forraszt\u00e1s alternat\u00edv m\u00f3dszere \u2013 g\u0151zf\u00e1zis\u00fa forraszt\u00e1s<\/li>\n\n\n\n<li>P3 Furatszerelt alkatr\u00e9szek forraszt\u00e1sa in-line szelekt\u00edv forraszt\u00f3g\u00e9ppel<\/li>\n\n\n\n<li>P4 Vil\u00e1g\u00edt\u00f3 di\u00f3d\u00e1k prec\u00edzi\u00f3s be\u00fcltet\u00e9se<\/li>\n\n\n\n<li>T1 Term\u00e9k kezel\u0151 robot cella<\/li>\n<\/ul>\n\n\n<\/div>\n\n<div class=\"column block\">\n\t\n\n<ul class=\"wp-block-list\">\n<li>T2 FORD B479 OHC \u00e9s Functional light funkci\u00f3s teszter<\/li>\n\n\n\n<li>T3 Daimler DBE238 Roof control modul funkci\u00f3s teszter<\/li>\n\n\n\n<li>T4 Term\u00e9kspecifikus fixture n\u00e9lk\u00fcli alkatr\u00e9sz teszter (Flying Probe) bevezet\u00e9se<\/li>\n\n\n\n<li>V1 Vibr\u00e1ci\u00f3val kombin\u00e1lt h\u0151sokk tesztel\u00e9s bevezet\u00e9se<\/li>\n\n\n\n<li>V2 R\u00f6ntgenvizsg\u00e1lat CT kiterjeszt\u00e9ssel<\/li>\n\n\n\n<li>V3 Automata Optikai Ellen\u0151rz\u0151 k\u00e9sz\u00fcl\u00e9k haszn\u00e1lata furatszerelt alkatr\u00e9szek forraszt\u00e1s ellen\u0151rz\u00e9s\u00e9re<\/li>\n<\/ul>\n\n\n<\/div>\n\n\t<\/div>\n<\/div>\n\n\t\t<\/div>\n\t<\/div>\n<\/div>\n","protected":false},"excerpt":{"rendered":"","protected":false},"author":4,"featured_media":0,"parent":4043,"menu_order":0,"comment_status":"closed","ping_status":"closed","template":"","meta":{"_acf_changed":false,"_searchwp_excluded":"","inline_featured_image":false,"footnotes":""},"categories":[54,34],"class_list":["post-26372","page","type-page","status-publish","hentry","category-life-at-flex","category-corporate"],"acf":[],"_links":{"self":[{"href":"https:\/\/flex.com\/de\/wp-json\/wp\/v2\/pages\/26372","targetHints":{"allow":["GET"]}}],"collection":[{"href":"https:\/\/flex.com\/de\/wp-json\/wp\/v2\/pages"}],"about":[{"href":"https:\/\/flex.com\/de\/wp-json\/wp\/v2\/types\/page"}],"author":[{"embeddable":true,"href":"https:\/\/flex.com\/de\/wp-json\/wp\/v2\/users\/4"}],"replies":[{"embeddable":true,"href":"https:\/\/flex.com\/de\/wp-json\/wp\/v2\/comments?post=26372"}],"version-history":[{"count":8,"href":"https:\/\/flex.com\/de\/wp-json\/wp\/v2\/pages\/26372\/revisions"}],"predecessor-version":[{"id":28105,"href":"https:\/\/flex.com\/de\/wp-json\/wp\/v2\/pages\/26372\/revisions\/28105"}],"up":[{"embeddable":true,"href":"https:\/\/flex.com\/de\/wp-json\/wp\/v2\/pages\/4043"}],"wp:attachment":[{"href":"https:\/\/flex.com\/de\/wp-json\/wp\/v2\/media?parent=26372"}],"wp:term":[{"taxonomy":"category","embeddable":true,"href":"https:\/\/flex.com\/de\/wp-json\/wp\/v2\/categories?post=26372"}],"curies":[{"name":"wp","href":"https:\/\/api.w.org\/{rel}","templated":true}]}}