{"id":25,"date":"2022-08-31T22:34:35","date_gmt":"2022-08-31T22:34:35","guid":{"rendered":"https:\/\/flex-main.lndo.site\/?page_id=25"},"modified":"2025-08-14T16:43:07","modified_gmt":"2025-08-14T21:43:07","slug":"solutions-and-services","status":"publish","type":"page","link":"https:\/\/flex.com\/de\/solutions-and-services","title":{"rendered":"Dienstleistungen"},"content":{"rendered":"<div id=\"block_e83afb6ff73bf8e6b50323df552c066f\" class=\"header block light-content has-background-image\" style=\"background-color: #eaeef4;\">\n\t\t\t<div class=\"background-image\" style=\"background-image: url(https:\/\/flex.com\/wp-content\/uploads\/2023\/01\/Industries-Home-Header-LightGrey-3840x555-1.jpg);\"><\/div>\n\t\t<div class=\"container\">\n\t\t<div class=\"content\" style=\"max-width: px;\">\n\t\t\t\n\n<h1 class=\"wp-block-heading has-dark-gray-color has-text-color\" id=\"h-our-product-lifecycle-services\">Unsere Produktlebenszyklus-Services<\/h1>\n\n\n\n<h2 class=\"wp-block-heading no-margin has-dark-gray-color has-text-color has-small-font-size\" id=\"h-our-full-set-of-specialized-end-to-end-manufacturing-and-related-services-in-every-major-region-optimize-and-streamline-your-products-across-their-entire-lifecycle\" style=\"font-weight:400\">Unser umfassendes Angebot an spezialisierter End-to-End-Fertigung und zugeh\u00f6rigen Dienstleistungen in allen gro\u00dfen Regionen optimiert und rationalisiert Ihre Produkte \u00fcber ihren gesamten Lebenszyklus hinweg.<\/h2>\n\n\n\t\t<\/div>\n\t<\/div>\n\t<script>\n\t\tlet id = \"#block_e83afb6ff73bf8e6b50323df552c066f\";\n\n\t\t(function ($) {\n\n\t\t\t$(id + \" .content h1\").addClass(\"fade-in\");\n\t\t\t$(id + \" .content h2\").addClass(\"fade-in\");\n\t\t\t$(id + \" .content p\").addClass(\"fade-in\");\n\t\t\t\/\/ Fade in the content\n\n\t\t\t\/\/ Fade in the background image\n\t\t\tif ($(id).children(\".background-image\").length > 0) {\n\t\t\t\tvar image = new Image();\n\t\t\t\timage.onload = function () {\n\t\t\t\t\t$(id).children(\".background-image\").addClass(\"visible\");\n\t\t\t\t\t$(id).children(\".container\").addClass(\"visible\");\n\t\t\t\t};\n\t\t\t\timage.src = \"https:\/\/flex.com\/wp-content\/uploads\/2023\/01\/Industries-Home-Header-LightGrey-3840x555-1.jpg\";\n\t\t\t} else {\n\t\t\t\t$(id).children(\".container\").addClass(\"visible\");\n\t\t\t}\n\t\t})(jQuery);\n\n\t\twindow.addEventListener('DOMContentLoaded', () => {\n\t\t\tScrollReveal().reveal(id + \" .fade-in\", {origin: \"left\", distance: \"24px\", interval: 100});\n\t\t});\n\t<\/script>\n<\/div>\n\n<div class=\"spacer block\" style=\"height: 60px;\">\n\t<\/div>\n\n\n<div id=\"block_9722ebde08c51d08e043762555f8ca42\" class=\"tiles block\">\n\t<div class=\"container three-column\">\n\t\t\t\t\t<div class=\"tile\" style=\"padding: 0 0px;\">\n\t\t\t\t<a title=\"Design und Technik\" class=\"image\" href=\"\/de\/solutions-and-services\/design-engineering\/\">\n\t\t\t\t\t\t\t\t\t\t<img decoding=\"async\" alt=\"Design und Technik\" src=\"https:\/\/flex.com\/wp-content\/uploads\/2023\/02\/Design-for-Excellence-768x512.jpg\" title=\"\">\n\t\t\t\t<\/a>\n\t\t\t\t<div>\n\t\t\t\t\t<a title=\"Design und Technik\" class=\"title\" href=\"\/de\/solutions-and-services\/design-engineering\/\">\n\t\t\t\t\t\tDesign und Technik\t\t\t\t\t<\/a>\n\t\t\t\t\t<a title=\"Design und Technik\" class=\"long-arrow\" href=\"\/de\/solutions-and-services\/design-engineering\/\">\n\t\t\t\t\t\t<svg version=\"1.1\" xmlns=\"http:\/\/www.w3.org\/2000\/svg\" xmlns:xlink=\"http:\/\/www.w3.org\/1999\/xlink\" x=\"0px\" y=\"0px\" viewbox=\"0 0 20 10\" xml:space=\"preserve\">\n\t\t\t\t\t\t<polygon class=\"st0\" points=\"15.5,0 14.5,0.9 17.6,4.5 4.5,4.5 4.5,5.8 17.5,5.8 14.5,9.1 15.5,10 20,5.1\"\/>\n\t\t\t\t\t\t\t<rect y=\"4.5\" class=\"st0\" width=\"2.6\" height=\"1.3\"\/>\n\t\t\t\t\t<\/svg>\n\t\t\t\t\t<\/a>\n\t\t\t\t<\/div>\n\t\t\t\t\t\t\t\t\t<div class=\"tiles-text\">\n\t\t\t\t\t\t<p>Wir arbeiten mit Ihrem Team zusammen, um die Produktdesignvorbereitung anhand einer Reihe von Faktoren wie Leistung, Zuverl\u00e4ssigkeit, Haltbarkeit und Skalierbarkeit zu \u00fcberpr\u00fcfen um  so eine schnellere und risiko\u00e4rmere Markteinf\u00fchrung zu erm\u00f6glichen.<\/p>\n\t\t\t\t\t<\/div>\n\t\t\t\t\t\t\t<\/div>\n\t\t\t\t\t<div class=\"tile\" style=\"padding: 0 0px;\">\n\t\t\t\t<a title=\"Lieferkette\" class=\"image\" href=\"\/de\/solutions-and-services\/supply-chain\/\">\n\t\t\t\t\t\t\t\t\t\t<img decoding=\"async\" alt=\"Vertrauensw\u00fcrdige, belastbare Lieferkette\" src=\"https:\/\/flex.com\/wp-content\/uploads\/2023\/02\/Supply-Chain-768x512.jpg\" title=\"\">\n\t\t\t\t<\/a>\n\t\t\t\t<div>\n\t\t\t\t\t<a title=\"Lieferkette\" class=\"title\" href=\"\/de\/solutions-and-services\/supply-chain\/\">\n\t\t\t\t\t\tLieferkette\t\t\t\t\t<\/a>\n\t\t\t\t\t<a title=\"Lieferkette\" class=\"long-arrow\" href=\"\/de\/solutions-and-services\/supply-chain\/\">\n\t\t\t\t\t\t<svg version=\"1.1\" xmlns=\"http:\/\/www.w3.org\/2000\/svg\" xmlns:xlink=\"http:\/\/www.w3.org\/1999\/xlink\" x=\"0px\" y=\"0px\" viewbox=\"0 0 20 10\" xml:space=\"preserve\">\n\t\t\t\t\t\t<polygon class=\"st0\" points=\"15.5,0 14.5,0.9 17.6,4.5 4.5,4.5 4.5,5.8 17.5,5.8 14.5,9.1 15.5,10 20,5.1\"\/>\n\t\t\t\t\t\t\t<rect y=\"4.5\" class=\"st0\" width=\"2.6\" height=\"1.3\"\/>\n\t\t\t\t\t<\/svg>\n\t\t\t\t\t<\/a>\n\t\t\t\t<\/div>\n\t\t\t\t\t\t\t\t\t<div class=\"tiles-text\">\n\t\t\t\t\t\t<p>Unsere vertrauensw\u00fcrdige, belastbare globale Lieferkette bietet das globale Netzwerk, das Know-how und die digitalen Technologien, um Risiken und Komplexit\u00e4t zu mindern.<\/p>\n\t\t\t\t\t<\/div>\n\t\t\t\t\t\t\t<\/div>\n\t\t\t\t\t<div class=\"tile\" style=\"padding: 0 0px;\">\n\t\t\t\t<a title=\"Fortschrittliche Fertigung\" class=\"image\" href=\"\/de\/solutions-and-services\/manufacturing\/\">\n\t\t\t\t\t\t\t\t\t\t<img decoding=\"async\" alt=\"Fortschrittliche Fertigung\" src=\"https:\/\/flex.com\/wp-content\/uploads\/2023\/02\/Manufacturing-768x512.jpg\" title=\"\">\n\t\t\t\t<\/a>\n\t\t\t\t<div>\n\t\t\t\t\t<a title=\"Fortschrittliche Fertigung\" class=\"title\" href=\"\/de\/solutions-and-services\/manufacturing\/\">\n\t\t\t\t\t\tFortschrittliche Fertigung\t\t\t\t\t<\/a>\n\t\t\t\t\t<a title=\"Fortschrittliche Fertigung\" class=\"long-arrow\" href=\"\/de\/solutions-and-services\/manufacturing\/\">\n\t\t\t\t\t\t<svg version=\"1.1\" xmlns=\"http:\/\/www.w3.org\/2000\/svg\" xmlns:xlink=\"http:\/\/www.w3.org\/1999\/xlink\" x=\"0px\" y=\"0px\" viewbox=\"0 0 20 10\" xml:space=\"preserve\">\n\t\t\t\t\t\t<polygon class=\"st0\" points=\"15.5,0 14.5,0.9 17.6,4.5 4.5,4.5 4.5,5.8 17.5,5.8 14.5,9.1 15.5,10 20,5.1\"\/>\n\t\t\t\t\t\t\t<rect y=\"4.5\" class=\"st0\" width=\"2.6\" height=\"1.3\"\/>\n\t\t\t\t\t<\/svg>\n\t\t\t\t\t<\/a>\n\t\t\t\t<\/div>\n\t\t\t\t\t\t\t\t\t<div class=\"tiles-text\">\n\t\t\t\t\t\t<p>Mit \u00fcber 50 Jahren Erfahrung nutzen wir branchenf\u00fchrende, fortschrittliche Fertigungstechnologien, um Produktivit\u00e4t, Qualit\u00e4t und Effizienz zu steigern.<\/p>\n\t\t\t\t\t<\/div>\n\t\t\t\t\t\t\t<\/div>\n\t\t\t\t\t<div class=\"tile\" style=\"padding: 0 0px;\">\n\t\t\t\t<a title=\"Mehrwert-Fulfillment und Logistik\" class=\"image\" href=\"\/de\/solutions-and-services\/value-added-fulfillment-logistics\/\">\n\t\t\t\t\t\t\t\t\t\t<img decoding=\"async\" alt=\"Flex-Mitarbeiter verwenden einen Monitor f\u00fcr Reverse-Logistik und Mehrwert-Fulfillment-Dienste\" src=\"https:\/\/flex.com\/wp-content\/uploads\/2023\/02\/Value-Added-Fulfillment-768x512.jpg\" title=\"\">\n\t\t\t\t<\/a>\n\t\t\t\t<div>\n\t\t\t\t\t<a title=\"Mehrwert-Fulfillment und Logistik\" class=\"title\" href=\"\/de\/solutions-and-services\/value-added-fulfillment-logistics\/\">\n\t\t\t\t\t\tMehrwert-Fulfillment und Logistik\t\t\t\t\t<\/a>\n\t\t\t\t\t<a title=\"Mehrwert-Fulfillment und Logistik\" class=\"long-arrow\" href=\"\/de\/solutions-and-services\/value-added-fulfillment-logistics\/\">\n\t\t\t\t\t\t<svg version=\"1.1\" xmlns=\"http:\/\/www.w3.org\/2000\/svg\" xmlns:xlink=\"http:\/\/www.w3.org\/1999\/xlink\" x=\"0px\" y=\"0px\" viewbox=\"0 0 20 10\" xml:space=\"preserve\">\n\t\t\t\t\t\t<polygon class=\"st0\" points=\"15.5,0 14.5,0.9 17.6,4.5 4.5,4.5 4.5,5.8 17.5,5.8 14.5,9.1 15.5,10 20,5.1\"\/>\n\t\t\t\t\t\t\t<rect y=\"4.5\" class=\"st0\" width=\"2.6\" height=\"1.3\"\/>\n\t\t\t\t\t<\/svg>\n\t\t\t\t\t<\/a>\n\t\t\t\t<\/div>\n\t\t\t\t\t\t\t\t\t<div class=\"tiles-text\">\n\t\t\t\t\t\t<p>Wir bieten Vorw\u00e4rtslogistik, Mehrwert-Fulfillment und Lieferl\u00f6sungen, konfigurieren optimale Routen zu lokalen M\u00e4rkten und erf\u00fcllen globale Omnichannel-Anforderungen in den Bereichen Unternehmen, Einzelhandel und Direktvertrieb an Verbraucher.<\/p>\n\t\t\t\t\t<\/div>\n\t\t\t\t\t\t\t<\/div>\n\t\t\t\t\t<div class=\"tile\" style=\"padding: 0 0px;\">\n\t\t\t\t<a title=\"Aftermarket-Dienstleistungen\" class=\"image\" href=\"\/de\/solutions-and-services\/aftermarket-services\/\">\n\t\t\t\t\t\t\t\t\t\t<img decoding=\"async\" alt=\"Zu den Vorteilen der Auslagerung der Fertigung geh\u00f6ren verst\u00e4rkte Nachhaltigkeitsbem\u00fchungen durch L\u00f6sungen der Kreislaufwirtschaft.\" src=\"https:\/\/flex.com\/wp-content\/uploads\/2023\/02\/Circular-Economy-1-e1755207770334.jpg\" title=\"\">\n\t\t\t\t<\/a>\n\t\t\t\t<div>\n\t\t\t\t\t<a title=\"Aftermarket-Dienstleistungen\" class=\"title\" href=\"\/de\/solutions-and-services\/aftermarket-services\/\">\n\t\t\t\t\t\tAftermarket-Dienstleistungen\t\t\t\t\t<\/a>\n\t\t\t\t\t<a title=\"Aftermarket-Dienstleistungen\" class=\"long-arrow\" href=\"\/de\/solutions-and-services\/aftermarket-services\/\">\n\t\t\t\t\t\t<svg version=\"1.1\" xmlns=\"http:\/\/www.w3.org\/2000\/svg\" xmlns:xlink=\"http:\/\/www.w3.org\/1999\/xlink\" x=\"0px\" y=\"0px\" viewbox=\"0 0 20 10\" xml:space=\"preserve\">\n\t\t\t\t\t\t<polygon class=\"st0\" points=\"15.5,0 14.5,0.9 17.6,4.5 4.5,4.5 4.5,5.8 17.5,5.8 14.5,9.1 15.5,10 20,5.1\"\/>\n\t\t\t\t\t\t\t<rect y=\"4.5\" class=\"st0\" width=\"2.6\" height=\"1.3\"\/>\n\t\t\t\t\t<\/svg>\n\t\t\t\t\t<\/a>\n\t\t\t\t<\/div>\n\t\t\t\t\t\t\t\t\t<div class=\"tiles-text\">\n\t\t\t\t\t\t<p>Wir entwickeln und implementieren unsere L\u00f6sungen f\u00fcr R\u00fccknahmelogistik und Kreislaufwirtschaft, um gesetzliche Anforderungen zu erf\u00fcllen, die Wertr\u00fcckgewinnung zu maximieren und Sie beim Erreichen Ihrer Nachhaltigkeitsziele zu unterst\u00fctzen.<\/p>\n\t\t\t\t\t<\/div>\n\t\t\t\t\t\t\t<\/div>\n\t\t\t<\/div>\n\t<script>\n\t\twindow.addEventListener('DOMContentLoaded', () => {\n\t\t\t(function ($) {\n\t\t\t\t\/\/ Get the block ID\n\t\t\t\tvar id = \"#block_9722ebde08c51d08e043762555f8ca42\";\n\t\t\t\t\/\/ Reveal the block\n\t\t\t\tScrollReveal().reveal(id + \" .tile\", {origin: \"bottom\", distance: \"20px\", duration: 1000, viewFactor: 0.2, interval: 100, reset: false});\n\t\t\t}(jQuery));\n\t\t});\n\t<\/script>\n<\/div>\n\n<div id=\"id-69d6d8561559d\" class=\"box block full-width dark-content de\" style=\"background-color: transparent; background-image: none;\">\n\t<style>\n\t\t#id-69d6d8561559d > .container > .content {\n\t\t\tbackground-color: transparent;\n\t\t\tposition: relative;\n\t\t\tpadding-top: 48px;\n\t\t\tpadding-right: 0px;\n\t\t\tpadding-bottom: 96px;\n\t\t\tpadding-left: 0px;\n\t\t\tmargin-left: 0px;\n\t\t\tmargin-right: 0px;\n\t\t}\n\t\t@media (max-width: 1272px) {\n\t\t\t#id-69d6d8561559d.box.block.full-width > .container > .content {\n\t\t\t\tpadding-left: 0 !important;\n\t\t\t\tpadding-right: 0 !important;\n\t\t\t\tmargin: 0 !important;\n\t\t\t}\n\t\t}\n\t\t@media (max-width: 960px) {\n\t\t\t#id-69d6d8561559d > .container > .content {\n\t\t\t\t\/\/padding-top: 24px;\n\t\t\t\tpadding-right: 0px;\n\t\t\t\t\/\/padding-bottom: 48px;\n\t\t\t\tpadding-left: 0px;\n\t\t\t}\n\t\t}\n\t<\/style>\n\t<div class=\"container\">\n\t\t<div class=\"content\">\n\t\t\t\n\n<h3 class=\"wp-block-heading has-medium-font-size\" id=\"h-delivering-cross-industry-and-technology-expertise\" style=\"font-weight:600\">Bereitstellung branchen\u00fcbergreifender und technologischer Expertise<\/h3>\n\n\n\n<p>Zusammen mit unseren F\u00e4higkeiten im gesamten Produktlebenszyklus bieten wir <a href=\"https:\/\/flex.com\/de\/industries\/cross-industry-technology\/\">Branchen\u00fcbergreifende und technologische Expertise<\/a> einschlie\u00dflich eines branchenf\u00fchrenden Portfolios an <a href=\"https:\/\/flex.com\/de\/products\/power-and-cooling\/\">Energieprodukte<\/a> und <a href=\"https:\/\/flex.com\/de\/industries\/cloud\/#compute-storage\">berechnen<\/a> F\u00e4higkeiten.<\/p>\n\n\n\t\t<\/div>\n\t<\/div>\n<\/div>","protected":false},"excerpt":{"rendered":"","protected":false},"author":1,"featured_media":12019,"parent":0,"menu_order":0,"comment_status":"closed","ping_status":"closed","template":"","meta":{"_acf_changed":false,"_searchwp_excluded":"","inline_featured_image":false,"footnotes":""},"categories":[33],"class_list":["post-25","page","type-page","status-publish","has-post-thumbnail","hentry","category-solutions-and-services"],"acf":[],"_links":{"self":[{"href":"https:\/\/flex.com\/de\/wp-json\/wp\/v2\/pages\/25","targetHints":{"allow":["GET"]}}],"collection":[{"href":"https:\/\/flex.com\/de\/wp-json\/wp\/v2\/pages"}],"about":[{"href":"https:\/\/flex.com\/de\/wp-json\/wp\/v2\/types\/page"}],"author":[{"embeddable":true,"href":"https:\/\/flex.com\/de\/wp-json\/wp\/v2\/users\/1"}],"replies":[{"embeddable":true,"href":"https:\/\/flex.com\/de\/wp-json\/wp\/v2\/comments?post=25"}],"version-history":[{"count":64,"href":"https:\/\/flex.com\/de\/wp-json\/wp\/v2\/pages\/25\/revisions"}],"predecessor-version":[{"id":25206,"href":"https:\/\/flex.com\/de\/wp-json\/wp\/v2\/pages\/25\/revisions\/25206"}],"wp:featuredmedia":[{"embeddable":true,"href":"https:\/\/flex.com\/de\/wp-json\/wp\/v2\/media\/12019"}],"wp:attachment":[{"href":"https:\/\/flex.com\/de\/wp-json\/wp\/v2\/media?parent=25"}],"wp:term":[{"taxonomy":"category","embeddable":true,"href":"https:\/\/flex.com\/de\/wp-json\/wp\/v2\/categories?post=25"}],"curies":[{"name":"wp","href":"https:\/\/api.w.org\/{rel}","templated":true}]}}