{"id":24813,"date":"2025-07-28T10:36:25","date_gmt":"2025-07-28T15:36:25","guid":{"rendered":"https:\/\/flex.com\/?page_id=24813"},"modified":"2025-07-28T10:36:28","modified_gmt":"2025-07-28T15:36:28","slug":"flex-automotive-product-security-incident-response-management-psirm","status":"publish","type":"page","link":"https:\/\/flex.com\/de\/flex-automotive-product-security-incident-response-management-psirm","title":{"rendered":"Flex Incident Response Management (PSIRM) f\u00fcr Produktsicherheit im Automobilbereich"},"content":{"rendered":"<div id=\"id-69eb67e1a85a8\" class=\"box block content-width dark-content de\" style=\"background-color: transparent; background-image: none;\">\n\t<style>\n\t\t#id-69eb67e1a85a8 > .container > .content {\n\t\t\tbackground-color: transparent;\n\t\t\tposition: relative;\n\t\t\tpadding-top: 48px;\n\t\t\tpadding-right: 60px;\n\t\t\tpadding-bottom: 48px;\n\t\t\tpadding-left: 60px;\n\t\t\tmargin-left: 0px;\n\t\t\tmargin-right: 0px;\n\t\t}\n\t\t@media (max-width: 1272px) {\n\t\t\t#id-69eb67e1a85a8.box.block.full-width > .container > .content {\n\t\t\t\tpadding-left: 0 !important;\n\t\t\t\tpadding-right: 0 !important;\n\t\t\t\tmargin: 0 !important;\n\t\t\t}\n\t\t}\n\t\t@media (max-width: 960px) {\n\t\t\t#id-69eb67e1a85a8 > .container > .content {\n\t\t\t\t\/\/padding-top: 24px;\n\t\t\t\tpadding-right: 30px;\n\t\t\t\t\/\/padding-bottom: 24px;\n\t\t\t\tpadding-left: 30px;\n\t\t\t}\n\t\t}\n\t<\/style>\n\t<div class=\"container\">\n\t\t<div class=\"content\">\n\t\t\t\n\n<h2 class=\"wp-block-heading has-medium-font-size\" id=\"h-flex-automotive-product-security-incident-response-management-psirm\" style=\"font-weight:600\">Flex Incident Response Management (PSIRM) f\u00fcr Produktsicherheit im Automobilbereich<\/h2>\n\n\n\n<p><strong>Bei Flex haben f\u00fcr uns die Sicherheit und Zuverl\u00e4ssigkeit unserer Produkte oberste Priorit\u00e4t.<\/strong><\/p>\n\n\n\n<p>Im unwahrscheinlichen Fall eines produktbezogenen Sicherheitsproblems bei einem Flex-Automobilprodukt verf\u00fcgen wir \u00fcber einen klar definierten, transparenten Vorfallmanagementprozess, um Bedenken schnell zu beheben, Risiken zu minimieren und wirksame L\u00f6sungen bereitzustellen.<\/p>\n\n\n\n<p>Das Flex Automotive Product Security Incident Response Team (PSIRT) dient als prim\u00e4rer Ansprechpartner f\u00fcr externe Sicherheitsforscher, Partner und Kunden, um Bedenken hinsichtlich der Cybersicherheit in Bezug auf von Flex entwickelte Automobilprodukte zu melden.<\/p>\n\n\n\t\t<\/div>\n\t<\/div>\n<\/div>\n\n\n<div id=\"id-69eb67e1ab9df\" class=\"box block content-width dark-content de\" style=\"background-color: transparent; background-image: none;\">\n\t<style>\n\t\t#id-69eb67e1ab9df > .container > .content {\n\t\t\tbackground-color: #eaeef4ff;\n\t\t\tposition: relative;\n\t\t\tpadding-top: 48px;\n\t\t\tpadding-right: 60px;\n\t\t\tpadding-bottom: 48px;\n\t\t\tpadding-left: 60px;\n\t\t\tmargin-left: 0px;\n\t\t\tmargin-right: 0px;\n\t\t}\n\t\t@media (max-width: 1272px) {\n\t\t\t#id-69eb67e1ab9df.box.block.full-width > .container > .content {\n\t\t\t\tpadding-left: 0 !important;\n\t\t\t\tpadding-right: 0 !important;\n\t\t\t\tmargin: 0 !important;\n\t\t\t}\n\t\t}\n\t\t@media (max-width: 960px) {\n\t\t\t#id-69eb67e1ab9df > .container > .content {\n\t\t\t\t\/\/padding-top: 24px;\n\t\t\t\tpadding-right: 30px;\n\t\t\t\t\/\/padding-bottom: 24px;\n\t\t\t\tpadding-left: 30px;\n\t\t\t}\n\t\t}\n\t<\/style>\n\t<div class=\"container\">\n\t\t<div class=\"content\">\n\t\t\t\n\n<h2 class=\"wp-block-heading has-medium-font-size\" id=\"h-submitting-a-request\" style=\"font-weight:600\">Senden einer Anfrage<\/h2>\n\n\n\n<p>Wenn Sie glauben, eine potenzielle Sicherheitsl\u00fccke in einem Flex Automotive-Produkt entdeckt zu haben, wenden Sie sich bitte an uns unter: <strong>Automobil-PSIRT: <\/strong><a href=\"mailto:automotivepsirt@flex.com\">automotivepsirt@flex.com<\/a><\/p>\n\n\n\n<p>Bitte geben Sie bei der Meldung folgende Informationen an:<\/p>\n\n\n\n<ul class=\"wp-block-list\">\n<li><strong>Name:<\/strong> Wenn Sie lieber anonym bleiben m\u00f6chten, respektieren wir Ihre Privatsph\u00e4re.<\/li>\n\n\n\n<li><strong>Kontaktinformationen:<\/strong> Details dazu, wie wir Sie erreichen k\u00f6nnen, falls weitere Erl\u00e4uterungen oder Informationen erforderlich sind.<\/li>\n\n\n\n<li><strong>Beschreibung:<\/strong> Eine detaillierte technische Erkl\u00e4rung der Sicherheitsl\u00fccke und ihrer m\u00f6glichen Auswirkungen.<\/li>\n\n\n\n<li><strong>Betroffene Flex-Komponenten:<\/strong> Relevante Details wie Modell, Firmware-Version, Produkt- oder Seriennummer oder \u00f6ffentlich verf\u00fcgbare Informationen oder Links zum Problem.<\/li>\n<\/ul>\n\n\n\t\t<\/div>\n\t<\/div>\n<\/div>\n\n\n<div id=\"id-69eb67e1ac399\" class=\"box block content-width dark-content de\" style=\"background-color: transparent; background-image: none;\">\n\t<style>\n\t\t#id-69eb67e1ac399 > .container > .content {\n\t\t\tbackground-color: transparent;\n\t\t\tposition: relative;\n\t\t\tpadding-top: 48px;\n\t\t\tpadding-right: 60px;\n\t\t\tpadding-bottom: 48px;\n\t\t\tpadding-left: 60px;\n\t\t\tmargin-left: 0px;\n\t\t\tmargin-right: 0px;\n\t\t}\n\t\t@media (max-width: 1272px) {\n\t\t\t#id-69eb67e1ac399.box.block.full-width > .container > .content {\n\t\t\t\tpadding-left: 0 !important;\n\t\t\t\tpadding-right: 0 !important;\n\t\t\t\tmargin: 0 !important;\n\t\t\t}\n\t\t}\n\t\t@media (max-width: 960px) {\n\t\t\t#id-69eb67e1ac399 > .container > .content {\n\t\t\t\t\/\/padding-top: 24px;\n\t\t\t\tpadding-right: 30px;\n\t\t\t\t\/\/padding-bottom: 24px;\n\t\t\t\tpadding-left: 30px;\n\t\t\t}\n\t\t}\n\t<\/style>\n\t<div class=\"container\">\n\t\t<div class=\"content\">\n\t\t\t\n\n<h2 class=\"wp-block-heading has-medium-font-size\" id=\"h-how-we-respond-to-product-incidents\" style=\"font-weight:600\">So reagieren wir auf Produktvorf\u00e4lle<\/h2>\n\n\n\n<h3 class=\"wp-block-heading has-small-font-size\" id=\"h-immediate-action\" style=\"font-weight:600\">Sofortma\u00dfnahmen<\/h3>\n\n\n\n<p><br><strong>Reporter-Feedback:<br><\/strong>Wenn ein Schwachstellenbericht eingereicht wird, generieren wir eine Trackingnummer und stellen sie dem Berichterstatter zur Verf\u00fcgung, um Transparenz und R\u00fcckverfolgbarkeit zu gew\u00e4hrleisten.<\/p>\n\n\n\n<p><br><strong>Vorfallbewertung:<br><\/strong>Unser engagiertes Product Security Incident Management Team f\u00fchrt innerhalb eines festgelegten Zeitrahmens eine erste Bewertung aller Vorfallberichte durch, um Vorf\u00e4lle nach Schweregrad und potenziellen Auswirkungen zu priorisieren und zu kategorisieren.<\/p>\n\n\n\n<p><br><strong>Risikoeind\u00e4mmung:<br><\/strong>Wir ergreifen sofortige Sicherheitsma\u00dfnahmen, die gem\u00e4\u00df den Protokollen zur Risikobewertung vor\u00fcbergehende L\u00f6sungen, Produktr\u00fcckrufe oder andere zum Schutz der Beteiligten erforderliche Ma\u00dfnahmen umfassen k\u00f6nnen.<\/p>\n\n\n\n<p><br><strong>Klare Kommunikation:<br><\/strong>Wir pflegen offene, proaktive Kommunikationskan\u00e4le mit Kunden, Partnern und Aufsichtsbeh\u00f6rden und informieren zeitnah \u00fcber den Status von Vorf\u00e4llen und die ergriffenen Ma\u00dfnahmen. Dar\u00fcber hinaus werden alle Reaktionsaktivit\u00e4ten und Entscheidungen im Verlauf der Reaktion in einem Vorfallprotokoll dokumentiert.<\/p>\n\n\n\n<h3 class=\"wp-block-heading has-small-font-size\" id=\"h-root-cause-analysis\" style=\"font-weight:600\">Ursachenanalyse<\/h3>\n\n\n\n<p><br><strong>Eingehende Untersuchung:<br><\/strong>Unsere technischen Experten verwenden fortschrittliche Diagnosetools und -methoden, um eine gr\u00fcndliche Untersuchung durchzuf\u00fchren, die darauf abzielt, die Grundursache des Problems zu ermitteln.<\/p>\n\n\n\n<p><br><strong>Datenbasierte Methoden:<br><\/strong>Wir wenden systematische Techniken zur Ursachenanalyse an, um ein umfassendes Verst\u00e4ndnis des Problems sicherzustellen.<\/p>\n\n\n\n<p><br><strong>Zusammenarbeit:<br><\/strong>Wir arbeiten mit Automobilherstellern, externen Experten und relevanten Interessengruppen zusammen, um eine ganzheitliche Bewertung des Vorfalls und seiner Auswirkungen zu gew\u00e4hrleisten.<\/p>\n\n\n\n<h3 class=\"wp-block-heading has-small-font-size\" id=\"h-resolution-and-prevention\" style=\"font-weight:600\">L\u00f6sung und Pr\u00e4vention<\/h3>\n\n\n\n<p><br><strong>Rechtzeitige Abhilfe:<br><\/strong>Wir legen Wert auf die Entwicklung, Implementierung und Validierung effektiver L\u00f6sungen, um erkannte Probleme umgehend zu beheben und so St\u00f6rungen und Risiken f\u00fcr die Beteiligten zu minimieren.<\/p>\n\n\n\n<p><br><strong>Vorbeugende Ma\u00dfnahmen:<br><\/strong>Wir f\u00fchren eine gr\u00fcndliche \u00dcberpr\u00fcfung der internen Prozesse durch und implementieren Designverbesserungen auf der Grundlage der gewonnenen Erkenntnisse, um die Wiederholung \u00e4hnlicher Vorf\u00e4lle in der Zukunft zu verhindern.<\/p>\n\n\n\n<p><br><strong>R\u00fcckrufmanagement:<br><\/strong>F\u00fcr betroffene Produkte halten wir uns an einen strukturierten R\u00fcckrufprozess, bei dem die Sicherheit und Zufriedenheit der Kunden im Vordergrund steht.<\/p>\n\n\n\n<p><br><strong>Informationsaustausch:<br><\/strong>Als Mitglied der Automotive Information Sharing and Analysis Community (Auto-ISAC) verpflichten wir uns, relevante Informationen zu Sicherheitsl\u00fccken mit der Automotive Community zu teilen und sicherzustellen, dass diese Offenlegungen in voller Abstimmung mit allen betroffenen Kunden und in \u00dcbereinstimmung mit den geltenden Vorschriften erfolgen.<\/p>\n\n\n\t\t<\/div>\n\t<\/div>\n<\/div>","protected":false},"excerpt":{"rendered":"","protected":false},"author":4,"featured_media":0,"parent":0,"menu_order":0,"comment_status":"closed","ping_status":"closed","template":"","meta":{"_acf_changed":false,"_searchwp_excluded":"","inline_featured_image":false,"footnotes":""},"categories":[35,34],"class_list":["post-24813","page","type-page","status-publish","hentry","category-automotive","category-corporate"],"acf":[],"_links":{"self":[{"href":"https:\/\/flex.com\/de\/wp-json\/wp\/v2\/pages\/24813","targetHints":{"allow":["GET"]}}],"collection":[{"href":"https:\/\/flex.com\/de\/wp-json\/wp\/v2\/pages"}],"about":[{"href":"https:\/\/flex.com\/de\/wp-json\/wp\/v2\/types\/page"}],"author":[{"embeddable":true,"href":"https:\/\/flex.com\/de\/wp-json\/wp\/v2\/users\/4"}],"replies":[{"embeddable":true,"href":"https:\/\/flex.com\/de\/wp-json\/wp\/v2\/comments?post=24813"}],"version-history":[{"count":3,"href":"https:\/\/flex.com\/de\/wp-json\/wp\/v2\/pages\/24813\/revisions"}],"predecessor-version":[{"id":24891,"href":"https:\/\/flex.com\/de\/wp-json\/wp\/v2\/pages\/24813\/revisions\/24891"}],"wp:attachment":[{"href":"https:\/\/flex.com\/de\/wp-json\/wp\/v2\/media?parent=24813"}],"wp:term":[{"taxonomy":"category","embeddable":true,"href":"https:\/\/flex.com\/de\/wp-json\/wp\/v2\/categories?post=24813"}],"curies":[{"name":"wp","href":"https:\/\/api.w.org\/{rel}","templated":true}]}}