{"id":22705,"date":"2025-04-24T17:27:52","date_gmt":"2025-04-24T22:27:52","guid":{"rendered":"https:\/\/flex.com\/?page_id=22705"},"modified":"2026-04-14T12:28:51","modified_gmt":"2026-04-14T17:28:51","slug":"products","status":"publish","type":"page","link":"https:\/\/flex.com\/de\/products","title":{"rendered":"Produkte"},"content":{"rendered":"<div id=\"block_c42ae16fdb5a7a801723b03cc7ac623d\" class=\"header block light-content has-background-image\" style=\"background-color: #eaeef4;\">\n\t\t\t<div class=\"background-image\" style=\"background-image: url(https:\/\/flex.com\/wp-content\/uploads\/2023\/01\/Careers-Header-LightGrey-3840x555-1.jpg);\"><\/div>\n\t\t<div class=\"container\">\n\t\t<div class=\"content\" style=\"max-width: 1200px;\">\n\t\t\t\n\n<h1 class=\"wp-block-heading has-dark-gray-color has-text-color has-link-color wp-elements-caf01004146d4f0345a6203f92897651\" id=\"h-products\">Produkte<\/h1>\n\n\n\t\t<\/div>\n\t<\/div>\n\t<script>\n\t\tlet id = \"#block_c42ae16fdb5a7a801723b03cc7ac623d\";\n\n\t\t(function ($) {\n\n\t\t\t$(id + \" .content h1\").addClass(\"fade-in\");\n\t\t\t$(id + \" .content h2\").addClass(\"fade-in\");\n\t\t\t$(id + \" .content p\").addClass(\"fade-in\");\n\t\t\t\/\/ Fade in the content\n\n\t\t\t\/\/ Fade in the background image\n\t\t\tif ($(id).children(\".background-image\").length > 0) {\n\t\t\t\tvar image = new Image();\n\t\t\t\timage.onload = function () {\n\t\t\t\t\t$(id).children(\".background-image\").addClass(\"visible\");\n\t\t\t\t\t$(id).children(\".container\").addClass(\"visible\");\n\t\t\t\t};\n\t\t\t\timage.src = \"https:\/\/flex.com\/wp-content\/uploads\/2023\/01\/Careers-Header-LightGrey-3840x555-1.jpg\";\n\t\t\t} else {\n\t\t\t\t$(id).children(\".container\").addClass(\"visible\");\n\t\t\t}\n\t\t})(jQuery);\n\n\t\twindow.addEventListener('DOMContentLoaded', () => {\n\t\t\tScrollReveal().reveal(id + \" .fade-in\", {origin: \"left\", distance: \"24px\", interval: 100});\n\t\t});\n\t<\/script>\n<\/div>\n\n<div id=\"id-69ea6a8ae2077\" class=\"box block full-width dark-content de\" style=\"background-color: #ffffffff; background-image: none;\">\n\t<style>\n\t\t#id-69ea6a8ae2077 > .container > .content {\n\t\t\tbackground-color: #ffffffff;\n\t\t\tposition: relative;\n\t\t\tpadding-top: 48px;\n\t\t\tpadding-right: 0px;\n\t\t\tpadding-bottom: 48px;\n\t\t\tpadding-left: 0px;\n\t\t\tmargin-left: 0px;\n\t\t\tmargin-right: 0px;\n\t\t}\n\t\t@media (max-width: 1272px) {\n\t\t\t#id-69ea6a8ae2077.box.block.full-width > .container > .content {\n\t\t\t\tpadding-left: 0 !important;\n\t\t\t\tpadding-right: 0 !important;\n\t\t\t\tmargin: 0 !important;\n\t\t\t}\n\t\t}\n\t\t@media (max-width: 960px) {\n\t\t\t#id-69ea6a8ae2077 > .container > .content {\n\t\t\t\t\/\/padding-top: 24px;\n\t\t\t\tpadding-right: 0px;\n\t\t\t\t\/\/padding-bottom: 24px;\n\t\t\t\tpadding-left: 0px;\n\t\t\t}\n\t\t}\n\t<\/style>\n\t<div class=\"container\">\n\t\t<div class=\"content\">\n\t\t\t\n\n<div id=\"block_5ae98502f7c39fe262ac0cbe2ea2cd04\" class=\"tiles block\">\n\t<div class=\"container three-column\">\n\t\t\t\t\t<div class=\"tile\" style=\"padding: 0 0px;\">\n\t\t\t\t<a title=\"Kritische Leistung\" class=\"image\" href=\"\/de\/products\/power-and-cooling\/#critical-power\">\n\t\t\t\t\t\t\t\t\t\t<img decoding=\"async\" alt=\"Anord Mardix, ein Unternehmen von Flex, kritische Stromversorgungsl\u00f6sungen: Power Pod\" src=\"https:\/\/flex.com\/wp-content\/uploads\/2024\/07\/anord-mardix-critical-power-pod-e1745533730288.jpg\" title=\"\">\n\t\t\t\t<\/a>\n\t\t\t\t<div>\n\t\t\t\t\t<a title=\"Kritische Leistung\" class=\"title\" href=\"\/de\/products\/power-and-cooling\/#critical-power\">\n\t\t\t\t\t\tKritische Leistung\t\t\t\t\t<\/a>\n\t\t\t\t\t<a title=\"Kritische Leistung\" class=\"long-arrow\" href=\"\/de\/products\/power-and-cooling\/#critical-power\">\n\t\t\t\t\t\t<svg version=\"1.1\" xmlns=\"http:\/\/www.w3.org\/2000\/svg\" xmlns:xlink=\"http:\/\/www.w3.org\/1999\/xlink\" x=\"0px\" y=\"0px\" viewbox=\"0 0 20 10\" xml:space=\"preserve\">\n\t\t\t\t\t\t<polygon class=\"st0\" points=\"15.5,0 14.5,0.9 17.6,4.5 4.5,4.5 4.5,5.8 17.5,5.8 14.5,9.1 15.5,10 20,5.1\"\/>\n\t\t\t\t\t\t\t<rect y=\"4.5\" class=\"st0\" width=\"2.6\" height=\"1.3\"\/>\n\t\t\t\t\t<\/svg>\n\t\t\t\t\t<\/a>\n\t\t\t\t<\/div>\n\t\t\t\t\t\t\t\t\t<div class=\"tiles-text\">\n\t\t\t\t\t\t<p><a href=\"https:\/\/flex.com\/de\/products\/power-and-cooling\/#busway\" title=\"Busbahn\" style=\"text-decoration:none;\">Busspur \u2192<\/a><br\/><a href=\"https:\/\/flex.com\/de\/products\/power-and-cooling\/#switchgear\" title=\"Schaltanlagen\" style=\"text-decoration:none;\">Schaltanlagen \u2192<\/a><br\/><a href=\"https:\/\/flex.com\/de\/products\/power-and-cooling\/#modular\"\" title=\"Modular\" style=\"text-decoration:none;\">Modular \u2192<\/a><br\/><a href=\"https:\/\/flex.com\/de\/products\/power-and-cooling\/#power-management\" title=\"Energieverwaltung\" style=\"text-decoration:none;\">Energiemanagement \u2192<\/a><br\/><a href=\"https:\/\/flex.com\/de\/products\/power-and-cooling\/#field-services\" title=\"Au\u00dfendienst\" style=\"text-decoration:none;\">Au\u00dfendienst \u2192<\/a><\/p>\n\t\t\t\t\t<\/div>\n\t\t\t\t\t\t\t<\/div>\n\t\t\t\t\t<div class=\"tile\" style=\"padding: 0 0px;\">\n\t\t\t\t<a title=\"Integrierte Stromversorgung\" class=\"image\" href=\"\/de\/products\/power-and-cooling\/#embedded-power\">\n\t\t\t\t\t\t\t\t\t\t<img decoding=\"async\" alt=\"Eingebettetes Leistungsmodul\" src=\"https:\/\/flex.com\/wp-content\/uploads\/2025\/04\/embedded-power-module-768x512.jpg\" title=\"\">\n\t\t\t\t<\/a>\n\t\t\t\t<div>\n\t\t\t\t\t<a title=\"Integrierte Stromversorgung\" class=\"title\" href=\"\/de\/products\/power-and-cooling\/#embedded-power\">\n\t\t\t\t\t\tIntegrierte Stromversorgung\t\t\t\t\t<\/a>\n\t\t\t\t\t<a title=\"Integrierte Stromversorgung\" class=\"long-arrow\" href=\"\/de\/products\/power-and-cooling\/#embedded-power\">\n\t\t\t\t\t\t<svg version=\"1.1\" xmlns=\"http:\/\/www.w3.org\/2000\/svg\" xmlns:xlink=\"http:\/\/www.w3.org\/1999\/xlink\" x=\"0px\" y=\"0px\" viewbox=\"0 0 20 10\" xml:space=\"preserve\">\n\t\t\t\t\t\t<polygon class=\"st0\" points=\"15.5,0 14.5,0.9 17.6,4.5 4.5,4.5 4.5,5.8 17.5,5.8 14.5,9.1 15.5,10 20,5.1\"\/>\n\t\t\t\t\t\t\t<rect y=\"4.5\" class=\"st0\" width=\"2.6\" height=\"1.3\"\/>\n\t\t\t\t\t<\/svg>\n\t\t\t\t\t<\/a>\n\t\t\t\t<\/div>\n\t\t\t\t\t\t\t\t\t<div class=\"tiles-text\">\n\t\t\t\t\t\t<p><a href=\"https:\/\/flex.com\/de\/products\/power-modules\/\" title=\"Flex-Leistungsmodule\" style=\"text-decoration:none;\">Leistungsmodule \u2192<\/a><br\/><a href=\"https:\/\/flex.com\/de\/products\/power-modules\/product-selector\/\" title=\"Produktauswahl f\u00fcr Leistungsmodule\" style=\"text-decoration:none;\">Produktauswahl f\u00fcr Leistungsmodule \u2192<\/a><br\/><a href=\"https:\/\/flex.com\/de\/products\/power-and-cooling\/#custom\" title=\"Kundenspezifische eingebettete Stromversorgungsl\u00f6sungen\" style=\"text-decoration:none;\">Kundenspezifische Stromversorgungsl\u00f6sungen \u2192<\/a><\/p>\n\t\t\t\t\t<\/div>\n\t\t\t\t\t\t\t<\/div>\n\t\t\t\t\t<div class=\"tile\" style=\"padding: 0 0px;\">\n\t\t\t\t<a title=\"Fl\u00fcssigkeitsk\u00fchlung\" class=\"image\" href=\"\/de\/products\/power-and-cooling\/#liquid-cooling\">\n\t\t\t\t\t\t\t\t\t\t<img decoding=\"async\" alt=\"Fl\u00fcssigkeitsk\u00fchlkomponente\" src=\"https:\/\/flex.com\/wp-content\/uploads\/2025\/04\/liquid-cooling-768x512.jpg\" title=\"\">\n\t\t\t\t<\/a>\n\t\t\t\t<div>\n\t\t\t\t\t<a title=\"Fl\u00fcssigkeitsk\u00fchlung\" class=\"title\" href=\"\/de\/products\/power-and-cooling\/#liquid-cooling\">\n\t\t\t\t\t\tFl\u00fcssigkeitsk\u00fchlung\t\t\t\t\t<\/a>\n\t\t\t\t\t<a title=\"Fl\u00fcssigkeitsk\u00fchlung\" class=\"long-arrow\" href=\"\/de\/products\/power-and-cooling\/#liquid-cooling\">\n\t\t\t\t\t\t<svg version=\"1.1\" xmlns=\"http:\/\/www.w3.org\/2000\/svg\" xmlns:xlink=\"http:\/\/www.w3.org\/1999\/xlink\" x=\"0px\" y=\"0px\" viewbox=\"0 0 20 10\" xml:space=\"preserve\">\n\t\t\t\t\t\t<polygon class=\"st0\" points=\"15.5,0 14.5,0.9 17.6,4.5 4.5,4.5 4.5,5.8 17.5,5.8 14.5,9.1 15.5,10 20,5.1\"\/>\n\t\t\t\t\t\t\t<rect y=\"4.5\" class=\"st0\" width=\"2.6\" height=\"1.3\"\/>\n\t\t\t\t\t<\/svg>\n\t\t\t\t\t<\/a>\n\t\t\t\t<\/div>\n\t\t\t\t\t\t\t\t\t<div class=\"tiles-text\">\n\t\t\t\t\t\t<p><a href=\"https:\/\/jetcool.com\/smartplate-system\/\" title=\"Hybridk\u00fchlung\" style=\"text-decoration:none;\" rel=\"nofollow noopener\" target=\"_blank\">Hybridk\u00fchlung \u2192<\/a><br\/><a href=\"https:\/\/jetcool.com\/smartplate-cold-plate\/\" title=\"Kalte Platten\" style=\"text-decoration:none;\" rel=\"nofollow noopener\" target=\"_blank\">Kalte Platten \u2192<\/a><br\/><a href=\"https:\/\/jetcool.com\/coolant-distribution-units-smartsense-cdu\/\" title=\"K\u00fchlmittelverteilereinheiten (CDUs)\" style=\"text-decoration:none;\" rel=\"nofollow noopener\" target=\"_blank\">K\u00fchlmittelverteilereinheiten (CDUs) \u2192<\/a><br\/>&nbsp;<br\/><span class=\"has-small-font-size\" style=\"float:right;\"><a href=\"https:\/\/flex.com\/de\/products\/power-and-cooling\/#liquid-cooling\" title=\"Fl\u00fcssigkeitsk\u00fchlungsl\u00f6sungen\" style=\"text-decoration:none;\">Mehr anzeigen \u2192<\/a><\/span><\/p>\n\t\t\t\t\t<\/div>\n\t\t\t\t\t\t\t<\/div>\n\t\t\t\t\t<div class=\"tile\" style=\"padding: 0 0px;\">\n\t\t\t\t<a title=\"Automobilindustrie\" class=\"image\" href=\"\/de\/industries\/automotive\/#products\">\n\t\t\t\t\t\t\t\t\t\t<img decoding=\"async\" alt=\"Automobilindustrie\" src=\"https:\/\/flex.com\/wp-content\/uploads\/2023\/02\/Automotive-1-768x512.jpg\" title=\"\">\n\t\t\t\t<\/a>\n\t\t\t\t<div>\n\t\t\t\t\t<a title=\"Automobilindustrie\" class=\"title\" href=\"\/de\/industries\/automotive\/#products\">\n\t\t\t\t\t\tAutomobilindustrie\t\t\t\t\t<\/a>\n\t\t\t\t\t<a title=\"Automobilindustrie\" class=\"long-arrow\" href=\"\/de\/industries\/automotive\/#products\">\n\t\t\t\t\t\t<svg version=\"1.1\" xmlns=\"http:\/\/www.w3.org\/2000\/svg\" xmlns:xlink=\"http:\/\/www.w3.org\/1999\/xlink\" x=\"0px\" y=\"0px\" viewbox=\"0 0 20 10\" xml:space=\"preserve\">\n\t\t\t\t\t\t<polygon class=\"st0\" points=\"15.5,0 14.5,0.9 17.6,4.5 4.5,4.5 4.5,5.8 17.5,5.8 14.5,9.1 15.5,10 20,5.1\"\/>\n\t\t\t\t\t\t\t<rect y=\"4.5\" class=\"st0\" width=\"2.6\" height=\"1.3\"\/>\n\t\t\t\t\t<\/svg>\n\t\t\t\t\t<\/a>\n\t\t\t\t<\/div>\n\t\t\t\t\t\t\t\t\t<div class=\"tiles-text\">\n\t\t\t\t\t\t<p><a href=\"https:\/\/flex.com\/de\/industries\/automotive\/#products\" title=\"Computerplattformen\" style=\"text-decoration:none;\">Rechenplattformen \u2192<\/a><br\/><a href=\"https:\/\/flex.com\/de\/industries\/automotive\/#products\" title=\"Leistungselektronik\" style=\"text-decoration:none;\">Leistungselektronik \u2192<\/a><br\/><a href=\"https:\/\/flex.com\/de\/industries\/automotive\/#products\" title=\"Bewegung und Schnittstellen\" style=\"text-decoration:none;\">Bewegung und Schnittstellen \u2192<\/a><\/p>\n\t\t\t\t\t<\/div>\n\t\t\t\t\t\t\t<\/div>\n\t\t\t\t\t<div class=\"tile\" style=\"padding: 0 0px;\">\n\t\t\t\t<a title=\"Komponenten\" class=\"image\" href=\"https:\/\/flexcoreworks.com\/\" rel=\"nofollow noopener\" target=\"_blank\">\n\t\t\t\t\t\t\t\t\t\t<img decoding=\"async\" alt=\"Komponenten von Coreworks, einem Flex-Unternehmen\" src=\"https:\/\/flex.com\/wp-content\/uploads\/2025\/07\/Coreworks-Components_564x376-web-image.jpg\" title=\"\">\n\t\t\t\t<\/a>\n\t\t\t\t<div>\n\t\t\t\t\t<a title=\"Komponenten\" class=\"title\" href=\"https:\/\/flexcoreworks.com\/\" rel=\"nofollow noopener\" target=\"_blank\">\n\t\t\t\t\t\tKomponenten\t\t\t\t\t<\/a>\n\t\t\t\t\t<a title=\"Komponenten\" class=\"long-arrow\" href=\"https:\/\/flexcoreworks.com\/\" rel=\"nofollow noopener\" target=\"_blank\">\n\t\t\t\t\t\t<svg version=\"1.1\" xmlns=\"http:\/\/www.w3.org\/2000\/svg\" xmlns:xlink=\"http:\/\/www.w3.org\/1999\/xlink\" x=\"0px\" y=\"0px\" viewbox=\"0 0 20 10\" xml:space=\"preserve\">\n\t\t\t\t\t\t<polygon class=\"st0\" points=\"15.5,0 14.5,0.9 17.6,4.5 4.5,4.5 4.5,5.8 17.5,5.8 14.5,9.1 15.5,10 20,5.1\"\/>\n\t\t\t\t\t\t\t<rect y=\"4.5\" class=\"st0\" width=\"2.6\" height=\"1.3\"\/>\n\t\t\t\t\t<\/svg>\n\t\t\t\t\t<\/a>\n\t\t\t\t<\/div>\n\t\t\t\t\t\t\t\t\t<div class=\"tiles-text\">\n\t\t\t\t\t\t<p><a href=\"https:\/\/flexcoreworks.com\/capacitors\" title=\"Kondensatoren\" style=\"text-decoration:none;\" rel=\"nofollow noopener\" target=\"_blank\">Kondensatoren \u2192<\/a><br\/><a href=\"https:\/\/flexcoreworks.com\/interconnect\" title=\"Verbinden\" style=\"text-decoration:none;\" rel=\"nofollow noopener\" target=\"_blank\">Verbindung \u2192<\/a><br\/><a href=\"https:\/\/flexcoreworks.com\/mechanicals\" title=\"Mechanik\" style=\"text-decoration:none;\" rel=\"nofollow noopener\" target=\"_blank\">Mechanik \u2192<\/a><br\/><a href=\"https:\/\/flexcoreworks.com\/semiconductors\" title=\"Halbleiter\" style=\"text-decoration:none;\" rel=\"nofollow noopener\" target=\"_blank\">Halbleiter \u2192<\/a><br\/>&nbsp;<br\/><span class=\"has-small-font-size\" style=\"float:right;\"><a href=\"https:\/\/flexcoreworks.com\/\" title=\"Flex Coreworks-Komponenten\" style=\"text-decoration:none;\" rel=\"nofollow noopener\" target=\"_blank\">Mehr anzeigen \u2192<\/a><\/span><\/p>\n\t\t\t\t\t<\/div>\n\t\t\t\t\t\t\t<\/div>\n\t\t\t\t\t<div class=\"tile\" style=\"padding: 0 0px;\">\n\t\t\t\t<a title=\"Flexible Schaltkreise und Materialien\" class=\"image\" href=\"https:\/\/www.sheldahl.com\/\" rel=\"nofollow noopener\" target=\"_blank\">\n\t\t\t\t\t\t\t\t\t\t<img decoding=\"async\" alt=\"Flexible Schaltkreise und Materialien\" src=\"https:\/\/flex.com\/wp-content\/uploads\/2025\/07\/Flexible-Electronic-Chip-768x512.jpg\" title=\"\">\n\t\t\t\t<\/a>\n\t\t\t\t<div>\n\t\t\t\t\t<a title=\"Flexible Schaltkreise und Materialien\" class=\"title\" href=\"https:\/\/www.sheldahl.com\/\" rel=\"nofollow noopener\" target=\"_blank\">\n\t\t\t\t\t\tFlexible Schaltkreise und Materialien\t\t\t\t\t<\/a>\n\t\t\t\t\t<a title=\"Flexible Schaltkreise und Materialien\" class=\"long-arrow\" href=\"https:\/\/www.sheldahl.com\/\" rel=\"nofollow noopener\" target=\"_blank\">\n\t\t\t\t\t\t<svg version=\"1.1\" xmlns=\"http:\/\/www.w3.org\/2000\/svg\" xmlns:xlink=\"http:\/\/www.w3.org\/1999\/xlink\" x=\"0px\" y=\"0px\" viewbox=\"0 0 20 10\" xml:space=\"preserve\">\n\t\t\t\t\t\t<polygon class=\"st0\" points=\"15.5,0 14.5,0.9 17.6,4.5 4.5,4.5 4.5,5.8 17.5,5.8 14.5,9.1 15.5,10 20,5.1\"\/>\n\t\t\t\t\t\t\t<rect y=\"4.5\" class=\"st0\" width=\"2.6\" height=\"1.3\"\/>\n\t\t\t\t\t<\/svg>\n\t\t\t\t\t<\/a>\n\t\t\t\t<\/div>\n\t\t\t\t\t\t\t\t\t<div class=\"tiles-text\">\n\t\t\t\t\t\t<p><a href=\"https:\/\/sheldahl.com\/solutions\/flexible-printed-circuits\/\" title=\"Flexible-Schaltungen\" style=\"text-decoration:none;\" rel=\"nofollow noopener\" target=\"_blank\">Flexible-Schaltungen \u2192<\/a><br\/><a href=\"https:\/\/sheldahl.com\/solutions\/aerospace-thermal-control\/\" title=\"W\u00e4rmekontrolle\" style=\"text-decoration:none;\" rel=\"nofollow noopener\" target=\"_blank\">Thermische Regelung \u2192<\/a><br\/><a href=\"https:\/\/sheldahl.com\/solutions\/printed-electronics\/\" title=\"Gedruckte Elektronik\" style=\"text-decoration:none;\" rel=\"nofollow noopener\" target=\"_blank\">Gedruckte Elektronik \u2192<\/a><br\/>&nbsp;<br\/><span class=\"has-small-font-size\" style=\"float:right;\"><a href=\"https:\/\/www.sheldahl.com\/\" title=\"Sheldahl, ein Unternehmen der Flex-Gruppe\" style=\"text-decoration:none;\" rel=\"nofollow noopener\" target=\"_blank\">Mehr anzeigen \u2192<\/a><\/span><\/p>\n\t\t\t\t\t<\/div>\n\t\t\t\t\t\t\t<\/div>\n\t\t\t<\/div>\n\t<script>\n\t\twindow.addEventListener('DOMContentLoaded', () => {\n\t\t\t(function ($) {\n\t\t\t\t\/\/ Get the block ID\n\t\t\t\tvar id = \"#block_5ae98502f7c39fe262ac0cbe2ea2cd04\";\n\t\t\t\t\/\/ Reveal the block\n\t\t\t\tScrollReveal().reveal(id + \" .tile\", {origin: \"bottom\", distance: \"20px\", duration: 1000, viewFactor: 0.2, interval: 100, reset: false});\n\t\t\t}(jQuery));\n\t\t});\n\t<\/script>\n<\/div>\n\n\t\t<\/div>\n\t<\/div>\n<\/div>","protected":false},"excerpt":{"rendered":"","protected":false},"author":3,"featured_media":22609,"parent":0,"menu_order":0,"comment_status":"closed","ping_status":"closed","template":"","meta":{"_acf_changed":false,"_searchwp_excluded":"","inline_featured_image":false,"footnotes":""},"categories":[85],"class_list":["post-22705","page","type-page","status-publish","has-post-thumbnail","hentry","category-flex"],"acf":[],"_links":{"self":[{"href":"https:\/\/flex.com\/de\/wp-json\/wp\/v2\/pages\/22705","targetHints":{"allow":["GET"]}}],"collection":[{"href":"https:\/\/flex.com\/de\/wp-json\/wp\/v2\/pages"}],"about":[{"href":"https:\/\/flex.com\/de\/wp-json\/wp\/v2\/types\/page"}],"author":[{"embeddable":true,"href":"https:\/\/flex.com\/de\/wp-json\/wp\/v2\/users\/3"}],"replies":[{"embeddable":true,"href":"https:\/\/flex.com\/de\/wp-json\/wp\/v2\/comments?post=22705"}],"version-history":[{"count":10,"href":"https:\/\/flex.com\/de\/wp-json\/wp\/v2\/pages\/22705\/revisions"}],"predecessor-version":[{"id":41536,"href":"https:\/\/flex.com\/de\/wp-json\/wp\/v2\/pages\/22705\/revisions\/41536"}],"wp:featuredmedia":[{"embeddable":true,"href":"https:\/\/flex.com\/de\/wp-json\/wp\/v2\/media\/22609"}],"wp:attachment":[{"href":"https:\/\/flex.com\/de\/wp-json\/wp\/v2\/media?parent=22705"}],"wp:term":[{"taxonomy":"category","embeddable":true,"href":"https:\/\/flex.com\/de\/wp-json\/wp\/v2\/categories?post=22705"}],"curies":[{"name":"wp","href":"https:\/\/api.w.org\/{rel}","templated":true}]}}