{"id":20292,"date":"2024-09-27T16:18:32","date_gmt":"2024-09-27T21:18:32","guid":{"rendered":"https:\/\/flex.com\/?page_id=20292"},"modified":"2025-01-16T12:01:50","modified_gmt":"2025-01-16T18:01:50","slug":"water-management-practices","status":"publish","type":"page","link":"https:\/\/flex.com\/de\/company\/sustainability\/reports-and-disclosures\/water-management-practices","title":{"rendered":"Wassermanagementpraktiken"},"content":{"rendered":"<div id=\"block_17cb268c5458794c50b534681c220eb3\" class=\"header block light-content\" style=\"background-color: #005486;\">\n\t\t<div class=\"container\">\n\t\t<div class=\"content\" style=\"max-width: px;\">\n\t\t\t\n\n<h1 class=\"wp-block-heading has-large-font-size\" id=\"h-flex-zhuhai-b11-water-management-practices\">Flex Zhuhai B11 Wassermanagementpraktiken<\/h1>\n\n\n\t\t<\/div>\n\t<\/div>\n\t<script>\n\t\tlet id = \"#block_17cb268c5458794c50b534681c220eb3\";\n\n\t\t(function ($) {\n\n\t\t\t$(id + \" .content h1\").addClass(\"fade-in\");\n\t\t\t$(id + \" .content h2\").addClass(\"fade-in\");\n\t\t\t$(id + \" .content p\").addClass(\"fade-in\");\n\t\t\t\/\/ Fade in the content\n\n\t\t\t\/\/ Fade in the background image\n\t\t\tif ($(id).children(\".background-image\").length > 0) {\n\t\t\t\tvar image = new Image();\n\t\t\t\timage.onload = function () {\n\t\t\t\t\t$(id).children(\".background-image\").addClass(\"visible\");\n\t\t\t\t\t$(id).children(\".container\").addClass(\"visible\");\n\t\t\t\t};\n\t\t\t\timage.src = \"\";\n\t\t\t} else {\n\t\t\t\t$(id).children(\".container\").addClass(\"visible\");\n\t\t\t}\n\t\t})(jQuery);\n\n\t\twindow.addEventListener('DOMContentLoaded', () => {\n\t\t\tScrollReveal().reveal(id + \" .fade-in\", {origin: \"left\", distance: \"24px\", interval: 100});\n\t\t});\n\t<\/script>\n<\/div>\n\n<div id=\"id-69eb8e51daec7\" class=\"box block full-width dark-content de\" style=\"background-color: #ffffffff; background-image: none;\">\n\t<style>\n\t\t#id-69eb8e51daec7 > .container > .content {\n\t\t\tbackground-color: #ffffffff;\n\t\t\tposition: relative;\n\t\t\tpadding-top: 48px;\n\t\t\tpadding-right: 0px;\n\t\t\tpadding-bottom: 48px;\n\t\t\tpadding-left: 0px;\n\t\t\tmargin-left: 0px;\n\t\t\tmargin-right: 0px;\n\t\t}\n\t\t@media (max-width: 1272px) {\n\t\t\t#id-69eb8e51daec7.box.block.full-width > .container > .content {\n\t\t\t\tpadding-left: 0 !important;\n\t\t\t\tpadding-right: 0 !important;\n\t\t\t\tmargin: 0 !important;\n\t\t\t}\n\t\t}\n\t\t@media (max-width: 960px) {\n\t\t\t#id-69eb8e51daec7 > .container > .content {\n\t\t\t\t\/\/padding-top: 24px;\n\t\t\t\tpadding-right: 0px;\n\t\t\t\t\/\/padding-bottom: 24px;\n\t\t\t\tpadding-left: 0px;\n\t\t\t}\n\t\t}\n\t<\/style>\n\t<div class=\"container\">\n\t\t<div class=\"content\">\n\t\t\t\n\n<p>Am 19. Dezember 2024 erhielt Flex Zhuhai B11 die Core Level-Zertifizierung der Alliance for Water Stewardship (AWS), was einen bedeutenden Fortschritt im nachhaltigen Wassermanagement darstellt.<\/p>\n\n\n<div id=\"id-69eb8e51d769a\" class=\"box block content-width dark-content de\" style=\"background-color: transparent; background-image: none;\">\n\t<style>\n\t\t#id-69eb8e51d769a > .container > .content {\n\t\t\tbackground-color: #eaeef4ff;\n\t\t\tposition: relative;\n\t\t\tpadding-top: 48px;\n\t\t\tpadding-right: 60px;\n\t\t\tpadding-bottom: 48px;\n\t\t\tpadding-left: 60px;\n\t\t\tmargin-left: 0px;\n\t\t\tmargin-right: 0px;\n\t\t}\n\t\t@media (max-width: 1272px) {\n\t\t\t#id-69eb8e51d769a.box.block.full-width > .container > .content {\n\t\t\t\tpadding-left: 0 !important;\n\t\t\t\tpadding-right: 0 !important;\n\t\t\t\tmargin: 0 !important;\n\t\t\t}\n\t\t}\n\t\t@media (max-width: 960px) {\n\t\t\t#id-69eb8e51d769a > .container > .content {\n\t\t\t\t\/\/padding-top: 24px;\n\t\t\t\tpadding-right: 30px;\n\t\t\t\t\/\/padding-bottom: 24px;\n\t\t\t\tpadding-left: 30px;\n\t\t\t}\n\t\t}\n\t<\/style>\n\t<div class=\"container\">\n\t\t<div class=\"content\">\n\t\t\t\n\n<h2 class=\"wp-block-heading has-small-font-size\" id=\"h-documentation\">Dokumentation<\/h2>\n\n\n<div id=\"id-69eb8e51c86a1\" class=\"columns block\">\n\t<style>\n\t\t#id-69eb8e51c86a1 .column, #id-69eb8e51c86a1 .wp-block-acf-column {\n\t\t\tpadding: 0 18px;\n\t\t}\n\t\t\n\t\t#id-69eb8e51c86a1 > .container.show-rules .column+.column, #id-69eb8e51c86a1 > .container.show-rules .wp-block-acf-column+.wp-block-acf-column {\n\t\t\tborder-color: rgba(38, 38, 38, 0.2);\n\t\t}\n\t\t\n\t\t#id-69eb8e51c86a1 .column, #id-69eb8e51c86a1 .wp-block-acf-column {\n\t\t\t.code.block {\n\t\t\t\t.container {\n\t\t\t\t\t.tagembed-widget {\n\t\t\t\t\t\tmax-width: 600px;\n\t\t\t\t\t}\n\t\t\t\t}\n\t\t\t}\n\t\t}\n\t\t\n\t\t@media (max-width: 1272px) {\n\t\t\t#id-69eb8e51c86a1 > .container {\n\t\t\t\tdisplay: block;\n\t\t\t\tmax-width: 600px;\n\t\t\t}\n\t\t}\n\t\t@media (max-width: 1272px) {\n\t\t\t#id-69eb8e51c86a1 > .container > .column, #id-69eb8e51c86a1 > .container > .wp-block-acf-column {\n\t\t\t\tpadding: 36px 0 0 0 !important;\n\t\t\t}\n\t\t}\n\t\t@media (max-width: 1272px) {\n\t\t\t#id-69eb8e51c86a1 > .container > .column:first-child, #id-69eb8e51c86a1 > .container > .wp-block-acf-column:first-child {\n\t\t\t\tpadding: 0 !important;\n\t\t\t}\n\t\t}\n\t\t@media (max-width: 1272px) {\n\t\t\t#id-69eb8e51c86a1 > .container.show-rules .column+.column, #id-69eb8e51c86a1 > .container.show-rules .wp-block-acf-column+.wp-block-acf-column {\n\t\t\t\tborder-left: none;\n\t\t\t\tborder-top: 1px solid rgba(38, 38, 38, 0.2);\n\t\t\t\tpadding: 30px 0 0 0 !important;\n\t\t\t\tmargin-top: 30px;\n\t\t\t}\n\t\t}\n\t<\/style>\n\t<div class=\"container align-top\">\n\t\t\n<div class=\"column block\">\n\t\n\n<ul class=\"wp-block-list\">\n<li><a href=\"https:\/\/flex.com\/de\/downloads\/alliance-for-water-stewardship-aws-certification\/\">Zertifizierung auf Kernebene der Alliance for Water Stewardship (AWS)<\/a><\/li>\n\n\n\n<li><a href=\"https:\/\/flex.com\/de\/downloads\/%e5%88%a9%e7%9b%8a%e7%9b%b8%e5%85%b3%e6%96%b9%e8%a1%a8%e6%a0%bc\/\">Vergr\u00f6\u00dfern<\/a><\/li>\n\n\n\n<li><a href=\"https:\/\/flex.com\/de\/downloads\/flex-sustainable-water-management-plan-performance-summary\/\">Flex<\/a><\/li>\n\n\n\n<li><a href=\"https:\/\/flex.com\/de\/downloads\/flex-zhuhai-b11-%e5%8f%af%e6%8c%81%e7%bb%ad%e6%b0%b4%e7%ae%a1%e7%90%86%e6%89%8b%e5%86%8c\/\">Flex Zhuhai B11 \u53ef\u6301\u7eed\u6c34\u7ba1\u7406\u624b\u518c<\/a><\/li>\n<\/ul>\n\n\n<\/div>\n\n<div class=\"column block\">\n\t\n\n<ul class=\"wp-block-list\">\n<li><a href=\"https:\/\/flex.com\/de\/downloads\/water-risk\/\">\u6c34\u98ce\u9669<\/a><\/li>\n\n\n\n<li><a href=\"https:\/\/flex.com\/de\/downloads\/water-management-o-chart\/\">O-Diagramm f\u00fcr das Wassermanagement<\/a><\/li>\n\n\n\n<li><a href=\"https:\/\/flex.com\/de\/downloads\/flex-water-management-efforts\/\">Flex Wassermanagementbem\u00fchungen<\/a><\/li>\n\n\n\n<li><a href=\"https:\/\/flex.com\/de\/downloads\/flex-zhuhai-b11-water-management-policy\/\">Flex Zhuhai B11 Wassermanagementpolitik<\/a><\/li>\n\n\n\n<li><a href=\"https:\/\/flex.com\/de\/downloads\/international-sustainable-water-management-standard-review-stakeholder-comments-announcement\/\">\u56fd\u9645\u53ef\u6301\u7eed\u6c34\u7ba1\u7406\u6807\u51c6\u5ba1\u6838 \u2013 \u5229\u76ca\u76f8\u5173\u65b9\u610f\u89c1\u5f81\u6c42\u516c\u544a<\/a><\/li>\n<\/ul>\n\n\n<\/div>\n\n\t<\/div>\n<\/div>\n\n\t\t<\/div>\n\t<\/div>\n<\/div>\n\n\n<div class=\"spacer block\" style=\"height: 24px;\">\n\t<\/div>\n\n\n<h3 class=\"wp-block-heading has-small-font-size\" id=\"h-what-is-aws\" style=\"font-weight:600\">Was ist AWS?<\/h3>\n\n\n\n<p>AWS ist eine globale Kooperation von Unternehmen, NGOs und dem \u00f6ffentlichen Sektor, die sich f\u00fcr die F\u00f6rderung einer nachhaltigen Wassernutzung durch den International Water Stewardship Standard einsetzt. Dieser Standard soll sicherstellen, dass die Wassernutzung sozial gerecht, \u00f6kologisch nachhaltig und wirtschaftlich vorteilhaft ist. Dies wird durch die Einbeziehung aller Interessengruppen und standortspezifische Ma\u00dfnahmen erreicht. Die Zertifizierung bedeutet, dass ein Standort die globalen Benchmarks f\u00fcr die Wasserverwaltung erf\u00fcllt und damit ein starkes Engagement f\u00fcr ein verantwortungsvolles Wassermanagement zeigt.<\/p>\n\n\n\t\t<\/div>\n\t<\/div>\n<\/div>","protected":false},"excerpt":{"rendered":"","protected":false},"author":3,"featured_media":3715,"parent":7656,"menu_order":0,"comment_status":"closed","ping_status":"closed","template":"","meta":{"_acf_changed":false,"_searchwp_excluded":"","inline_featured_image":false,"footnotes":""},"categories":[46],"class_list":["post-20292","page","type-page","status-publish","has-post-thumbnail","hentry","category-sustainability"],"acf":[],"_links":{"self":[{"href":"https:\/\/flex.com\/de\/wp-json\/wp\/v2\/pages\/20292","targetHints":{"allow":["GET"]}}],"collection":[{"href":"https:\/\/flex.com\/de\/wp-json\/wp\/v2\/pages"}],"about":[{"href":"https:\/\/flex.com\/de\/wp-json\/wp\/v2\/types\/page"}],"author":[{"embeddable":true,"href":"https:\/\/flex.com\/de\/wp-json\/wp\/v2\/users\/3"}],"replies":[{"embeddable":true,"href":"https:\/\/flex.com\/de\/wp-json\/wp\/v2\/comments?post=20292"}],"version-history":[{"count":7,"href":"https:\/\/flex.com\/de\/wp-json\/wp\/v2\/pages\/20292\/revisions"}],"predecessor-version":[{"id":21672,"href":"https:\/\/flex.com\/de\/wp-json\/wp\/v2\/pages\/20292\/revisions\/21672"}],"up":[{"embeddable":true,"href":"https:\/\/flex.com\/de\/wp-json\/wp\/v2\/pages\/7656"}],"wp:featuredmedia":[{"embeddable":true,"href":"https:\/\/flex.com\/de\/wp-json\/wp\/v2\/media\/3715"}],"wp:attachment":[{"href":"https:\/\/flex.com\/de\/wp-json\/wp\/v2\/media?parent=20292"}],"wp:term":[{"taxonomy":"category","embeddable":true,"href":"https:\/\/flex.com\/de\/wp-json\/wp\/v2\/categories?post=20292"}],"curies":[{"name":"wp","href":"https:\/\/api.w.org\/{rel}","templated":true}]}}