{"id":17267,"date":"2023-10-23T20:17:15","date_gmt":"2023-10-23T20:17:15","guid":{"rendered":"https:\/\/flex.com\/?page_id=17267"},"modified":"2026-02-26T18:35:15","modified_gmt":"2026-02-27T00:35:15","slug":"contact-us","status":"publish","type":"page","link":"https:\/\/flex.com\/de\/industries\/consumer-devices\/contact-us","title":{"rendered":"Kontaktformular f\u00fcr Verbraucherger\u00e4te"},"content":{"rendered":"<div id=\"block_712e3d8316517b00df3e0e5e83e22e46\" class=\"header block light-content has-background-image\" style=\"background-color: #005486;\">\n\t\t\t<div class=\"background-image\" style=\"background-image: url(https:\/\/flex.com\/wp-content\/uploads\/2023\/01\/Consumer-Header-3.jpg);\"><\/div>\n\t\t<div class=\"container\">\n\t\t<div class=\"content\" style=\"max-width: 653px;\">\n\t\t\t\n\n<h1 class=\"wp-block-heading\" id=\"h-contact-us-to-design-and-manufacture-your-consumer-devices-at-scale\">Kontaktieren Sie uns, um Ihre Verbraucherger\u00e4te im gro\u00dfen Ma\u00dfstab zu entwerfen und herzustellen<\/h1>\n\n\n\t\t<\/div>\n\t<\/div>\n\t<script>\n\t\tlet id = \"#block_712e3d8316517b00df3e0e5e83e22e46\";\n\n\t\t(function ($) {\n\n\t\t\t$(id + \" .content h1\").addClass(\"fade-in\");\n\t\t\t$(id + \" .content h2\").addClass(\"fade-in\");\n\t\t\t$(id + \" .content p\").addClass(\"fade-in\");\n\t\t\t\/\/ Fade in the content\n\n\t\t\t\/\/ Fade in the background image\n\t\t\tif ($(id).children(\".background-image\").length > 0) {\n\t\t\t\tvar image = new Image();\n\t\t\t\timage.onload = function () {\n\t\t\t\t\t$(id).children(\".background-image\").addClass(\"visible\");\n\t\t\t\t\t$(id).children(\".container\").addClass(\"visible\");\n\t\t\t\t};\n\t\t\t\timage.src = \"https:\/\/flex.com\/wp-content\/uploads\/2023\/01\/Consumer-Header-3.jpg\";\n\t\t\t} else {\n\t\t\t\t$(id).children(\".container\").addClass(\"visible\");\n\t\t\t}\n\t\t})(jQuery);\n\n\t\twindow.addEventListener('DOMContentLoaded', () => {\n\t\t\tScrollReveal().reveal(id + \" .fade-in\", {origin: \"left\", distance: \"24px\", interval: 100});\n\t\t});\n\t<\/script>\n<\/div>\n\n<div id=\"id-69ded650086bb\" class=\"box block content-width dark-content de\" style=\"background-color: transparent; background-image: none;\">\n\t<style>\n\t\t#id-69ded650086bb > .container > .content {\n\t\t\tbackground-color: #ffffffff;\n\t\t\tposition: relative;\n\t\t\tpadding-top: 36px;\n\t\t\tpadding-right: 0px;\n\t\t\tpadding-bottom: 48px;\n\t\t\tpadding-left: 0px;\n\t\t\tmargin-left: 0px;\n\t\t\tmargin-right: 0px;\n\t\t}\n\t\t@media (max-width: 1272px) {\n\t\t\t#id-69ded650086bb.box.block.full-width > .container > .content {\n\t\t\t\tpadding-left: 0 !important;\n\t\t\t\tpadding-right: 0 !important;\n\t\t\t\tmargin: 0 !important;\n\t\t\t}\n\t\t}\n\t\t@media (max-width: 960px) {\n\t\t\t#id-69ded650086bb > .container > .content {\n\t\t\t\t\/\/padding-top: 18px;\n\t\t\t\tpadding-right: 0px;\n\t\t\t\t\/\/padding-bottom: 24px;\n\t\t\t\tpadding-left: 0px;\n\t\t\t}\n\t\t}\n\t<\/style>\n\t<div class=\"container\">\n\t\t<div class=\"content\">\n\t\t\t\n<div id=\"block_eb0976800cfdb67b78daf0d33b7dab04\" class=\"code block\">\n\t<div class=\"container\">\n\t\t<iframe loading=\"lazy\" src=\"https:\/\/connect.flex.com\/l\/1112363\/2026-01-09\/f467nx\" width=\"100%\" height=\"900\" type=\"text\/html\" frameborder=\"0\" allowtransparency=\"true\" style=\"border: 0\"><\/iframe>\t<\/div>\n<\/div>\n\n\t\t<\/div>\n\t<\/div>\n<\/div>","protected":false},"excerpt":{"rendered":"","protected":false},"author":3,"featured_media":9032,"parent":91,"menu_order":0,"comment_status":"closed","ping_status":"closed","template":"","meta":{"_acf_changed":false,"_searchwp_excluded":"","inline_featured_image":false,"footnotes":""},"categories":[39],"class_list":["post-17267","page","type-page","status-publish","has-post-thumbnail","hentry","category-consumer-devices"],"acf":[],"_links":{"self":[{"href":"https:\/\/flex.com\/de\/wp-json\/wp\/v2\/pages\/17267","targetHints":{"allow":["GET"]}}],"collection":[{"href":"https:\/\/flex.com\/de\/wp-json\/wp\/v2\/pages"}],"about":[{"href":"https:\/\/flex.com\/de\/wp-json\/wp\/v2\/types\/page"}],"author":[{"embeddable":true,"href":"https:\/\/flex.com\/de\/wp-json\/wp\/v2\/users\/3"}],"replies":[{"embeddable":true,"href":"https:\/\/flex.com\/de\/wp-json\/wp\/v2\/comments?post=17267"}],"version-history":[{"count":13,"href":"https:\/\/flex.com\/de\/wp-json\/wp\/v2\/pages\/17267\/revisions"}],"predecessor-version":[{"id":28459,"href":"https:\/\/flex.com\/de\/wp-json\/wp\/v2\/pages\/17267\/revisions\/28459"}],"up":[{"embeddable":true,"href":"https:\/\/flex.com\/de\/wp-json\/wp\/v2\/pages\/91"}],"wp:featuredmedia":[{"embeddable":true,"href":"https:\/\/flex.com\/de\/wp-json\/wp\/v2\/media\/9032"}],"wp:attachment":[{"href":"https:\/\/flex.com\/de\/wp-json\/wp\/v2\/media?parent=17267"}],"wp:term":[{"taxonomy":"category","embeddable":true,"href":"https:\/\/flex.com\/de\/wp-json\/wp\/v2\/categories?post=17267"}],"curies":[{"name":"wp","href":"https:\/\/api.w.org\/{rel}","templated":true}]}}