{"id":14125,"date":"2023-02-27T22:04:19","date_gmt":"2023-02-27T22:04:19","guid":{"rendered":"https:\/\/flex.com\/?page_id=14125"},"modified":"2026-03-30T16:06:59","modified_gmt":"2026-03-30T21:06:59","slug":"gender-pay-gap-reports","status":"publish","type":"page","link":"https:\/\/flex.com\/de\/company\/ethics-and-governance\/gender-pay-gap-reports","title":{"rendered":"Berichte zum geschlechtsspezifischen Lohngef\u00e4lle"},"content":{"rendered":"<div id=\"block_5c065485c9ee71e5479e33e557dfd929\" class=\"header block dark-content\" style=\"background-color: #eaeef4;\">\n\t\t<div class=\"container\">\n\t\t<div class=\"content\" style=\"max-width: px;\">\n\t\t\t\n\n<h1 class=\"wp-block-heading\" id=\"h-gender-pay-gap-reports\">Berichte zum geschlechtsspezifischen Lohngef\u00e4lle<\/h1>\n\n\n\t\t<\/div>\n\t<\/div>\n\t<script>\n\t\tlet id = \"#block_5c065485c9ee71e5479e33e557dfd929\";\n\n\t\t(function ($) {\n\n\t\t\t$(id + \" .content h1\").addClass(\"fade-in\");\n\t\t\t$(id + \" .content h2\").addClass(\"fade-in\");\n\t\t\t$(id + \" .content p\").addClass(\"fade-in\");\n\t\t\t\/\/ Fade in the content\n\n\t\t\t\/\/ Fade in the background image\n\t\t\tif ($(id).children(\".background-image\").length > 0) {\n\t\t\t\tvar image = new Image();\n\t\t\t\timage.onload = function () {\n\t\t\t\t\t$(id).children(\".background-image\").addClass(\"visible\");\n\t\t\t\t\t$(id).children(\".container\").addClass(\"visible\");\n\t\t\t\t};\n\t\t\t\timage.src = \"\";\n\t\t\t} else {\n\t\t\t\t$(id).children(\".container\").addClass(\"visible\");\n\t\t\t}\n\t\t})(jQuery);\n\n\t\twindow.addEventListener('DOMContentLoaded', () => {\n\t\t\tScrollReveal().reveal(id + \" .fade-in\", {origin: \"left\", distance: \"24px\", interval: 100});\n\t\t});\n\t<\/script>\n<\/div>\n\n<div id=\"id-69d034c39a5f0\" class=\"box block full-width dark-content de\" style=\"background-color: #ffffffff; background-image: none;\">\n\t<style>\n\t\t#id-69d034c39a5f0 > .container > .content {\n\t\t\tbackground-color: #ffffffff;\n\t\t\tposition: relative;\n\t\t\tpadding-top: 48px;\n\t\t\tpadding-right: 0px;\n\t\t\tpadding-bottom: 96px;\n\t\t\tpadding-left: 0px;\n\t\t\tmargin-left: 0px;\n\t\t\tmargin-right: 0px;\n\t\t}\n\t\t@media (max-width: 1272px) {\n\t\t\t#id-69d034c39a5f0.box.block.full-width > .container > .content {\n\t\t\t\tpadding-left: 0 !important;\n\t\t\t\tpadding-right: 0 !important;\n\t\t\t\tmargin: 0 !important;\n\t\t\t}\n\t\t}\n\t\t@media (max-width: 960px) {\n\t\t\t#id-69d034c39a5f0 > .container > .content {\n\t\t\t\t\/\/padding-top: 24px;\n\t\t\t\tpadding-right: 0px;\n\t\t\t\t\/\/padding-bottom: 48px;\n\t\t\t\tpadding-left: 0px;\n\t\t\t}\n\t\t}\n\t<\/style>\n\t<div class=\"container\">\n\t\t<div class=\"content\">\n\t\t\t\n\n<h2 class=\"wp-block-heading has-medium-font-size\" id=\"h-uk-gender-pay-gap-reports\" style=\"font-weight:600\">Berichte \u00fcber das geschlechtsspezifische Lohngef\u00e4lle in Gro\u00dfbritannien<\/h2>\n\n\n<div id=\"id-69d034c392cad\" class=\"columns block\">\n\t<style>\n\t\t#id-69d034c392cad .column, #id-69d034c392cad .wp-block-acf-column {\n\t\t\tpadding: 0 48px;\n\t\t}\n\t\t\n\t\t#id-69d034c392cad > .container.show-rules .column+.column, #id-69d034c392cad > .container.show-rules .wp-block-acf-column+.wp-block-acf-column {\n\t\t\tborder-color: rgba(38, 38, 38, 0.2);\n\t\t}\n\t\t\n\t\t#id-69d034c392cad .column, #id-69d034c392cad .wp-block-acf-column {\n\t\t\t.code.block {\n\t\t\t\t.container {\n\t\t\t\t\t.tagembed-widget {\n\t\t\t\t\t\tmax-width: 600px;\n\t\t\t\t\t}\n\t\t\t\t}\n\t\t\t}\n\t\t}\n\t\t\n\t\t@media (max-width: 1320px) {\n\t\t\t#id-69d034c392cad > .container {\n\t\t\t\tdisplay: block;\n\t\t\t\tmax-width: 600px;\n\t\t\t}\n\t\t}\n\t\t@media (max-width: 1320px) {\n\t\t\t#id-69d034c392cad > .container > .column, #id-69d034c392cad > .container > .wp-block-acf-column {\n\t\t\t\tpadding: 36px 0 0 0 !important;\n\t\t\t}\n\t\t}\n\t\t@media (max-width: 1320px) {\n\t\t\t#id-69d034c392cad > .container > .column:first-child, #id-69d034c392cad > .container > .wp-block-acf-column:first-child {\n\t\t\t\tpadding: 0 !important;\n\t\t\t}\n\t\t}\n\t\t@media (max-width: 1320px) {\n\t\t\t#id-69d034c392cad > .container.show-rules .column+.column, #id-69d034c392cad > .container.show-rules .wp-block-acf-column+.wp-block-acf-column {\n\t\t\t\tborder-left: none;\n\t\t\t\tborder-top: 1px solid rgba(38, 38, 38, 0.2);\n\t\t\t\tpadding: 30px 0 0 0 !important;\n\t\t\t\tmargin-top: 30px;\n\t\t\t}\n\t\t}\n\t<\/style>\n\t<div class=\"container align-top\">\n\t\t\n<div class=\"column block\">\n\t\n\n<ul class=\"wp-block-list\">\n<li><a href=\"\/de\/downloads\/2018-uk-gender-pay-gap-report\/\" target=\"_blank\" rel=\"noreferrer noopener\">Bericht 2018<\/a><\/li>\n\n\n\n<li><a href=\"https:\/\/flex.com\/de\/downloads\/2019-uk-gender-pay-gap-report\/\" target=\"_blank\" rel=\"noreferrer noopener\">Bericht 2019<\/a><\/li>\n\n\n\n<li><a href=\"https:\/\/flex.com\/de\/downloads\/2020-uk-gender-pay-gap-report\/\" target=\"_blank\" rel=\"noreferrer noopener\">Bericht 2020<\/a><\/li>\n\n\n\n<li><a href=\"\/de\/downloads\/2021-uk-gender-pay-gap-report\/\" target=\"_blank\" rel=\"noreferrer noopener\">Bericht 2021<\/a><\/li>\n<\/ul>\n\n\n<\/div>\n\n<div class=\"column block\">\n\t\n\n<ul class=\"wp-block-list\">\n<li><a href=\"\/de\/downloads\/2022-uk-gender-pay-gap-report\/\" target=\"_blank\" rel=\"noreferrer noopener\">Bericht 2022<\/a><\/li>\n\n\n\n<li><a href=\"https:\/\/flex.com\/de\/downloads\/u-k-gender-pay-gap-report-2023\/\" target=\"_blank\" rel=\"noreferrer noopener\">Bericht 2023<\/a><\/li>\n\n\n\n<li><a href=\"https:\/\/flex.com\/de\/downloads\/uk-gender-pay-gap-report-2024\/\">Bericht 2024<\/a><\/li>\n\n\n\n<li><a href=\"https:\/\/flex.com\/de\/?post_type=download&amp;p=28488&amp;preview=true\">Bericht 2025<\/a><\/li>\n<\/ul>\n\n\n<\/div>\n\n\t<\/div>\n<\/div>\n\n\n<h2 class=\"wp-block-heading has-medium-font-size\" id=\"h-israeli-gender-pay-gap-report\" style=\"font-weight:600\">Bericht zum geschlechtsspezifischen Lohngef\u00e4lle in Israel<\/h2>\n\n\n\n<ul class=\"wp-block-list\">\n<li><a href=\"\/de\/downloads\/2022-israeli-gender-pay-gap-report\/\" target=\"_blank\" rel=\"noreferrer noopener\">Bericht 2022<\/a><\/li>\n\n\n\n<li><a href=\"https:\/\/flex.com\/de\/downloads\/2023-israeli-gender-pay-gap-report\/\">Bericht 2023<\/a><\/li>\n<\/ul>\n\n\n\n<h2 class=\"wp-block-heading has-medium-font-size\" id=\"h-ireland-gender-pay-gap-report\" style=\"font-weight:600\">Bericht zum geschlechtsspezifischen Lohngef\u00e4lle in Irland<\/h2>\n\n\n\n<ul class=\"wp-block-list\">\n<li><a href=\"https:\/\/flex.com\/de\/downloads\/ireland-gender-pay-gap-report\/\" target=\"_blank\" rel=\"noreferrer noopener\">Bericht 2023<\/a><\/li>\n\n\n\n<li><a href=\"https:\/\/flex.com\/de\/downloads\/ireland-gender-pay-gap-report-2024\/\">Bericht 2024<\/a><\/li>\n\n\n\n<li><a href=\"https:\/\/flex.com\/de\/downloads\/ireland-express-cargo-gender-pay-gap-report-2024\/\">Irish Express Cargo-Bericht 2024<\/a><\/li>\n\n\n\n<li><a href=\"https:\/\/flex.com\/de\/downloads\/flex-international-pay-gap-report-2025\/\">Bericht 2025<\/a><\/li>\n\n\n\n<li><a href=\"https:\/\/flex.com\/de\/downloads\/ireland-pay-gap-report-2025-irish-express-cargo\/\">Irish Express Cargo-Bericht 2025<\/a><\/li>\n<\/ul>\n\n\n\n<h2 class=\"wp-block-heading has-medium-font-size\" id=\"h-brazil-gender-pay-gap-report\" style=\"font-weight:600\">Bericht zum geschlechtsspezifischen Lohngef\u00e4lle in Brasilien<\/h2>\n\n\n\n<ul class=\"wp-block-list\">\n<li><a href=\"https:\/\/flex.com\/de\/downloads\/relatorio-de-transparencia-salarial-brasil-2\/\" target=\"_blank\" rel=\"noreferrer noopener\">Bericht 2022<\/a><\/li>\n\n\n\n<li><a href=\"\/de\/downloads\/relatorio-de-transparencia-salarial-brasil\/\" target=\"_blank\" rel=\"noreferrer noopener\">Bericht 2023<\/a><\/li>\n\n\n\n<li><a href=\"https:\/\/flex.com\/de\/downloads\/pay-gap-report-brazil\/\">Bericht 2024<\/a><\/li>\n\n\n\n<li><a href=\"https:\/\/flex.com\/de\/downloads\/brazil-pay-gap-report-2025\/\">Bericht 2025<\/a><\/li>\n\n\n\n<li><a href=\"https:\/\/flex.com\/de\/downloads\/brazil-pay-gap-report-2026\/\">Bericht 2026<\/a><\/li>\n<\/ul>\n\n\n\n<h2 class=\"wp-block-heading has-medium-font-size\" id=\"h-mci-gender-pay-gap-report\" style=\"font-weight:600\">MCi Bericht zum geschlechtsspezifischen Lohngef\u00e4lle<\/h2>\n\n\n\n<ul class=\"wp-block-list\">\n<li><a href=\"https:\/\/flex.com\/de\/downloads\/mci-manorhamilton-pay-gap-report\/\">Bericht 2024<\/a><\/li>\n\n\n\n<li><a href=\"https:\/\/flex.com\/de\/downloads\/mci-manorhamilton-gender-pay-gap-report-2025\/\" target=\"_blank\" rel=\"noreferrer noopener\">Bericht 2025<\/a><\/li>\n<\/ul>\n\n\n\n<h2 class=\"wp-block-heading has-medium-font-size\" id=\"h-anord-mardix-gender-pay-gap-report\" style=\"font-weight:600\">Anord Mardix Bericht zum geschlechtsspezifischen Lohngef\u00e4lle<\/h2>\n\n\n\n<ul class=\"wp-block-list\">\n<li><a href=\"https:\/\/flex.com\/de\/downloads\/anord-mardix-gender-pay-gap-report\/\">Bericht 2024<\/a><\/li>\n\n\n\n<li><a href=\"https:\/\/flex.com\/de\/downloads\/anord-madix-ireland-gender-pay-gap-report\/\">Bericht 2024 (Irland)<\/a><\/li>\n\n\n\n<li><a href=\"https:\/\/flex.com\/de\/downloads\/anord-mardix-gender-pay-gap-report-2025\/\">Bericht 2025<\/a><\/li>\n<\/ul>\n\n\n\t\t<\/div>\n\t<\/div>\n<\/div>","protected":false},"excerpt":{"rendered":"","protected":false},"author":4,"featured_media":2177,"parent":9770,"menu_order":0,"comment_status":"closed","ping_status":"closed","template":"","meta":{"_acf_changed":false,"_searchwp_excluded":"","inline_featured_image":false,"footnotes":""},"categories":[34],"class_list":["post-14125","page","type-page","status-publish","has-post-thumbnail","hentry","category-corporate"],"acf":[],"_links":{"self":[{"href":"https:\/\/flex.com\/de\/wp-json\/wp\/v2\/pages\/14125","targetHints":{"allow":["GET"]}}],"collection":[{"href":"https:\/\/flex.com\/de\/wp-json\/wp\/v2\/pages"}],"about":[{"href":"https:\/\/flex.com\/de\/wp-json\/wp\/v2\/types\/page"}],"author":[{"embeddable":true,"href":"https:\/\/flex.com\/de\/wp-json\/wp\/v2\/users\/4"}],"replies":[{"embeddable":true,"href":"https:\/\/flex.com\/de\/wp-json\/wp\/v2\/comments?post=14125"}],"version-history":[{"count":25,"href":"https:\/\/flex.com\/de\/wp-json\/wp\/v2\/pages\/14125\/revisions"}],"predecessor-version":[{"id":41136,"href":"https:\/\/flex.com\/de\/wp-json\/wp\/v2\/pages\/14125\/revisions\/41136"}],"up":[{"embeddable":true,"href":"https:\/\/flex.com\/de\/wp-json\/wp\/v2\/pages\/9770"}],"wp:featuredmedia":[{"embeddable":true,"href":"https:\/\/flex.com\/de\/wp-json\/wp\/v2\/media\/2177"}],"wp:attachment":[{"href":"https:\/\/flex.com\/de\/wp-json\/wp\/v2\/media?parent=14125"}],"wp:term":[{"taxonomy":"category","embeddable":true,"href":"https:\/\/flex.com\/de\/wp-json\/wp\/v2\/categories?post=14125"}],"curies":[{"name":"wp","href":"https:\/\/api.w.org\/{rel}","templated":true}]}}