{"id":14103,"date":"2023-02-27T19:30:48","date_gmt":"2023-02-27T19:30:48","guid":{"rendered":"https:\/\/flex.com\/?page_id=14103"},"modified":"2025-05-29T13:18:48","modified_gmt":"2025-05-29T18:18:48","slug":"trademarks","status":"publish","type":"page","link":"https:\/\/flex.com\/de\/company\/policies\/trademarks","title":{"rendered":"Unsere Marken"},"content":{"rendered":"<div id=\"block_3bfd41bedbcd565e87487376254f46bb\" class=\"header block dark-content\" style=\"background-color: #eaeef4;\">\n\t\t<div class=\"container\">\n\t\t<div class=\"content\" style=\"max-width: px;\">\n\t\t\t\n\n<h1 class=\"wp-block-heading\" id=\"h-our-trademarks\">Unsere Marken<\/h1>\n\n\n\t\t<\/div>\n\t<\/div>\n\t<script>\n\t\tlet id = \"#block_3bfd41bedbcd565e87487376254f46bb\";\n\n\t\t(function ($) {\n\n\t\t\t$(id + \" .content h1\").addClass(\"fade-in\");\n\t\t\t$(id + \" .content h2\").addClass(\"fade-in\");\n\t\t\t$(id + \" .content p\").addClass(\"fade-in\");\n\t\t\t\/\/ Fade in the content\n\n\t\t\t\/\/ Fade in the background image\n\t\t\tif ($(id).children(\".background-image\").length > 0) {\n\t\t\t\tvar image = new Image();\n\t\t\t\timage.onload = function () {\n\t\t\t\t\t$(id).children(\".background-image\").addClass(\"visible\");\n\t\t\t\t\t$(id).children(\".container\").addClass(\"visible\");\n\t\t\t\t};\n\t\t\t\timage.src = \"\";\n\t\t\t} else {\n\t\t\t\t$(id).children(\".container\").addClass(\"visible\");\n\t\t\t}\n\t\t})(jQuery);\n\n\t\twindow.addEventListener('DOMContentLoaded', () => {\n\t\t\tScrollReveal().reveal(id + \" .fade-in\", {origin: \"left\", distance: \"24px\", interval: 100});\n\t\t});\n\t<\/script>\n<\/div>\n\n<div id=\"id-69e8629b11bf6\" class=\"box block full-width dark-content de\" style=\"background-color: transparent; background-image: none;\">\n\t<style>\n\t\t#id-69e8629b11bf6 > .container > .content {\n\t\t\tbackground-color: transparent;\n\t\t\tposition: relative;\n\t\t\tpadding-top: 48px;\n\t\t\tpadding-right: 0px;\n\t\t\tpadding-bottom: 96px;\n\t\t\tpadding-left: 0px;\n\t\t\tmargin-left: 0px;\n\t\t\tmargin-right: 0px;\n\t\t}\n\t\t@media (max-width: 1272px) {\n\t\t\t#id-69e8629b11bf6.box.block.full-width > .container > .content {\n\t\t\t\tpadding-left: 0 !important;\n\t\t\t\tpadding-right: 0 !important;\n\t\t\t\tmargin: 0 !important;\n\t\t\t}\n\t\t}\n\t\t@media (max-width: 960px) {\n\t\t\t#id-69e8629b11bf6 > .container > .content {\n\t\t\t\t\/\/padding-top: 24px;\n\t\t\t\tpadding-right: 0px;\n\t\t\t\t\/\/padding-bottom: 48px;\n\t\t\t\tpadding-left: 0px;\n\t\t\t}\n\t\t}\n\t<\/style>\n\t<div class=\"container\">\n\t\t<div class=\"content\">\n\t\t\t\n\n<p>Bei Flex betrachten wir unsere Marken als wertvolle Verm\u00f6genswerte unseres Unternehmens. Unsere Marken- und Markenrichtlinien finden Sie hier&nbsp;<a href=\"\/de\/downloads\/policy-on-flex-trademarks\/\">Hier<\/a>. Nachfolgend finden Sie eine Liste unserer weltweiten Marken. Diese Liste ist jedoch nicht vollst\u00e4ndig und das Fehlen einer Marke in dieser Liste bedeutet nicht, dass es sich nicht um eine Flex-Marke handelt. Das Registrierungssymbol wird f\u00fcr Marken verwendet, die in den Vereinigten Staaten registriert sind, und solche Marken sind m\u00f6glicherweise nicht in allen L\u00e4ndern registriert. In einigen F\u00e4llen gibt es sowohl eine Wortmarke als auch eine Logoform der Marke, aber unten ist nur die Wortmarke aufgef\u00fchrt.<\/p>\n\n\n<div id=\"id-69e8629b0f5e0\" class=\"columns block\">\n\t<style>\n\t\t#id-69e8629b0f5e0 .column, #id-69e8629b0f5e0 .wp-block-acf-column {\n\t\t\tpadding: 0 18px;\n\t\t}\n\t\t\n\t\t#id-69e8629b0f5e0 > .container.show-rules .column+.column, #id-69e8629b0f5e0 > .container.show-rules .wp-block-acf-column+.wp-block-acf-column {\n\t\t\tborder-color: rgba(38, 38, 38, 0.2);\n\t\t}\n\t\t\n\t\t#id-69e8629b0f5e0 .column, #id-69e8629b0f5e0 .wp-block-acf-column {\n\t\t\t.code.block {\n\t\t\t\t.container {\n\t\t\t\t\t.tagembed-widget {\n\t\t\t\t\t\tmax-width: 376px;\n\t\t\t\t\t}\n\t\t\t\t}\n\t\t\t}\n\t\t}\n\t\t\n\t\t@media (max-width: 1320px) {\n\t\t\t#id-69e8629b0f5e0 > .container {\n\t\t\t\tdisplay: block;\n\t\t\t\tmax-width: 376px;\n\t\t\t}\n\t\t}\n\t\t@media (max-width: 1320px) {\n\t\t\t#id-69e8629b0f5e0 > .container > .column, #id-69e8629b0f5e0 > .container > .wp-block-acf-column {\n\t\t\t\tpadding: 12px 0 0 0 !important;\n\t\t\t}\n\t\t}\n\t\t@media (max-width: 1320px) {\n\t\t\t#id-69e8629b0f5e0 > .container > .column:first-child, #id-69e8629b0f5e0 > .container > .wp-block-acf-column:first-child {\n\t\t\t\tpadding: 0 !important;\n\t\t\t}\n\t\t}\n\t\t@media (max-width: 1320px) {\n\t\t\t#id-69e8629b0f5e0 > .container.show-rules .column+.column, #id-69e8629b0f5e0 > .container.show-rules .wp-block-acf-column+.wp-block-acf-column {\n\t\t\t\tborder-left: none;\n\t\t\t\tborder-top: 1px solid rgba(38, 38, 38, 0.2);\n\t\t\t\tpadding: 30px 0 0 0 !important;\n\t\t\t\tmargin-top: 30px;\n\t\t\t}\n\t\t}\n\t<\/style>\n\t<div class=\"container align-top\">\n\t\t\n<div class=\"column block\">\n\t\n\n<ul class=\"wp-block-list\">\n<li>Kaltwatt<sup>\u00ae<\/sup><\/li>\n\n\n\n<li><sup><\/sup>Dermassist<sup>\u00ae<\/sup><\/li>\n\n\n\n<li><sup><\/sup>Flex<sup>\u00ae<\/sup><\/li>\n\n\n\n<li>Flex-Logo<\/li>\n\n\n\n<li>Flex \u2013 Erschaffe das Au\u00dfergew\u00f6hnliche<\/li>\n\n\n\n<li>Flex \u2013 Erstellen Sie das au\u00dfergew\u00f6hnliche Logo<\/li>\n\n\n\n<li>Flex Impuls<sup>\u00ae<\/sup><\/li>\n\n\n\n<li>Flex Impuls<sup>\u00ae<\/sup> Umsetzbare Erkenntnisse<\/li>\n\n\n\n<li>Flex Impuls<sup>\u00ae<\/sup> Netzwerkdesign<\/li>\n\n\n\n<li>Flex Impuls<sup>\u00ae<\/sup> Risikomanagement<\/li>\n<\/ul>\n\n\n<\/div>\n\n<div class=\"column block\">\n\t\n\n<ul class=\"wp-block-list\">\n<li>Flextronics<sup>\u00ae<\/sup><\/li>\n\n\n\n<li>HIOPTIX<sup>\u00ae<\/sup><\/li>\n\n\n\n<li>IOHC<sup>\u00ae<\/sup><\/li>\n\n\n\n<li>Bekannt f\u00fcr Wert, vertrauensw\u00fcrdig f\u00fcr Leistung<sup>\u2122<\/sup><\/li>\n\n\n\n<li>Maetta<sup>\u2122<\/sup><\/li>\n\n\n\n<li>Novaclad<sup>\u00ae<\/sup><\/li>\n\n\n\n<li>Originalit\u00e4t<sup>\u00ae<\/sup><\/li>\n\n\n\n<li>Qualfx<sup>\u00ae<\/sup><\/li>\n\n\n\n<li>ServiceQuelle<sup>\u2122<\/sup><\/li>\n<\/ul>\n\n\n<\/div>\n\n<div class=\"column block\">\n\t\n\n<ul class=\"wp-block-list\">\n<li>Sheldahl<sup>\u00ae<\/sup><\/li>\n\n\n\n<li>SICO<sup>\u2122<\/sup><\/li>\n\n\n\n<li>Ma\u00dfstabgetreue Skizze<sup>\u00ae<\/sup><\/li>\n\n\n\n<li>Stribel &amp; Design<sup>\u2122<\/sup><\/li>\n\n\n\n<li>Thermomend<sup>\u2122<\/sup><\/li>\n\n\n\n<li>Werkzeuge f\u00fcrs Leben<sup>\u00ae<\/sup><\/li>\n\n\n\n<li>UAL<sup>\u2122<\/sup><\/li>\n\n\n\n<li>UBB<sup>\u2122<\/sup><\/li>\n\n\n\n<li>Valmax<sup>\u00ae<\/sup><\/li>\n\n\n\n<li>Wir schaffen Vertrauen<sup>\u2122<\/sup><\/li>\n<\/ul>\n\n\n<\/div>\n\n\t<\/div>\n<\/div>\n\n\n<h2 class=\"wp-block-heading has-medium-font-size\" style=\"font-weight:600\">Markenzeichen Dritter<\/h2>\n\n\n\n<p>Die erw\u00e4hnten Marken Dritter sind Eigentum des jeweiligen Inhabers.<\/p>\n\n\n\n<p>Die Verwendung des Wortes \u201ePartner\u201c impliziert keine Partnerschaftsbeziehung zwischen Flex und einem anderen Unternehmen.<\/p>\n\n\n\t\t<\/div>\n\t<\/div>\n<\/div>","protected":false},"excerpt":{"rendered":"","protected":false},"author":3,"featured_media":2177,"parent":10415,"menu_order":0,"comment_status":"closed","ping_status":"closed","template":"","meta":{"_acf_changed":false,"_searchwp_excluded":"","inline_featured_image":false,"footnotes":""},"categories":[34],"class_list":["post-14103","page","type-page","status-publish","has-post-thumbnail","hentry","category-corporate"],"acf":[],"_links":{"self":[{"href":"https:\/\/flex.com\/de\/wp-json\/wp\/v2\/pages\/14103","targetHints":{"allow":["GET"]}}],"collection":[{"href":"https:\/\/flex.com\/de\/wp-json\/wp\/v2\/pages"}],"about":[{"href":"https:\/\/flex.com\/de\/wp-json\/wp\/v2\/types\/page"}],"author":[{"embeddable":true,"href":"https:\/\/flex.com\/de\/wp-json\/wp\/v2\/users\/3"}],"replies":[{"embeddable":true,"href":"https:\/\/flex.com\/de\/wp-json\/wp\/v2\/comments?post=14103"}],"version-history":[{"count":11,"href":"https:\/\/flex.com\/de\/wp-json\/wp\/v2\/pages\/14103\/revisions"}],"predecessor-version":[{"id":23901,"href":"https:\/\/flex.com\/de\/wp-json\/wp\/v2\/pages\/14103\/revisions\/23901"}],"up":[{"embeddable":true,"href":"https:\/\/flex.com\/de\/wp-json\/wp\/v2\/pages\/10415"}],"wp:featuredmedia":[{"embeddable":true,"href":"https:\/\/flex.com\/de\/wp-json\/wp\/v2\/media\/2177"}],"wp:attachment":[{"href":"https:\/\/flex.com\/de\/wp-json\/wp\/v2\/media?parent=14103"}],"wp:term":[{"taxonomy":"category","embeddable":true,"href":"https:\/\/flex.com\/de\/wp-json\/wp\/v2\/categories?post=14103"}],"curies":[{"name":"wp","href":"https:\/\/api.w.org\/{rel}","templated":true}]}}