{"id":12440,"date":"2023-02-07T19:38:12","date_gmt":"2023-02-07T19:38:12","guid":{"rendered":"https:\/\/flex.com\/?page_id=12440"},"modified":"2023-06-06T14:43:52","modified_gmt":"2023-06-06T14:43:52","slug":"aquire","status":"publish","type":"page","link":"https:\/\/flex.com\/de\/solutions-and-services\/supply-chain\/supplier-information\/aquire","title":{"rendered":"aQuire"},"content":{"rendered":"<div id=\"block_87a374d5f0da026450dd02bc1d4f12a1\" class=\"header block dark-content\" style=\"background-color: #eaeef4;\">\n\t\t<div class=\"container\">\n\t\t<div class=\"content\" style=\"max-width: px;\">\n\t\t\t\n\n<h2 class=\"wp-block-heading\">aQuire-Beschaffung<\/h2>\n\n\n\t\t<\/div>\n\t<\/div>\n\t<script>\n\t\tlet id = \"#block_87a374d5f0da026450dd02bc1d4f12a1\";\n\n\t\t(function ($) {\n\n\t\t\t$(id + \" .content h1\").addClass(\"fade-in\");\n\t\t\t$(id + \" .content h2\").addClass(\"fade-in\");\n\t\t\t$(id + \" .content p\").addClass(\"fade-in\");\n\t\t\t\/\/ Fade in the content\n\n\t\t\t\/\/ Fade in the background image\n\t\t\tif ($(id).children(\".background-image\").length > 0) {\n\t\t\t\tvar image = new Image();\n\t\t\t\timage.onload = function () {\n\t\t\t\t\t$(id).children(\".background-image\").addClass(\"visible\");\n\t\t\t\t\t$(id).children(\".container\").addClass(\"visible\");\n\t\t\t\t};\n\t\t\t\timage.src = \"\";\n\t\t\t} else {\n\t\t\t\t$(id).children(\".container\").addClass(\"visible\");\n\t\t\t}\n\t\t})(jQuery);\n\n\t\twindow.addEventListener('DOMContentLoaded', () => {\n\t\t\tScrollReveal().reveal(id + \" .fade-in\", {origin: \"left\", distance: \"24px\", interval: 100});\n\t\t});\n\t<\/script>\n<\/div>\n\n<div id=\"id-69e4b6d6d5f40\" class=\"box block content-width dark-content de\" style=\"background-color: transparent; background-image: none;\">\n\t<style>\n\t\t#id-69e4b6d6d5f40 > .container > .content {\n\t\t\tbackground-color: #ffffffff;\n\t\t\tposition: relative;\n\t\t\tpadding-top: 48px;\n\t\t\tpadding-right: 60px;\n\t\t\tpadding-bottom: 48px;\n\t\t\tpadding-left: 60px;\n\t\t\tmargin-left: 0px;\n\t\t\tmargin-right: 0px;\n\t\t}\n\t\t@media (max-width: 1272px) {\n\t\t\t#id-69e4b6d6d5f40.box.block.full-width > .container > .content {\n\t\t\t\tpadding-left: 0 !important;\n\t\t\t\tpadding-right: 0 !important;\n\t\t\t\tmargin: 0 !important;\n\t\t\t}\n\t\t}\n\t\t@media (max-width: 960px) {\n\t\t\t#id-69e4b6d6d5f40 > .container > .content {\n\t\t\t\t\/\/padding-top: 24px;\n\t\t\t\tpadding-right: 30px;\n\t\t\t\t\/\/padding-bottom: 24px;\n\t\t\t\tpadding-left: 30px;\n\t\t\t}\n\t\t}\n\t<\/style>\n\t<div class=\"container\">\n\t\t<div class=\"content\">\n\t\t\t\n\n<h2 class=\"has-medium-font-size wp-block-heading\" style=\"font-weight:600\">Wir stellen aQuire f\u00fcr globale Beschaffung, Lieferkette und Qualit\u00e4tssicherung vor<\/h2>\n\n\n\n<p>aQuire Sourcing ist unser leistungsstarkes Sourcing-Tool, das es uns erm\u00f6glicht, mit Lieferanten an umfassenden End-to-End-Beschaffungs-, Lieferketten- und Qualit\u00e4tsprozessen zusammenzuarbeiten.<\/p>\n\n\n\n<p>Es handelt sich um eine Markenversion von Ivalua, einem Branchenf\u00fchrer f\u00fcr einheitliche Source-to-Pay-Beschaffungsl\u00f6sungen. Mit aQuire Sourcing k\u00f6nnen Lieferanten nahtlos mit uns in Kontakt treten, um Beschaffungsprojekte erfolgreich zu verwalten.<\/p>\n\n\n\n<p>Die Plattform bietet unseren aktuellen Lieferanten Vorteile und bietet wettbewerbsf\u00e4higen Unternehmen die M\u00f6glichkeit, sich unserer Lieferantenbasis anzuschlie\u00dfen.<\/p>\n\n\n<div class=\"spacer block\" style=\"height: 60px;\">\n\t<\/div>\n\n\t\t<\/div>\n\t<\/div>\n<\/div>\n\n\n\n<div id=\"block_29880a772277f490a53f0e8abfa0e92d\" class=\"banner block\"\n\tstyle=\"--banner-top-bg: #ffffff;\t--banner-bottom-bg: #262626;\">\n\t<div class=\"container\">\n\t\t<div class=\"banner-text\" style=\"max-width: 792px;\">\n\t\t\tGreife auf das Lieferantenportal zu\t\t<\/div>\n\t\t<a title=\"Anmeldung\" class=\"button\" href=\"https:\/\/supplierportal.flextronics.com\/SupplierPortal\/public\/login.aspx\" target=\"_blank\" rel=\"nofollow noopener\">\n\t\t\tAnmeldung\t\t\t<div class=\"long-arrow\">\n\t\t\t\t<svg version=\"1.1\" xmlns=\"http:\/\/www.w3.org\/2000\/svg\" xmlns:xlink=\"http:\/\/www.w3.org\/1999\/xlink\" x=\"0px\" y=\"0px\" viewbox=\"0 0 19.9 9.9\" xml:space=\"preserve\">\n\t\t\t\t\t<polygon points=\"15.5,0 14.5,0.9 17.4,4.3 0,4.3 0,5.7 17.4,5.7 14.5,9 15.5,9.9 19.9,5 \"\/>\n\t\t\t\t<\/svg>\n\t\t\t\t<div class=\"line\"><\/div>\n\t\t\t<\/div>\n\t\t<\/a>\n\t<\/div>\n\t<div class=\"top left background\"><\/div>\n\t<div class=\"right background\"><\/div>\n\t<div class=\"bottom left background\"><\/div>\n\t<script>\n\t\twindow.addEventListener('DOMContentLoaded', () => {\n\t\t\t(function ($) {\n\t\t\t\t\/\/ Get the block ID\n\t\t\t\tvar id = \"#block_29880a772277f490a53f0e8abfa0e92d\";\n\t\t\t\t\/\/ Reveal the block\n\t\t\t\tScrollReveal().reveal(id + \" .banner-text\", {origin: \"bottom\", distance: \"20px\", duration: 1000});\n\t\t\t\tScrollReveal().reveal(id + \" .button\", {origin: \"bottom\", distance: \"20px\", duration: 1000});\n\t\t\t}(jQuery));\n\t\t});\n\t<\/script>\n<\/div>","protected":false},"excerpt":{"rendered":"","protected":false},"author":4,"featured_media":12020,"parent":2961,"menu_order":0,"comment_status":"closed","ping_status":"closed","template":"","meta":{"_acf_changed":false,"_searchwp_excluded":"","inline_featured_image":false,"footnotes":""},"categories":[45],"class_list":["post-12440","page","type-page","status-publish","has-post-thumbnail","hentry","category-supply-chain"],"acf":[],"_links":{"self":[{"href":"https:\/\/flex.com\/de\/wp-json\/wp\/v2\/pages\/12440","targetHints":{"allow":["GET"]}}],"collection":[{"href":"https:\/\/flex.com\/de\/wp-json\/wp\/v2\/pages"}],"about":[{"href":"https:\/\/flex.com\/de\/wp-json\/wp\/v2\/types\/page"}],"author":[{"embeddable":true,"href":"https:\/\/flex.com\/de\/wp-json\/wp\/v2\/users\/4"}],"replies":[{"embeddable":true,"href":"https:\/\/flex.com\/de\/wp-json\/wp\/v2\/comments?post=12440"}],"version-history":[{"count":2,"href":"https:\/\/flex.com\/de\/wp-json\/wp\/v2\/pages\/12440\/revisions"}],"predecessor-version":[{"id":12459,"href":"https:\/\/flex.com\/de\/wp-json\/wp\/v2\/pages\/12440\/revisions\/12459"}],"up":[{"embeddable":true,"href":"https:\/\/flex.com\/de\/wp-json\/wp\/v2\/pages\/2961"}],"wp:featuredmedia":[{"embeddable":true,"href":"https:\/\/flex.com\/de\/wp-json\/wp\/v2\/media\/12020"}],"wp:attachment":[{"href":"https:\/\/flex.com\/de\/wp-json\/wp\/v2\/media?parent=12440"}],"wp:term":[{"taxonomy":"category","embeddable":true,"href":"https:\/\/flex.com\/de\/wp-json\/wp\/v2\/categories?post=12440"}],"curies":[{"name":"wp","href":"https:\/\/api.w.org\/{rel}","templated":true}]}}