{"id":12165,"date":"2023-02-03T04:55:57","date_gmt":"2023-02-03T04:55:57","guid":{"rendered":"https:\/\/flex.com\/?page_id=12165"},"modified":"2026-02-18T09:28:28","modified_gmt":"2026-02-18T15:28:28","slug":"register","status":"publish","type":"page","link":"https:\/\/flex.com\/de\/solutions-and-services\/supply-chain\/supplier-information\/register","title":{"rendered":"Registriere Dich, um Diversity-Anbieter zu werden"},"content":{"rendered":"<div id=\"block_72bb9f97c819d060337a4c5093bed28b\" class=\"header block light-content has-background-image\" style=\"background-color: #eaeef4;\">\n\t\t\t<div class=\"background-image\" style=\"background-image: url(https:\/\/flex.com\/wp-content\/uploads\/2024\/06\/Supplier-Summit-Banners_Registration-Banner.jpg);\"><\/div>\n\t\t<div class=\"container\">\n\t\t<div class=\"content\" style=\"max-width: 800px;\">\n\t\t\t\n\n<h1 class=\"wp-block-heading has-dark-gray-color has-text-color has-link-color wp-elements-f717f80ebd3155c3169b03619cc7a8da\" id=\"h-register-to-become-a-diversity-nbsp-supplier\"><br>Bewerben Sie sich als diversifizierter Lieferant f\u00fcr Flex<\/h1>\n\n\n\t\t<\/div>\n\t<\/div>\n\t<script>\n\t\tlet id = \"#block_72bb9f97c819d060337a4c5093bed28b\";\n\n\t\t(function ($) {\n\n\t\t\t$(id + \" .content h1\").addClass(\"fade-in\");\n\t\t\t$(id + \" .content h2\").addClass(\"fade-in\");\n\t\t\t$(id + \" .content p\").addClass(\"fade-in\");\n\t\t\t\/\/ Fade in the content\n\n\t\t\t\/\/ Fade in the background image\n\t\t\tif ($(id).children(\".background-image\").length > 0) {\n\t\t\t\tvar image = new Image();\n\t\t\t\timage.onload = function () {\n\t\t\t\t\t$(id).children(\".background-image\").addClass(\"visible\");\n\t\t\t\t\t$(id).children(\".container\").addClass(\"visible\");\n\t\t\t\t};\n\t\t\t\timage.src = \"https:\/\/flex.com\/wp-content\/uploads\/2024\/06\/Supplier-Summit-Banners_Registration-Banner.jpg\";\n\t\t\t} else {\n\t\t\t\t$(id).children(\".container\").addClass(\"visible\");\n\t\t\t}\n\t\t})(jQuery);\n\n\t\twindow.addEventListener('DOMContentLoaded', () => {\n\t\t\tScrollReveal().reveal(id + \" .fade-in\", {origin: \"left\", distance: \"24px\", interval: 100});\n\t\t});\n\t<\/script>\n<\/div>\n\n<div id=\"id-69e66447cc43a\" class=\"box block content-width dark-content de\" style=\"background-color: transparent; background-image: none;\">\n\t<style>\n\t\t#id-69e66447cc43a > .container > .content {\n\t\t\tbackground-color: transparent;\n\t\t\tposition: relative;\n\t\t\tpadding-top: 48px;\n\t\t\tpadding-right: 0px;\n\t\t\tpadding-bottom: 60px;\n\t\t\tpadding-left: 0px;\n\t\t\tmargin-left: 0px;\n\t\t\tmargin-right: 0px;\n\t\t}\n\t\t@media (max-width: 1272px) {\n\t\t\t#id-69e66447cc43a.box.block.full-width > .container > .content {\n\t\t\t\tpadding-left: 0 !important;\n\t\t\t\tpadding-right: 0 !important;\n\t\t\t\tmargin: 0 !important;\n\t\t\t}\n\t\t}\n\t\t@media (max-width: 960px) {\n\t\t\t#id-69e66447cc43a > .container > .content {\n\t\t\t\t\/\/padding-top: 24px;\n\t\t\t\tpadding-right: 0px;\n\t\t\t\t\/\/padding-bottom: 30px;\n\t\t\t\tpadding-left: 0px;\n\t\t\t}\n\t\t}\n\t<\/style>\n\t<div class=\"container\">\n\t\t<div class=\"content\">\n\t\t\t\n\n<h2 class=\"wp-block-heading has-dark-blue-color has-text-color has-link-color has-small-font-size wp-elements-23c893a6f16091109096fdc02b27bbcd\" style=\"font-style:normal;font-weight:600\">Bitte f\u00fcllen Sie das untenstehende Formular aus, um f\u00fcr die Aufnahme in das vielf\u00e4ltige Lieferantenprogramm von Flex ber\u00fccksichtigt zu werden.<\/h2>\n\n\n<div class=\"spacer block\" style=\"height: 36px;\">\n\t<\/div>\n\n<div id=\"block_75e2a9c20d6698a3062b08b605731864\" class=\"code block\">\n\t<div class=\"container\">\n\t\t<iframe loading=\"lazy\" src=\"https:\/\/connect.flex.com\/l\/1112363\/2026-02-13\/f4gqj9\" width=\"100%\" height=\"1700\" type=\"text\/html\" frameborder=\"0\" allowtransparency=\"true\" style=\"border: 0\"><\/iframe>\t<\/div>\n<\/div>\n\n\t\t<\/div>\n\t<\/div>\n<\/div>","protected":false},"excerpt":{"rendered":"","protected":false},"author":3,"featured_media":12020,"parent":2961,"menu_order":0,"comment_status":"closed","ping_status":"closed","template":"","meta":{"_acf_changed":false,"_searchwp_excluded":"","inline_featured_image":false,"footnotes":""},"categories":[45],"class_list":["post-12165","page","type-page","status-publish","has-post-thumbnail","hentry","category-supply-chain"],"acf":[],"_links":{"self":[{"href":"https:\/\/flex.com\/de\/wp-json\/wp\/v2\/pages\/12165","targetHints":{"allow":["GET"]}}],"collection":[{"href":"https:\/\/flex.com\/de\/wp-json\/wp\/v2\/pages"}],"about":[{"href":"https:\/\/flex.com\/de\/wp-json\/wp\/v2\/types\/page"}],"author":[{"embeddable":true,"href":"https:\/\/flex.com\/de\/wp-json\/wp\/v2\/users\/3"}],"replies":[{"embeddable":true,"href":"https:\/\/flex.com\/de\/wp-json\/wp\/v2\/comments?post=12165"}],"version-history":[{"count":24,"href":"https:\/\/flex.com\/de\/wp-json\/wp\/v2\/pages\/12165\/revisions"}],"predecessor-version":[{"id":28392,"href":"https:\/\/flex.com\/de\/wp-json\/wp\/v2\/pages\/12165\/revisions\/28392"}],"up":[{"embeddable":true,"href":"https:\/\/flex.com\/de\/wp-json\/wp\/v2\/pages\/2961"}],"wp:featuredmedia":[{"embeddable":true,"href":"https:\/\/flex.com\/de\/wp-json\/wp\/v2\/media\/12020"}],"wp:attachment":[{"href":"https:\/\/flex.com\/de\/wp-json\/wp\/v2\/media?parent=12165"}],"wp:term":[{"taxonomy":"category","embeddable":true,"href":"https:\/\/flex.com\/de\/wp-json\/wp\/v2\/categories?post=12165"}],"curies":[{"name":"wp","href":"https:\/\/api.w.org\/{rel}","templated":true}]}}