{"id":11728,"date":"2023-01-31T16:53:06","date_gmt":"2023-01-31T16:53:06","guid":{"rendered":"https:\/\/flex.com\/?page_id=11728"},"modified":"2023-05-26T15:54:09","modified_gmt":"2023-05-26T15:54:09","slug":"recruitment-notice-hungarian","status":"publish","type":"page","link":"https:\/\/flex.com\/de\/careers\/recruitment-notice-hungarian","title":{"rendered":"Stellenausschreibung Ungarisch"},"content":{"rendered":"<div id=\"block_9a825fb9818b19836c07338463c83336\" class=\"header block light-content has-background-image\" style=\"background-color: #eaeef4;\">\n\t\t\t<div class=\"background-image\" style=\"background-image: url(https:\/\/flex.com\/wp-content\/uploads\/2023\/01\/Careers-Header-LightGrey-3840x555-1.jpg);\"><\/div>\n\t\t<div class=\"container\">\n\t\t<div class=\"content\" style=\"max-width: px;\">\n\t\t\t\n\n<h1 class=\"has-dark-gray-color has-text-color wp-block-heading\" id=\"h-ertesites-a-flex-kivalasztasi-folyamataval-kapcsolatban-a-szemelyes-adatok-kezeleserol\">\u00c9rtes\u00edt\u00e9s a Flex Kiv\u00e1laszt\u00e1si Folyamat\u00e1val Kapcsolatban a Szem\u00e9lyes Adatok Kezel\u00e9s\u00e9r<strong>\u00d6<\/strong>m<\/h1>\n\n\n\t\t<\/div>\n\t<\/div>\n\t<script>\n\t\tlet id = \"#block_9a825fb9818b19836c07338463c83336\";\n\n\t\t(function ($) {\n\n\t\t\t$(id + \" .content h1\").addClass(\"fade-in\");\n\t\t\t$(id + \" .content h2\").addClass(\"fade-in\");\n\t\t\t$(id + \" .content p\").addClass(\"fade-in\");\n\t\t\t\/\/ Fade in the content\n\n\t\t\t\/\/ Fade in the background image\n\t\t\tif ($(id).children(\".background-image\").length > 0) {\n\t\t\t\tvar image = new Image();\n\t\t\t\timage.onload = function () {\n\t\t\t\t\t$(id).children(\".background-image\").addClass(\"visible\");\n\t\t\t\t\t$(id).children(\".container\").addClass(\"visible\");\n\t\t\t\t};\n\t\t\t\timage.src = \"https:\/\/flex.com\/wp-content\/uploads\/2023\/01\/Careers-Header-LightGrey-3840x555-1.jpg\";\n\t\t\t} else {\n\t\t\t\t$(id).children(\".container\").addClass(\"visible\");\n\t\t\t}\n\t\t})(jQuery);\n\n\t\twindow.addEventListener('DOMContentLoaded', () => {\n\t\t\tScrollReveal().reveal(id + \" .fade-in\", {origin: \"left\", distance: \"24px\", interval: 100});\n\t\t});\n\t<\/script>\n<\/div>\n\n<div id=\"id-69e1d5a110f56\" class=\"box block full-width dark-content de\" style=\"background-color: transparent; background-image: none;\">\n\t<style>\n\t\t#id-69e1d5a110f56 > .container > .content {\n\t\t\tbackground-color: transparent;\n\t\t\tposition: relative;\n\t\t\tpadding-top: 48px;\n\t\t\tpadding-right: 0px;\n\t\t\tpadding-bottom: 96px;\n\t\t\tpadding-left: 0px;\n\t\t\tmargin-left: 0px;\n\t\t\tmargin-right: 0px;\n\t\t}\n\t\t@media (max-width: 1272px) {\n\t\t\t#id-69e1d5a110f56.box.block.full-width > .container > .content {\n\t\t\t\tpadding-left: 0 !important;\n\t\t\t\tpadding-right: 0 !important;\n\t\t\t\tmargin: 0 !important;\n\t\t\t}\n\t\t}\n\t\t@media (max-width: 960px) {\n\t\t\t#id-69e1d5a110f56 > .container > .content {\n\t\t\t\t\/\/padding-top: 24px;\n\t\t\t\tpadding-right: 0px;\n\t\t\t\t\/\/padding-bottom: 48px;\n\t\t\t\tpadding-left: 0px;\n\t\t\t}\n\t\t}\n\t<\/style>\n\t<div class=\"container\">\n\t\t<div class=\"content\">\n\t\t\t\n\n<p>A Flex International USA, Inc. of 6201 America Center, San Jose, CA, USA und andere Unternehmen sind im Besitz von Flex. Diese Website verwendet Cookies. Sofern nicht anders angegeben.&nbsp;<\/p>\n\n\n\n<p><strong>El\u00e9rhet\u0151s\u00e9gek:<\/strong> Aus Sicherheitsgr\u00fcnden sind die Informationen auf der Seite Flex angegeben. A <a href=\"mailto:hrcompliance@flex.com\" target=\"_blank\" rel=\"noreferrer noopener\">hrcompliance@flex.com<\/a> Diese E-Mail-Adresse wird nicht ver\u00f6ffentlicht. Mit der Ver\u00f6ffentlichung dieser Informationen k\u00f6nnen Sie ein Dokument erstellen, das die richtige Zusammensetzung, die richtige Zusammensetzung, die richtige Zusammensetzung und die richtige Zusammensetzung enth\u00e4lt. <a href=\"mailto:chiefprivacyofficer@flex.com\" target=\"_blank\" rel=\"noreferrer noopener\">chiefprivacyofficer@flex.com<\/a> E-Mail, bitte.&nbsp;<\/p>\n\n\n\n<p><strong>Szem\u00e9lyes-Adatok-Gy\u0171jt\u00e9se:<\/strong> Die Kleidung muss mit den H\u00e4nden festgebunden sein, damit die Kleidung nicht ausfransen muss. Nach der Installation ist ein Problem aufgetreten. Die urspr\u00fcngliche Version ist in einem neuen Fenster ge\u00f6ffnet, und die darin enthaltenen Informationen werden nach und nach gel\u00f6scht.&nbsp;<\/p>\n\n\n\n<ul class=\"wp-block-list\">\n<li>Informationen, Verwendungszweck, Feldname, Motiv-Level und weitere wichtige Punkte: Nicht, falsche Idee, E-Mail, Name, Adresse, E-Mail-Adresse, Telefonnummer, Kontakt, Referenzen.&nbsp;<\/li>\n\n\n\n<li>Informationen zum Einrichten des WLAN-Internetzugangs finden Sie in den folgenden Feldern: a) Der WLAN-Internetzugang (LAN) zwischen den Pfosten und dem Pfosten ist drahtlos, b) Der WLAN-Internetzugang (LAN) ist drahtlos, c) Der WLAN-Internetzugang (LAN) ist drahtlos, c) Der WLAN-Internetzugang (LAN) ist drahtlos, c) Der WLAN-Internetzugang (LAN) ist drahtlos.&nbsp;<\/li>\n\n\n\n<li>Die vollst\u00e4ndige Beschreibung des Produkts ist wie folgt: Das Produkt ist 14 Tage lang im K\u00fchlschrank und\/oder in der Sp\u00fclmaschine zu lagern.&nbsp;<\/li>\n\n\n\n<li>Gem\u00e4\u00df den allgemeinen Gesch\u00e4ftsbedingungen der Kategorie: Informationsanfrage, Einverst\u00e4ndniserkl\u00e4rung ...&nbsp;<\/li>\n<\/ul>\n\n\n\n<p><strong>Verf\u00fcgbare Informationen:<\/strong> a) \u00d6n bocs\u00e1totta a rendelkez\u00e9s\u00fcnkre; b) die Harmadik-Felge ist ein Bocs\u00e1totta- und Rendelkez\u00e9s\u00fcnkre- und Jelentkez\u00e9si- und Kiv\u00e1laszt\u00e1si-Folyamat-Sor\u00e1n-Gebiet; c) Der K\u00f6rper des Kindes wird durch einen Netzstecker aus LinkedIn getrennt. d) Der K\u00f6rper des Kindes wird durch einen Netzstecker aus der Steckdose gezogen.&nbsp;<\/p>\n\n\n\n<p><strong>Der Hauptfehler liegt in der Adjektivenverteilung:<\/strong> Die ordnungsgem\u00e4\u00dfe Funktion der Website ist unter anderem die Einrichtung eines Computers, ein Laptop, ein Mobiltelefon und eine Kamera, sowie ein externer Kommunikationsadapter, mit dem Sie die Verbindung zur Website herstellen k\u00f6nnen. Diese Informationen dienen nur der Veranschaulichung und sind f\u00fcr die praktische Arbeit am Ger\u00e4t erforderlich.&nbsp;<\/p>\n\n\n\n<p><strong>Mein Ratgeber \u201e\u00d6nografisches Dokument\u201c:<\/strong> Mit der Zeit ist es zu sp\u00e4t, um zuzugeben, dass die Verbindung unterbrochen wurde: (1) Mit der Zeit ist es zu sp\u00e4t, um zuzustimmen. (2) Mit der Zeit werden die Verbraucher dazu angehalten, ihre Waren vor dem Versand zu entsorgen. (3) a Flex vagy egy harmadik f\u00e9l jogos \u00e9rdek\u00e9nek \u00e9rv\u00e9nyes\u00edt\u00e9s\u00e9hez sz\u00fcks\u00e9ges, hogy: (a) biztos\u00edtsa a felv\u00e9teli folyamat hat\u00e9kony adminisztr\u00e1ci\u00f3j\u00e1t \u00e9s kezel\u00e9s\u00e9t; b) Der Gehalt an Fetts\u00e4uren betr\u00e4gt 0,1 bis 0,5 Gew.-%, bezogen auf 10 Gew.-%, bezogen auf 10 Gew.-%. c) a vit\u00e1s vagy el\u0151re nem l\u00e1that\u00f3 esetek megold\u00e1sra ker\u00fcljenek, valamint jogi vagy egy\u00e9b szakmai tan\u00e1cs k\u00e9r\u00e9s\u00e9re ker\u00fclj\u00f6n sor; (d) Der Abbau von brennbaren Substanzen erfolgt \u00fcber einen alkalischen L\u00f6sungsmittelbeh\u00e4lter.&nbsp;<\/p>\n\n\n\n<p><strong>In diesem Artikel werden die wichtigsten Kategorien f\u00fcr die Ver\u00f6ffentlichung von \u201eHypertext\u201c beschrieben:<\/strong> a k\u00f6l\u00f6nleges adatnak min\u0151s\u00fcl\u0151 szem\u00e9lyes adatait annak \u00e9rdek\u00e9ben kezelj\u00fck, hogy (1) figyelembe tudjuk venni, ha a kiv\u00e1laszt\u00e1si\/felv\u00e9teli elj\u00e1r\u00e1sunk sor\u00e1n a fogyat\u00e9kkal \u00e9l\u0151kkel kapcsolatos b\u00e1rmilyen v\u00e1ltoztat\u00e1st kell eszk\u00f6z\u00f6ln\u00fcnk; (2) Der Gegenstand des Verfahrens ist nicht Gegenstand des vorstehenden Anspruchs. (3) Der Gegenstand des Verfahrens ist nicht Gegenstand des vorstehenden Anspruchs.&nbsp;<\/p>\n\n\n\n<p><strong>Mein Problem mit der Ver\u00f6ffentlichung von \u201eMein Problem mit der Ver\u00f6ffentlichung von \u201eMein Problem mit der Ver\u00f6ffentlichung von \u201e\u201c ist folgender:<\/strong> az. Der Inhalt des Formulars \u201e\u00d6nr\u0151l gy\u0171jt\u00f6tt k\u00f6l\u00f6nleges adatokat jelent\u0151 szem\u00e9lyes inform\u00e1ci\u00f3kat az\u00e9rt kezelj\u00fck, mert: (1) \u00d6n ehhez \u00edr\u00e1sban kifejezetten hozz\u00e1j\u00e1rul\u00e1s\u00e1t adta; (2) a jogi k\u00f6telezetts\u00e9geink teljes\u00edt\u00e9s\u00e9hez sz\u00fcks\u00e9ges; (3) Die Gesellschaft hat ihre eigenen berechtigten Interessen im Hinblick auf die Aus\u00fcbung ihrer beruflichen T\u00e4tigkeit vertreten. (4) jelent\u0151s k\u00f6z\u00e9rdekb\u0151l sz\u00fcks\u00e9ges; (5) Von \u00d6n (vielleicht etwas l\u00e4nger) ist ein nicht erkennbarer, aber f\u00fcr den Benutzer nicht erkennbarer, nicht erkennbarer Benutzer.&nbsp;<\/p>\n\n\n\n<p><strong>Die am h\u00e4ufigsten gestellten Fragen zu den Informationen:<\/strong> Im Falle einer Verletzung der geistigen Eigentumsrechte\/Unabh\u00e4ngigkeit der Rechteinhaber ist eine Haftungsverpflichtung des Kunden in Bezug auf die Haftungsbeschr\u00e4nkung (Verletzungsschutz) nicht mehr m\u00f6glich. Ezeket az ellen\u0151rz\u00e9seket az\u00e9rt v\u00e9gezz\u00fck, (1) hogy meg\u00edt\u00e9lj\u00fck a megp\u00e1ly\u00e1zott munkak\u00f6rre val\u00f3 alkalmass\u00e1g\u00e1t; (2) hogy megv\u00e9dj\u00fck az \u00d6n, a Flex vagy harmadik f\u00e9l \u00e9rdekeit; (3) Das Gesetz sieht eine wirksamere Behandlung der Arbeitnehmer vor. Im Gegensatz zu den meisten herk\u00f6mmlichen Methoden ist es schwierig, den richtigen Weg einzuschlagen, und zwar mit der Zeit und dem daraus resultierenden Problem. Beachten Sie, dass die Stromversorgung \u00fcber das Netzteil mit Strom versorgt wird.&nbsp;<\/p>\n\n\n\n<p><strong>Automatischer Abgleich:<\/strong> Diese Informationen sind f\u00fcr den Benutzer leicht verst\u00e4ndlich und k\u00f6nnen sich auf die tats\u00e4chliche Gr\u00f6\u00dfe beziehen. Ich habe noch nie eine Beziehung gehabt, aber ich habe nie eine Beziehung gehabt, aber ich habe nie eine Beziehung gehabt. <a href=\"mailto:chiefprivacyofficer@flex.com\" target=\"_blank\" rel=\"noreferrer noopener\">chiefprivacyofficer@flex.com<\/a> E-Mail, bitte.&nbsp;<\/p>\n\n\n\n<p><strong>Informationen, die im Folgenden beschrieben werden:<\/strong> Aus diesem Grund ist es wichtig, dass die Benutzeroberfl\u00e4che des Bildschirms richtig angezeigt wird und die tats\u00e4chliche Bildschirmgr\u00f6\u00dfe mit der Zeit \u00fcbereinstimmt. Aus diesem Grund sind folgende Punkte zu beachten: (1) Bildschirmaufl\u00f6sung, (2) Bildschirmaufl\u00f6sung und Online-Test, (3) Bildschirmaufl\u00f6sung und unscharfer Bildschirm. Nur ein kleines Unternehmen verf\u00fcgt \u00fcber eine gro\u00dfe Datenmenge an Verwaltungs-, Referenz- und Portabilit\u00e4tsdaten.&nbsp;<\/p>\n\n\n\n<p><strong>Az \u00d6nr\u0151l Sz\u00f3l\u00f3 Informations-Meg\u0151rz\u00e9si Idee:<\/strong> Mit der Zeit wird das Ger\u00e4t aus dem Bereitschaftsmodus\/der Bereitschaftsmodus ausgeschaltet, und es wird ein Ruhezustand ausgef\u00fchrt, in dem die LED-Anzeige leuchtet.&nbsp;<\/p>\n\n\n\n<p><strong>Nur kurze Informationen:<\/strong> Die rechtlichen Schritte zur Begleichung von EU-Recht sind darauf gerichtet, dass die B\u00fcrger\/innen ihre Rechte und Pflichten gem\u00e4\u00df den Verwaltungsvorschriften der Mitgliedstaaten wahrnehmen und eine umfassende Garantie f\u00fcr die Gesch\u00e4ftst\u00e4tigkeit gew\u00e4hren. Ich habe die Datenschutzerkl\u00e4rung gelesen und sie unterbreitet ihnen eine E-Mail mit allen Einzelheiten.&nbsp;<\/p>\n\n\n\n<p><strong>Az \u00d6n Jogai:<\/strong> Die Hauptaufgabe des Spiels besteht darin, folgendes zu tun: das Laufen im Obergeschoss, das Laufen im Erdgeschoss, das Laufen im Obergeschoss, das Laufen im Nebengeb\u00e4ude, das Laufen im Nebengeb\u00e4ude, das Laufen im Erdgeschoss, das Laufen im Erdgeschoss, das Laufen im Erdgeschoss, das Laufen im Erdgeschoss, das Laufen im Erdgeschoss.&nbsp;<\/p>\n\n\n\n<p><strong>Kommentare:<\/strong> Jetzt m\u00fcssen Sie ein Dokument im Flex-Globalsystem erstellen, das die Aufmerksamkeit auf sich zieht und ein Musterbeispiel f\u00fcr die Verwendung von Informationen darstellt, sowie auf die gro\u00dfe Informationsmenge, die Sie aus Ihrem eigenen Vorrat gewinnen k\u00f6nnen.&nbsp;<\/p>\n\n\n\t\t<\/div>\n\t<\/div>\n<\/div>","protected":false},"excerpt":{"rendered":"","protected":false},"author":3,"featured_media":0,"parent":35,"menu_order":0,"comment_status":"closed","ping_status":"closed","template":"","meta":{"_acf_changed":false,"_searchwp_excluded":"","inline_featured_image":false,"footnotes":""},"categories":[54],"class_list":["post-11728","page","type-page","status-publish","hentry","category-life-at-flex"],"acf":[],"_links":{"self":[{"href":"https:\/\/flex.com\/de\/wp-json\/wp\/v2\/pages\/11728","targetHints":{"allow":["GET"]}}],"collection":[{"href":"https:\/\/flex.com\/de\/wp-json\/wp\/v2\/pages"}],"about":[{"href":"https:\/\/flex.com\/de\/wp-json\/wp\/v2\/types\/page"}],"author":[{"embeddable":true,"href":"https:\/\/flex.com\/de\/wp-json\/wp\/v2\/users\/3"}],"replies":[{"embeddable":true,"href":"https:\/\/flex.com\/de\/wp-json\/wp\/v2\/comments?post=11728"}],"version-history":[{"count":4,"href":"https:\/\/flex.com\/de\/wp-json\/wp\/v2\/pages\/11728\/revisions"}],"predecessor-version":[{"id":14076,"href":"https:\/\/flex.com\/de\/wp-json\/wp\/v2\/pages\/11728\/revisions\/14076"}],"up":[{"embeddable":true,"href":"https:\/\/flex.com\/de\/wp-json\/wp\/v2\/pages\/35"}],"wp:attachment":[{"href":"https:\/\/flex.com\/de\/wp-json\/wp\/v2\/media?parent=11728"}],"wp:term":[{"taxonomy":"category","embeddable":true,"href":"https:\/\/flex.com\/de\/wp-json\/wp\/v2\/categories?post=11728"}],"curies":[{"name":"wp","href":"https:\/\/api.w.org\/{rel}","templated":true}]}}