{"id":10693,"date":"2023-01-25T19:14:16","date_gmt":"2023-01-25T19:14:16","guid":{"rendered":"https:\/\/flex.com\/?page_id=10693"},"modified":"2025-03-19T20:44:50","modified_gmt":"2025-03-20T01:44:50","slug":"candidate-faqs","status":"publish","type":"page","link":"https:\/\/flex.com\/de\/careers\/candidate-faqs","title":{"rendered":"H\u00e4ufig gestellte Fragen von Kandidaten"},"content":{"rendered":"<div id=\"block_125398ffd988423608f55c38b62f101c\" class=\"header block dark-content\" style=\"background-color: #eaeef4;\">\n\t\t<div class=\"container\">\n\t\t<div class=\"content\" style=\"max-width: px;\">\n\t\t\t\n\n<h1 class=\"wp-block-heading\" id=\"h-candidate-faqs\">H\u00e4ufig gestellte Fragen von Kandidaten<\/h1>\n\n\n\t\t<\/div>\n\t<\/div>\n\t<script>\n\t\tlet id = \"#block_125398ffd988423608f55c38b62f101c\";\n\n\t\t(function ($) {\n\n\t\t\t$(id + \" .content h1\").addClass(\"fade-in\");\n\t\t\t$(id + \" .content h2\").addClass(\"fade-in\");\n\t\t\t$(id + \" .content p\").addClass(\"fade-in\");\n\t\t\t\/\/ Fade in the content\n\n\t\t\t\/\/ Fade in the background image\n\t\t\tif ($(id).children(\".background-image\").length > 0) {\n\t\t\t\tvar image = new Image();\n\t\t\t\timage.onload = function () {\n\t\t\t\t\t$(id).children(\".background-image\").addClass(\"visible\");\n\t\t\t\t\t$(id).children(\".container\").addClass(\"visible\");\n\t\t\t\t};\n\t\t\t\timage.src = \"\";\n\t\t\t} else {\n\t\t\t\t$(id).children(\".container\").addClass(\"visible\");\n\t\t\t}\n\t\t})(jQuery);\n\n\t\twindow.addEventListener('DOMContentLoaded', () => {\n\t\t\tScrollReveal().reveal(id + \" .fade-in\", {origin: \"left\", distance: \"24px\", interval: 100});\n\t\t});\n\t<\/script>\n<\/div>\n\n<div class=\"spacer block\" style=\"height: 24px;\">\n\t<\/div>\n\n<div id=\"id-69e92d263556a\" class=\"box block content-width dark-content de\" style=\"background-color: transparent; background-image: none;\">\n\t<style>\n\t\t#id-69e92d263556a > .container > .content {\n\t\t\tbackground-color: transparent;\n\t\t\tposition: relative;\n\t\t\tpadding-top: 48px;\n\t\t\tpadding-right: 0px;\n\t\t\tpadding-bottom: 96px;\n\t\t\tpadding-left: 0px;\n\t\t\tmargin-left: 0px;\n\t\t\tmargin-right: 0px;\n\t\t}\n\t\t@media (max-width: 1272px) {\n\t\t\t#id-69e92d263556a.box.block.full-width > .container > .content {\n\t\t\t\tpadding-left: 0 !important;\n\t\t\t\tpadding-right: 0 !important;\n\t\t\t\tmargin: 0 !important;\n\t\t\t}\n\t\t}\n\t\t@media (max-width: 960px) {\n\t\t\t#id-69e92d263556a > .container > .content {\n\t\t\t\t\/\/padding-top: 24px;\n\t\t\t\tpadding-right: 0px;\n\t\t\t\t\/\/padding-bottom: 48px;\n\t\t\t\tpadding-left: 0px;\n\t\t\t}\n\t\t}\n\t<\/style>\n\t<div class=\"container\">\n\t\t<div class=\"content\">\n\t\t\t\n\n<h2 class=\"wp-block-heading has-medium-font-size\" id=\"h-i-ve-submitted-my-application-what-s-next\" style=\"font-weight:600\">Ich habe meine Bewerbung abgeschickt, wie geht es weiter?<\/h2>\n\n\n\n<p>Wir freuen uns \u00fcber Ihr Interesse an Flex. Sobald Sie Ihre Bewerbung eingereicht haben, erhalten Sie eine automatische E-Mail. Unser Rekrutierungsteam wird Ihre Bewerbung pr\u00fcfen. Bewerber, die die Anforderungen f\u00fcr die Stelle erf\u00fcllen, werden wettbewerbsorientiert bewertet und von einem Personalvermittler kontaktiert, um die Stelle zu besprechen. Sie k\u00f6nnen den Status Ihrer Bewerbung auch \u00fcber <a href=\"https:\/\/flextronics.wd1.myworkdayjobs.com\/Careers\" rel=\"nofollow noopener\" target=\"_blank\">Werktag<\/a>, unser Bewerbermanagementsystem.<\/p>\n\n\n\n<h2 class=\"wp-block-heading has-medium-font-size\" id=\"h-several-jobs-on-your-career-site-interest-me-may-i-apply-to-more-than-one\" style=\"font-weight:600\">Mehrere Stellen auf Ihrer Karriereseite interessieren mich. Kann ich mich auf mehrere bewerben?<\/h2>\n\n\n\n<p>Ja! Wir empfehlen Bewerbern, nach erfolgreicher Einreichung ihrer ersten Bewerbung ein Konto bei Flex zu erstellen. Sie k\u00f6nnen am Ende Ihrer Bewerbung ein Konto erstellen. Durch die Erstellung eines Kontos m\u00fcssen Sie die Online-Bewerbung f\u00fcr zus\u00e4tzliche Stellen nicht mehr ausf\u00fcllen.<\/p>\n\n\n\n<h2 class=\"wp-block-heading has-medium-font-size\" id=\"h-what-is-the-interview-process-like-at-flex\" style=\"font-weight:600\">Wie l\u00e4uft der Bewerbungsprozess bei Flex ab?<\/h2>\n\n\n\n<p>Wenn Sie f\u00fcr eine Stelle in Betracht gezogen werden, wird sich ein Personalvermittler direkt mit Ihnen in Verbindung setzen, um ein Telefoninterview zu f\u00fchren und die n\u00e4chsten Schritte zu besprechen. Interviews mit dem Personalchef und\/oder Mitgliedern des Interviewteams k\u00f6nnen per Telefon, Video oder pers\u00f6nlich durchgef\u00fchrt werden. Nach jeder Interviewrunde werden Sie \u00fcber den Status Ihrer Bewerbung informiert.<\/p>\n\n\n\n<p>Unsere Interviews folgen einem verhaltensbasierten Interviewrahmen mit starkem Fokus auf Menschen und der F\u00f6rderung leistungsstarker Talente. Weitere Anregungen zur Interviewvorbereitung finden Sie unter <a href=\"https:\/\/www.themuse.com\/advice\/star-interview-method\" rel=\"nofollow noopener\" target=\"_blank\">Dieser Artikel<\/a> fasst alles hervorragend zusammen.<\/p>\n\n\n\n<h2 class=\"wp-block-heading has-medium-font-size\" id=\"h-does-flex-offer-visas-or-work-permits\" style=\"font-weight:600\">Vergibt Flex Visa oder Arbeitserlaubnisse?<\/h2>\n\n\n\n<p>Die F\u00f6rderung von Arbeitsgenehmigungen ist m\u00f6glicherweise nicht in allen L\u00e4ndern zul\u00e4ssig, daher pr\u00fcfen wir dies von Fall zu Fall. Wir empfehlen Ihnen, f\u00fcr weitere Informationen mit Ihrem Personalvermittler zu sprechen.<\/p>\n\n\n\n<h2 class=\"wp-block-heading has-medium-font-size\" id=\"h-how-can-i-improve-my-chances-of-standing-out-during-the-application-process\" style=\"font-weight:600\">Wie kann ich meine Chancen verbessern, im Bewerbungsprozess hervorzustechen? <\/h2>\n\n\n\n<p>Stellen Sie sicher, dass Ihr Lebenslauf und Ihre Kontaktdaten aktuell und auf die Stelle, auf die Sie sich bewerben, zugeschnitten sind. Stellen Sie Ihre F\u00e4higkeiten und bisherigen Leistungen klar und pr\u00e4gnant dar. <strong>Bitte beachten Sie:<\/strong> Die Personalvermittler von Flex pr\u00fcfen alle Bewerbungen und treffen keine Auswahl- oder Einstellungsentscheidungen mithilfe k\u00fcnstlicher Intelligenz.<\/p>\n\n\n\n<h2 class=\"wp-block-heading has-medium-font-size\" id=\"h-how-do-i-know-that-i-ve-been-contacted-by-a-flex-recruiter-and-not-by-someone-posing-as-one\" style=\"font-weight:600\">Woher wei\u00df ich, dass ich von einem Flex-Personalvermittler kontaktiert wurde und nicht von jemandem, der sich als solcher ausgibt?<\/h2>\n\n\n\n<p>Rekrutierungsbetrug nimmt zu und wir sind uns dessen bewusst. Bitte beachten Sie, dass die Personalvermittler von Flex niemals kostenlose E-Mail-Adressen wie Yahoo, Live, Hotmail oder Gmail verwenden. Seien Sie vorsichtig, wenn die Nachricht nicht an Sie pers\u00f6nlich gerichtet ist und wenn der Inhalt voller Grammatik- und Rechtschreibfehler ist. Dar\u00fcber hinaus erfolgt die Suche nach Stellenangeboten \u00fcber unser Rekrutierungsteam und nicht \u00fcber unsere F\u00fchrungskr\u00e4fte. Bitte beachten Sie <a href=\"https:\/\/flex.com\/de\/careers\/recruitment-fraud-notice\/\">diese Seite<\/a> wenn Sie den Verdacht haben, dass Sie Opfer eines Rekrutierungsbetrugs im Namen von Flex geworden sind. Um unsere Flex-Datenschutzrichtlinie einzusehen, <a href=\"https:\/\/flex.com\/de\/company\/policies\/privacy-policy\/\">klicken Sie hier.<\/a><\/p>\n\n\n\t\t<\/div>\n\t<\/div>\n<\/div>\n\n\n<div class=\"spacer block\" style=\"height: 24px;\">\n\t<\/div>","protected":false},"excerpt":{"rendered":"","protected":false},"author":3,"featured_media":0,"parent":35,"menu_order":0,"comment_status":"closed","ping_status":"closed","template":"","meta":{"_acf_changed":false,"_searchwp_excluded":"","inline_featured_image":false,"footnotes":""},"categories":[54],"class_list":["post-10693","page","type-page","status-publish","hentry","category-life-at-flex"],"acf":[],"_links":{"self":[{"href":"https:\/\/flex.com\/de\/wp-json\/wp\/v2\/pages\/10693","targetHints":{"allow":["GET"]}}],"collection":[{"href":"https:\/\/flex.com\/de\/wp-json\/wp\/v2\/pages"}],"about":[{"href":"https:\/\/flex.com\/de\/wp-json\/wp\/v2\/types\/page"}],"author":[{"embeddable":true,"href":"https:\/\/flex.com\/de\/wp-json\/wp\/v2\/users\/3"}],"replies":[{"embeddable":true,"href":"https:\/\/flex.com\/de\/wp-json\/wp\/v2\/comments?post=10693"}],"version-history":[{"count":10,"href":"https:\/\/flex.com\/de\/wp-json\/wp\/v2\/pages\/10693\/revisions"}],"predecessor-version":[{"id":22278,"href":"https:\/\/flex.com\/de\/wp-json\/wp\/v2\/pages\/10693\/revisions\/22278"}],"up":[{"embeddable":true,"href":"https:\/\/flex.com\/de\/wp-json\/wp\/v2\/pages\/35"}],"wp:attachment":[{"href":"https:\/\/flex.com\/de\/wp-json\/wp\/v2\/media?parent=10693"}],"wp:term":[{"taxonomy":"category","embeddable":true,"href":"https:\/\/flex.com\/de\/wp-json\/wp\/v2\/categories?post=10693"}],"curies":[{"name":"wp","href":"https:\/\/api.w.org\/{rel}","templated":true}]}}